{"id":977,"date":"2026-01-23T15:14:39","date_gmt":"2026-01-23T08:14:39","guid":{"rendered":"https:\/\/xedaptwitter.com.vn\/?post_type=product&#038;p=977"},"modified":"2026-02-02T10:55:15","modified_gmt":"2026-02-02T03:55:15","slug":"twitter-leopard-pro-shimano-2025","status":"publish","type":"product","link":"https:\/\/xedaptwitter.com.vn\/?product=twitter-leopard-pro-shimano-2025","title":{"rendered":"Xe \u0111\u1ea1p MTB Twitter Leopard Pro Shimano 2025"},"content":{"rendered":"<h2><span id=\"Xe_dap_TWITTER_Leopard_Pro_NEW_2024_co_gi_moi\"><strong>Xe \u0111\u1ea1p TWITTER Leopard Pro \u2013 2025 c\u00f3 g\u00ec m\u1edbi<\/strong><\/span><\/h2>\n<p><strong>Twitter Leopard Pro<\/strong>\u00a0l\u00e0 chi\u1ebfc xe \u0111\u1ea1p MTB t\u1ea7m trung c\u1ee7a nh\u00e0 Twitter \u0111\u00e3 r\u1ea5t \u0111\u01b0\u1ee3c \u01b0a chu\u1ed9ng c\u1ee7a ng\u01b0\u1eddi d\u00f9ng trong nh\u1eefng n\u0103m qua v\u1edbi <em><strong>Khung s\u01b0\u1eddn Carbon<\/strong><\/em> v\u00e0 <strong><em>Phu\u1ed9c h\u01a1i<\/em><\/strong> cao c\u1ea5p. M\u1ed7i n\u0103m Twitter \u0111\u1ec1u n\u00e2ng c\u1ea5p nh\u1eefng c\u1ea3i ti\u1ebfn \u0111\u1ec3 l\u00e0m cho tr\u1ea3i nghi\u1ec7m c\u1ee7a ng\u01b0\u1eddi d\u00f9ng ng\u00e0y c\u00e0ng \u01b0ng \u00fd h\u01a1n<\/p>\n<p><img loading=\"lazy\" decoding=\"async\" class=\"alignnone wp-image-1044 size-large\" src=\"https:\/\/xedaptwitter.com.vn\/wp-content\/uploads\/2026\/01\/IMG_0414-scaled-e1769398939568-1024x970.jpg\" alt=\"\" width=\"1024\" height=\"970\" srcset=\"https:\/\/xedaptwitter.com.vn\/wp-content\/uploads\/2026\/01\/IMG_0414-scaled-e1769398939568-1024x970.jpg 1024w, https:\/\/xedaptwitter.com.vn\/wp-content\/uploads\/2026\/01\/IMG_0414-scaled-e1769398939568-300x284.jpg 300w, https:\/\/xedaptwitter.com.vn\/wp-content\/uploads\/2026\/01\/IMG_0414-scaled-e1769398939568-768x727.jpg 768w, https:\/\/xedaptwitter.com.vn\/wp-content\/uploads\/2026\/01\/IMG_0414-scaled-e1769398939568-1536x1454.jpg 1536w, https:\/\/xedaptwitter.com.vn\/wp-content\/uploads\/2026\/01\/IMG_0414-scaled-e1769398939568-600x568.jpg 600w, https:\/\/xedaptwitter.com.vn\/wp-content\/uploads\/2026\/01\/IMG_0414-scaled-e1769398939568.jpg 1920w\" sizes=\"auto, (max-width: 1024px) 100vw, 1024px\" \/><\/p>\n<p>B\u1ea3n 2025 c\u00f3 g\u00ec h\u1ea5p d\u1eabn?<\/p>\n<div class=\"xdj266r x11i5rnm xat24cr x1mh8g0r x1vvkbs x126k92a\">\n<div class=\"lwptoc lwptoc-autoWidth lwptoc-baseItems lwptoc-light lwptoc-notInherit\" data-smooth-scroll=\"1\" data-smooth-scroll-offset=\"24\" data-lwptoc-initialized=\"1\">\n<div class=\"lwptoc_i\"><\/div>\n<\/div>\n<\/div>\n<div dir=\"auto\">\n<div dir=\"auto\">\n<h3><\/h3>\n<h3 id=\"mcetoc_1gd28fvit5\"><span id=\"Bo_Groupset_Shimano_30_cap\">B\u1ed9 Groupset Shimano Deore 30 c\u1ea5p<\/span><\/h3>\n<p>v\u1edbi vi\u1ec7c n\u00e2ng c\u1ea5p B\u1ed9 <em><strong>Groupset l\u00ean 12 t\u1ea7ng<\/strong><\/em>\u00a0L\u00edp: s\u1ebd gi\u00fap cho ng\u01b0\u1eddi d\u00f9ng c\u00f3 tr\u1ea3i m\u01b0\u1ee3t m\u00e0 h\u01a1n h\u1eb5n tr\u00ean c\u00e1c cung \u0111\u01b0\u1eddng<\/p>\n<p><img loading=\"lazy\" decoding=\"async\" class=\"alignnone wp-image-1043 size-large\" src=\"https:\/\/xedaptwitter.com.vn\/wp-content\/uploads\/2026\/01\/IMG_0422-768x1024.jpg\" alt=\"\" width=\"768\" height=\"1024\" srcset=\"https:\/\/xedaptwitter.com.vn\/wp-content\/uploads\/2026\/01\/IMG_0422-768x1024.jpg 768w, https:\/\/xedaptwitter.com.vn\/wp-content\/uploads\/2026\/01\/IMG_0422-225x300.jpg 225w, https:\/\/xedaptwitter.com.vn\/wp-content\/uploads\/2026\/01\/IMG_0422-1152x1536.jpg 1152w, https:\/\/xedaptwitter.com.vn\/wp-content\/uploads\/2026\/01\/IMG_0422-1536x2048.jpg 1536w, https:\/\/xedaptwitter.com.vn\/wp-content\/uploads\/2026\/01\/IMG_0422-600x800.jpg 600w, https:\/\/xedaptwitter.com.vn\/wp-content\/uploads\/2026\/01\/IMG_0422-scaled.jpg 1920w\" sizes=\"auto, (max-width: 768px) 100vw, 768px\" \/> <img loading=\"lazy\" decoding=\"async\" class=\"alignnone wp-image-1042 size-large\" src=\"https:\/\/xedaptwitter.com.vn\/wp-content\/uploads\/2026\/01\/IMG_0421-768x1024.jpg\" alt=\"\" width=\"768\" height=\"1024\" srcset=\"https:\/\/xedaptwitter.com.vn\/wp-content\/uploads\/2026\/01\/IMG_0421-768x1024.jpg 768w, https:\/\/xedaptwitter.com.vn\/wp-content\/uploads\/2026\/01\/IMG_0421-225x300.jpg 225w, https:\/\/xedaptwitter.com.vn\/wp-content\/uploads\/2026\/01\/IMG_0421-1152x1536.jpg 1152w, https:\/\/xedaptwitter.com.vn\/wp-content\/uploads\/2026\/01\/IMG_0421-1536x2048.jpg 1536w, https:\/\/xedaptwitter.com.vn\/wp-content\/uploads\/2026\/01\/IMG_0421-600x800.jpg 600w, https:\/\/xedaptwitter.com.vn\/wp-content\/uploads\/2026\/01\/IMG_0421-scaled.jpg 1920w\" sizes=\"auto, (max-width: 768px) 100vw, 768px\" \/><\/p>\n<p><em><strong>Th\u00f4ng s\u1ed1 c\u1ee5 th\u1ec3 Groupset Shimano Deore B\u1ea3n 2025:<\/strong><\/em><\/p>\n<\/div>\n<div dir=\"auto\">\n<ul>\n<li>Tay b\u1ea5m x\u1ea3: Shimano Deore<\/li>\n<li>C\u00f9i \u0111\u1ec1 Sau: Shimano Deore<\/li>\n<li>\u0110\u00f9i \u0111\u0129a: FM3 Senicx, Alu alloy, Hollow, 34T<\/li>\n<li>L\u00edp: SUGEK-10S, 11-36T<\/li>\n<li>X\u00edch: SUMIC-10S<\/li>\n<\/ul>\n<\/div>\n<h2 dir=\"auto\"><span id=\"Nhung_trang_bi_cao_cap_cua_Twitter_Leopard_Pro\">Nh\u1eefng trang b\u1ecb cao c\u1ea5p c\u1ee7a Twitter Leopard Pro <strong>Shimano Deore B\u1ea3n 2025:<\/strong><\/span><\/h2>\n<h3 dir=\"auto\"><span id=\"Khung_suon_Carbon_Fiber_day_am_suon\">Khung s\u01b0\u1eddn Carbon Fiber, d\u00e2y \u00e2m s\u01b0\u1eddn<\/span><\/h3>\n<div dir=\"auto\"><\/div>\n<div dir=\"auto\"><img loading=\"lazy\" decoding=\"async\" class=\"alignnone wp-image-1045 size-large\" src=\"https:\/\/xedaptwitter.com.vn\/wp-content\/uploads\/2026\/01\/IMG_0415-scaled-e1769399508926-1024x956.jpg\" alt=\"\" width=\"1024\" height=\"956\" srcset=\"https:\/\/xedaptwitter.com.vn\/wp-content\/uploads\/2026\/01\/IMG_0415-scaled-e1769399508926-1024x956.jpg 1024w, https:\/\/xedaptwitter.com.vn\/wp-content\/uploads\/2026\/01\/IMG_0415-scaled-e1769399508926-300x280.jpg 300w, https:\/\/xedaptwitter.com.vn\/wp-content\/uploads\/2026\/01\/IMG_0415-scaled-e1769399508926-768x717.jpg 768w, https:\/\/xedaptwitter.com.vn\/wp-content\/uploads\/2026\/01\/IMG_0415-scaled-e1769399508926-1536x1434.jpg 1536w, https:\/\/xedaptwitter.com.vn\/wp-content\/uploads\/2026\/01\/IMG_0415-scaled-e1769399508926-600x560.jpg 600w, https:\/\/xedaptwitter.com.vn\/wp-content\/uploads\/2026\/01\/IMG_0415-scaled-e1769399508926.jpg 1920w\" sizes=\"auto, (max-width: 1024px) 100vw, 1024px\" \/><\/div>\n<\/div>\n<div dir=\"auto\"><\/div>\n<h3 dir=\"auto\"><span id=\"Phuoc_hoi_co_dieu_khien_hanh_trinh_tren_Ghi-dong\">Phu\u1ed9c h\u01a1i c\u00f3 \u0111i\u1ec1u khi\u1ec3n h\u00e0nh tr\u00ecnh tr\u00ean Ghi-\u0111\u00f4ng<\/span><\/h3>\n<div dir=\"auto\"><\/div>\n<div dir=\"auto\">\u00a0 <img loading=\"lazy\" decoding=\"async\" class=\"alignnone wp-image-1038 size-medium\" src=\"https:\/\/xedaptwitter.com.vn\/wp-content\/uploads\/2026\/01\/IMG_0424-225x300.jpg\" alt=\"\" width=\"225\" height=\"300\" srcset=\"https:\/\/xedaptwitter.com.vn\/wp-content\/uploads\/2026\/01\/IMG_0424-225x300.jpg 225w, https:\/\/xedaptwitter.com.vn\/wp-content\/uploads\/2026\/01\/IMG_0424-768x1024.jpg 768w, https:\/\/xedaptwitter.com.vn\/wp-content\/uploads\/2026\/01\/IMG_0424-1152x1536.jpg 1152w, https:\/\/xedaptwitter.com.vn\/wp-content\/uploads\/2026\/01\/IMG_0424-1536x2048.jpg 1536w, https:\/\/xedaptwitter.com.vn\/wp-content\/uploads\/2026\/01\/IMG_0424-600x800.jpg 600w, https:\/\/xedaptwitter.com.vn\/wp-content\/uploads\/2026\/01\/IMG_0424-scaled.jpg 1920w\" sizes=\"auto, (max-width: 225px) 100vw, 225px\" \/> <img loading=\"lazy\" decoding=\"async\" class=\"alignnone wp-image-1040 size-medium\" src=\"https:\/\/xedaptwitter.com.vn\/wp-content\/uploads\/2026\/01\/IMG_0419-225x300.jpg\" alt=\"\" width=\"225\" height=\"300\" srcset=\"https:\/\/xedaptwitter.com.vn\/wp-content\/uploads\/2026\/01\/IMG_0419-225x300.jpg 225w, https:\/\/xedaptwitter.com.vn\/wp-content\/uploads\/2026\/01\/IMG_0419-768x1024.jpg 768w, https:\/\/xedaptwitter.com.vn\/wp-content\/uploads\/2026\/01\/IMG_0419-1152x1536.jpg 1152w, https:\/\/xedaptwitter.com.vn\/wp-content\/uploads\/2026\/01\/IMG_0419-1536x2048.jpg 1536w, https:\/\/xedaptwitter.com.vn\/wp-content\/uploads\/2026\/01\/IMG_0419-600x800.jpg 600w, https:\/\/xedaptwitter.com.vn\/wp-content\/uploads\/2026\/01\/IMG_0419-scaled.jpg 1920w\" sizes=\"auto, (max-width: 225px) 100vw, 225px\" \/> <img loading=\"lazy\" decoding=\"async\" class=\"alignnone wp-image-1041 size-medium\" src=\"https:\/\/xedaptwitter.com.vn\/wp-content\/uploads\/2026\/01\/IMG_0420-225x300.jpg\" alt=\"\" width=\"225\" height=\"300\" srcset=\"https:\/\/xedaptwitter.com.vn\/wp-content\/uploads\/2026\/01\/IMG_0420-225x300.jpg 225w, https:\/\/xedaptwitter.com.vn\/wp-content\/uploads\/2026\/01\/IMG_0420-768x1024.jpg 768w, https:\/\/xedaptwitter.com.vn\/wp-content\/uploads\/2026\/01\/IMG_0420-1152x1536.jpg 1152w, https:\/\/xedaptwitter.com.vn\/wp-content\/uploads\/2026\/01\/IMG_0420-1536x2048.jpg 1536w, https:\/\/xedaptwitter.com.vn\/wp-content\/uploads\/2026\/01\/IMG_0420-600x800.jpg 600w, https:\/\/xedaptwitter.com.vn\/wp-content\/uploads\/2026\/01\/IMG_0420-scaled.jpg 1920w\" sizes=\"auto, (max-width: 225px) 100vw, 225px\" \/><\/div>\n<div dir=\"auto\"><\/div>\n<div dir=\"auto\">\n<div dir=\"auto\">\n<h3 id=\"mcetoc_1gd28fvit5\"><span id=\"Phanh_dia_thuy_luc_Dau_truoc_va_sau\">Phanh \u0111\u0129a thu\u1ef7 l\u1ef1c (D\u1ea7u) tr\u01b0\u1edbc v\u00e0 sau<\/span><\/h3>\n<\/div>\n<div dir=\"auto\"><\/div>\n<div dir=\"auto\">\u00a0 \u00a0<img loading=\"lazy\" decoding=\"async\" class=\"alignnone wp-image-223 size-medium\" src=\"https:\/\/xedaptwitter.com.vn\/wp-content\/uploads\/2024\/04\/twitter-3900XC-mt200-2-300x241.png\" alt=\"\" width=\"300\" height=\"241\" srcset=\"https:\/\/xedaptwitter.com.vn\/wp-content\/uploads\/2024\/04\/twitter-3900XC-mt200-2-300x241.png 300w, https:\/\/xedaptwitter.com.vn\/wp-content\/uploads\/2024\/04\/twitter-3900XC-mt200-2-1024x821.png 1024w, https:\/\/xedaptwitter.com.vn\/wp-content\/uploads\/2024\/04\/twitter-3900XC-mt200-2-768x616.png 768w, https:\/\/xedaptwitter.com.vn\/wp-content\/uploads\/2024\/04\/twitter-3900XC-mt200-2-600x481.png 600w, https:\/\/xedaptwitter.com.vn\/wp-content\/uploads\/2024\/04\/twitter-3900XC-mt200-2.png 1496w\" sizes=\"auto, (max-width: 300px) 100vw, 300px\" \/> <img loading=\"lazy\" decoding=\"async\" class=\"alignnone wp-image-224 size-medium\" src=\"https:\/\/xedaptwitter.com.vn\/wp-content\/uploads\/2024\/04\/Twitter-3900XC-Phanh-sau-300x241.png\" alt=\"\" width=\"300\" height=\"241\" srcset=\"https:\/\/xedaptwitter.com.vn\/wp-content\/uploads\/2024\/04\/Twitter-3900XC-Phanh-sau-300x241.png 300w, https:\/\/xedaptwitter.com.vn\/wp-content\/uploads\/2024\/04\/Twitter-3900XC-Phanh-sau-1024x821.png 1024w, https:\/\/xedaptwitter.com.vn\/wp-content\/uploads\/2024\/04\/Twitter-3900XC-Phanh-sau-768x616.png 768w, https:\/\/xedaptwitter.com.vn\/wp-content\/uploads\/2024\/04\/Twitter-3900XC-Phanh-sau-600x481.png 600w, https:\/\/xedaptwitter.com.vn\/wp-content\/uploads\/2024\/04\/Twitter-3900XC-Phanh-sau.png 1496w\" sizes=\"auto, (max-width: 300px) 100vw, 300px\" \/> <img loading=\"lazy\" decoding=\"async\" class=\"alignnone wp-image-225 size-medium\" src=\"https:\/\/xedaptwitter.com.vn\/wp-content\/uploads\/2024\/04\/Twitter-3900XC-phanh-truoc-300x241.png\" alt=\"\" width=\"300\" height=\"241\" srcset=\"https:\/\/xedaptwitter.com.vn\/wp-content\/uploads\/2024\/04\/Twitter-3900XC-phanh-truoc-300x241.png 300w, https:\/\/xedaptwitter.com.vn\/wp-content\/uploads\/2024\/04\/Twitter-3900XC-phanh-truoc-1024x821.png 1024w, https:\/\/xedaptwitter.com.vn\/wp-content\/uploads\/2024\/04\/Twitter-3900XC-phanh-truoc-768x616.png 768w, https:\/\/xedaptwitter.com.vn\/wp-content\/uploads\/2024\/04\/Twitter-3900XC-phanh-truoc-600x481.png 600w, https:\/\/xedaptwitter.com.vn\/wp-content\/uploads\/2024\/04\/Twitter-3900XC-phanh-truoc.png 1496w\" sizes=\"auto, (max-width: 300px) 100vw, 300px\" \/><\/div>\n<div dir=\"auto\"><\/div>\n<\/div>\n<h3 dir=\"auto\"><span id=\"Dum_Retrospec\">\u0110\u00f9m Retrospec c\u00f3 c\u1ed1i n\u1ed5 b\u1ea1c \u0111\u1ea1n<\/span><\/h3>\n<div dir=\"auto\"><\/div>\n<div dir=\"auto\"><img loading=\"lazy\" decoding=\"async\" class=\"alignnone wp-image-435 size-medium\" src=\"https:\/\/xedaptwitter.com.vn\/wp-content\/uploads\/2024\/03\/leopard-dum-1-300x200.png\" alt=\"\" width=\"300\" height=\"200\" srcset=\"https:\/\/xedaptwitter.com.vn\/wp-content\/uploads\/2024\/03\/leopard-dum-1-300x200.png 300w, https:\/\/xedaptwitter.com.vn\/wp-content\/uploads\/2024\/03\/leopard-dum-1-1024x681.png 1024w, https:\/\/xedaptwitter.com.vn\/wp-content\/uploads\/2024\/03\/leopard-dum-1-768x511.png 768w, https:\/\/xedaptwitter.com.vn\/wp-content\/uploads\/2024\/03\/leopard-dum-1-1536x1021.png 1536w, https:\/\/xedaptwitter.com.vn\/wp-content\/uploads\/2024\/03\/leopard-dum-1-600x399.png 600w, https:\/\/xedaptwitter.com.vn\/wp-content\/uploads\/2024\/03\/leopard-dum-1.png 1600w\" sizes=\"auto, (max-width: 300px) 100vw, 300px\" \/> <img loading=\"lazy\" decoding=\"async\" class=\"alignnone wp-image-436 size-medium\" src=\"https:\/\/xedaptwitter.com.vn\/wp-content\/uploads\/2024\/03\/leopard-dum-2-300x195.png\" alt=\"\" width=\"300\" height=\"195\" srcset=\"https:\/\/xedaptwitter.com.vn\/wp-content\/uploads\/2024\/03\/leopard-dum-2-300x195.png 300w, https:\/\/xedaptwitter.com.vn\/wp-content\/uploads\/2024\/03\/leopard-dum-2-1024x666.png 1024w, https:\/\/xedaptwitter.com.vn\/wp-content\/uploads\/2024\/03\/leopard-dum-2-768x499.png 768w, https:\/\/xedaptwitter.com.vn\/wp-content\/uploads\/2024\/03\/leopard-dum-2-1536x998.png 1536w, https:\/\/xedaptwitter.com.vn\/wp-content\/uploads\/2024\/03\/leopard-dum-2-600x390.png 600w, https:\/\/xedaptwitter.com.vn\/wp-content\/uploads\/2024\/03\/leopard-dum-2.png 1600w\" sizes=\"auto, (max-width: 300px) 100vw, 300px\" \/><\/div>\n<div dir=\"auto\"><\/div>\n<h2 dir=\"auto\">B\u00e1nh 29 inch<\/h2>\n<div dir=\"auto\"><img loading=\"lazy\" decoding=\"async\" class=\"alignnone wp-image-1044 size-medium\" src=\"https:\/\/xedaptwitter.com.vn\/wp-content\/uploads\/2026\/01\/IMG_0414-scaled-e1769398939568-300x284.jpg\" alt=\"\" width=\"300\" height=\"284\" srcset=\"https:\/\/xedaptwitter.com.vn\/wp-content\/uploads\/2026\/01\/IMG_0414-scaled-e1769398939568-300x284.jpg 300w, https:\/\/xedaptwitter.com.vn\/wp-content\/uploads\/2026\/01\/IMG_0414-scaled-e1769398939568-1024x970.jpg 1024w, https:\/\/xedaptwitter.com.vn\/wp-content\/uploads\/2026\/01\/IMG_0414-scaled-e1769398939568-768x727.jpg 768w, https:\/\/xedaptwitter.com.vn\/wp-content\/uploads\/2026\/01\/IMG_0414-scaled-e1769398939568-1536x1454.jpg 1536w, https:\/\/xedaptwitter.com.vn\/wp-content\/uploads\/2026\/01\/IMG_0414-scaled-e1769398939568-600x568.jpg 600w, https:\/\/xedaptwitter.com.vn\/wp-content\/uploads\/2026\/01\/IMG_0414-scaled-e1769398939568.jpg 1920w\" sizes=\"auto, (max-width: 300px) 100vw, 300px\" \/><\/div>\n<p>T\u00f3m l\u1ea1i, n\u1ebfu b\u1ea1n \u0111ang t\u00ecm 1 chi\u1ebfc xe \u0111\u1ea1p MTB nh\u1eb9 v\u1edbi <strong>Khung carbon<\/strong> v\u00e0 nhi\u1ec1u trang b\u1ecb cao c\u1ea5p \u0111\u1ec3 chinh ph\u1ee5c c\u00e1c cung \u0111\u01b0\u1eddng kh\u00f3 1 c\u00e1ch \u00eam \u00e1i th\u00ec <strong>Twitter Leopard Pro<\/strong> l\u00e0 m\u1ed9t s\u1ef1 l\u1ef1a ch\u1ecdn \u0111\u00e1ng gi\u00e1<\/p>\n<p><img loading=\"lazy\" decoding=\"async\" class=\"alignnone wp-image-1045 size-large\" src=\"https:\/\/xedaptwitter.com.vn\/wp-content\/uploads\/2026\/01\/IMG_0415-scaled-e1769399508926-1024x956.jpg\" alt=\"\" width=\"1024\" height=\"956\" srcset=\"https:\/\/xedaptwitter.com.vn\/wp-content\/uploads\/2026\/01\/IMG_0415-scaled-e1769399508926-1024x956.jpg 1024w, https:\/\/xedaptwitter.com.vn\/wp-content\/uploads\/2026\/01\/IMG_0415-scaled-e1769399508926-300x280.jpg 300w, https:\/\/xedaptwitter.com.vn\/wp-content\/uploads\/2026\/01\/IMG_0415-scaled-e1769399508926-768x717.jpg 768w, https:\/\/xedaptwitter.com.vn\/wp-content\/uploads\/2026\/01\/IMG_0415-scaled-e1769399508926-1536x1434.jpg 1536w, https:\/\/xedaptwitter.com.vn\/wp-content\/uploads\/2026\/01\/IMG_0415-scaled-e1769399508926-600x560.jpg 600w, https:\/\/xedaptwitter.com.vn\/wp-content\/uploads\/2026\/01\/IMG_0415-scaled-e1769399508926.jpg 1920w\" sizes=\"auto, (max-width: 1024px) 100vw, 1024px\" \/><\/p>\n<p>Ch\u1ea5t l\u01b0\u1ee3ng ho\u00e0n thi\u1ec7n s\u1eafc n\u00e9t c\u1ee7a Twitter c\u00f9ng v\u1edbi <strong>Gi\u00e1 b\u00e1n qu\u00e1 h\u1ee3p l\u00fd<\/strong> th\u00ec c\u00e0ng cho <strong>Twitter Leopard Pro<\/strong> c\u00e0ng th\u00eam c\u00f3 nhi\u1ec1u Fans xe \u0111\u1ea1p y\u00ean m\u1ebfn.<\/p>\n<p>Li\u00ean h\u1ec7 TwitterBike lu\u00f4n c\u00f3 m\u1ee9c gi\u00e1 v\u00e0 khuy\u1ebfn m\u00e3i t\u1ed1t nh\u1ea5t cho <em><strong>Twitter Leopard Pro 2025<\/strong><\/em><\/p>\n<p>Hotline t\u01b0 v\u1ea5n: <b>0916.504.228<\/b><\/p>\n","protected":false},"excerpt":{"rendered":"<p>Xe \u0111\u1ea1p TWITTER Leopard Pro \u2013 2025 c\u00f3 g\u00ec m\u1edbi Twitter Leopard Pro\u00a0l\u00e0 chi\u1ebfc xe \u0111\u1ea1p MTB t\u1ea7m trung c\u1ee7a [&hellip;]<\/p>\n","protected":false},"featured_media":1044,"comment_status":"closed","ping_status":"closed","template":"","meta":{"site-sidebar-layout":"default","site-content-layout":"","ast-site-content-layout":"default","site-content-style":"default","site-sidebar-style":"default","ast-global-header-display":"","ast-banner-title-visibility":"","ast-main-header-display":"","ast-hfb-above-header-display":"","ast-hfb-below-header-display":"","ast-hfb-mobile-header-display":"","site-post-title":"","ast-breadcrumbs-content":"","ast-featured-img":"","footer-sml-layout":"","theme-transparent-header-meta":"default","adv-header-id-meta":"","stick-header-meta":"","header-above-stick-meta":"","header-main-stick-meta":"","header-below-stick-meta":"","astra-migrate-meta-layouts":"set","ast-page-background-enabled":"default","ast-page-background-meta":{"desktop":{"background-color":"var(--ast-global-color-4)","background-image":"","background-repeat":"repeat","background-position":"center center","background-size":"auto","background-attachment":"scroll","background-type":"","background-media":"","overlay-type":"","overlay-color":"","overlay-gradient":""},"tablet":{"background-color":"","background-image":"","background-repeat":"repeat","background-position":"center center","background-size":"auto","background-attachment":"scroll","background-type":"","background-media":"","overlay-type":"","overlay-color":"","overlay-gradient":""},"mobile":{"background-color":"","background-image":"","background-repeat":"repeat","background-position":"center center","background-size":"auto","background-attachment":"scroll","background-type":"","background-media":"","overlay-type":"","overlay-color":"","overlay-gradient":""}},"ast-content-background-meta":{"desktop":{"background-color":"var(--ast-global-color-5)","background-image":"","background-repeat":"repeat","background-position":"center center","background-size":"auto","background-attachment":"scroll","background-type":"","background-media":"","overlay-type":"","overlay-color":"","overlay-gradient":""},"tablet":{"background-color":"var(--ast-global-color-5)","background-image":"","background-repeat":"repeat","background-position":"center center","background-size":"auto","background-attachment":"scroll","background-type":"","background-media":"","overlay-type":"","overlay-color":"","overlay-gradient":""},"mobile":{"background-color":"var(--ast-global-color-5)","background-image":"","background-repeat":"repeat","background-position":"center center","background-size":"auto","background-attachment":"scroll","background-type":"","background-media":"","overlay-type":"","overlay-color":"","overlay-gradient":""}}},"product_cat":[16],"product_tag":[72],"class_list":{"0":"post-977","1":"product","2":"type-product","3":"status-publish","4":"has-post-thumbnail","6":"product_cat-twitter-mtb","7":"product_tag-twitter-leopard-shimano-2025","8":"desktop-align-left","9":"tablet-align-left","10":"mobile-align-left","12":"first","13":"instock","14":"sale","15":"shipping-taxable","16":"purchasable","17":"product-type-simple"},"jetpack_sharing_enabled":true,"_links":{"self":[{"href":"https:\/\/xedaptwitter.com.vn\/index.php?rest_route=\/wp\/v2\/product\/977","targetHints":{"allow":["GET"]}}],"collection":[{"href":"https:\/\/xedaptwitter.com.vn\/index.php?rest_route=\/wp\/v2\/product"}],"about":[{"href":"https:\/\/xedaptwitter.com.vn\/index.php?rest_route=\/wp\/v2\/types\/product"}],"replies":[{"embeddable":true,"href":"https:\/\/xedaptwitter.com.vn\/index.php?rest_route=%2Fwp%2Fv2%2Fcomments&post=977"}],"wp:featuredmedia":[{"embeddable":true,"href":"https:\/\/xedaptwitter.com.vn\/index.php?rest_route=\/wp\/v2\/media\/1044"}],"wp:attachment":[{"href":"https:\/\/xedaptwitter.com.vn\/index.php?rest_route=%2Fwp%2Fv2%2Fmedia&parent=977"}],"wp:term":[{"taxonomy":"product_cat","embeddable":true,"href":"https:\/\/xedaptwitter.com.vn\/index.php?rest_route=%2Fwp%2Fv2%2Fproduct_cat&post=977"},{"taxonomy":"product_tag","embeddable":true,"href":"https:\/\/xedaptwitter.com.vn\/index.php?rest_route=%2Fwp%2Fv2%2Fproduct_tag&post=977"}],"curies":[{"name":"wp","href":"https:\/\/api.w.org\/{rel}","templated":true}]}}