{"id":969,"date":"2026-01-23T11:12:31","date_gmt":"2026-01-23T04:12:31","guid":{"rendered":"https:\/\/xedaptwitter.com.vn\/?post_type=product&#038;p=969"},"modified":"2026-02-24T16:39:35","modified_gmt":"2026-02-24T09:39:35","slug":"twitter-t8-c-2024-tay-ngang","status":"publish","type":"product","link":"https:\/\/xedaptwitter.com.vn\/?product=twitter-t8-c-2024-tay-ngang","title":{"rendered":"Xe \u0111\u1ea1p Twitter T8-C 2024 Tay ngang"},"content":{"rendered":"<h2><strong>Xe \u0111\u1ea1p TWITTER T8-C Tay ngang Carbon 2024<\/strong><\/h2>\n<p>V\u1edbi<strong> Twitter T2C v\u00e0 T8C <\/strong>b\u1ea3n c\u0169 l\u00e0 chi\u1ebfc xe \u0111\u1ea1p d\u00f2ng Touring, khung Carbon c\u00f3 gi\u00e1 r\u1ea5t d\u1ec5 ti\u1ebfp c\u1eadn c\u1ee7a Twitter \u0111\u00e3 \u0111\u01b0\u1ee3c th\u1ecb tr\u01b0\u1eddng r\u1ea5t \u01b0a chu\u1ed9ng v\u00e0 ph\u1ed5 bi\u1ebfn trong th\u1eddi gian v\u1eeba qua.<\/p>\n<p><img loading=\"lazy\" decoding=\"async\" class=\"alignnone wp-image-1053 size-large\" src=\"https:\/\/xedaptwitter.com.vn\/wp-content\/uploads\/2026\/01\/IMG_0739-768x1024.jpg\" alt=\"\" width=\"768\" height=\"1024\" srcset=\"https:\/\/xedaptwitter.com.vn\/wp-content\/uploads\/2026\/01\/IMG_0739-768x1024.jpg 768w, https:\/\/xedaptwitter.com.vn\/wp-content\/uploads\/2026\/01\/IMG_0739-225x300.jpg 225w, https:\/\/xedaptwitter.com.vn\/wp-content\/uploads\/2026\/01\/IMG_0739-1152x1536.jpg 1152w, https:\/\/xedaptwitter.com.vn\/wp-content\/uploads\/2026\/01\/IMG_0739-1536x2048.jpg 1536w, https:\/\/xedaptwitter.com.vn\/wp-content\/uploads\/2026\/01\/IMG_0739-600x800.jpg 600w, https:\/\/xedaptwitter.com.vn\/wp-content\/uploads\/2026\/01\/IMG_0739-scaled.jpg 1920w\" sizes=\"auto, (max-width: 768px) 100vw, 768px\" \/><\/p>\n<p>N\u1ebfu b\u1ea1n \u0111ang t\u00ecm ki\u1ebfm m\u1ed9t chi\u1ebfc xe \u0111\u1ea1p \u0111ua Khung Carbon si\u00eau nh\u1eb9 v\u1eeba m\u1ea1nh m\u1ebd v\u1eeba hi\u1ec7n \u0111\u1ea1i, thu h\u00fat ngay t\u1eeb c\u00e1i nh\u00ecn \u0111\u1ea7u ti\u00ean? <strong>Twitter T8C Touring<\/strong>\u00a0ch\u00ednh l\u00e0 s\u1ea3n ph\u1ea9m b\u1ea1n \u0111ang t\u00ecm ki\u1ebfm.<\/p>\n<p>&nbsp;<\/p>\n<h2><\/h2>\n<p>&nbsp;<\/p>\n<h2 id=\"thong-so-ky-thuat-xe-dap-twitter-r10-rs22\" class=\"ftwp-heading\"><strong>TH\u00d4NG S\u1ed0 K\u1ef8 THU\u1eacT XE \u0110\u1ea0P\u00a0 TWITTER T8-C 2024<\/strong><\/h2>\n<table border=\"1\" width=\"100%\">\n<tbody>\n<tr>\n<td><strong>\u00a0C\u00e2n n\u1eb7ng<\/strong><\/td>\n<td>Kho\u1ea3ng 8,8 kg<\/td>\n<\/tr>\n<tr>\n<td width=\"265\"><strong>\u00a0Moayo (Hub)<\/strong><\/td>\n<td width=\"513\">Retrosper b\u1ea1c \u0111\u1ea1n, C\u1ed1i n\u1ed5 to<\/td>\n<\/tr>\n<tr>\n<td width=\"265\"><strong>\u00a0Khung s\u01b0\u1eddn<\/strong><\/td>\n<td><strong>Carbon Nano<\/strong><\/td>\n<\/tr>\n<tr>\n<td width=\"265\"><strong>\u00a0Ghi \u0111\u00f4ng \/ p\u00f4 t\u0103ng<\/strong><\/td>\n<td width=\"513\"><b>Tay ngang nh\u00f4m<\/b><\/td>\n<\/tr>\n<tr>\n<td width=\"265\"><strong>\u00a0Y\u00ean xe<\/strong><\/td>\n<td>C\u1ecdc Y\u00ean Carbon, Y\u00ean da PU Twitter<\/td>\n<\/tr>\n<tr>\n<td width=\"265\"><strong>\u00a0Phanh xe<\/strong><\/td>\n<td width=\"513\"><strong>Phanh C Tektro<\/strong><\/td>\n<\/tr>\n<tr>\n<td width=\"265\"><strong>\u00a0Tay \u0111\u1ec1 l\u1eafc<\/strong><\/td>\n<td><b>RETROSPEC<\/b><\/td>\n<\/tr>\n<tr>\n<td width=\"265\"><strong>\u00a0G\u1ea1t \u0111\u0129a<\/strong><\/td>\n<td>RETROSPEC<\/td>\n<\/tr>\n<tr>\n<td width=\"265\"><strong>\u00a0G\u1ea1t l\u00edp<\/strong><\/td>\n<td>RETROSPEC<\/td>\n<\/tr>\n<tr>\n<td width=\"265\"><strong>\u00a0Gi\u00f2 d\u0129a<\/strong><\/td>\n<td width=\"513\">Prowhell 34-50T<\/td>\n<\/tr>\n<tr>\n<td width=\"265\"><strong>\u00a0L\u00edp\u00a0<\/strong><\/td>\n<td>Sugek 8S, 11-26T<\/td>\n<\/tr>\n<tr>\n<td width=\"265\"><strong>\u00a0X\u00edch<\/strong><\/td>\n<td>SUMC-8S<\/td>\n<\/tr>\n<tr>\n<td width=\"265\"><strong>\u00a0V\u00e0nh xe 700C<\/strong><\/td>\n<td>H\u01a1\u0323p kim nh\u00f4m hai l\u01a1\u0301p<\/td>\n<\/tr>\n<tr>\n<td width=\"265\"><strong>\u00a0L\u1ed1p xe<\/strong><\/td>\n<td>INNOVA-PRO, Black, 700*25C, Black<\/td>\n<\/tr>\n<tr>\n<td width=\"265\"><strong>\u00a0B\u1ea3o h\u00e0nh<\/strong><\/td>\n<td width=\"513\">Khung xe b\u1ea3o h\u00e0nh 2 n\u0103m \/ b\u1ed9 Groupset 1 n\u0103m<\/td>\n<\/tr>\n<\/tbody>\n<\/table>\n<p>Twitter T8C v\u1edbi trang b\u1ecb Groupset v\u00e0 Tay \u0111\u1ec1 l\u1eafc cao c\u1ea5p c\u1ee7a Shimano<\/p>\n<p><img loading=\"lazy\" decoding=\"async\" class=\"alignnone wp-image-1052 size-large\" src=\"https:\/\/xedaptwitter.com.vn\/wp-content\/uploads\/2026\/01\/IMG_0738-768x1024.jpg\" alt=\"\" width=\"768\" height=\"1024\" srcset=\"https:\/\/xedaptwitter.com.vn\/wp-content\/uploads\/2026\/01\/IMG_0738-768x1024.jpg 768w, https:\/\/xedaptwitter.com.vn\/wp-content\/uploads\/2026\/01\/IMG_0738-225x300.jpg 225w, https:\/\/xedaptwitter.com.vn\/wp-content\/uploads\/2026\/01\/IMG_0738-1152x1536.jpg 1152w, https:\/\/xedaptwitter.com.vn\/wp-content\/uploads\/2026\/01\/IMG_0738-1536x2048.jpg 1536w, https:\/\/xedaptwitter.com.vn\/wp-content\/uploads\/2026\/01\/IMG_0738-600x800.jpg 600w, https:\/\/xedaptwitter.com.vn\/wp-content\/uploads\/2026\/01\/IMG_0738-scaled.jpg 1920w\" sizes=\"auto, (max-width: 768px) 100vw, 768px\" \/><\/p>\n<p>T\u00f3m l\u1ea1i, n\u1ebfu b\u1ea1n \u0111ang t\u00ecm 1 chi\u1ebfc xe \u0111\u1ea1p d\u00f2ng Road nh\u1eb9 v\u1edbi trang b\u1ecb khung<strong> Carbon <\/strong>v\u00e0 trang b\u1ecb th\u00eam \u0110\u1ea7u C\u00e1 M\u1eadp hi\u1ec7n \u0111\u1ea1i\u00a0m\u00e0 c\u00f3 t\u1ea7m gi\u00e1 d\u1ec5 ti\u1ebfp c\u1eadn th\u00ec\u00a0<strong>Twitter T8C 2024<\/strong> l\u00e0 m\u1ed9t s\u1ef1 l\u1ef1a ch\u1ecdn r\u1ea5t x\u1ee9ng \u0111\u00e1ng.<\/p>\n<p><img loading=\"lazy\" decoding=\"async\" class=\"alignnone wp-image-1051 size-large\" src=\"https:\/\/xedaptwitter.com.vn\/wp-content\/uploads\/2026\/01\/IMG_0737-768x1024.jpg\" alt=\"\" width=\"768\" height=\"1024\" srcset=\"https:\/\/xedaptwitter.com.vn\/wp-content\/uploads\/2026\/01\/IMG_0737-768x1024.jpg 768w, https:\/\/xedaptwitter.com.vn\/wp-content\/uploads\/2026\/01\/IMG_0737-225x300.jpg 225w, https:\/\/xedaptwitter.com.vn\/wp-content\/uploads\/2026\/01\/IMG_0737-1152x1536.jpg 1152w, https:\/\/xedaptwitter.com.vn\/wp-content\/uploads\/2026\/01\/IMG_0737-1536x2048.jpg 1536w, https:\/\/xedaptwitter.com.vn\/wp-content\/uploads\/2026\/01\/IMG_0737-600x800.jpg 600w, https:\/\/xedaptwitter.com.vn\/wp-content\/uploads\/2026\/01\/IMG_0737-scaled.jpg 1920w\" sizes=\"auto, (max-width: 768px) 100vw, 768px\" \/><\/p>\n<p>Ch\u1ea5t l\u01b0\u1ee3ng ho\u00e0n thi\u1ec7n s\u1eafc n\u00e9t c\u1ee7a Twitter c\u00f9ng v\u1edbi <strong>Gi\u00e1 b\u00e1n qu\u00e1 h\u1ee3p l\u00fd<\/strong> th\u00ec l\u00e0m cho <strong>Twitter T8C 2024 \u0110\u1ea7u C\u00e1 M\u1eadp<\/strong>\u00a0c\u00e0ng th\u00eam c\u00f3 nhi\u1ec1u Fans xe \u0111\u1ea1p y\u00ean m\u1ebfn v\u00e0 \u01b0u ti\u00ean l\u1ef1a ch\u1ecdn.<\/p>\n<p><img loading=\"lazy\" decoding=\"async\" class=\"alignnone wp-image-1050 size-large\" src=\"https:\/\/xedaptwitter.com.vn\/wp-content\/uploads\/2026\/01\/IMG_0736-768x1024.jpg\" alt=\"\" width=\"768\" height=\"1024\" srcset=\"https:\/\/xedaptwitter.com.vn\/wp-content\/uploads\/2026\/01\/IMG_0736-768x1024.jpg 768w, https:\/\/xedaptwitter.com.vn\/wp-content\/uploads\/2026\/01\/IMG_0736-225x300.jpg 225w, https:\/\/xedaptwitter.com.vn\/wp-content\/uploads\/2026\/01\/IMG_0736-1152x1536.jpg 1152w, https:\/\/xedaptwitter.com.vn\/wp-content\/uploads\/2026\/01\/IMG_0736-1536x2048.jpg 1536w, https:\/\/xedaptwitter.com.vn\/wp-content\/uploads\/2026\/01\/IMG_0736-600x800.jpg 600w, https:\/\/xedaptwitter.com.vn\/wp-content\/uploads\/2026\/01\/IMG_0736-scaled.jpg 1920w\" sizes=\"auto, (max-width: 768px) 100vw, 768px\" \/><\/p>\n<p>Li\u00ean h\u1ec7 Twitter lu\u00f4n c\u00f3 m\u1ee9c gi\u00e1 v\u00e0 khuy\u1ebfn m\u00e3i t\u1ed1t nh\u1ea5t cho <em><strong>Twitter T8C 2024.<\/strong><\/em><\/p>\n<p>Hotline t\u01b0 v\u1ea5n: <strong>0916.504.228<\/strong><\/p>\n","protected":false},"excerpt":{"rendered":"<p>Xe \u0111\u1ea1p TWITTER T8-C Tay ngang Carbon 2024 V\u1edbi Twitter T2C v\u00e0 T8C b\u1ea3n c\u0169 l\u00e0 chi\u1ebfc xe \u0111\u1ea1p d\u00f2ng [&hellip;]<\/p>\n","protected":false},"featured_media":1319,"comment_status":"closed","ping_status":"closed","template":"","meta":{"site-sidebar-layout":"default","site-content-layout":"","ast-site-content-layout":"default","site-content-style":"default","site-sidebar-style":"default","ast-global-header-display":"","ast-banner-title-visibility":"","ast-main-header-display":"","ast-hfb-above-header-display":"","ast-hfb-below-header-display":"","ast-hfb-mobile-header-display":"","site-post-title":"","ast-breadcrumbs-content":"","ast-featured-img":"","footer-sml-layout":"","theme-transparent-header-meta":"default","adv-header-id-meta":"","stick-header-meta":"","header-above-stick-meta":"","header-main-stick-meta":"","header-below-stick-meta":"","astra-migrate-meta-layouts":"set","ast-page-background-enabled":"default","ast-page-background-meta":{"desktop":{"background-color":"var(--ast-global-color-4)","background-image":"","background-repeat":"repeat","background-position":"center center","background-size":"auto","background-attachment":"scroll","background-type":"","background-media":"","overlay-type":"","overlay-color":"","overlay-gradient":""},"tablet":{"background-color":"","background-image":"","background-repeat":"repeat","background-position":"center center","background-size":"auto","background-attachment":"scroll","background-type":"","background-media":"","overlay-type":"","overlay-color":"","overlay-gradient":""},"mobile":{"background-color":"","background-image":"","background-repeat":"repeat","background-position":"center center","background-size":"auto","background-attachment":"scroll","background-type":"","background-media":"","overlay-type":"","overlay-color":"","overlay-gradient":""}},"ast-content-background-meta":{"desktop":{"background-color":"var(--ast-global-color-5)","background-image":"","background-repeat":"repeat","background-position":"center center","background-size":"auto","background-attachment":"scroll","background-type":"","background-media":"","overlay-type":"","overlay-color":"","overlay-gradient":""},"tablet":{"background-color":"var(--ast-global-color-5)","background-image":"","background-repeat":"repeat","background-position":"center center","background-size":"auto","background-attachment":"scroll","background-type":"","background-media":"","overlay-type":"","overlay-color":"","overlay-gradient":""},"mobile":{"background-color":"var(--ast-global-color-5)","background-image":"","background-repeat":"repeat","background-position":"center center","background-size":"auto","background-attachment":"scroll","background-type":"","background-media":"","overlay-type":"","overlay-color":"","overlay-gradient":""}}},"product_cat":[17],"product_tag":[67],"class_list":{"0":"post-969","1":"product","2":"type-product","3":"status-publish","4":"has-post-thumbnail","6":"product_cat-twitter-tay-ngang","7":"product_tag-twitter-t8-c-tay-ngang","8":"desktop-align-left","9":"tablet-align-left","10":"mobile-align-left","12":"first","13":"instock","14":"sale","15":"shipping-taxable","16":"purchasable","17":"product-type-simple"},"jetpack_sharing_enabled":true,"_links":{"self":[{"href":"https:\/\/xedaptwitter.com.vn\/index.php?rest_route=\/wp\/v2\/product\/969","targetHints":{"allow":["GET"]}}],"collection":[{"href":"https:\/\/xedaptwitter.com.vn\/index.php?rest_route=\/wp\/v2\/product"}],"about":[{"href":"https:\/\/xedaptwitter.com.vn\/index.php?rest_route=\/wp\/v2\/types\/product"}],"replies":[{"embeddable":true,"href":"https:\/\/xedaptwitter.com.vn\/index.php?rest_route=%2Fwp%2Fv2%2Fcomments&post=969"}],"wp:featuredmedia":[{"embeddable":true,"href":"https:\/\/xedaptwitter.com.vn\/index.php?rest_route=\/wp\/v2\/media\/1319"}],"wp:attachment":[{"href":"https:\/\/xedaptwitter.com.vn\/index.php?rest_route=%2Fwp%2Fv2%2Fmedia&parent=969"}],"wp:term":[{"taxonomy":"product_cat","embeddable":true,"href":"https:\/\/xedaptwitter.com.vn\/index.php?rest_route=%2Fwp%2Fv2%2Fproduct_cat&post=969"},{"taxonomy":"product_tag","embeddable":true,"href":"https:\/\/xedaptwitter.com.vn\/index.php?rest_route=%2Fwp%2Fv2%2Fproduct_tag&post=969"}],"curies":[{"name":"wp","href":"https:\/\/api.w.org\/{rel}","templated":true}]}}