{"id":798,"date":"2025-10-28T06:05:32","date_gmt":"2025-10-27T23:05:32","guid":{"rendered":"https:\/\/xedaptwitter.com.vn\/?post_type=product&#038;p=798"},"modified":"2026-02-02T10:59:35","modified_gmt":"2026-02-02T03:59:35","slug":"twitter-e300-pro-2026","status":"publish","type":"product","link":"https:\/\/xedaptwitter.com.vn\/?product=twitter-e300-pro-2026","title":{"rendered":"Xe \u0111\u1ea1p tr\u1ee3 l\u1ef1c Twitter E300 Pro &#8211; 2026 moment xo\u1eafn"},"content":{"rendered":"<h2><span id=\"TWITTER_E300_PRO_Thiet_ke_moi_nhat_2024\"><strong>TWITTER E300 PRO \u2013 2026<\/strong><\/span><\/h2>\n<p><strong>Twitter E300 Pro<\/strong> c\u0169ng \u0111\u00e3 kh\u00e1 \u01b0a chu\u1ed9ng kh\u00e1 nhi\u1ec1u trong th\u1eddi gian qua v\u00ec c\u1ea5u h\u00ecnh qu\u00e1 ngon m\u00e0 Gi\u00e1 l\u1ea1i t\u1ed1t.<\/p>\n<p>&nbsp;<\/p>\n<div class=\"xdj266r x11i5rnm xat24cr x1mh8g0r x1vvkbs x126k92a\">\n<h2 dir=\"auto\"><img loading=\"lazy\" decoding=\"async\" class=\"alignleft wp-image-713 size-full\" src=\"https:\/\/xedaptwitter.com.vn\/wp-content\/uploads\/2025\/01\/Twitter-E300-pro-e1768880063804.png\" alt=\"\" width=\"800\" height=\"572\" srcset=\"https:\/\/xedaptwitter.com.vn\/wp-content\/uploads\/2025\/01\/Twitter-E300-pro-e1768880063804.png 800w, https:\/\/xedaptwitter.com.vn\/wp-content\/uploads\/2025\/01\/Twitter-E300-pro-e1768880063804-300x215.png 300w, https:\/\/xedaptwitter.com.vn\/wp-content\/uploads\/2025\/01\/Twitter-E300-pro-e1768880063804-768x549.png 768w, https:\/\/xedaptwitter.com.vn\/wp-content\/uploads\/2025\/01\/Twitter-E300-pro-e1768880063804-600x429.png 600w\" sizes=\"auto, (max-width: 800px) 100vw, 800px\" \/><\/h2>\n<h2 dir=\"auto\"><span id=\"Twitter_E300_Pro_New_2024\"><strong>Twitter E300 Pro \u2013 New 2026<\/strong><\/span><\/h2>\n<h6>V\u1eady <strong><em>Twitter E300 Pro \u2013 New 2026 n\u00e0y c\u00f3 g\u00ec h\u1ea5p d\u1eabn h\u01a1n?<\/em><\/strong><\/h6>\n<\/div>\n<div dir=\"auto\">\n<p>V\u1ec1 Ngo\u1ea1i h\u00ecnh v\u00e0 trang b\u1ecb E300 Pro \u2013 2026 v\u1eabn gi\u1ed1ng nh\u01b0 b\u1ea3n th\u01b0\u1eddng: Twitter v\u1eabn gi\u1eef l\u1ea1i nh\u1eefng trang b\u1ecb \u01b0u th\u1ebf \u0111\u00e3 gi\u00fap E300 \u0111\u01b0\u1ee3c \u01b0a chu\u1ed9ng l\u00e0:<\/p>\n<h3>Khung s\u01b0\u1eddn H\u1ee3p kim Nh\u00f4m 6061: Kh\u00f4ng M\u1ed1i h\u00e0n, d\u00e2y \u00e2m s\u01b0\u1eddn<\/h3>\n<p><img loading=\"lazy\" decoding=\"async\" class=\"alignnone wp-image-625 size-full\" src=\"https:\/\/xedaptwitter.com.vn\/wp-content\/uploads\/2024\/09\/Twitter-E300-Pro-G.jpg\" alt=\"\" width=\"1500\" height=\"1200\" srcset=\"https:\/\/xedaptwitter.com.vn\/wp-content\/uploads\/2024\/09\/Twitter-E300-Pro-G.jpg 1500w, https:\/\/xedaptwitter.com.vn\/wp-content\/uploads\/2024\/09\/Twitter-E300-Pro-G-300x240.jpg 300w, https:\/\/xedaptwitter.com.vn\/wp-content\/uploads\/2024\/09\/Twitter-E300-Pro-G-1024x819.jpg 1024w, https:\/\/xedaptwitter.com.vn\/wp-content\/uploads\/2024\/09\/Twitter-E300-Pro-G-768x614.jpg 768w, https:\/\/xedaptwitter.com.vn\/wp-content\/uploads\/2024\/09\/Twitter-E300-Pro-G-600x480.jpg 600w\" sizes=\"auto, (max-width: 1500px) 100vw, 1500px\" \/><\/p>\n<\/div>\n<div dir=\"auto\">\n<h3><\/h3>\n<h3 id=\"mcetoc_1gd28fvit5\"><span id=\"Pin_Lithium_16AH_co_the_thao_roi_de_dang\"><strong>Pin Lithium 16AH c\u00f3 th\u1ec3 th\u00e1o r\u1eddi d\u1ec5 d\u00e0ng<\/strong><\/span><\/h3>\n<\/div>\n<div dir=\"auto\">V\u1edbi vi\u00ean Pin Litium 36V 16Ah\u00a0\u0111\u00e3 gi\u00fap cho <strong>Twitter E300 Pro<\/strong> tr\u1ee3 l\u1ef1c \u0111i\u1ec7n qu\u00e3ng \u0111\u01b0\u1eddng l\u00ean \u0111\u1ebfn 150Km. V\u1edbi dung l\u01b0\u1ee3ng n\u00e0y, v\u1edbi c\u00e1c anh \u0111i kh\u00f4ng nhi\u1ec1u th\u00ec kh\u1ea3 n\u0103ng c\u1ea3 tu\u1ea7n m\u1edbi ph\u1ea3i s\u1ea1c 1 l\u1ea7n.<\/div>\n<div dir=\"auto\"><\/div>\n<div dir=\"auto\"><img loading=\"lazy\" decoding=\"async\" class=\"alignnone size-large wp-image-803\" src=\"https:\/\/xedaptwitter.com.vn\/wp-content\/uploads\/2025\/10\/Twitter-E300-pin-1024x1024.jpeg\" alt=\"\" width=\"1024\" height=\"1024\" srcset=\"https:\/\/xedaptwitter.com.vn\/wp-content\/uploads\/2025\/10\/Twitter-E300-pin-1024x1024.jpeg 1024w, https:\/\/xedaptwitter.com.vn\/wp-content\/uploads\/2025\/10\/Twitter-E300-pin-300x300.jpeg 300w, https:\/\/xedaptwitter.com.vn\/wp-content\/uploads\/2025\/10\/Twitter-E300-pin-150x150.jpeg 150w, https:\/\/xedaptwitter.com.vn\/wp-content\/uploads\/2025\/10\/Twitter-E300-pin-768x768.jpeg 768w, https:\/\/xedaptwitter.com.vn\/wp-content\/uploads\/2025\/10\/Twitter-E300-pin-600x600.jpeg 600w, https:\/\/xedaptwitter.com.vn\/wp-content\/uploads\/2025\/10\/Twitter-E300-pin-100x100.jpeg 100w, https:\/\/xedaptwitter.com.vn\/wp-content\/uploads\/2025\/10\/Twitter-E300-pin.jpeg 1080w\" sizes=\"auto, (max-width: 1024px) 100vw, 1024px\" \/><\/div>\n<div dir=\"auto\">\u0110\u1ed3ng th\u1eddi Pin lithium-ion c\u1ee7a xe \u0111\u1ea1p \u0111i\u1ec7n Twitter c\u00f3 c\u00e1c ch\u1ee9c n\u0103ng b\u1ea3o v\u1ec7 qu\u00e1 t\u1ea3i, qu\u00e1 d\u00f2ng v\u00e0 ch\u1ed1ng \u0111o\u1ea3n m\u1ea1ch.<\/div>\n<div dir=\"auto\"><\/div>\n<div dir=\"auto\">\n<div dir=\"auto\">\n<h3 id=\"mcetoc_1gd28fvit5\"><span id=\"Bo_Groupset_cao_cap_Retrospec_8_cap\">B\u1ed9 Groupset cao c\u1ea5p Retrospec 8 c\u1ea5p<\/span><\/h3>\n<\/div>\n<div dir=\"auto\">V\u1edbi b\u1ed9 Groupset Shimano 8 c\u1ea5p th\u00ec \u0111\u1ea1p c\u01a1 v\u1edbi\u00a0<strong>E300 Pro<\/strong> th\u00f4i l\u00e0 c\u0169ng qu\u00e1 ngon r\u1ed3i<\/div>\n<div dir=\"auto\"><\/div>\n<\/div>\n<div dir=\"auto\"><img loading=\"lazy\" decoding=\"async\" class=\"alignnone size-large wp-image-804\" src=\"https:\/\/xedaptwitter.com.vn\/wp-content\/uploads\/2025\/10\/Twitter-E300-group-1024x1024.jpeg\" alt=\"\" width=\"1024\" height=\"1024\" srcset=\"https:\/\/xedaptwitter.com.vn\/wp-content\/uploads\/2025\/10\/Twitter-E300-group-1024x1024.jpeg 1024w, https:\/\/xedaptwitter.com.vn\/wp-content\/uploads\/2025\/10\/Twitter-E300-group-300x300.jpeg 300w, https:\/\/xedaptwitter.com.vn\/wp-content\/uploads\/2025\/10\/Twitter-E300-group-150x150.jpeg 150w, https:\/\/xedaptwitter.com.vn\/wp-content\/uploads\/2025\/10\/Twitter-E300-group-768x768.jpeg 768w, https:\/\/xedaptwitter.com.vn\/wp-content\/uploads\/2025\/10\/Twitter-E300-group-600x600.jpeg 600w, https:\/\/xedaptwitter.com.vn\/wp-content\/uploads\/2025\/10\/Twitter-E300-group-100x100.jpeg 100w, https:\/\/xedaptwitter.com.vn\/wp-content\/uploads\/2025\/10\/Twitter-E300-group.jpeg 1080w\" sizes=\"auto, (max-width: 1024px) 100vw, 1024px\" \/><\/div>\n<div dir=\"auto\">\n<div dir=\"auto\">\n<h3><\/h3>\n<h3 id=\"mcetoc_1gd28fvit5\"><span id=\"Phanh_dia_thuy_luc_Retrospec_truoc_va_sau\">Phanh \u0111\u0129a thu\u1ef7 l\u1ef1c Retrospec tr\u01b0\u1edbc v\u00e0 sau<\/span><\/h3>\n<\/div>\n<div dir=\"auto\">L\u00e0 1 h\u00e3ng n\u1ed5i ti\u1ebfng v\u1ec1 xe \u0111\u1ea1p th\u00ec trang b\u1ecb Phanh thu\u1ef7 l\u1ef1c cho 1 chi\u1ebfc xe \u0111\u1ea1p t\u1ea7m trung l\u00e0 b\u00ecnh th\u01b0\u1eddng nh\u01b0ng so v\u1edbi c\u00e1c xe \u0111\u1ea1p tr\u1ee3 l\u1ef1c \u0111i\u1ec7n c\u00f9ng t\u1ea7m gi\u00e1 tr\u00ean th\u1ecb tr\u01b0\u1eddng th\u00ec \u0111\u00e2y l\u00e0 1 trang b\u1ecb kh\u00e1 \u0111\u00e1ng gi\u00e1.<\/div>\n<div dir=\"auto\"><\/div>\n<div dir=\"auto\"><img loading=\"lazy\" decoding=\"async\" class=\"alignnone size-large wp-image-805\" src=\"https:\/\/xedaptwitter.com.vn\/wp-content\/uploads\/2025\/10\/Twitter-E300-Brake-1024x1024.jpeg\" alt=\"\" width=\"1024\" height=\"1024\" srcset=\"https:\/\/xedaptwitter.com.vn\/wp-content\/uploads\/2025\/10\/Twitter-E300-Brake-1024x1024.jpeg 1024w, https:\/\/xedaptwitter.com.vn\/wp-content\/uploads\/2025\/10\/Twitter-E300-Brake-300x300.jpeg 300w, https:\/\/xedaptwitter.com.vn\/wp-content\/uploads\/2025\/10\/Twitter-E300-Brake-150x150.jpeg 150w, https:\/\/xedaptwitter.com.vn\/wp-content\/uploads\/2025\/10\/Twitter-E300-Brake-768x768.jpeg 768w, https:\/\/xedaptwitter.com.vn\/wp-content\/uploads\/2025\/10\/Twitter-E300-Brake-600x600.jpeg 600w, https:\/\/xedaptwitter.com.vn\/wp-content\/uploads\/2025\/10\/Twitter-E300-Brake-100x100.jpeg 100w, https:\/\/xedaptwitter.com.vn\/wp-content\/uploads\/2025\/10\/Twitter-E300-Brake.jpeg 1080w\" sizes=\"auto, (max-width: 1024px) 100vw, 1024px\" \/><\/div>\n<div dir=\"auto\"><strong>Twitter E300 Pro<\/strong> v\u1edbi Phanh d\u1ea7u Retrospec cao c\u1ea5p tr\u01b0\u1edbc v\u00e0 sau cho tr\u1ea3i nghi\u00eam kh\u00e1 an to\u00e0n khi l\u00e1i em n\u00f3 d\u00f9 b\u1ea5t k\u1ef3 cung \u0111\u01b0\u1eddng, \u0111\u1ecba h\u00ecnh hay th\u1eddi ti\u1ebft n\u00e0o.<\/div>\n<div dir=\"auto\">\n<h3><\/h3>\n<h3 id=\"mcetoc_1gd28fkc74\"><span id=\"Giam_shock_voi_Phuoc_truoc\">Gi\u1ea3m shock v\u1edbi Phu\u1ed9c D\u1ea7u Twitter<\/span><\/h3>\n<p>M\u1ed9t chi\u1ebfc MTB th\u00ec kh\u00f4ng th\u1ec3 thi\u1ebfu Phu\u1ed9c gi\u1ea3m shock l\u00e0 \u0111i\u1ec1u hi\u1ec3n nhi\u00ean<\/p>\n<p><img loading=\"lazy\" decoding=\"async\" class=\"alignnone size-large wp-image-806\" src=\"https:\/\/xedaptwitter.com.vn\/wp-content\/uploads\/2025\/10\/Twitter-E300-Phuot-1024x1024.jpeg\" alt=\"\" width=\"1024\" height=\"1024\" srcset=\"https:\/\/xedaptwitter.com.vn\/wp-content\/uploads\/2025\/10\/Twitter-E300-Phuot-1024x1024.jpeg 1024w, https:\/\/xedaptwitter.com.vn\/wp-content\/uploads\/2025\/10\/Twitter-E300-Phuot-300x300.jpeg 300w, https:\/\/xedaptwitter.com.vn\/wp-content\/uploads\/2025\/10\/Twitter-E300-Phuot-150x150.jpeg 150w, https:\/\/xedaptwitter.com.vn\/wp-content\/uploads\/2025\/10\/Twitter-E300-Phuot-768x768.jpeg 768w, https:\/\/xedaptwitter.com.vn\/wp-content\/uploads\/2025\/10\/Twitter-E300-Phuot-600x600.jpeg 600w, https:\/\/xedaptwitter.com.vn\/wp-content\/uploads\/2025\/10\/Twitter-E300-Phuot-100x100.jpeg 100w, https:\/\/xedaptwitter.com.vn\/wp-content\/uploads\/2025\/10\/Twitter-E300-Phuot.jpeg 1080w\" sizes=\"auto, (max-width: 1024px) 100vw, 1024px\" \/><\/p>\n<p><strong>Twitter<\/strong> v\u00ec th\u1ebf c\u0169ng \u0111\u00e3 trang b\u1ecb cho <strong>E300 Pro<\/strong> 1 c\u1eb7p Phu\u1ed9c kh\u00e1 x\u1ecbn x\u00f2 v\u1edbi kh\u1ea3 n\u0103ng c\u00f3 th\u1ec3 \u0111i\u1ec1u ch\u1ec9nh v\u00e0 tinh ch\u1ec9nh tu\u1ef3 v\u00e0o t\u1eebng \u0111\u1ecba h\u00ecnh s\u1eed d\u1ee5ng<\/p>\n<\/div>\n<div dir=\"auto\"><\/div>\n<\/div>\n<div class=\"xdj266r x11i5rnm xat24cr x1mh8g0r x1vvkbs x126k92a\">\n<h3 dir=\"auto\"><span id=\"Lop_275_x_2_E300_Pro_la_chiec_MTB_dien_co_dang_kha_manh_me\"><span class=\"x3nfvp2 x1j61x8r x1fcty0u xdj266r xhhsvwb xat24cr xgzva0m xxymvpz xlup9mm x1kky2od\"><img loading=\"lazy\" decoding=\"async\" class=\"xz74otr\" src=\"https:\/\/static.xx.fbcdn.net\/images\/emoji.php\/v9\/t69\/1\/16\/1f331.png\" alt=\"\ud83c\udf31\" width=\"16\" height=\"16\" \/><\/span> L\u1ed1p 27.5 x 2.25: E300 Pro l\u00e0 chi\u1ebfc MTB \u0111i\u1ec7n c\u00f3 d\u00e1ng kh\u00e1 m\u1ea1nh m\u1ebd<\/span><\/h3>\n<p><img loading=\"lazy\" decoding=\"async\" class=\"alignnone wp-image-621 size-large\" src=\"https:\/\/xedaptwitter.com.vn\/wp-content\/uploads\/2024\/09\/Twitter-E300-Pro-X2-Large-1024x1024.jpeg\" alt=\"\" width=\"1024\" height=\"1024\" srcset=\"https:\/\/xedaptwitter.com.vn\/wp-content\/uploads\/2024\/09\/Twitter-E300-Pro-X2-Large-1024x1024.jpeg 1024w, https:\/\/xedaptwitter.com.vn\/wp-content\/uploads\/2024\/09\/Twitter-E300-Pro-X2-Large-300x300.jpeg 300w, https:\/\/xedaptwitter.com.vn\/wp-content\/uploads\/2024\/09\/Twitter-E300-Pro-X2-Large-150x150.jpeg 150w, https:\/\/xedaptwitter.com.vn\/wp-content\/uploads\/2024\/09\/Twitter-E300-Pro-X2-Large-768x768.jpeg 768w, https:\/\/xedaptwitter.com.vn\/wp-content\/uploads\/2024\/09\/Twitter-E300-Pro-X2-Large-600x600.jpeg 600w, https:\/\/xedaptwitter.com.vn\/wp-content\/uploads\/2024\/09\/Twitter-E300-Pro-X2-Large-100x100.jpeg 100w, https:\/\/xedaptwitter.com.vn\/wp-content\/uploads\/2024\/09\/Twitter-E300-Pro-X2-Large.jpeg 1280w\" sizes=\"auto, (max-width: 1024px) 100vw, 1024px\" \/><\/p>\n<h2>V\u1edbi E300 Pro 2026, Twitter ti\u1ebfp t\u1ee5c n\u00e2ng c\u1ea5p gi\u00fap E300 l\u00ean m\u1ed9t t\u1ea7m cao h\u01a1n so v\u1edbi b\u1ea3n th\u01b0\u1eddng.<\/h2>\n<p>C\u1ee5 th\u1ec3:<\/p>\n<\/div>\n<div class=\"nectar-highlighted-text\" data-style=\"full_text\" data-exp=\"default\" data-using-custom-color=\"false\" data-animation-delay=\"false\" data-color=\"\" data-color-gradient=\"\">\n<h3 id=\"mcetoc_1gd28fkc74\"><span id=\"Dong_co_khong_choi_than_350W\"><strong>\u0110\u1ed9ng c\u01a1 Bafang 350W<\/strong><\/span><\/h3>\n<\/div>\n<div class=\"wpb_text_column wpb_content_element \">\n<div class=\"wpb_wrapper\">\n<p>V\u1edbi phi\u00ean b\u1ea3n th\u01b0\u1eddng 2025 \u0111\u00e3 v\u00f4 c\u00f9ng ch\u1ea5t l\u01b0\u1ee3ng v\u00e0 mang l\u1ea1i tr\u1ea3i nghi\u1ec7m kh\u00e1 h\u00e0i l\u00f2ng cho ng\u01b0\u1eddi d\u00f9ng.<\/p>\n<p>Nay Twitter l\u1ea1i n\u00e2ng c\u1ea5p trang b\u1ecb cho E300 Pro 2026 \u0110\u1ed9ng c\u01a1 x\u1ecbn c\u1ee7a Bafang c\u00e0ng l\u00e0m cho E300 Pro c\u00e0ng \u0111\u00e1ng gi\u00e1 h\u01a1n.<\/p>\n<p><img loading=\"lazy\" decoding=\"async\" class=\"alignnone size-medium wp-image-2373\" src=\"https:\/\/antamebike.com\/wp-content\/uploads\/2024\/03\/E300-Pro-motor-2-300x300.jpeg\" sizes=\"auto, (max-width: 300px) 100vw, 300px\" srcset=\"https:\/\/antamebike.com\/wp-content\/uploads\/2024\/03\/E300-Pro-motor-2-300x300.jpeg 300w, https:\/\/antamebike.com\/wp-content\/uploads\/2024\/03\/E300-Pro-motor-2-1024x1024.jpeg 1024w, https:\/\/antamebike.com\/wp-content\/uploads\/2024\/03\/E300-Pro-motor-2-150x150.jpeg 150w, https:\/\/antamebike.com\/wp-content\/uploads\/2024\/03\/E300-Pro-motor-2-768x768.jpeg 768w, https:\/\/antamebike.com\/wp-content\/uploads\/2024\/03\/E300-Pro-motor-2-600x600.jpeg 600w, https:\/\/antamebike.com\/wp-content\/uploads\/2024\/03\/E300-Pro-motor-2-100x100.jpeg 100w, https:\/\/antamebike.com\/wp-content\/uploads\/2024\/03\/E300-Pro-motor-2.jpeg 1200w\" alt=\"\" width=\"300\" height=\"300\" \/><img loading=\"lazy\" decoding=\"async\" class=\"alignleft wp-image-807 size-large\" src=\"https:\/\/xedaptwitter.com.vn\/wp-content\/uploads\/2025\/10\/Twitter-E300-261-Large-1-e1768877581617-1024x926.jpeg\" alt=\"\" width=\"1024\" height=\"926\" srcset=\"https:\/\/xedaptwitter.com.vn\/wp-content\/uploads\/2025\/10\/Twitter-E300-261-Large-1-e1768877581617-1024x926.jpeg 1024w, https:\/\/xedaptwitter.com.vn\/wp-content\/uploads\/2025\/10\/Twitter-E300-261-Large-1-e1768877581617-300x271.jpeg 300w, https:\/\/xedaptwitter.com.vn\/wp-content\/uploads\/2025\/10\/Twitter-E300-261-Large-1-e1768877581617-768x695.jpeg 768w, https:\/\/xedaptwitter.com.vn\/wp-content\/uploads\/2025\/10\/Twitter-E300-261-Large-1-e1768877581617-600x543.jpeg 600w, https:\/\/xedaptwitter.com.vn\/wp-content\/uploads\/2025\/10\/Twitter-E300-261-Large-1-e1768877581617.jpeg 1080w\" sizes=\"auto, (max-width: 1024px) 100vw, 1024px\" \/><\/p>\n<p>\u0110\u1ed9ng c\u01a1 Bafang v\u1edbi c\u00f4ng su\u1ea5t 350w, <strong>E300 Pro 2026<\/strong> cho v\u00e2n t\u1ed1c \u0111i\u1ec7n l\u00ean 33km\/h kh\u00e1 tho\u00e1i m\u00e1i tr\u00ean m\u1ecdi \u0111\u1ecba h\u00ecnh.<\/p>\n<div class=\"nectar-highlighted-text\" data-style=\"full_text\" data-exp=\"default\" data-using-custom-color=\"false\" data-animation-delay=\"false\" data-color=\"\" data-color-gradient=\"\">\n<h3 id=\"mcetoc_1gd28fkc74\">C\u1ea3m bi\u1ebfn l\u1ef1c \u0111\u1ea1p Momen Xo\u1eafn<\/h3>\n<p>\u0110\u00e2y l\u00e0 trang b\u1ecb th\u01b0\u1eddng ch\u1ec9 d\u00e0nh cho c\u00e1c chi\u1ebfc tr\u1ee3 l\u1ef1c cao c\u1ea5p. Nay Twitter \u0111\u00e3 trang b\u1ecb h\u1eb5n lu\u00f4n cho E300 Pro 2026<\/p>\n<p><img loading=\"lazy\" decoding=\"async\" class=\"alignnone wp-image-808 size-medium\" src=\"https:\/\/xedaptwitter.com.vn\/wp-content\/uploads\/2025\/10\/Twitter-E300-262-Large-1-e1768877553482-300x271.jpeg\" alt=\"\" width=\"300\" height=\"271\" srcset=\"https:\/\/xedaptwitter.com.vn\/wp-content\/uploads\/2025\/10\/Twitter-E300-262-Large-1-e1768877553482-300x271.jpeg 300w, https:\/\/xedaptwitter.com.vn\/wp-content\/uploads\/2025\/10\/Twitter-E300-262-Large-1-e1768877553482-1024x925.jpeg 1024w, https:\/\/xedaptwitter.com.vn\/wp-content\/uploads\/2025\/10\/Twitter-E300-262-Large-1-e1768877553482-768x694.jpeg 768w, https:\/\/xedaptwitter.com.vn\/wp-content\/uploads\/2025\/10\/Twitter-E300-262-Large-1-e1768877553482-600x542.jpeg 600w, https:\/\/xedaptwitter.com.vn\/wp-content\/uploads\/2025\/10\/Twitter-E300-262-Large-1-e1768877553482.jpeg 1080w\" sizes=\"auto, (max-width: 300px) 100vw, 300px\" \/> <img loading=\"lazy\" decoding=\"async\" class=\"alignnone wp-image-809 size-medium\" src=\"https:\/\/xedaptwitter.com.vn\/wp-content\/uploads\/2025\/10\/Twitter-E300-263-Large-1-e1768877505313-300x271.jpeg\" alt=\"\" width=\"300\" height=\"271\" srcset=\"https:\/\/xedaptwitter.com.vn\/wp-content\/uploads\/2025\/10\/Twitter-E300-263-Large-1-e1768877505313-300x271.jpeg 300w, https:\/\/xedaptwitter.com.vn\/wp-content\/uploads\/2025\/10\/Twitter-E300-263-Large-1-e1768877505313-1024x925.jpeg 1024w, https:\/\/xedaptwitter.com.vn\/wp-content\/uploads\/2025\/10\/Twitter-E300-263-Large-1-e1768877505313-768x694.jpeg 768w, https:\/\/xedaptwitter.com.vn\/wp-content\/uploads\/2025\/10\/Twitter-E300-263-Large-1-e1768877505313-600x542.jpeg 600w, https:\/\/xedaptwitter.com.vn\/wp-content\/uploads\/2025\/10\/Twitter-E300-263-Large-1-e1768877505313.jpeg 1080w\" sizes=\"auto, (max-width: 300px) 100vw, 300px\" \/><\/p>\n<\/div>\n<div class=\"wpb_text_column wpb_content_element \">\n<div class=\"wpb_wrapper\">\n<p>Momen Xo\u1eafn (Torque) \u0111\u00e3 l\u00e0 qu\u00e1 ngon, E300 Pro l\u1ea1i c\u00f2n d\u00f9ng c\u1ee7a Bafang lu\u00f4n l\u00e0 qu\u00e1 x\u1ecbn.<\/p>\n<div class=\"xdj266r x11i5rnm xat24cr x1mh8g0r x1vvkbs x126k92a\">\n<h3 dir=\"auto\"><span id=\"Man_hinh_LCD_kich_thuoc_lon_hien_thi_sac_net_voi_anh_sang_manh\">M\u00e0n h\u00ecnh M\u00e0u &#8211; Cao c\u1ea5p<\/span><\/h3>\n<p><img loading=\"lazy\" decoding=\"async\" class=\"alignnone wp-image-812 size-medium\" src=\"https:\/\/xedaptwitter.com.vn\/wp-content\/uploads\/2025\/10\/Twitter-E300-265-Large-e1768877462732-300x272.jpeg\" alt=\"\" width=\"300\" height=\"272\" srcset=\"https:\/\/xedaptwitter.com.vn\/wp-content\/uploads\/2025\/10\/Twitter-E300-265-Large-e1768877462732-300x272.jpeg 300w, https:\/\/xedaptwitter.com.vn\/wp-content\/uploads\/2025\/10\/Twitter-E300-265-Large-e1768877462732-1024x929.jpeg 1024w, https:\/\/xedaptwitter.com.vn\/wp-content\/uploads\/2025\/10\/Twitter-E300-265-Large-e1768877462732-768x697.jpeg 768w, https:\/\/xedaptwitter.com.vn\/wp-content\/uploads\/2025\/10\/Twitter-E300-265-Large-e1768877462732-600x544.jpeg 600w, https:\/\/xedaptwitter.com.vn\/wp-content\/uploads\/2025\/10\/Twitter-E300-265-Large-e1768877462732.jpeg 1080w\" sizes=\"auto, (max-width: 300px) 100vw, 300px\" \/> <img loading=\"lazy\" decoding=\"async\" class=\"alignnone wp-image-813 size-medium\" src=\"https:\/\/xedaptwitter.com.vn\/wp-content\/uploads\/2025\/10\/Twitter-E300-264-Large-e1768877420867-300x265.jpeg\" alt=\"\" width=\"300\" height=\"265\" srcset=\"https:\/\/xedaptwitter.com.vn\/wp-content\/uploads\/2025\/10\/Twitter-E300-264-Large-e1768877420867-300x265.jpeg 300w, https:\/\/xedaptwitter.com.vn\/wp-content\/uploads\/2025\/10\/Twitter-E300-264-Large-e1768877420867-1024x905.jpeg 1024w, https:\/\/xedaptwitter.com.vn\/wp-content\/uploads\/2025\/10\/Twitter-E300-264-Large-e1768877420867-768x678.jpeg 768w, https:\/\/xedaptwitter.com.vn\/wp-content\/uploads\/2025\/10\/Twitter-E300-264-Large-e1768877420867-600x530.jpeg 600w, https:\/\/xedaptwitter.com.vn\/wp-content\/uploads\/2025\/10\/Twitter-E300-264-Large-e1768877420867.jpeg 1080w\" sizes=\"auto, (max-width: 300px) 100vw, 300px\" \/><\/p>\n<\/div>\n<p>M\u00e0n h\u00ecnh M\u00e0u k\u00edch th\u01b0\u1edbc l\u1edbn hi\u1ec7n th\u1ecb r\u00f5 n\u00e9t v\u1edbi \u00e1nh s\u00e1ng m\u1ea1nh ngo\u00e0i tr\u1eddi, \u0111\u01b0\u1ee3c b\u1ed1 tr\u00ed ch\u00ednh gi\u1eefa Ghi-\u0111\u00f4ng cho ng\u01b0\u1eddi d\u00f9ng quan s\u00e1t r\u00f5 r\u00e0ng v\u00e0 thu\u1eadn ti\u1ec7n c\u00e1c th\u00f4ng s\u1ed1 v\u1ec1 xe.<\/p>\n<p>K\u1ebft h\u1ee3p c\u00f9ng Ghi-\u0111\u00f4ng d\u00e0i, cho tr\u1ea3i nghi\u1ec7m l\u00e1i E300 Pro kh\u00e1 tho\u00e1i m\u00e1i d\u00f9 \u0111\u1ea1p trong 1 qu\u00e3ng \u0111\u01b0\u1eddng d\u00e0i.<\/p>\n<p><img loading=\"lazy\" decoding=\"async\" class=\"alignnone size-large wp-image-811\" src=\"https:\/\/xedaptwitter.com.vn\/wp-content\/uploads\/2025\/10\/Twitter-E300-Pro-t3-Large-1-682x1024.jpeg\" alt=\"\" width=\"682\" height=\"1024\" srcset=\"https:\/\/xedaptwitter.com.vn\/wp-content\/uploads\/2025\/10\/Twitter-E300-Pro-t3-Large-1-682x1024.jpeg 682w, https:\/\/xedaptwitter.com.vn\/wp-content\/uploads\/2025\/10\/Twitter-E300-Pro-t3-Large-1-200x300.jpeg 200w, https:\/\/xedaptwitter.com.vn\/wp-content\/uploads\/2025\/10\/Twitter-E300-Pro-t3-Large-1-768x1152.jpeg 768w, https:\/\/xedaptwitter.com.vn\/wp-content\/uploads\/2025\/10\/Twitter-E300-Pro-t3-Large-1-600x900.jpeg 600w, https:\/\/xedaptwitter.com.vn\/wp-content\/uploads\/2025\/10\/Twitter-E300-Pro-t3-Large-1.jpeg 853w\" sizes=\"auto, (max-width: 682px) 100vw, 682px\" \/><\/p>\n<\/div>\n<\/div>\n<\/div>\n<\/div>\n<p>T\u1ed5ng th\u1ec3 v\u1edbi t\u1ea7m gi\u00e1 xung quanh 20tr v\u1edbi nh\u1eefng trang b\u1ecb c\u1ee7a <strong>E300 Pro 2026 &#8211; \u0110\u1ed9ng c\u01a1 Bafang v\u00e0 Momen xo\u1eafn<\/strong> c\u00f9ng v\u1edbi ch\u1ea5t l\u01b0\u1ee3ng ho\u00e0n thi\u1ec7n c\u1ee7a nh\u00e0 Twitter th\u00ec r\u00f5 r\u00e0ng E300 Pro 2026 kh\u00f3 m\u00e0 c\u00f3 \u0111\u1ed1i th\u1ee7 trong c\u00f9ng ph\u00e2n kh\u00fac.<\/p>\n<p>Li\u00ean h\u1ec7 xedaptwitter.com.vn lu\u00f4n c\u00f3 m\u1ee9c gi\u00e1 v\u00e0 khuy\u1ebfn m\u00e3i t\u1ed1t nh\u1ea5t cho Twitter E300 Pro 2026<\/p>\n<p>Hotline t\u01b0 v\u1ea5n: <strong>0916 504 228<\/strong><\/p>\n","protected":false},"excerpt":{"rendered":"<p>V\u1edbi:<\/p>\n<ul>\n<li>\u0110\u1ed9ng c\u01a1 Bafang: 350w<\/li>\n<li>C\u1ea3m bi\u1ebfn Momen Xo\u1eafn (Bafang)<\/li>\n<li>M\u00e0n LCD M\u00e0u cao c\u1ea5p<\/li>\n<\/ul>\n<p>C\u00e1c trang b\u1ecb \u0111\u00e1ng gi\u00e1 gi\u00fap E300 Pro \u0111\u01b0\u1ee3c \u01b0a chu\u1ed9ng.<\/p>\n<ul>\n<li>Pin Lithium <strong>36V 16Ah<\/strong>: Tr\u1ee3 l\u1ef1c \u0111i\u1ec7n <strong>qu\u00e3ng \u0111\u01b0\u1eddng l\u00ean \u0111\u1ebfn 150km<\/strong><\/li>\n<li>3 ch\u1ebf \u0111\u1ed9 l\u00e1i: \u0111\u1ea1p kh\u00f4ng c\u01a1, tr\u1ee3 l\u1ef1c \u0111i\u1ec7n v\u00e0 thu\u1ea7n \u0111i\u1ec7n.<\/li>\n<li>H\u1ec7 th\u1ed1ng <strong>Phanh \u0111\u0129a thu\u1ef7 l\u1ef1c (d\u1ea7u) Retrospec<\/strong><\/li>\n<li>Phu\u1ed9c D\u1ea7u Retrospec: Kho\u00e1\/m\u1edf h\u00e0nh tr\u00ecnh<\/li>\n<li>B\u1ed9 Groupset t\u1ed1c \u0111\u1ed9 <strong>Retrospec 8 C\u1ea5p<\/strong><\/li>\n<li>Tr\u1ecdng l\u01b0\u1ee3ng 21kg<\/li>\n<li>Tr\u1ecdng t\u1ea3i t\u1ed1i \u0111a 150kg<\/li>\n<\/ul>\n","protected":false},"featured_media":799,"comment_status":"open","ping_status":"closed","template":"","meta":{"site-sidebar-layout":"default","site-content-layout":"","ast-site-content-layout":"default","site-content-style":"default","site-sidebar-style":"default","ast-global-header-display":"","ast-banner-title-visibility":"","ast-main-header-display":"","ast-hfb-above-header-display":"","ast-hfb-below-header-display":"","ast-hfb-mobile-header-display":"","site-post-title":"","ast-breadcrumbs-content":"","ast-featured-img":"","footer-sml-layout":"","theme-transparent-header-meta":"default","adv-header-id-meta":"","stick-header-meta":"","header-above-stick-meta":"","header-main-stick-meta":"","header-below-stick-meta":"","astra-migrate-meta-layouts":"set","ast-page-background-enabled":"default","ast-page-background-meta":{"desktop":{"background-color":"var(--ast-global-color-4)","background-image":"","background-repeat":"repeat","background-position":"center center","background-size":"auto","background-attachment":"scroll","background-type":"","background-media":"","overlay-type":"","overlay-color":"","overlay-gradient":""},"tablet":{"background-color":"","background-image":"","background-repeat":"repeat","background-position":"center center","background-size":"auto","background-attachment":"scroll","background-type":"","background-media":"","overlay-type":"","overlay-color":"","overlay-gradient":""},"mobile":{"background-color":"","background-image":"","background-repeat":"repeat","background-position":"center center","background-size":"auto","background-attachment":"scroll","background-type":"","background-media":"","overlay-type":"","overlay-color":"","overlay-gradient":""}},"ast-content-background-meta":{"desktop":{"background-color":"var(--ast-global-color-5)","background-image":"","background-repeat":"repeat","background-position":"center center","background-size":"auto","background-attachment":"scroll","background-type":"","background-media":"","overlay-type":"","overlay-color":"","overlay-gradient":""},"tablet":{"background-color":"var(--ast-global-color-5)","background-image":"","background-repeat":"repeat","background-position":"center center","background-size":"auto","background-attachment":"scroll","background-type":"","background-media":"","overlay-type":"","overlay-color":"","overlay-gradient":""},"mobile":{"background-color":"var(--ast-global-color-5)","background-image":"","background-repeat":"repeat","background-position":"center center","background-size":"auto","background-attachment":"scroll","background-type":"","background-media":"","overlay-type":"","overlay-color":"","overlay-gradient":""}}},"product_cat":[25,16],"product_tag":[53],"class_list":{"0":"post-798","1":"product","2":"type-product","3":"status-publish","4":"has-post-thumbnail","6":"product_cat-twitter-dien-tro-luc","7":"product_cat-twitter-mtb","8":"product_tag-twitter-e300-pro-new","9":"desktop-align-left","10":"tablet-align-left","11":"mobile-align-left","13":"first","14":"instock","15":"sale","16":"shipping-taxable","17":"purchasable","18":"product-type-simple"},"jetpack_sharing_enabled":true,"_links":{"self":[{"href":"https:\/\/xedaptwitter.com.vn\/index.php?rest_route=\/wp\/v2\/product\/798","targetHints":{"allow":["GET"]}}],"collection":[{"href":"https:\/\/xedaptwitter.com.vn\/index.php?rest_route=\/wp\/v2\/product"}],"about":[{"href":"https:\/\/xedaptwitter.com.vn\/index.php?rest_route=\/wp\/v2\/types\/product"}],"replies":[{"embeddable":true,"href":"https:\/\/xedaptwitter.com.vn\/index.php?rest_route=%2Fwp%2Fv2%2Fcomments&post=798"}],"wp:featuredmedia":[{"embeddable":true,"href":"https:\/\/xedaptwitter.com.vn\/index.php?rest_route=\/wp\/v2\/media\/799"}],"wp:attachment":[{"href":"https:\/\/xedaptwitter.com.vn\/index.php?rest_route=%2Fwp%2Fv2%2Fmedia&parent=798"}],"wp:term":[{"taxonomy":"product_cat","embeddable":true,"href":"https:\/\/xedaptwitter.com.vn\/index.php?rest_route=%2Fwp%2Fv2%2Fproduct_cat&post=798"},{"taxonomy":"product_tag","embeddable":true,"href":"https:\/\/xedaptwitter.com.vn\/index.php?rest_route=%2Fwp%2Fv2%2Fproduct_tag&post=798"}],"curies":[{"name":"wp","href":"https:\/\/api.w.org\/{rel}","templated":true}]}}