{"id":751,"date":"2025-04-11T19:30:40","date_gmt":"2025-04-11T12:30:40","guid":{"rendered":"https:\/\/xedaptwitter.com.vn\/?post_type=product&#038;p=751"},"modified":"2026-02-03T09:17:49","modified_gmt":"2026-02-03T02:17:49","slug":"twitter-em-5-xe-dap-tro-luc","status":"publish","type":"product","link":"https:\/\/xedaptwitter.com.vn\/?product=twitter-em-5-xe-dap-tro-luc","title":{"rendered":"Xe \u0111\u1ea1p tr\u1ee3 l\u1ef1c tr\u1ee5c gi\u1eefa Twitter EM5 &#8211; BAFANG 560"},"content":{"rendered":"<h2><strong>TWITTER EM-5 \u2013 Chi\u1ebfc Tr\u1ee3 l\u1ef1c \u0111i\u1ec7n Mid-Drive cao c\u1ea5p.<\/strong><\/h2>\n<p>Xe \u0111\u1ea1p Twitter th\u01b0\u01a1ng hi\u1ec7u \u0111\u00e3 qu\u00e1 n\u1ed5i ti\u1ebfng v\u00e0 \u0111\u00e3 \u0111\u01b0\u1ee3c \u01b0a chu\u1ed9ng v\u1edbi ng\u01b0\u1eddi d\u00f9ng r\u1ed3i.<\/p>\n<p>B\u1ea1n l\u00e0 Biker ch\u01a1i l\u00e2u n\u0103m lu\u00f4n \u0111\u00f2i h\u1ecfi c\u1ea7n c\u00f3 1 chi\u1ebfc tr\u1ee3 \u0111i\u1ec7n cao c\u1ea5p v\u1edbi trang b\u1ecb c\u1ea5u h\u00ecnh cao c\u1ea5p cho tr\u1ea3i nghi\u1ec7m v\u01b0\u1ee3t tr\u1ee3i th\u00ec <strong>Twitter EM-5<\/strong> ch\u00ednh l\u00e0 chi\u1ebfc xe c\u00e1c anh \u0111ang c\u1ea7n t\u00ecm<\/p>\n<p><img loading=\"lazy\" decoding=\"async\" class=\"alignnone wp-image-753 size-large\" src=\"https:\/\/xedaptwitter.com.vn\/wp-content\/uploads\/2025\/04\/Twitter-EM5-2-2-e1768878000928-1024x830.jpeg\" alt=\"\" width=\"1024\" height=\"830\" \/><\/p>\n<h3><\/h3>\n<h3>V\u1edbi EM-5 Pro ch\u00fang ta s\u1ebd \u0111\u01b0\u1ee3c trang b\u1ecb nh\u1eefng g\u00ec?<\/h3>\n<p>Twitter <strong>EM-5 <\/strong>\u0111\u01b0\u1ee3c trang b\u1ecb c\u1ea5u h\u00ecnh kh\u00e1 kh\u1ee7ng m\u00e0 Gi\u00e1 c\u0169ng c\u0169ng t\u1ed1t nh\u1ea5t ph\u00e2n kh\u00fac.<\/p>\n<div class=\"nectar-highlighted-text\" data-style=\"full_text\" data-exp=\"default\" data-using-custom-color=\"false\" data-animation-delay=\"false\" data-color=\"\" data-color-gradient=\"\">\n<h3 id=\"mcetoc_1gd28fkc74\"><strong>\u0110\u1ed9ng c\u01a1 Mid-Drive Bafang 350W<\/strong><\/h3>\n<\/div>\n<div class=\"wpb_text_column wpb_content_element \">\n<div class=\"wpb_wrapper\">\n<p>M\u1ed9t chi\u1ebfc xe tr\u1ee3 l\u1ef1c \u0111i\u1ec7n cao c\u1ea5p thu\u1ed9c d\u00f2ng cao c\u1ea5p l\u00e0 ph\u1ea3i \u0111\u01b0\u1ee3c trang b\u1ecb \u0110\u1ed9ng c\u01a1 Mid-Drive. Nh\u01b0ng v\u1edbi EM-5, Twitter trang b\u1ecb lu\u00f4n cho EM-5 \u0111\u1ed9ng c\u01a1 <strong>Bafang M512 \u2013 350W<\/strong>.<\/p>\n<p>V\u1edbi Bafang l\u00e0 th\u01b0\u01a1ng hi\u1ec7u \u0110\u1ed9ng c\u01a1 xe \u0111\u1ea1p \u0111i\u1ec7n T\u1ed1p h\u00e0ng \u0111\u1ea7u tr\u00ean th\u1ebf gi\u1edbi.<\/p>\n<\/div>\n<\/div>\n<div class=\"xdj266r x11i5rnm xat24cr x1mh8g0r x1vvkbs x126k92a\">\n<div dir=\"auto\"><\/div>\n<div dir=\"auto\"><img loading=\"lazy\" decoding=\"async\" class=\"alignnone wp-image-756 size-large\" src=\"https:\/\/xedaptwitter.com.vn\/wp-content\/uploads\/2025\/04\/Twitter-EM5-5-1024x1024.jpeg\" alt=\"\" width=\"1024\" height=\"1024\" srcset=\"https:\/\/xedaptwitter.com.vn\/wp-content\/uploads\/2025\/04\/Twitter-EM5-5-1024x1024.jpeg 1024w, https:\/\/xedaptwitter.com.vn\/wp-content\/uploads\/2025\/04\/Twitter-EM5-5-300x300.jpeg 300w, https:\/\/xedaptwitter.com.vn\/wp-content\/uploads\/2025\/04\/Twitter-EM5-5-150x150.jpeg 150w, https:\/\/xedaptwitter.com.vn\/wp-content\/uploads\/2025\/04\/Twitter-EM5-5-768x768.jpeg 768w, https:\/\/xedaptwitter.com.vn\/wp-content\/uploads\/2025\/04\/Twitter-EM5-5-600x600.jpeg 600w, https:\/\/xedaptwitter.com.vn\/wp-content\/uploads\/2025\/04\/Twitter-EM5-5-100x100.jpeg 100w, https:\/\/xedaptwitter.com.vn\/wp-content\/uploads\/2025\/04\/Twitter-EM5-5.jpeg 1080w\" sizes=\"auto, (max-width: 1024px) 100vw, 1024px\" \/><\/div>\n<div dir=\"auto\">\n<p>V\u1edbi c\u00f4ng su\u1ea5t 350w (Peak 500w) c\u00f9ng B\u1ed9 \u0111i\u1ec1u khi\u1ec3n th\u00f4ng minh cao c\u1ea5p \u0111\u01b0\u1ee3c trang b\u1ecb k\u00e8m, <strong>EM-5<\/strong>\u00a0cho v\u1eadn t\u1ed1c \u0111i\u1ec7n c\u00f3 kh\u1ea3 n\u0103ng l\u00ean 45km\/h kh\u00e1 tho\u00e1i m\u00e1i.<\/p>\n<p>\u0110\u1ed9ng c\u01a1 Mid-Drive k\u1ebft h\u1ee3p v\u1edbi C\u1ea3m bi\u1ebfn Momen Xo\u1eafn (Tourque) mang l\u1ea1i c\u1ea3m gi\u1ea3m \u0111\u1ea1p v\u00f4 c\u00f9ng ch\u00e2n th\u1ef1c, kh\u00e1c bi\u1ec7t h\u1eb5n v\u1edbi c\u00e1c lo\u1ea1i c\u1ea3m bi\u1ebfn theo t\u1ed1c \u0111\u1ed9 v\u1edbi \u0111\u1ed9ng c\u01a1 b\u00e1nh sau.<\/p>\n<p>\u0110\u1ed1i v\u1edbi m\u1ed9t chi\u1ebfc xe tr\u1ee3 l\u1ef1c \u0111i\u1ec7n th\u00ec <em><strong>v\u1eadn t\u1ed1c 45km\/h<\/strong><\/em> l\u00e0 qu\u00e1 d\u01b0 d\u1ea3 v\u1ec1 t\u1ed1c \u0111\u1ed9, K\u1ebft h\u1ee3p c\u00f9ng v\u1edbi vi\u00ean Pin Litium 36V 20Ah c\u00f4ng su\u1ea5t c\u1ef1c kh\u1ecfe th\u00ec c\u00f3 th\u1ec3 \u0111i Ph\u01b0\u1ee3t c\u00e1c cung \u0111\u01b0\u1eddng xa v\u00e0 nhi\u1ec1u \u0111\u1ecba h\u00ecnh \u0111\u01b0\u1eddng x\u00e1 kh\u00e1c nhau h\u01a1n.<\/p>\n<\/div>\n<\/div>\n<div dir=\"auto\">\n<div dir=\"auto\">\n<div class=\"wpb_text_column wpb_content_element \">\n<div class=\"wpb_wrapper\">\n<p>V\u1edbi c\u00f4ng su\u1ea5t 350w (Peak 500w), K\u1ebft h\u1ee3p v\u1edbi B\u1ed9 \u0111i\u1ec1u khi\u1ec3n th\u00f4ng minh \u0111\u00e3 gi\u00fap <strong>E5 Pro<\/strong> cho v\u1eadn t\u1ed1c \u0111i\u1ec7n l\u00ean 45km\/h d\u1ec5 d\u00e0ng.<\/p>\n<p>\u0110\u1ed1i v\u1edbi m\u1ed9t chi\u1ebfc xe tr\u1ee3 l\u1ef1c \u0111i\u1ec7n th\u00ec <em><strong>v\u1eadn t\u1ed1c 45km\/h<\/strong><\/em> l\u00e0 qu\u00e1 d\u01b0 d\u1ea3 v\u1ec1 t\u1ed1c \u0111\u1ed9, K\u1ebft h\u1ee3p c\u00f9ng v\u1edbi vi\u00ean Pin Litium 36V 10Ah th\u00ec gi\u00fap b\u1ea1n \u0111i l\u1ea1i h\u00e0ng ng\u00e0y kh\u00e1 tho\u1ea3i m\u00e1i.<\/p>\n<div dir=\"auto\">\n<h3 id=\"mcetoc_1gd28fvit5\"><strong>Pin Lithium dung l\u01b0\u1ee3ng cao, c\u00f3 th\u1ec3 th\u00e1o r\u1eddi d\u1ec5 d\u00e0ng<\/strong><\/h3>\n<\/div>\n<div dir=\"auto\">Th\u01b0\u1eddng \u0111a ph\u1ea7n tr\u00ean th\u1ecb tr\u01b0\u1eddng, nh\u1eefng chi\u1ebfc xe tr\u1ee3 l\u1ef1c \u0111i\u1ec7n ph\u1ed5 bi\u1ebfn trang b\u1ecb vi\u00ean Pin Litium ch\u1ec9 10Ah. Nh\u01b0ng v\u1edbi <strong>EM-5 <\/strong>l\u1ea1i \u0111\u01b0\u1ee3c Twitter trang b\u1ecb vi\u00ean Pin dung l\u01b0\u1ee3ng l\u00ean \u0111\u1ebfn 20Ah, gi\u00fap tr\u1ee3 l\u1ef1c \u0111i\u1ec7n qu\u00e3ng \u0111\u01b0\u1eddng l\u00ean \u0111\u1ebfn 160Km cho 1 l\u1ea7n s\u1ea1c. V\u1edbi dung l\u01b0\u1ee3ng n\u00e0y, vi\u1ec7c \u0111i ph\u01b0\u1ee3t cho nh\u1eefng cung \u0111\u01b0\u1eddng xa l\u00e0 qu\u00e1 tho\u1ea3i m\u00e1i v\u1edbi EM-5 Pro.<\/div>\n<div dir=\"auto\"><img loading=\"lazy\" decoding=\"async\" class=\"alignnone wp-image-755 size-large\" src=\"https:\/\/xedaptwitter.com.vn\/wp-content\/uploads\/2025\/04\/Twitter-EM5-4-1024x1024.jpeg\" alt=\"\" width=\"1024\" height=\"1024\" srcset=\"https:\/\/xedaptwitter.com.vn\/wp-content\/uploads\/2025\/04\/Twitter-EM5-4-1024x1024.jpeg 1024w, https:\/\/xedaptwitter.com.vn\/wp-content\/uploads\/2025\/04\/Twitter-EM5-4-300x300.jpeg 300w, https:\/\/xedaptwitter.com.vn\/wp-content\/uploads\/2025\/04\/Twitter-EM5-4-150x150.jpeg 150w, https:\/\/xedaptwitter.com.vn\/wp-content\/uploads\/2025\/04\/Twitter-EM5-4-768x768.jpeg 768w, https:\/\/xedaptwitter.com.vn\/wp-content\/uploads\/2025\/04\/Twitter-EM5-4-600x600.jpeg 600w, https:\/\/xedaptwitter.com.vn\/wp-content\/uploads\/2025\/04\/Twitter-EM5-4-100x100.jpeg 100w, https:\/\/xedaptwitter.com.vn\/wp-content\/uploads\/2025\/04\/Twitter-EM5-4.jpeg 1080w\" sizes=\"auto, (max-width: 1024px) 100vw, 1024px\" \/><\/div>\n<div dir=\"auto\"><img loading=\"lazy\" decoding=\"async\" class=\"alignnone size-medium wp-image-760\" src=\"https:\/\/xedaptwitter.com.vn\/wp-content\/uploads\/2025\/04\/466869091_991455019690121_2599756118826420298_n-300x240.jpg\" alt=\"\" width=\"300\" height=\"240\" srcset=\"https:\/\/xedaptwitter.com.vn\/wp-content\/uploads\/2025\/04\/466869091_991455019690121_2599756118826420298_n-300x240.jpg 300w, https:\/\/xedaptwitter.com.vn\/wp-content\/uploads\/2025\/04\/466869091_991455019690121_2599756118826420298_n-600x480.jpg 600w, https:\/\/xedaptwitter.com.vn\/wp-content\/uploads\/2025\/04\/466869091_991455019690121_2599756118826420298_n.jpg 750w\" sizes=\"auto, (max-width: 300px) 100vw, 300px\" \/><\/div>\n<div dir=\"auto\">Pin c\u1ee7a EM-5 th\u00e1o r\u1eddi r\u1ea5t d\u1ec5 d\u00e0ng v\u00e0 nhanh ch\u00f3ng. \u0110\u1ed3ng th\u1eddi Pin Lithium-ion c\u1ee7a xe \u0111\u1ea1p \u0111i\u1ec7n Twitter c\u00f3 c\u00e1c ch\u1ee9c n\u0103ng b\u1ea3o v\u1ec7 qu\u00e1 t\u1ea3i, qu\u00e1 d\u00f2ng v\u00e0 ch\u1ed1ng \u0111o\u1ea3n m\u1ea1ch.<\/div>\n<\/div>\n<\/div>\n<div dir=\"auto\">\n<h3 id=\"mcetoc_1gd28fvit5\">B\u1ed9 Groupset cao c\u1ea5p Shimano Deore 12 c\u1ea5p<\/h3>\n<\/div>\n<div dir=\"auto\">Th\u00f4ng th\u01b0\u1eddng \u0111\u1ed1i v\u1edbi c\u00e1c d\u00f2ng MTB c\u01a1, ch\u1ec9 c\u00e1c dong cao c\u1ea5p tr\u1edf l\u00ean m\u1edbi \u0111\u01b0\u1ee3c trang b\u1ecb B\u1ed9 chuy\u1ec3n \u0111\u1ed9ng Shimano Deore M6100.<\/div>\n<div dir=\"auto\">V\u1edbi\u00a0<strong>EM-5 <\/strong>c\u0169ng \u0111\u01b0\u1ee3c Twitter trang b\u1ecb cho B\u1ed9 chuy\u1ec3n \u0111\u1ed9ng Groupset x\u1ecbn n\u00e0y th\u00ec c\u00e1c Biker tha h\u1ed3 tho\u1ea3 th\u00edch tung t\u0103ng tr\u00ean c\u00e1c cung \u0111\u01b0\u1eddng v\u1edbi s\u1ef1 chuy\u1ec3n \u0111\u1ed9ng ch\u00ednh x\u00e1c v\u00e0 m\u01b0\u1ee3t m\u00e0 c\u1ee7a Deore M6100<\/div>\n<\/div>\n<div dir=\"auto\">\n<div dir=\"auto\"><\/div>\n<div dir=\"auto\"><img loading=\"lazy\" decoding=\"async\" class=\"alignnone wp-image-757 size-large\" src=\"https:\/\/xedaptwitter.com.vn\/wp-content\/uploads\/2025\/04\/Twitter-EM5-6-1024x1024.png\" alt=\"\" width=\"1024\" height=\"1024\" srcset=\"https:\/\/xedaptwitter.com.vn\/wp-content\/uploads\/2025\/04\/Twitter-EM5-6-1024x1024.png 1024w, https:\/\/xedaptwitter.com.vn\/wp-content\/uploads\/2025\/04\/Twitter-EM5-6-300x300.png 300w, https:\/\/xedaptwitter.com.vn\/wp-content\/uploads\/2025\/04\/Twitter-EM5-6-150x150.png 150w, https:\/\/xedaptwitter.com.vn\/wp-content\/uploads\/2025\/04\/Twitter-EM5-6-768x768.png 768w, https:\/\/xedaptwitter.com.vn\/wp-content\/uploads\/2025\/04\/Twitter-EM5-6-600x600.png 600w, https:\/\/xedaptwitter.com.vn\/wp-content\/uploads\/2025\/04\/Twitter-EM5-6-100x100.png 100w, https:\/\/xedaptwitter.com.vn\/wp-content\/uploads\/2025\/04\/Twitter-EM5-6.png 1080w\" sizes=\"auto, (max-width: 1024px) 100vw, 1024px\" \/><\/div>\n<div dir=\"auto\"><\/div>\n<\/div>\n<\/div>\n<div dir=\"auto\">\n<div dir=\"auto\">\n<div dir=\"auto\">\n<h3 id=\"mcetoc_1gd28fvit5\">Phanh \u0111\u0129a thu\u1ef7 l\u1ef1c Shimano<\/h3>\n<\/div>\n<div dir=\"auto\"><strong>Twitter EM-5<\/strong> \u0111\u01b0\u1ee3c trang b\u1ecb Phanh D\u1ea7u Shimano MT200 ch\u1ea5t l\u01b0\u1ee3ng cao, \u0111\u00e3 gi\u00fap tr\u1ea3i nghi\u1ec7m \u0111\u1ea1p v\u1edbi EM-5 \u0111\u01b0\u1ee3c an to\u00e0n h\u01a1n h\u1eb5n tr\u00ean m\u1ecdi cung \u0111\u01b0\u1eddng v\u00e0 c\u00e1c lo\u1ea1i th\u1eddi ti\u1ebft ti\u1ebft kh\u00e1c nhau.<\/div>\n<\/div>\n<div dir=\"auto\"><\/div>\n<div dir=\"auto\"><img loading=\"lazy\" decoding=\"async\" class=\"alignnone wp-image-758 size-large\" src=\"https:\/\/xedaptwitter.com.vn\/wp-content\/uploads\/2025\/04\/Twitter-EM5-7-1024x1024.png\" alt=\"\" width=\"1024\" height=\"1024\" srcset=\"https:\/\/xedaptwitter.com.vn\/wp-content\/uploads\/2025\/04\/Twitter-EM5-7-1024x1024.png 1024w, https:\/\/xedaptwitter.com.vn\/wp-content\/uploads\/2025\/04\/Twitter-EM5-7-300x300.png 300w, https:\/\/xedaptwitter.com.vn\/wp-content\/uploads\/2025\/04\/Twitter-EM5-7-150x150.png 150w, https:\/\/xedaptwitter.com.vn\/wp-content\/uploads\/2025\/04\/Twitter-EM5-7-768x768.png 768w, https:\/\/xedaptwitter.com.vn\/wp-content\/uploads\/2025\/04\/Twitter-EM5-7-600x600.png 600w, https:\/\/xedaptwitter.com.vn\/wp-content\/uploads\/2025\/04\/Twitter-EM5-7-100x100.png 100w, https:\/\/xedaptwitter.com.vn\/wp-content\/uploads\/2025\/04\/Twitter-EM5-7.png 1080w\" sizes=\"auto, (max-width: 1024px) 100vw, 1024px\" \/><\/div>\n<div dir=\"auto\"><\/div>\n<div dir=\"auto\">\n<h3 id=\"mcetoc_1gd28fkc74\">Phu\u1ed9t H\u01a1i cao c\u1ea5p<\/h3>\n<p>M\u1ed9t chi\u1ebfc MTB th\u00ec kh\u00f4ng th\u1ec3 thi\u1ebfu Phu\u1ed9c gi\u1ea3m shock l\u00e0 \u0111i\u1ec1u hi\u1ec3n nhi\u00ean. Nh\u01b0ng v\u1edbi EM-5 \u0111\u00e3 \u0111\u01b0\u1ee3c Twitter trang b\u1ecb lu\u00f4n b\u1ed9 Phu\u1ed9t h\u01a1i (Air) cao c\u1ea5p. V\u1edbi b\u1ed9 Phu\u1ed9t nh\u00fang Air n\u00e0y th\u00ec \u0111\u1ea1p EM-5 kh\u00e1 l\u00e0 \u00eam \u00e1i d\u00f9 l\u00e0 cung \u0111\u01b0\u1eddng \u0111\u1ecba h\u00ecnh x\u1ea5u.<\/p>\n<p><img loading=\"lazy\" decoding=\"async\" class=\"alignnone wp-image-761 size-medium\" src=\"https:\/\/xedaptwitter.com.vn\/wp-content\/uploads\/2025\/04\/466614967_991454926356797_5996620343322982344_n-300x240.jpg\" alt=\"\" width=\"300\" height=\"240\" srcset=\"https:\/\/xedaptwitter.com.vn\/wp-content\/uploads\/2025\/04\/466614967_991454926356797_5996620343322982344_n-300x240.jpg 300w, https:\/\/xedaptwitter.com.vn\/wp-content\/uploads\/2025\/04\/466614967_991454926356797_5996620343322982344_n-600x480.jpg 600w, https:\/\/xedaptwitter.com.vn\/wp-content\/uploads\/2025\/04\/466614967_991454926356797_5996620343322982344_n.jpg 750w\" sizes=\"auto, (max-width: 300px) 100vw, 300px\" \/><img loading=\"lazy\" decoding=\"async\" class=\"alignnone wp-image-762 size-medium\" src=\"https:\/\/xedaptwitter.com.vn\/wp-content\/uploads\/2025\/04\/466898234_991455063023450_798995253501683038_n-300x240.jpg\" alt=\"\" width=\"300\" height=\"240\" srcset=\"https:\/\/xedaptwitter.com.vn\/wp-content\/uploads\/2025\/04\/466898234_991455063023450_798995253501683038_n-300x240.jpg 300w, https:\/\/xedaptwitter.com.vn\/wp-content\/uploads\/2025\/04\/466898234_991455063023450_798995253501683038_n-600x480.jpg 600w, https:\/\/xedaptwitter.com.vn\/wp-content\/uploads\/2025\/04\/466898234_991455063023450_798995253501683038_n.jpg 750w\" sizes=\"auto, (max-width: 300px) 100vw, 300px\" \/><\/p>\n<p><img loading=\"lazy\" decoding=\"async\" class=\"alignnone wp-image-759 size-large\" src=\"https:\/\/xedaptwitter.com.vn\/wp-content\/uploads\/2025\/04\/Twitter-EM5-8-1024x1024.png\" alt=\"\" width=\"1024\" height=\"1024\" srcset=\"https:\/\/xedaptwitter.com.vn\/wp-content\/uploads\/2025\/04\/Twitter-EM5-8-1024x1024.png 1024w, https:\/\/xedaptwitter.com.vn\/wp-content\/uploads\/2025\/04\/Twitter-EM5-8-300x300.png 300w, https:\/\/xedaptwitter.com.vn\/wp-content\/uploads\/2025\/04\/Twitter-EM5-8-150x150.png 150w, https:\/\/xedaptwitter.com.vn\/wp-content\/uploads\/2025\/04\/Twitter-EM5-8-768x768.png 768w, https:\/\/xedaptwitter.com.vn\/wp-content\/uploads\/2025\/04\/Twitter-EM5-8-600x600.png 600w, https:\/\/xedaptwitter.com.vn\/wp-content\/uploads\/2025\/04\/Twitter-EM5-8-100x100.png 100w, https:\/\/xedaptwitter.com.vn\/wp-content\/uploads\/2025\/04\/Twitter-EM5-8.png 1080w\" sizes=\"auto, (max-width: 1024px) 100vw, 1024px\" \/><\/p>\n<p>&nbsp;<\/p>\n<\/div>\n<p>Phu\u1ed9c cao c\u1ea5p v\u1edbi Van Kho\u00e1\/m\u1edf t\u00edch h\u1ee3p tr\u00ean Ghi-\u0111\u00f4ng kh\u00e1 thu\u1eadn thao t\u00e1c, \u0111i\u1ec1u ch\u1ec9nh v\u00e0 tinh ch\u1ec9nh tu\u1ef3 v\u00e0o t\u1eebng \u0111\u1ecba h\u00ecnh s\u1eed d\u1ee5ng<\/p>\n<p>\u0110\u00e2y l\u00e0 trang b\u1ecb kh\u00e1 n\u1ed5i tr\u1ed9i so v\u1edbi c\u00e1c chi\u1ebfc xe kh\u00e1c trong c\u00f9ng ph\u00e2n kh\u00fac do \u0111a s\u1ed1 ch\u1ec9 trang b\u1ecb Phu\u1ed9t l\u00f2 xo ho\u1eb7c phu\u1ed9c d\u1ea7u lo\u1ea1i ch\u1ea5t l\u01b0\u1ee3ng k\u00e9m h\u01a1n.<\/p>\n<\/div>\n<div class=\"xdj266r x11i5rnm xat24cr x1mh8g0r x1vvkbs x126k92a\">\n<h3 dir=\"auto\"><span id=\"Man_hinh_LCD_kich_thuoc_lon_hien_thi_sac_net_voi_anh_sang_manh\"><span class=\"x3nfvp2 x1j61x8r x1fcty0u xdj266r xhhsvwb xat24cr xgzva0m xxymvpz xlup9mm x1kky2od\"><img loading=\"lazy\" decoding=\"async\" class=\"xz74otr\" src=\"https:\/\/static.xx.fbcdn.net\/images\/emoji.php\/v9\/t69\/1\/16\/1f331.png\" alt=\"\ud83c\udf31\" width=\"16\" height=\"16\" \/><\/span> M\u00e0n h\u00ecnh hi\u1ec7n th\u1ecb s\u1eafc n\u00e9t v\u1edbi \u00e1nh s\u00e1ng m\u1ea1nh<\/span><\/h3>\n<p><img loading=\"lazy\" decoding=\"async\" class=\"alignnone wp-image-763 size-medium\" src=\"https:\/\/xedaptwitter.com.vn\/wp-content\/uploads\/2025\/04\/466509545_991455136356776_3528155889283349425_n-300x240.jpg\" alt=\"\" width=\"300\" height=\"240\" srcset=\"https:\/\/xedaptwitter.com.vn\/wp-content\/uploads\/2025\/04\/466509545_991455136356776_3528155889283349425_n-300x240.jpg 300w, https:\/\/xedaptwitter.com.vn\/wp-content\/uploads\/2025\/04\/466509545_991455136356776_3528155889283349425_n-600x480.jpg 600w, https:\/\/xedaptwitter.com.vn\/wp-content\/uploads\/2025\/04\/466509545_991455136356776_3528155889283349425_n.jpg 750w\" sizes=\"auto, (max-width: 300px) 100vw, 300px\" \/><img loading=\"lazy\" decoding=\"async\" class=\"alignnone wp-image-764 size-medium\" src=\"https:\/\/xedaptwitter.com.vn\/wp-content\/uploads\/2025\/04\/466599182_991455099690113_1993323372522215936_n-300x240.jpg\" alt=\"\" width=\"300\" height=\"240\" srcset=\"https:\/\/xedaptwitter.com.vn\/wp-content\/uploads\/2025\/04\/466599182_991455099690113_1993323372522215936_n-300x240.jpg 300w, https:\/\/xedaptwitter.com.vn\/wp-content\/uploads\/2025\/04\/466599182_991455099690113_1993323372522215936_n-600x480.jpg 600w, https:\/\/xedaptwitter.com.vn\/wp-content\/uploads\/2025\/04\/466599182_991455099690113_1993323372522215936_n.jpg 750w\" sizes=\"auto, (max-width: 300px) 100vw, 300px\" \/><img loading=\"lazy\" decoding=\"async\" class=\"alignnone wp-image-766 size-medium\" src=\"https:\/\/xedaptwitter.com.vn\/wp-content\/uploads\/2025\/04\/466597221_991455133023443_2810267643502543075_n-300x240.jpg\" alt=\"\" width=\"300\" height=\"240\" srcset=\"https:\/\/xedaptwitter.com.vn\/wp-content\/uploads\/2025\/04\/466597221_991455133023443_2810267643502543075_n-300x240.jpg 300w, https:\/\/xedaptwitter.com.vn\/wp-content\/uploads\/2025\/04\/466597221_991455133023443_2810267643502543075_n-600x480.jpg 600w, https:\/\/xedaptwitter.com.vn\/wp-content\/uploads\/2025\/04\/466597221_991455133023443_2810267643502543075_n.jpg 750w\" sizes=\"auto, (max-width: 300px) 100vw, 300px\" \/><\/p>\n<\/div>\n<div class=\"x11i5rnm xat24cr x1mh8g0r x1vvkbs xtlvy1s x126k92a\"><\/div>\n<p>M\u00e0n h\u00ecnh LCD \u0111\u01b0\u1ee3c g\u1eafn \u00e2m trong s\u01b0\u1eddn v\u1eeba tinh t\u1ec1 v\u00e0 hi\u1ec7n \u0111\u1ea1i, hi\u1ec7n th\u1ecb r\u00f5 n\u00e9t v\u1edbi \u00e1nh s\u00e1ng m\u1ea1nh ngo\u00e0i tr\u1eddi<\/p>\n<p>N\u00fat \u0111i\u1ec1u khi\u1ec3n \u0111\u01b0\u1ee3c b\u1ed1 tr\u00ed c\u1ea1nh tay n\u1eafm tr\u00e1i cho ng\u01b0\u1eddi d\u00f9ng d\u1ec5 thao t\u00e1c trong qu\u00e1 tr\u00ecnh v\u1eadn h\u00e0nh xe.<\/p>\n<p>K\u1ebft h\u1ee3p c\u00f9ng Ghi-\u0111\u00f4ng d\u00e0i, cho tr\u1ea3i nghi\u1ec7m l\u00e1i EM-5 kh\u00e1 tho\u00e1i m\u00e1i d\u00f9 \u0111\u1ea1p trong 1 qu\u00e3ng \u0111\u01b0\u1eddng d\u00e0i.<\/p>\n<p>Th\u00f4ng s\u1ed1 k\u1ef9 thu\u1eadt:<\/p>\n<ul>\n<li>Khung xe nh\u00f4m h\u1ee3p kim 7005<\/li>\n<li>B\u00e1nh xe: 29 x 2.25 inch<\/li>\n<li>Tr\u1ecdng l\u01b0\u1ee3ng: 21 kg<\/li>\n<\/ul>\n<p><img loading=\"lazy\" decoding=\"async\" class=\"alignnone wp-image-752 size-large\" src=\"https:\/\/xedaptwitter.com.vn\/wp-content\/uploads\/2025\/04\/Twitter-EM5-2-e1768878019549-1024x834.jpeg\" alt=\"\" width=\"1024\" height=\"834\" srcset=\"https:\/\/xedaptwitter.com.vn\/wp-content\/uploads\/2025\/04\/Twitter-EM5-2-e1768878019549-1024x834.jpeg 1024w, https:\/\/xedaptwitter.com.vn\/wp-content\/uploads\/2025\/04\/Twitter-EM5-2-e1768878019549-300x244.jpeg 300w, https:\/\/xedaptwitter.com.vn\/wp-content\/uploads\/2025\/04\/Twitter-EM5-2-e1768878019549-768x626.jpeg 768w, https:\/\/xedaptwitter.com.vn\/wp-content\/uploads\/2025\/04\/Twitter-EM5-2-e1768878019549-600x489.jpeg 600w, https:\/\/xedaptwitter.com.vn\/wp-content\/uploads\/2025\/04\/Twitter-EM5-2-e1768878019549.jpeg 1080w\" sizes=\"auto, (max-width: 1024px) 100vw, 1024px\" \/><\/p>\n<p>T\u1ed5ng th\u1ec3 trong ph\u00e2n kh\u00fac e.MTB Mid-Drive v\u1edbi nh\u1eefng trang b\u1ecb kh\u1ee7ng c\u1ee7a <strong>EM-5<\/strong> c\u00f9ng v\u1edbi ch\u1ea5t l\u01b0\u1ee3ng ho\u00e0n thi\u1ec7n c\u1ee7a nh\u00e0 Twitter v\u1edbi m\u1ee9c gi\u00e1 v\u00f4 c\u00f9ng c\u1ea1nh tranh th\u00ec r\u00f5 r\u00e0ng <strong>Twitter EM-5<\/strong> n\u1ed5i tr\u1ed5i h\u01a1n h\u1eb5n c\u00e1c \u0111\u1ed1i th\u1ee7 trong c\u00f9ng ph\u00e2n kh\u00fac.<\/p>\n<p>H\u00e3y li\u00ean h\u1ec7 v\u1edbi Twitter S\u00e0i G\u00f2n \u0111\u1ec3 lu\u00f4n c\u00f3 m\u1ee9c gi\u00e1 v\u00e0 khuy\u1ebfn m\u00e3i t\u1ed1t nh\u1ea5t cho Twitter EM-5<\/p>\n<p>Hotline t\u01b0 v\u1ea5n: <strong>0916.504.228<\/strong><\/p>\n","protected":false},"excerpt":{"rendered":"<p><strong>Twitter EM-5 \u2013 Chi\u1ebfc tr\u1ee3 l\u1ef1c \u0111i\u1ec7n Mid-Drive v\u1edbi c\u1ea5u h\u00ecnh kh\u1ee7ng<\/strong><\/p>\n<ul>\n<li>Khung H\u1ee3p Kim Nh\u00f4m <strong>A7005<\/strong>: Kh\u00f4ng m\u1ed1i h\u00e0n<\/li>\n<li>\u0110\u1ed9ng c\u01a1 <strong>Mid-Drive Bafang<\/strong> 350W (Peak 500w) cho <strong>v\u1eadn t\u1ed1c \u0111i\u1ec7n 45km\/h<\/strong><\/li>\n<li>Pin Lithium <strong>36V 20Ah<\/strong>: Tr\u1ee3 l\u1ef1c \u0111i\u1ec7n <strong>qu\u00e3ng \u0111\u01b0\u1eddng l\u00ean \u0111\u1ebfn 160km<\/strong><\/li>\n<li><strong>Phanh thu\u1ef7 l\u1ef1c (d\u1ea7u) Shimano MT200<\/strong><\/li>\n<li><strong>Phu\u1ed9c H\u01a1i<\/strong> cao c\u1ea5p Twitter: kho\u00e1\/m\u1edf h\u00e0nh tr\u00ecnh tr\u00ean Ghi-\u0111\u00f4ng<\/li>\n<li>B\u1ed9 Groupset <strong>Shimano Deore M6100<\/strong>: 12<strong>\u00a0C\u1ea5p<\/strong><\/li>\n<li>L\u1ed1p 29 x 2.0 \u0111\u1ea1p si\u00eau l\u01b0\u1edbt.<\/li>\n<li>Tr\u1ecdng l\u01b0\u1ee3ng 21kg<\/li>\n<li>Tr\u1ecdng t\u1ea3i t\u1ed1i \u0111a 150kg<\/li>\n<\/ul>\n","protected":false},"featured_media":753,"comment_status":"open","ping_status":"closed","template":"","meta":{"site-sidebar-layout":"default","site-content-layout":"","ast-site-content-layout":"default","site-content-style":"default","site-sidebar-style":"default","ast-global-header-display":"","ast-banner-title-visibility":"","ast-main-header-display":"","ast-hfb-above-header-display":"","ast-hfb-below-header-display":"","ast-hfb-mobile-header-display":"","site-post-title":"","ast-breadcrumbs-content":"","ast-featured-img":"","footer-sml-layout":"","theme-transparent-header-meta":"default","adv-header-id-meta":"","stick-header-meta":"","header-above-stick-meta":"","header-main-stick-meta":"","header-below-stick-meta":"","astra-migrate-meta-layouts":"set","ast-page-background-enabled":"default","ast-page-background-meta":{"desktop":{"background-color":"var(--ast-global-color-4)","background-image":"","background-repeat":"repeat","background-position":"center center","background-size":"auto","background-attachment":"scroll","background-type":"","background-media":"","overlay-type":"","overlay-color":"","overlay-gradient":""},"tablet":{"background-color":"","background-image":"","background-repeat":"repeat","background-position":"center center","background-size":"auto","background-attachment":"scroll","background-type":"","background-media":"","overlay-type":"","overlay-color":"","overlay-gradient":""},"mobile":{"background-color":"","background-image":"","background-repeat":"repeat","background-position":"center center","background-size":"auto","background-attachment":"scroll","background-type":"","background-media":"","overlay-type":"","overlay-color":"","overlay-gradient":""}},"ast-content-background-meta":{"desktop":{"background-color":"var(--ast-global-color-5)","background-image":"","background-repeat":"repeat","background-position":"center center","background-size":"auto","background-attachment":"scroll","background-type":"","background-media":"","overlay-type":"","overlay-color":"","overlay-gradient":""},"tablet":{"background-color":"var(--ast-global-color-5)","background-image":"","background-repeat":"repeat","background-position":"center center","background-size":"auto","background-attachment":"scroll","background-type":"","background-media":"","overlay-type":"","overlay-color":"","overlay-gradient":""},"mobile":{"background-color":"var(--ast-global-color-5)","background-image":"","background-repeat":"repeat","background-position":"center center","background-size":"auto","background-attachment":"scroll","background-type":"","background-media":"","overlay-type":"","overlay-color":"","overlay-gradient":""}}},"product_cat":[25,16],"product_tag":[60],"class_list":{"0":"post-751","1":"product","2":"type-product","3":"status-publish","4":"has-post-thumbnail","6":"product_cat-twitter-dien-tro-luc","7":"product_cat-twitter-mtb","8":"product_tag-twitter-em5","9":"desktop-align-left","10":"tablet-align-left","11":"mobile-align-left","13":"first","14":"instock","15":"sale","16":"shipping-taxable","17":"purchasable","18":"product-type-simple"},"jetpack_sharing_enabled":true,"_links":{"self":[{"href":"https:\/\/xedaptwitter.com.vn\/index.php?rest_route=\/wp\/v2\/product\/751","targetHints":{"allow":["GET"]}}],"collection":[{"href":"https:\/\/xedaptwitter.com.vn\/index.php?rest_route=\/wp\/v2\/product"}],"about":[{"href":"https:\/\/xedaptwitter.com.vn\/index.php?rest_route=\/wp\/v2\/types\/product"}],"replies":[{"embeddable":true,"href":"https:\/\/xedaptwitter.com.vn\/index.php?rest_route=%2Fwp%2Fv2%2Fcomments&post=751"}],"wp:featuredmedia":[{"embeddable":true,"href":"https:\/\/xedaptwitter.com.vn\/index.php?rest_route=\/wp\/v2\/media\/753"}],"wp:attachment":[{"href":"https:\/\/xedaptwitter.com.vn\/index.php?rest_route=%2Fwp%2Fv2%2Fmedia&parent=751"}],"wp:term":[{"taxonomy":"product_cat","embeddable":true,"href":"https:\/\/xedaptwitter.com.vn\/index.php?rest_route=%2Fwp%2Fv2%2Fproduct_cat&post=751"},{"taxonomy":"product_tag","embeddable":true,"href":"https:\/\/xedaptwitter.com.vn\/index.php?rest_route=%2Fwp%2Fv2%2Fproduct_tag&post=751"}],"curies":[{"name":"wp","href":"https:\/\/api.w.org\/{rel}","templated":true}]}}