{"id":655,"date":"2024-11-28T20:31:04","date_gmt":"2024-11-28T13:31:04","guid":{"rendered":"https:\/\/xedaptwitter.com.vn\/?post_type=product&#038;p=655"},"modified":"2026-03-16T12:50:45","modified_gmt":"2026-03-16T05:50:45","slug":"xe-dap-dua-twitter-stealth-pro","status":"publish","type":"product","link":"https:\/\/xedaptwitter.com.vn\/?product=xe-dap-dua-twitter-stealth-pro","title":{"rendered":"Xe \u0111\u1ea1p Road Twitter Stealth Pro"},"content":{"rendered":"<h1>Twitter Stealth Pro: Xe \u0110\u1ea1p \u0110ua Carbon c\u00f3 c\u1ea5u h\u00ecnh cao m\u00e0 gi\u00e1 r\u1ea5t d\u1ec5 ti\u1ebfp c\u1eadn<\/h1>\n<p>Twitter Stealth \u0111\u00e3 qu\u00e1 quen thu\u1ed9c v\u1edbi c\u00e1c t\u00edn \u0111\u1ed3 th\u00edch xe \u0111\u1ea1p Road trong th\u1eddi gian qua.<\/p>\n<p>V\u1edbi khung s\u01b0\u1eddn Carbon nh\u1eb9 nh\u00e0ng, thi\u1ebft k\u1ebf kh\u00ed \u0111\u1ed9ng h\u1ecdc v\u00e0 b\u1ed9 groupset cao c\u1ea5p, Twitter Stealth Pro \u0111\u00e3 mang \u0111\u1ebfn tr\u1ea3i nghi\u1ec7m \u0111\u1ea1p xe tuy\u1ec7t v\u1eddi cho ng\u01b0\u1eddi d\u00f9ng.<\/p>\n<p>H\u00e3y c\u00f9ng kh\u00e1m ph\u00e1 nh\u1eefng \u0111i\u1ec3m M\u1edbi c\u1ee7a Twitter Stealth Pro v\u00e0 l\u00fd do t\u1ea1i sao n\u00f3 l\u00e0 tr\u1edf th\u00e0nh m\u1eabu xe \u0111\u01b0\u1ee3c s\u0103n \u0111\u00f3n h\u00e0ng \u0111\u1ea7u c\u1ee7a d\u00f2ng xe \u0111\u1ea1p \u0111ua Twitter Carbon.<\/p>\n<p><img loading=\"lazy\" decoding=\"async\" class=\"alignnone wp-image-656 size-large\" src=\"https:\/\/xedaptwitter.com.vn\/wp-content\/uploads\/2024\/11\/Twitter-Stealth-Pro-2-1024x1024.jpg\" alt=\"\" width=\"1024\" height=\"1024\" srcset=\"https:\/\/xedaptwitter.com.vn\/wp-content\/uploads\/2024\/11\/Twitter-Stealth-Pro-2-1024x1024.jpg 1024w, https:\/\/xedaptwitter.com.vn\/wp-content\/uploads\/2024\/11\/Twitter-Stealth-Pro-2-300x300.jpg 300w, https:\/\/xedaptwitter.com.vn\/wp-content\/uploads\/2024\/11\/Twitter-Stealth-Pro-2-150x150.jpg 150w, https:\/\/xedaptwitter.com.vn\/wp-content\/uploads\/2024\/11\/Twitter-Stealth-Pro-2-768x768.jpg 768w, https:\/\/xedaptwitter.com.vn\/wp-content\/uploads\/2024\/11\/Twitter-Stealth-Pro-2-1536x1536.jpg 1536w, https:\/\/xedaptwitter.com.vn\/wp-content\/uploads\/2024\/11\/Twitter-Stealth-Pro-2-600x600.jpg 600w, https:\/\/xedaptwitter.com.vn\/wp-content\/uploads\/2024\/11\/Twitter-Stealth-Pro-2-100x100.jpg 100w, https:\/\/xedaptwitter.com.vn\/wp-content\/uploads\/2024\/11\/Twitter-Stealth-Pro-2.jpg 1923w\" sizes=\"auto, (max-width: 1024px) 100vw, 1024px\" \/><\/p>\n<h2>Thi\u1ebft K\u1ebf T\u1ed1i \u01afu Cho Hi\u1ec7u Su\u1ea5t T\u1ed1i \u0110a<\/h2>\n<h3>Khung S\u01b0\u1eddn Carbon Fiber<\/h3>\n<p>Khung s\u01b0\u1eddn carbon fiber c\u1ee7a Twitter Stealth Pro l\u00e0 m\u1ed9t trong nh\u1eefng \u0111i\u1ec3m n\u1ed5i b\u1eadt nh\u1ea5t c\u1ee7a m\u1eabu xe n\u00e0y. Nh\u1edd v\u00e0o ch\u1ea5t li\u1ec7u carbon si\u00eau nh\u1eb9, khung s\u01b0\u1eddn gi\u00fap gi\u1ea3m tr\u1ecdng l\u01b0\u1ee3ng t\u1ed5ng th\u1ec3 c\u1ee7a xe xu\u1ed1ng ch\u1ec9 c\u00f2n 8.8 kg.<\/p>\n<p>Kh\u00f4ng ch\u1ec9 nh\u1eb9 nh\u00e0ng, khung carbon c\u00f2n mang l\u1ea1i \u0111\u1ed9 c\u1ee9ng c\u00e1p v\u00e0 kh\u1ea3 n\u0103ng ch\u1ecbu l\u1ef1c t\u1ed1t, gi\u00fap xe \u1ed5n \u0111\u1ecbnh h\u01a1n khi di chuy\u1ec3n \u1edf t\u1ed1c \u0111\u1ed9 cao.<\/p>\n<p><img loading=\"lazy\" decoding=\"async\" class=\"alignnone wp-image-560 size-large\" src=\"https:\/\/xedaptwitter.com.vn\/wp-content\/uploads\/2024\/07\/Twitter-R12-p2-715x1024.jpg\" alt=\"\" width=\"715\" height=\"1024\" srcset=\"https:\/\/xedaptwitter.com.vn\/wp-content\/uploads\/2024\/07\/Twitter-R12-p2-715x1024.jpg 715w, https:\/\/xedaptwitter.com.vn\/wp-content\/uploads\/2024\/07\/Twitter-R12-p2-210x300.jpg 210w, https:\/\/xedaptwitter.com.vn\/wp-content\/uploads\/2024\/07\/Twitter-R12-p2-768x1100.jpg 768w, https:\/\/xedaptwitter.com.vn\/wp-content\/uploads\/2024\/07\/Twitter-R12-p2-600x859.jpg 600w, https:\/\/xedaptwitter.com.vn\/wp-content\/uploads\/2024\/07\/Twitter-R12-p2.jpg 894w\" sizes=\"auto, (max-width: 715px) 100vw, 715px\" \/><\/p>\n<h3>Ghi-\u0111\u00f4ng v\u00e0 P\u00f4-t\u0103ng Nh\u00f4m Nguy\u00ean Kh\u1ed1i<\/h3>\n<p>Ghi-\u0111\u00f4ng v\u00e0 p\u00f4-t\u0103ng nh\u00f4m nguy\u00ean kh\u1ed1i c\u1ee7a Twitter Stealth Pro \u0111\u01b0\u1ee3c thi\u1ebft k\u1ebf li\u1ec1n m\u1ea1ch, t\u1ea1o n\u00ean v\u1ebb ngo\u00e0i m\u1ea1nh m\u1ebd v\u00e0 sang tr\u1ecdng. Ch\u1ea5t li\u1ec7u nh\u00f4m kh\u00f4ng ch\u1ec9 b\u1ec1n b\u1ec9 m\u00e0 c\u00f2n gi\u00fap gi\u1ea3m tr\u1ecdng l\u01b0\u1ee3ng c\u1ee7a xe, mang l\u1ea1i tr\u1ea3i nghi\u1ec7m l\u00e1i nh\u1eb9 nh\u00e0ng v\u00e0 linh ho\u1ea1t.<\/p>\n<p><img loading=\"lazy\" decoding=\"async\" class=\"alignnone wp-image-644 size-large\" src=\"https:\/\/xedaptwitter.com.vn\/wp-content\/uploads\/2024\/07\/Twitter-R12-2-Large-1018x1024.jpeg\" alt=\"\" width=\"1018\" height=\"1024\" srcset=\"https:\/\/xedaptwitter.com.vn\/wp-content\/uploads\/2024\/07\/Twitter-R12-2-Large-1018x1024.jpeg 1018w, https:\/\/xedaptwitter.com.vn\/wp-content\/uploads\/2024\/07\/Twitter-R12-2-Large-298x300.jpeg 298w, https:\/\/xedaptwitter.com.vn\/wp-content\/uploads\/2024\/07\/Twitter-R12-2-Large-150x150.jpeg 150w, https:\/\/xedaptwitter.com.vn\/wp-content\/uploads\/2024\/07\/Twitter-R12-2-Large-768x773.jpeg 768w, https:\/\/xedaptwitter.com.vn\/wp-content\/uploads\/2024\/07\/Twitter-R12-2-Large-600x604.jpeg 600w, https:\/\/xedaptwitter.com.vn\/wp-content\/uploads\/2024\/07\/Twitter-R12-2-Large-100x100.jpeg 100w, https:\/\/xedaptwitter.com.vn\/wp-content\/uploads\/2024\/07\/Twitter-R12-2-Large.jpeg 1272w\" sizes=\"auto, (max-width: 1018px) 100vw, 1018px\" \/><\/p>\n<h3>C\u1ecdc Y\u00ean Carbon<\/h3>\n<p>C\u1ecdc y\u00ean carbon gi\u00fap gi\u1ea3m tr\u1ecdng l\u01b0\u1ee3ng t\u1ed5ng th\u1ec3 c\u1ee7a xe, \u0111\u1ed3ng th\u1eddi mang l\u1ea1i s\u1ef1 tho\u1ea3i m\u00e1i t\u1ed1i \u0111a cho ng\u01b0\u1eddi s\u1eed d\u1ee5ng. V\u1edbi thi\u1ebft k\u1ebf ergonomic, c\u1ecdc y\u00ean h\u1ed7 tr\u1ee3 ng\u01b0\u1eddi l\u00e1i trong su\u1ed1t h\u00e0nh tr\u00ecnh d\u00e0i, gi\u1ea3m thi\u1ec3u m\u1ec7t m\u1ecfi v\u00e0 c\u0103ng th\u1eb3ng.<\/p>\n<p><img loading=\"lazy\" decoding=\"async\" class=\"alignnone size-large wp-image-556\" src=\"https:\/\/xedaptwitter.com.vn\/wp-content\/uploads\/2024\/07\/Twitter-R12-yen-1024x574.jpg\" alt=\"\" width=\"1024\" height=\"574\" srcset=\"https:\/\/xedaptwitter.com.vn\/wp-content\/uploads\/2024\/07\/Twitter-R12-yen-1024x574.jpg 1024w, https:\/\/xedaptwitter.com.vn\/wp-content\/uploads\/2024\/07\/Twitter-R12-yen-300x168.jpg 300w, https:\/\/xedaptwitter.com.vn\/wp-content\/uploads\/2024\/07\/Twitter-R12-yen-768x431.jpg 768w, https:\/\/xedaptwitter.com.vn\/wp-content\/uploads\/2024\/07\/Twitter-R12-yen-1536x862.jpg 1536w, https:\/\/xedaptwitter.com.vn\/wp-content\/uploads\/2024\/07\/Twitter-R12-yen-600x337.jpg 600w, https:\/\/xedaptwitter.com.vn\/wp-content\/uploads\/2024\/07\/Twitter-R12-yen.jpg 2000w\" sizes=\"auto, (max-width: 1024px) 100vw, 1024px\" \/><\/p>\n<h2>Hi\u1ec7u Su\u1ea5t V\u01b0\u1ee3t Tr\u1ed9i<\/h2>\n<h3>B\u1ed9 Groupset Retrospec: 22 C\u1ea5p<\/h3>\n<p>Twitter Stealth Pro \u0111\u01b0\u1ee3c trang b\u1ecb b\u1ed9 groupset Retrospec v\u1edbi 22 c\u1ea5p \u0111\u1ed9, bao g\u1ed3m SENSAH HRD6900-R2*11S v\u00e0 tay \u0111\u1ec1 l\u1eafc Retrospec. H\u1ec7 th\u1ed1ng n\u00e0y cho ph\u00e9p chuy\u1ec3n s\u1ed1 m\u01b0\u1ee3t m\u00e0 v\u00e0 ch\u00ednh x\u00e1c, gi\u00fap b\u1ea1n d\u1ec5 d\u00e0ng \u0111i\u1ec1u ch\u1ec9nh t\u1ed1c \u0111\u1ed9 v\u00e0 \u0111\u00e1p \u1ee9ng m\u1ecdi \u0111i\u1ec1u ki\u1ec7n \u0111\u1ecba h\u00ecnh.<\/p>\n<p><img loading=\"lazy\" decoding=\"async\" class=\"alignnone wp-image-657 size-large\" src=\"https:\/\/xedaptwitter.com.vn\/wp-content\/uploads\/2024\/11\/Twitter-Stealth-Pro-3-1024x1024.jpg\" alt=\"\" width=\"1024\" height=\"1024\" srcset=\"https:\/\/xedaptwitter.com.vn\/wp-content\/uploads\/2024\/11\/Twitter-Stealth-Pro-3-1024x1024.jpg 1024w, https:\/\/xedaptwitter.com.vn\/wp-content\/uploads\/2024\/11\/Twitter-Stealth-Pro-3-300x300.jpg 300w, https:\/\/xedaptwitter.com.vn\/wp-content\/uploads\/2024\/11\/Twitter-Stealth-Pro-3-150x150.jpg 150w, https:\/\/xedaptwitter.com.vn\/wp-content\/uploads\/2024\/11\/Twitter-Stealth-Pro-3-768x768.jpg 768w, https:\/\/xedaptwitter.com.vn\/wp-content\/uploads\/2024\/11\/Twitter-Stealth-Pro-3-600x600.jpg 600w, https:\/\/xedaptwitter.com.vn\/wp-content\/uploads\/2024\/11\/Twitter-Stealth-Pro-3-100x100.jpg 100w, https:\/\/xedaptwitter.com.vn\/wp-content\/uploads\/2024\/11\/Twitter-Stealth-Pro-3.jpg 1535w\" sizes=\"auto, (max-width: 1024px) 100vw, 1024px\" \/> <img loading=\"lazy\" decoding=\"async\" class=\"alignnone wp-image-660 size-medium\" src=\"https:\/\/xedaptwitter.com.vn\/wp-content\/uploads\/2024\/11\/462596640_961502986018658_8417316553061467391_n-300x240.jpg\" alt=\"\" width=\"300\" height=\"240\" srcset=\"https:\/\/xedaptwitter.com.vn\/wp-content\/uploads\/2024\/11\/462596640_961502986018658_8417316553061467391_n-300x240.jpg 300w, https:\/\/xedaptwitter.com.vn\/wp-content\/uploads\/2024\/11\/462596640_961502986018658_8417316553061467391_n-600x480.jpg 600w, https:\/\/xedaptwitter.com.vn\/wp-content\/uploads\/2024\/11\/462596640_961502986018658_8417316553061467391_n.jpg 750w\" sizes=\"auto, (max-width: 300px) 100vw, 300px\" \/> <img loading=\"lazy\" decoding=\"async\" class=\"alignnone wp-image-661 size-medium\" src=\"https:\/\/xedaptwitter.com.vn\/wp-content\/uploads\/2024\/11\/462494187_961503382685285_2410743142168287203_n-300x240.jpg\" alt=\"\" width=\"300\" height=\"240\" srcset=\"https:\/\/xedaptwitter.com.vn\/wp-content\/uploads\/2024\/11\/462494187_961503382685285_2410743142168287203_n-300x240.jpg 300w, https:\/\/xedaptwitter.com.vn\/wp-content\/uploads\/2024\/11\/462494187_961503382685285_2410743142168287203_n-600x480.jpg 600w, https:\/\/xedaptwitter.com.vn\/wp-content\/uploads\/2024\/11\/462494187_961503382685285_2410743142168287203_n.jpg 750w\" sizes=\"auto, (max-width: 300px) 100vw, 300px\" \/><\/p>\n<h3>Phanh \u0110\u0129a D\u1ea7u Retrospec<\/h3>\n<p>H\u1ec7 th\u1ed1ng phanh \u0111\u0129a D\u1ea7u Retrospec c\u1ee7a Twitter Stealth Pro \u0111\u1ea3m b\u1ea3o an to\u00e0n tuy\u1ec7t \u0111\u1ed1i khi di chuy\u1ec3n. Phanh \u0111\u0129a th\u1ee7y l\u1ef1c cung c\u1ea5p l\u1ef1c phanh m\u1ea1nh m\u1ebd v\u00e0 \u1ed5n \u0111\u1ecbnh, gi\u00fap b\u1ea1n ki\u1ec3m so\u00e1t t\u1ed1c \u0111\u1ed9 t\u1ed1t h\u01a1n, \u0111\u1eb7c bi\u1ec7t tr\u00ean nh\u1eefng \u0111o\u1ea1n \u0111\u01b0\u1eddng d\u1ed1c ho\u1eb7c trong \u0111i\u1ec1u ki\u1ec7n th\u1eddi ti\u1ebft kh\u00f4ng thu\u1eadn l\u1ee3i.<\/p>\n<p><img loading=\"lazy\" decoding=\"async\" class=\"alignnone wp-image-662 size-medium\" src=\"https:\/\/xedaptwitter.com.vn\/wp-content\/uploads\/2024\/11\/468615448_592650726570383_2207765050123242732_n-300x225.jpg\" alt=\"\" width=\"300\" height=\"225\" srcset=\"https:\/\/xedaptwitter.com.vn\/wp-content\/uploads\/2024\/11\/468615448_592650726570383_2207765050123242732_n-300x225.jpg 300w, https:\/\/xedaptwitter.com.vn\/wp-content\/uploads\/2024\/11\/468615448_592650726570383_2207765050123242732_n-1024x768.jpg 1024w, https:\/\/xedaptwitter.com.vn\/wp-content\/uploads\/2024\/11\/468615448_592650726570383_2207765050123242732_n-768x576.jpg 768w, https:\/\/xedaptwitter.com.vn\/wp-content\/uploads\/2024\/11\/468615448_592650726570383_2207765050123242732_n-1536x1152.jpg 1536w, https:\/\/xedaptwitter.com.vn\/wp-content\/uploads\/2024\/11\/468615448_592650726570383_2207765050123242732_n-600x450.jpg 600w, https:\/\/xedaptwitter.com.vn\/wp-content\/uploads\/2024\/11\/468615448_592650726570383_2207765050123242732_n.jpg 2048w\" sizes=\"auto, (max-width: 300px) 100vw, 300px\" \/> <img loading=\"lazy\" decoding=\"async\" class=\"alignnone wp-image-663 size-medium\" src=\"https:\/\/xedaptwitter.com.vn\/wp-content\/uploads\/2024\/11\/468524351_592650639903725_7498920788427899421_n-300x225.jpg\" alt=\"\" width=\"300\" height=\"225\" srcset=\"https:\/\/xedaptwitter.com.vn\/wp-content\/uploads\/2024\/11\/468524351_592650639903725_7498920788427899421_n-300x225.jpg 300w, https:\/\/xedaptwitter.com.vn\/wp-content\/uploads\/2024\/11\/468524351_592650639903725_7498920788427899421_n-1024x768.jpg 1024w, https:\/\/xedaptwitter.com.vn\/wp-content\/uploads\/2024\/11\/468524351_592650639903725_7498920788427899421_n-768x576.jpg 768w, https:\/\/xedaptwitter.com.vn\/wp-content\/uploads\/2024\/11\/468524351_592650639903725_7498920788427899421_n-1536x1152.jpg 1536w, https:\/\/xedaptwitter.com.vn\/wp-content\/uploads\/2024\/11\/468524351_592650639903725_7498920788427899421_n-600x450.jpg 600w, https:\/\/xedaptwitter.com.vn\/wp-content\/uploads\/2024\/11\/468524351_592650639903725_7498920788427899421_n.jpg 2048w\" sizes=\"auto, (max-width: 300px) 100vw, 300px\" \/><\/p>\n<h3>Hub Retrospec Nh\u00f4m CNC, C\u1ed1i N\u1ed5 To<\/h3>\n<p>Hub Retrospec nh\u00f4m CNC v\u1edbi c\u1ed1i n\u1ed5 to gi\u00fap t\u0103ng c\u01b0\u1eddng hi\u1ec7u su\u1ea5t \u0111\u1ea1p xe, mang l\u1ea1i tr\u1ea3i nghi\u1ec7m m\u1ea1nh m\u1ebd v\u00e0 th\u00fa v\u1ecb. H\u1ec7 th\u1ed1ng n\u00e0y kh\u00f4ng ch\u1ec9 n\u00e2ng cao hi\u1ec7u su\u1ea5t m\u00e0 c\u00f2n \u0111\u1ea3m b\u1ea3o \u0111\u1ed9 b\u1ec1n cao v\u00e0 kh\u1ea3 n\u0103ng ch\u1ecbu l\u1ef1c t\u1ed1t.<\/p>\n<p><img loading=\"lazy\" decoding=\"async\" class=\"alignnone size-large wp-image-562\" src=\"https:\/\/xedaptwitter.com.vn\/wp-content\/uploads\/2024\/07\/Twitter-R12-lip-764x1024.jpg\" alt=\"\" width=\"764\" height=\"1024\" srcset=\"https:\/\/xedaptwitter.com.vn\/wp-content\/uploads\/2024\/07\/Twitter-R12-lip-764x1024.jpg 764w, https:\/\/xedaptwitter.com.vn\/wp-content\/uploads\/2024\/07\/Twitter-R12-lip-224x300.jpg 224w, https:\/\/xedaptwitter.com.vn\/wp-content\/uploads\/2024\/07\/Twitter-R12-lip-768x1029.jpg 768w, https:\/\/xedaptwitter.com.vn\/wp-content\/uploads\/2024\/07\/Twitter-R12-lip-600x804.jpg 600w, https:\/\/xedaptwitter.com.vn\/wp-content\/uploads\/2024\/07\/Twitter-R12-lip.jpg 955w\" sizes=\"auto, (max-width: 764px) 100vw, 764px\" \/><\/p>\n<h2>Th\u00e0nh Ph\u1ea7n Ch\u1ea5t L\u01b0\u1ee3ng Cao<\/h2>\n<h3>L\u1ed1p INNOVA-PRO, Black, 700*25C<\/h3>\n<p>Twitter R12 s\u1eed d\u1ee5ng l\u1ed1p INNOVA-PRO v\u1edbi k\u00edch th\u01b0\u1edbc 700*25C, mang l\u1ea1i \u0111\u1ed9 b\u00e1m \u0111\u01b0\u1eddng t\u1ed1t v\u00e0 kh\u1ea3 n\u0103ng ch\u1ed1ng tr\u01b0\u1ee3t cao. L\u1ed1p xe n\u00e0y \u0111\u1ea3m b\u1ea3o s\u1ef1 \u00eam \u00e1i v\u00e0 \u1ed5n \u0111\u1ecbnh, gi\u00fap b\u1ea1n d\u1ec5 d\u00e0ng v\u01b0\u1ee3t qua m\u1ecdi ch\u01b0\u1edbng ng\u1ea1i v\u1eadt tr\u00ean \u0111\u01b0\u1eddng.<\/p>\n<p><img loading=\"lazy\" decoding=\"async\" class=\"alignnone size-large wp-image-563\" src=\"https:\/\/xedaptwitter.com.vn\/wp-content\/uploads\/2024\/07\/Twitter-R12-lop-1024x574.jpg\" alt=\"\" width=\"1024\" height=\"574\" srcset=\"https:\/\/xedaptwitter.com.vn\/wp-content\/uploads\/2024\/07\/Twitter-R12-lop-1024x574.jpg 1024w, https:\/\/xedaptwitter.com.vn\/wp-content\/uploads\/2024\/07\/Twitter-R12-lop-300x168.jpg 300w, https:\/\/xedaptwitter.com.vn\/wp-content\/uploads\/2024\/07\/Twitter-R12-lop-768x431.jpg 768w, https:\/\/xedaptwitter.com.vn\/wp-content\/uploads\/2024\/07\/Twitter-R12-lop-1536x862.jpg 1536w, https:\/\/xedaptwitter.com.vn\/wp-content\/uploads\/2024\/07\/Twitter-R12-lop-600x337.jpg 600w, https:\/\/xedaptwitter.com.vn\/wp-content\/uploads\/2024\/07\/Twitter-R12-lop.jpg 2000w\" sizes=\"auto, (max-width: 1024px) 100vw, 1024px\" \/><\/p>\n<h3>Th\u00f4ng s\u1ed1 k\u1ef9 thu\u1eadt c\u1ee7a Twitter Stealth Pro<\/h3>\n<table>\n<tbody>\n<tr>\n<td><b>S\u1ea2N PH\u1ea8M<\/b><\/td>\n<td>TWITTER Stealth Pro<\/td>\n<\/tr>\n<tr>\n<td><b>Khung<\/b><\/td>\n<td>Carbon Fiber, D\u00e2y \u00e2m s\u01b0\u1eddn<\/td>\n<\/tr>\n<tr>\n<td><b>C\u00e0ng xe<\/b><\/td>\n<td>Carbon Fiber<\/td>\n<\/tr>\n<tr>\n<td><b>Ghi \u0111\u00f4ng<\/b><\/td>\n<td>C\u00e1 M\u1eadp li\u1ec1n kh\u1ed1i<\/td>\n<\/tr>\n<tr>\n<td><b>P\u00f4 t\u0103ng\/c\u1ed5 xe<\/b><\/td>\n<td>H\u1ee3p kim nh\u00f4m<\/td>\n<\/tr>\n<tr>\n<td><b>H\u1ec7 th\u1ed1ng Phanh (Th\u1eafng)<\/b><\/td>\n<td>Th\u1eafng \u0111\u0129a c\u01a1 heo d\u1ea7u<\/td>\n<\/tr>\n<tr>\n<td><b>Tay \u0111\u1ec1 l\u1eafc<\/b><\/td>\n<td>Retrospec (2 \u0111\u0129a, 11 l\u00edp)<\/td>\n<\/tr>\n<tr>\n<td><b>T\u0103ng t\u1ed1c tr\u01b0\u1edbc (G\u1ea1t \u0111\u0129a)<\/b><\/td>\n<td>Retrospec<\/td>\n<\/tr>\n<tr>\n<td><b>T\u0103ng t\u1ed1c sau (G\u1ea1t l\u00edp)<\/b><\/td>\n<td>Retrospec<\/td>\n<\/tr>\n<tr>\n<td><b>\u0110\u00f9i \u0111\u0129a<\/b><\/td>\n<td>H\u1ee3p kim nh\u00f4m Retrospec, C\u1ed1t r\u1ed7ng, B\u1ea1c \u0111\u1ea1n<\/td>\n<\/tr>\n<tr>\n<td><b>D\u0129a<\/b><\/td>\n<td>2 T\u1ea7ng<\/td>\n<\/tr>\n<tr>\n<td><b>L\u00edp sau<\/b><\/td>\n<td>L\u00edp th\u1ea3 Sugek, 11 t\u1ea7ng<\/td>\n<\/tr>\n<tr>\n<td><b>X\u00edch<\/b><\/td>\n<td>SUMC 11 t\u1ed1c \u0111\u1ed9<\/td>\n<\/tr>\n<tr>\n<td><b>\u0110\u00f9m xe<\/b><\/td>\n<td>H\u1ee3p kim nh\u00f4m RETROSPEC, Bi b\u1ea1c \u0111\u1ea1n<\/td>\n<\/tr>\n<tr>\n<td><b>V\u00e0nh xe<\/b><\/td>\n<td>H\u1ee3p kim nh\u00f4m RETROSPEC<\/td>\n<\/tr>\n<tr>\n<td><b>L\u1ed1p<\/b><\/td>\n<td>Innova (700x25C)<\/td>\n<\/tr>\n<tr>\n<td><b>Y\u00ean\u00a0<\/b><\/td>\n<td>TWITTER<\/td>\n<\/tr>\n<tr>\n<td><b>C\u1ecdc\/c\u1ed1t y\u00ean<\/b><\/td>\n<td>CARBON FIBER<\/td>\n<\/tr>\n<tr>\n<td><b>Tr\u1ecdng l\u01b0\u1ee3ng th\u00f9ng<\/b><\/td>\n<td>12kg \u2013 148x34x73<\/td>\n<\/tr>\n<tr>\n<td><b>Tr\u1ecdng l\u01b0\u1ee3ng xe<\/b><\/td>\n<td>8.9kg<\/td>\n<\/tr>\n<tr>\n<td colspan=\"2\">* L\u01b0u \u00fd: Tu\u1ef3 l\u00f4 s\u1ea3n xu\u1ea5t, trang b\u1ecb k\u1ef9 thu\u1eadt c\u00f3 th\u1ec3 thay \u0111\u1ed1i 1 \u00edt nh\u1eb1m n\u00e2ng cao ch\u1ea5t l\u01b0\u1ee3ng xe c\u1ee7a Twitter<\/td>\n<\/tr>\n<\/tbody>\n<\/table>\n<h2>Tr\u1ea3i Nghi\u1ec7m L\u00e1i Tuy\u1ec7t V\u1eddi<\/h2>\n<h3>T\u01b0 Th\u1ebf Ng\u1ed3i Tho\u1ea3i M\u00e1i<\/h3>\n<p>V\u1edbi thi\u1ebft k\u1ebf ghi-\u0111\u00f4ng hi\u1ec7n \u0111\u1ea1i v\u00e0 y\u00ean xe tho\u1ea3i m\u00e1i, Twitter Stealth Pro mang l\u1ea1i t\u01b0 th\u1ebf ng\u1ed3i t\u1ed1i \u01b0u cho ng\u01b0\u1eddi l\u00e1i. \u0110i\u1ec1u n\u00e0y gi\u00fap gi\u1ea3m m\u1ec7t m\u1ecfi v\u00e0 c\u0103ng th\u1eb3ng khi di chuy\u1ec3n trong th\u1eddi gian d\u00e0i, \u0111\u1ed3ng th\u1eddi t\u0103ng c\u01b0\u1eddng hi\u1ec7u su\u1ea5t \u0111\u1ea1p xe.<\/p>\n<p><img loading=\"lazy\" decoding=\"async\" class=\"alignnone wp-image-659 size-full\" src=\"https:\/\/xedaptwitter.com.vn\/wp-content\/uploads\/2024\/11\/Twitter-Stealth-Pro-X.jpg\" alt=\"\" width=\"800\" height=\"800\" srcset=\"https:\/\/xedaptwitter.com.vn\/wp-content\/uploads\/2024\/11\/Twitter-Stealth-Pro-X.jpg 800w, https:\/\/xedaptwitter.com.vn\/wp-content\/uploads\/2024\/11\/Twitter-Stealth-Pro-X-300x300.jpg 300w, https:\/\/xedaptwitter.com.vn\/wp-content\/uploads\/2024\/11\/Twitter-Stealth-Pro-X-150x150.jpg 150w, https:\/\/xedaptwitter.com.vn\/wp-content\/uploads\/2024\/11\/Twitter-Stealth-Pro-X-768x768.jpg 768w, https:\/\/xedaptwitter.com.vn\/wp-content\/uploads\/2024\/11\/Twitter-Stealth-Pro-X-600x600.jpg 600w, https:\/\/xedaptwitter.com.vn\/wp-content\/uploads\/2024\/11\/Twitter-Stealth-Pro-X-100x100.jpg 100w\" sizes=\"auto, (max-width: 800px) 100vw, 800px\" \/><\/p>\n<h3>T\u00ednh Linh Ho\u1ea1t Cao<\/h3>\n<p>Twitter Stealth Pro kh\u00f4ng ch\u1ec9 ph\u00f9 h\u1ee3p cho c\u00e1c chuy\u1ebfn \u0111i \u0111\u01b0\u1eddng tr\u01b0\u1eddng m\u00e0 c\u00f2n l\u00fd t\u01b0\u1edfng cho vi\u1ec7c di chuy\u1ec3n trong th\u00e0nh ph\u1ed1. Kh\u1ea3 n\u0103ng linh ho\u1ea1t v\u00e0 d\u1ec5 \u0111i\u1ec1u khi\u1ec3n c\u1ee7a xe gi\u00fap b\u1ea1n d\u1ec5 d\u00e0ng v\u01b0\u1ee3t qua c\u00e1c \u0111o\u1ea1n \u0111\u01b0\u1eddng \u0111\u00f4ng \u0111\u00fac hay c\u00e1c ng\u00e3 r\u1ebd h\u1eb9p.<\/p>\n<h2>K\u1ebft Lu\u1eadn: Twitter Stealth Pro &#8211; L\u1ef1a Ch\u1ecdn T\u1ed1i \u01afu Cho Ng\u01b0\u1eddi Y\u00eau Th\u1ec3 Thao<\/h2>\n<p>Twitter Stealth Pro kh\u00f4ng ch\u1ec9 l\u00e0 m\u1ed9t chi\u1ebfc xe \u0111\u1ea1p th\u1ec3 thao v\u1edbi thi\u1ebft k\u1ebf hi\u1ec7n \u0111\u1ea1i v\u00e0 c\u1ea5u h\u00ecnh m\u1ea1nh m\u1ebd, m\u00e0 c\u00f2n l\u00e0 m\u1ed9t l\u1ef1a ch\u1ecdn kinh t\u1ebf v\u00e0 h\u1ee3p l\u00fd cho ng\u01b0\u1eddi d\u00f9ng. V\u1edbi s\u1ef1 k\u1ebft h\u1ee3p ho\u00e0n h\u1ea3o gi\u1eefa ch\u1ea5t l\u01b0\u1ee3ng v\u00e0 gi\u00e1 c\u1ea3, Twitter Stealth Pro ch\u1eafc ch\u1eafn s\u1ebd l\u00e0m h\u00e0i l\u00f2ng c\u1ea3 nh\u1eefng ng\u01b0\u1eddi ch\u01a1i d\u00f2ng road.<\/p>\n<p><img loading=\"lazy\" decoding=\"async\" class=\"alignnone wp-image-658 size-full\" src=\"https:\/\/xedaptwitter.com.vn\/wp-content\/uploads\/2024\/11\/Twitter-Stealth-Pro-w.jpg\" alt=\"\" width=\"800\" height=\"800\" srcset=\"https:\/\/xedaptwitter.com.vn\/wp-content\/uploads\/2024\/11\/Twitter-Stealth-Pro-w.jpg 800w, https:\/\/xedaptwitter.com.vn\/wp-content\/uploads\/2024\/11\/Twitter-Stealth-Pro-w-300x300.jpg 300w, https:\/\/xedaptwitter.com.vn\/wp-content\/uploads\/2024\/11\/Twitter-Stealth-Pro-w-150x150.jpg 150w, https:\/\/xedaptwitter.com.vn\/wp-content\/uploads\/2024\/11\/Twitter-Stealth-Pro-w-768x768.jpg 768w, https:\/\/xedaptwitter.com.vn\/wp-content\/uploads\/2024\/11\/Twitter-Stealth-Pro-w-600x600.jpg 600w, https:\/\/xedaptwitter.com.vn\/wp-content\/uploads\/2024\/11\/Twitter-Stealth-Pro-w-100x100.jpg 100w\" sizes=\"auto, (max-width: 800px) 100vw, 800px\" \/><\/p>\n<p>H\u00e3y \u0111\u1ebfn c\u1eeda h\u00e0ng g\u1ea7n nh\u1ea5t c\u1ee7a Xe \u0111\u1ea1p Twitter ho\u1eb7c truy c\u1eadp website c\u1ee7a ch\u00fang t\u00f4i \u0111\u1ec3 s\u1edf h\u1eefu ngay Twitter Stealth Pro v\u00e0 b\u1eaft \u0111\u1ea7u nh\u1eefng cu\u1ed9c phi\u00eau l\u01b0u \u0111\u1ea7y th\u00fa v\u1ecb!<\/p>\n<p>Mua h\u00e0ng t\u1ea1i Xe \u0111\u1ea1p Twitter s\u1ebd lu\u00f4n c\u00f3 Gi\u00e1 \u01b0u \u0111\u00e3i t\u1ed1t nh\u1ea5t.<\/p>\n<p>LH <strong>0916.504.228<\/strong><\/p>\n","protected":false},"excerpt":{"rendered":"<h4><b>Twitter Stealth Pro: b\u1ea3n m\u1edbi nh\u1ea5t<\/b><\/h4>\n<ul>\n<li>Khung carbon kh\u00f4ng m\u1ed1i h\u00e0n, d\u00e2y phanh \u00e2m to\u00e0n ph\u1ea7n<\/li>\n<li>C\u00e0ng: Cabon Fiber<\/li>\n<li>C\u1ecdc Y\u00ean: Cabon Fiber<\/li>\n<li>Ghi-\u0111\u00f4ng: Li\u1ec1n kh\u1ed1i, \u0111\u1ea7u c\u00e1 m\u1eadp<\/li>\n<li>Phanh \u0111\u0129a Heo d\u1ea7u<\/li>\n<li>Tay \u0111\u1ec1 l\u1eafc: Retrospec<\/li>\n<li>Groupset Retrospec RS 2*11: 22<\/li>\n<li>\u0110\u00f9i \u0111\u0129a: Retrospec Tr\u1ee5c r\u1ed7ng \u2013 Nh\u00f4m 2 \u0111\u0129a, c\u1ed1t BB<\/li>\n<li>L\u00edp: SUNSHINE \u2013 L\u00edp th\u1ea3 11 t\u1ea7ng<\/li>\n<li>X\u00edch: YBN<\/li>\n<li>Hub \u00a0RETROSPEC \u2013 Nh\u00f4m CNC, b\u1ea1c \u0111\u1ea1n: si\u00eau tr\u1edbn, C\u1ed1i n\u1ed5 to<\/li>\n<li>V\u00e0nh: RETROSPEC- V\u00e0nh nh\u00f4m 2 l\u1edbp cao 4cm<\/li>\n<li>L\u1ed1p: Innova Pro 700x25C<\/li>\n<li>Y\u00ean: Twitter si\u00eau \u00eam<\/li>\n<\/ul>\n<p>&nbsp;<\/p>\n","protected":false},"featured_media":659,"comment_status":"open","ping_status":"closed","template":"","meta":{"site-sidebar-layout":"default","site-content-layout":"","ast-site-content-layout":"default","site-content-style":"default","site-sidebar-style":"default","ast-global-header-display":"","ast-banner-title-visibility":"","ast-main-header-display":"","ast-hfb-above-header-display":"","ast-hfb-below-header-display":"","ast-hfb-mobile-header-display":"","site-post-title":"","ast-breadcrumbs-content":"","ast-featured-img":"","footer-sml-layout":"","theme-transparent-header-meta":"default","adv-header-id-meta":"","stick-header-meta":"","header-above-stick-meta":"","header-main-stick-meta":"","header-below-stick-meta":"","astra-migrate-meta-layouts":"set","ast-page-background-enabled":"default","ast-page-background-meta":{"desktop":{"background-color":"var(--ast-global-color-4)","background-image":"","background-repeat":"repeat","background-position":"center center","background-size":"auto","background-attachment":"scroll","background-type":"","background-media":"","overlay-type":"","overlay-color":"","overlay-gradient":""},"tablet":{"background-color":"","background-image":"","background-repeat":"repeat","background-position":"center center","background-size":"auto","background-attachment":"scroll","background-type":"","background-media":"","overlay-type":"","overlay-color":"","overlay-gradient":""},"mobile":{"background-color":"","background-image":"","background-repeat":"repeat","background-position":"center center","background-size":"auto","background-attachment":"scroll","background-type":"","background-media":"","overlay-type":"","overlay-color":"","overlay-gradient":""}},"ast-content-background-meta":{"desktop":{"background-color":"var(--ast-global-color-5)","background-image":"","background-repeat":"repeat","background-position":"center center","background-size":"auto","background-attachment":"scroll","background-type":"","background-media":"","overlay-type":"","overlay-color":"","overlay-gradient":""},"tablet":{"background-color":"var(--ast-global-color-5)","background-image":"","background-repeat":"repeat","background-position":"center center","background-size":"auto","background-attachment":"scroll","background-type":"","background-media":"","overlay-type":"","overlay-color":"","overlay-gradient":""},"mobile":{"background-color":"var(--ast-global-color-5)","background-image":"","background-repeat":"repeat","background-position":"center center","background-size":"auto","background-attachment":"scroll","background-type":"","background-media":"","overlay-type":"","overlay-color":"","overlay-gradient":""}}},"product_cat":[27],"product_tag":[55],"class_list":{"0":"post-655","1":"product","2":"type-product","3":"status-publish","4":"has-post-thumbnail","6":"product_cat-twitter-tay-cong","7":"product_tag-twitter-stealth","8":"desktop-align-left","9":"tablet-align-left","10":"mobile-align-left","12":"first","13":"instock","14":"sale","15":"shipping-taxable","16":"purchasable","17":"product-type-simple"},"jetpack_sharing_enabled":true,"_links":{"self":[{"href":"https:\/\/xedaptwitter.com.vn\/index.php?rest_route=\/wp\/v2\/product\/655","targetHints":{"allow":["GET"]}}],"collection":[{"href":"https:\/\/xedaptwitter.com.vn\/index.php?rest_route=\/wp\/v2\/product"}],"about":[{"href":"https:\/\/xedaptwitter.com.vn\/index.php?rest_route=\/wp\/v2\/types\/product"}],"replies":[{"embeddable":true,"href":"https:\/\/xedaptwitter.com.vn\/index.php?rest_route=%2Fwp%2Fv2%2Fcomments&post=655"}],"wp:featuredmedia":[{"embeddable":true,"href":"https:\/\/xedaptwitter.com.vn\/index.php?rest_route=\/wp\/v2\/media\/659"}],"wp:attachment":[{"href":"https:\/\/xedaptwitter.com.vn\/index.php?rest_route=%2Fwp%2Fv2%2Fmedia&parent=655"}],"wp:term":[{"taxonomy":"product_cat","embeddable":true,"href":"https:\/\/xedaptwitter.com.vn\/index.php?rest_route=%2Fwp%2Fv2%2Fproduct_cat&post=655"},{"taxonomy":"product_tag","embeddable":true,"href":"https:\/\/xedaptwitter.com.vn\/index.php?rest_route=%2Fwp%2Fv2%2Fproduct_tag&post=655"}],"curies":[{"name":"wp","href":"https:\/\/api.w.org\/{rel}","templated":true}]}}