{"id":229,"date":"2024-04-22T21:06:54","date_gmt":"2024-04-22T14:06:54","guid":{"rendered":"https:\/\/xedaptwitter.com.vn\/?post_type=product&#038;p=229"},"modified":"2026-02-02T11:04:44","modified_gmt":"2026-02-02T04:04:44","slug":"xe-dap-twitter-leopard-pro","status":"publish","type":"product","link":"https:\/\/xedaptwitter.com.vn\/?product=xe-dap-twitter-leopard-pro","title":{"rendered":"Xe \u0111\u1ea1p MTB Twitter Leopard Pro"},"content":{"rendered":"<h2><span id=\"Xe_dap_TWITTER_Leopard_Pro_NEW_2024_co_gi_moi\"><strong>Xe \u0111\u1ea1p TWITTER Leopard Pro \u2013 NEW 2024 c\u00f3 g\u00ec m\u1edbi<\/strong><\/span><\/h2>\n<p><strong>Twitter Leopard Pro<\/strong>\u00a0l\u00e0 chi\u1ebfc xe \u0111\u1ea1p MTB t\u1ea7m trung c\u1ee7a nh\u00e0 Twitter \u0111\u00e3 r\u1ea5t \u0111\u01b0\u1ee3c \u01b0a chu\u1ed9ng c\u1ee7a ng\u01b0\u1eddi d\u00f9ng trong nh\u1eefng n\u0103m qua v\u1edbi <em><strong>Khung s\u01b0\u1eddn Carbon<\/strong><\/em> v\u00e0 <strong><em>Phu\u1ed9c h\u01a1i<\/em><\/strong> kh\u00e1 cao c\u1ea5p. M\u1ed7i n\u0103m Twitter \u0111\u1ec1u n\u00e2ng c\u1ea5p nh\u1eefng c\u1ea3i ti\u1ebfn \u0111\u1ec3 l\u00e0m cho tr\u1ea3i nghi\u1ec7m c\u1ee7a ng\u01b0\u1eddi d\u00f9ng ng\u00e0y c\u00e0ng \u01b0ng \u00fd h\u01a1n<\/p>\n<figure id=\"attachment_232\" aria-describedby=\"caption-attachment-232\" style=\"width: 1024px\" class=\"wp-caption alignnone\"><img loading=\"lazy\" decoding=\"async\" class=\"wp-image-232 size-large\" src=\"https:\/\/xedaptwitter.com.vn\/wp-content\/uploads\/2024\/04\/Leopard-ximen-1-Large-1024x1024.jpeg\" alt=\"\" width=\"1024\" height=\"1024\" srcset=\"https:\/\/xedaptwitter.com.vn\/wp-content\/uploads\/2024\/04\/Leopard-ximen-1-Large-1024x1024.jpeg 1024w, https:\/\/xedaptwitter.com.vn\/wp-content\/uploads\/2024\/04\/Leopard-ximen-1-Large-300x300.jpeg 300w, https:\/\/xedaptwitter.com.vn\/wp-content\/uploads\/2024\/04\/Leopard-ximen-1-Large-150x150.jpeg 150w, https:\/\/xedaptwitter.com.vn\/wp-content\/uploads\/2024\/04\/Leopard-ximen-1-Large-768x768.jpeg 768w, https:\/\/xedaptwitter.com.vn\/wp-content\/uploads\/2024\/04\/Leopard-ximen-1-Large-600x600.jpeg 600w, https:\/\/xedaptwitter.com.vn\/wp-content\/uploads\/2024\/04\/Leopard-ximen-1-Large-100x100.jpeg 100w, https:\/\/xedaptwitter.com.vn\/wp-content\/uploads\/2024\/04\/Leopard-ximen-1-Large.jpeg 1280w\" sizes=\"auto, (max-width: 1024px) 100vw, 1024px\" \/><figcaption id=\"caption-attachment-232\" class=\"wp-caption-text\">Twitter Leopard Pro<\/figcaption><\/figure>\n<p>B\u1ea3n 2024 c\u00f3 g\u00ec h\u1ea5p d\u1eabn?<\/p>\n<div class=\"xdj266r x11i5rnm xat24cr x1mh8g0r x1vvkbs x126k92a\">\n<div class=\"lwptoc lwptoc-autoWidth lwptoc-baseItems lwptoc-light lwptoc-notInherit\" data-smooth-scroll=\"1\" data-smooth-scroll-offset=\"24\" data-lwptoc-initialized=\"1\">\n<div class=\"lwptoc_i\">\n<div class=\"lwptoc_header\"><b class=\"lwptoc_title\">M\u1ee5c l\u1ee5c<\/b> <span class=\"lwptoc_toggle\"> <a class=\"lwptoc_toggle_label\" href=\"https:\/\/antamebike.com\/?product=xe-dap-twitter-leopard-pro-ban-2024#\" data-label=\"hi\u1ec7n\">\u1ea9n<\/a> <\/span><\/div>\n<div class=\"lwptoc_items lwptoc_items-visible\">\n<div class=\"lwptoc_itemWrap\">\n<div class=\"lwptoc_item\">\n<p><a href=\"https:\/\/antamebike.com\/?product=xe-dap-twitter-leopard-pro-ban-2024#Xe_dap_TWITTER_Leopard_Pro_NEW_2024_co_gi_moi\"><span class=\"lwptoc_item_number\">1<\/span> <span class=\"lwptoc_item_label\">Xe \u0111\u1ea1p TWITTER Leopard Pro \u2013 NEW 2024 c\u00f3 g\u00ec m\u1edbi<\/span><\/a><\/p>\n<div class=\"lwptoc_itemWrap\">\n<div class=\"lwptoc_item\"><a href=\"https:\/\/antamebike.com\/?product=xe-dap-twitter-leopard-pro-ban-2024#Bo_Groupset_Shimano_30_cap\"><span class=\"lwptoc_item_number\">1.1<\/span> <span class=\"lwptoc_item_label\">B\u1ed9 Groupset Shimano 30 c\u1ea5p<\/span><\/a><\/div>\n<\/div>\n<\/div>\n<div class=\"lwptoc_item\">\n<p><a href=\"https:\/\/antamebike.com\/?product=xe-dap-twitter-leopard-pro-ban-2024#Nhung_trang_bi_cao_cap_cua_Twitter_Leopard_Pro\"><span class=\"lwptoc_item_number\">2<\/span> <span class=\"lwptoc_item_label\">Nh\u1eefng trang bi cao c\u1ea5p c\u1ee7a Twitter Leopard Pro<\/span><\/a><\/p>\n<div class=\"lwptoc_itemWrap\">\n<div class=\"lwptoc_item\"><a href=\"https:\/\/antamebike.com\/?product=xe-dap-twitter-leopard-pro-ban-2024#Khung_suon_Carbon_Fiber_day_am_suon\"><span class=\"lwptoc_item_number\">2.1<\/span> <span class=\"lwptoc_item_label\">Khung s\u01b0\u1eddn Carbon Fiber, d\u00e2y \u00e2m s\u01b0\u1eddn<\/span><\/a><\/div>\n<div class=\"lwptoc_item\"><a href=\"https:\/\/antamebike.com\/?product=xe-dap-twitter-leopard-pro-ban-2024#Phuoc_hoi_co_dieu_khien_hanh_trinh_tren_Ghi-dong\"><span class=\"lwptoc_item_number\">2.2<\/span> <span class=\"lwptoc_item_label\">Phu\u1ed9c h\u01a1i c\u00f3 \u0111i\u1ec1u khi\u1ec3n h\u00e0nh tr\u00ecnh tr\u00ean Ghi-\u0111\u00f4ng<\/span><\/a><\/div>\n<div class=\"lwptoc_item\"><a href=\"https:\/\/antamebike.com\/?product=xe-dap-twitter-leopard-pro-ban-2024#Phanh_dia_thuy_luc_Dau_truoc_va_sau\"><span class=\"lwptoc_item_number\">2.3<\/span> <span class=\"lwptoc_item_label\">Phanh \u0111\u0129a thu\u1ef7 l\u1ef1c (D\u1ea7u) tr\u01b0\u1edbc v\u00e0 sau<\/span><\/a><\/div>\n<div class=\"lwptoc_item\"><a href=\"https:\/\/antamebike.com\/?product=xe-dap-twitter-leopard-pro-ban-2024#Dum_Retrospec\"><span class=\"lwptoc_item_number\">2.4<\/span> <span class=\"lwptoc_item_label\">\u0110\u00f9m Retrospec<\/span><\/a><\/div>\n<\/div>\n<\/div>\n<\/div>\n<\/div>\n<\/div>\n<\/div>\n<\/div>\n<div dir=\"auto\">\n<div dir=\"auto\">\n<h3><\/h3>\n<h3 id=\"mcetoc_1gd28fvit5\"><span id=\"Bo_Groupset_Shimano_30_cap\">B\u1ed9 Groupset Shimano 30 c\u1ea5p<\/span><\/h3>\n<p>v\u1edbi vi\u1ec7c n\u00e2ng c\u1ea5p B\u1ed9 <em><strong>Groupset l\u00ean 30 c\u1ea5p<\/strong><\/em> v\u1edbi 3 \u0110\u0129a v\u00e0 10 L\u00edp: s\u1ebd gi\u00fap cho ng\u01b0\u1eddi d\u00f9ng c\u00f3 tr\u1ea3i m\u01b0\u1ee3t m\u00e0 h\u01a1n h\u1eb5n tr\u00ean c\u00e1c cung \u0111\u01b0\u1eddng<\/p>\n<p>&nbsp;<\/p>\n<p>&nbsp;<\/p>\n<p><img loading=\"lazy\" decoding=\"async\" class=\"alignnone size-medium wp-image-2425\" src=\"https:\/\/antamebike.com\/wp-content\/uploads\/2024\/03\/leopard-ghidong-1-300x210.png\" sizes=\"auto, (max-width: 300px) 100vw, 300px\" srcset=\"https:\/\/antamebike.com\/wp-content\/uploads\/2024\/03\/leopard-ghidong-1-300x210.png 300w, https:\/\/antamebike.com\/wp-content\/uploads\/2024\/03\/leopard-ghidong-1-1024x717.png 1024w, https:\/\/antamebike.com\/wp-content\/uploads\/2024\/03\/leopard-ghidong-1-768x538.png 768w, https:\/\/antamebike.com\/wp-content\/uploads\/2024\/03\/leopard-ghidong-1-1536x1075.png 1536w, https:\/\/antamebike.com\/wp-content\/uploads\/2024\/03\/leopard-ghidong-1-600x420.png 600w, https:\/\/antamebike.com\/wp-content\/uploads\/2024\/03\/leopard-ghidong-1.png 1600w\" alt=\"\" width=\"300\" height=\"210\" \/> <img loading=\"lazy\" decoding=\"async\" class=\"alignnone size-medium wp-image-2426\" src=\"https:\/\/antamebike.com\/wp-content\/uploads\/2024\/03\/leopard-grouprset-2-300x200.png\" sizes=\"auto, (max-width: 300px) 100vw, 300px\" srcset=\"https:\/\/antamebike.com\/wp-content\/uploads\/2024\/03\/leopard-grouprset-2-300x200.png 300w, https:\/\/antamebike.com\/wp-content\/uploads\/2024\/03\/leopard-grouprset-2-1024x681.png 1024w, https:\/\/antamebike.com\/wp-content\/uploads\/2024\/03\/leopard-grouprset-2-768x511.png 768w, https:\/\/antamebike.com\/wp-content\/uploads\/2024\/03\/leopard-grouprset-2-1536x1021.png 1536w, https:\/\/antamebike.com\/wp-content\/uploads\/2024\/03\/leopard-grouprset-2-600x399.png 600w, https:\/\/antamebike.com\/wp-content\/uploads\/2024\/03\/leopard-grouprset-2.png 1600w\" alt=\"\" width=\"300\" height=\"200\" \/> <img loading=\"lazy\" decoding=\"async\" class=\"alignnone size-medium wp-image-2427\" src=\"https:\/\/antamebike.com\/wp-content\/uploads\/2024\/03\/leopard-gio-dap-1-300x200.png\" sizes=\"auto, (max-width: 300px) 100vw, 300px\" srcset=\"https:\/\/antamebike.com\/wp-content\/uploads\/2024\/03\/leopard-gio-dap-1-300x200.png 300w, https:\/\/antamebike.com\/wp-content\/uploads\/2024\/03\/leopard-gio-dap-1-1024x681.png 1024w, https:\/\/antamebike.com\/wp-content\/uploads\/2024\/03\/leopard-gio-dap-1-768x511.png 768w, https:\/\/antamebike.com\/wp-content\/uploads\/2024\/03\/leopard-gio-dap-1-1536x1021.png 1536w, https:\/\/antamebike.com\/wp-content\/uploads\/2024\/03\/leopard-gio-dap-1-600x399.png 600w, https:\/\/antamebike.com\/wp-content\/uploads\/2024\/03\/leopard-gio-dap-1.png 1600w\" alt=\"\" width=\"300\" height=\"200\" \/><img loading=\"lazy\" decoding=\"async\" class=\"alignnone size-medium wp-image-2428\" src=\"https:\/\/antamebike.com\/wp-content\/uploads\/2024\/03\/leopard-lip-3-300x206.png\" sizes=\"auto, (max-width: 300px) 100vw, 300px\" srcset=\"https:\/\/antamebike.com\/wp-content\/uploads\/2024\/03\/leopard-lip-3-300x206.png 300w, https:\/\/antamebike.com\/wp-content\/uploads\/2024\/03\/leopard-lip-3-1024x701.png 1024w, https:\/\/antamebike.com\/wp-content\/uploads\/2024\/03\/leopard-lip-3-768x526.png 768w, https:\/\/antamebike.com\/wp-content\/uploads\/2024\/03\/leopard-lip-3-1536x1052.png 1536w, https:\/\/antamebike.com\/wp-content\/uploads\/2024\/03\/leopard-lip-3-600x411.png 600w, https:\/\/antamebike.com\/wp-content\/uploads\/2024\/03\/leopard-lip-3.png 1600w\" alt=\"\" width=\"300\" height=\"206\" \/><\/p>\n<p><em><strong>Th\u00f4ng s\u1ed1 c\u1ee5 th\u1ec3 Groupset B\u1ea3n 2024:<\/strong><\/em><\/p>\n<\/div>\n<div dir=\"auto\">\n<p>Tay b\u1ea5m x\u1ea3: Retrospec (LTWOO) V5010-3*10S<\/p>\n<p>C\u00f9i \u0111\u1ec1 Tr\u01b0\u1edbc: Retrospec (LTWOO) V5010<\/p>\n<p>C\u00f9i \u0111\u1ec1 Sau: Retrospec (LTWOO) V5010-10S<\/p>\n<p>\u0110\u00f9i \u0111\u0129a: Prowheel, Alu alloy, Hollow, 24-32-42T<\/p>\n<p>L\u00edp: SUGEK-10S, 11-36T<\/p>\n<p>X\u00edch: SUMC-10S<\/p>\n<\/div>\n<h2 dir=\"auto\"><span id=\"Nhung_trang_bi_cao_cap_cua_Twitter_Leopard_Pro\">Nh\u1eefng trang bi cao c\u1ea5p c\u1ee7a Twitter Leopard Pro<\/span><\/h2>\n<h3 dir=\"auto\"><span id=\"Khung_suon_Carbon_Fiber_day_am_suon\">Khung s\u01b0\u1eddn Carbon Fiber, d\u00e2y \u00e2m s\u01b0\u1eddn<\/span><\/h3>\n<div dir=\"auto\"><\/div>\n<div dir=\"auto\"><img loading=\"lazy\" decoding=\"async\" class=\"alignnone wp-image-2417 size-large\" src=\"https:\/\/antamebike.com\/wp-content\/uploads\/2024\/03\/Leopard-front-1-1024x748.png\" sizes=\"auto, (max-width: 1024px) 100vw, 1024px\" srcset=\"https:\/\/antamebike.com\/wp-content\/uploads\/2024\/03\/Leopard-front-1-1024x748.png 1024w, https:\/\/antamebike.com\/wp-content\/uploads\/2024\/03\/Leopard-front-1-300x219.png 300w, https:\/\/antamebike.com\/wp-content\/uploads\/2024\/03\/Leopard-front-1-768x561.png 768w, https:\/\/antamebike.com\/wp-content\/uploads\/2024\/03\/Leopard-front-1-1536x1121.png 1536w, https:\/\/antamebike.com\/wp-content\/uploads\/2024\/03\/Leopard-front-1-600x438.png 600w, https:\/\/antamebike.com\/wp-content\/uploads\/2024\/03\/Leopard-front-1.png 1600w\" alt=\"\" width=\"1024\" height=\"748\" \/><\/div>\n<\/div>\n<div dir=\"auto\"><\/div>\n<h3 dir=\"auto\"><span id=\"Phuoc_hoi_co_dieu_khien_hanh_trinh_tren_Ghi-dong\">Phu\u1ed9c h\u01a1i c\u00f3 \u0111i\u1ec1u khi\u1ec3n h\u00e0nh tr\u00ecnh tr\u00ean Ghi-\u0111\u00f4ng<\/span><\/h3>\n<div dir=\"auto\"><\/div>\n<div dir=\"auto\"><img loading=\"lazy\" decoding=\"async\" class=\"alignnone size-medium wp-image-2429\" src=\"https:\/\/antamebike.com\/wp-content\/uploads\/2024\/03\/leopard-fork-1-300x200.png\" sizes=\"auto, (max-width: 300px) 100vw, 300px\" srcset=\"https:\/\/antamebike.com\/wp-content\/uploads\/2024\/03\/leopard-fork-1-300x200.png 300w, https:\/\/antamebike.com\/wp-content\/uploads\/2024\/03\/leopard-fork-1-1024x681.png 1024w, https:\/\/antamebike.com\/wp-content\/uploads\/2024\/03\/leopard-fork-1-768x511.png 768w, https:\/\/antamebike.com\/wp-content\/uploads\/2024\/03\/leopard-fork-1-1536x1021.png 1536w, https:\/\/antamebike.com\/wp-content\/uploads\/2024\/03\/leopard-fork-1-600x399.png 600w, https:\/\/antamebike.com\/wp-content\/uploads\/2024\/03\/leopard-fork-1.png 1600w\" alt=\"\" width=\"300\" height=\"200\" \/> <img loading=\"lazy\" decoding=\"async\" class=\"alignnone size-medium wp-image-2430\" src=\"https:\/\/antamebike.com\/wp-content\/uploads\/2024\/03\/leopard-fork-2-1-300x200.png\" sizes=\"auto, (max-width: 300px) 100vw, 300px\" srcset=\"https:\/\/antamebike.com\/wp-content\/uploads\/2024\/03\/leopard-fork-2-1-300x200.png 300w, https:\/\/antamebike.com\/wp-content\/uploads\/2024\/03\/leopard-fork-2-1-1024x681.png 1024w, https:\/\/antamebike.com\/wp-content\/uploads\/2024\/03\/leopard-fork-2-1-768x511.png 768w, https:\/\/antamebike.com\/wp-content\/uploads\/2024\/03\/leopard-fork-2-1-1536x1021.png 1536w, https:\/\/antamebike.com\/wp-content\/uploads\/2024\/03\/leopard-fork-2-1-600x399.png 600w, https:\/\/antamebike.com\/wp-content\/uploads\/2024\/03\/leopard-fork-2-1.png 1600w\" alt=\"\" width=\"300\" height=\"200\" \/> <img loading=\"lazy\" decoding=\"async\" class=\"alignnone size-medium wp-image-2431\" src=\"https:\/\/antamebike.com\/wp-content\/uploads\/2024\/03\/leopard-fork-3-300x200.png\" sizes=\"auto, (max-width: 300px) 100vw, 300px\" srcset=\"https:\/\/antamebike.com\/wp-content\/uploads\/2024\/03\/leopard-fork-3-300x200.png 300w, https:\/\/antamebike.com\/wp-content\/uploads\/2024\/03\/leopard-fork-3-1024x681.png 1024w, https:\/\/antamebike.com\/wp-content\/uploads\/2024\/03\/leopard-fork-3-768x511.png 768w, https:\/\/antamebike.com\/wp-content\/uploads\/2024\/03\/leopard-fork-3-1536x1021.png 1536w, https:\/\/antamebike.com\/wp-content\/uploads\/2024\/03\/leopard-fork-3-600x399.png 600w, https:\/\/antamebike.com\/wp-content\/uploads\/2024\/03\/leopard-fork-3.png 1600w\" alt=\"\" width=\"300\" height=\"200\" \/><img loading=\"lazy\" decoding=\"async\" class=\"alignnone size-medium wp-image-2432\" src=\"https:\/\/antamebike.com\/wp-content\/uploads\/2024\/03\/leopard-fork-5-300x207.png\" sizes=\"auto, (max-width: 300px) 100vw, 300px\" srcset=\"https:\/\/antamebike.com\/wp-content\/uploads\/2024\/03\/leopard-fork-5-300x207.png 300w, https:\/\/antamebike.com\/wp-content\/uploads\/2024\/03\/leopard-fork-5-1024x707.png 1024w, https:\/\/antamebike.com\/wp-content\/uploads\/2024\/03\/leopard-fork-5-768x530.png 768w, https:\/\/antamebike.com\/wp-content\/uploads\/2024\/03\/leopard-fork-5-1536x1060.png 1536w, https:\/\/antamebike.com\/wp-content\/uploads\/2024\/03\/leopard-fork-5-600x414.png 600w, https:\/\/antamebike.com\/wp-content\/uploads\/2024\/03\/leopard-fork-5.png 1600w\" alt=\"\" width=\"300\" height=\"207\" \/><\/div>\n<div dir=\"auto\"><\/div>\n<div dir=\"auto\">\n<div dir=\"auto\">\n<h3 id=\"mcetoc_1gd28fvit5\"><span id=\"Phanh_dia_thuy_luc_Dau_truoc_va_sau\">Phanh \u0111\u0129a thu\u1ef7 l\u1ef1c (D\u1ea7u) tr\u01b0\u1edbc v\u00e0 sau<\/span><\/h3>\n<\/div>\n<div dir=\"auto\"><\/div>\n<div dir=\"auto\"><img loading=\"lazy\" decoding=\"async\" class=\"alignnone size-medium wp-image-2433\" src=\"https:\/\/antamebike.com\/wp-content\/uploads\/2024\/03\/leopard-brake-1-300x200.png\" sizes=\"auto, (max-width: 300px) 100vw, 300px\" srcset=\"https:\/\/antamebike.com\/wp-content\/uploads\/2024\/03\/leopard-brake-1-300x200.png 300w, https:\/\/antamebike.com\/wp-content\/uploads\/2024\/03\/leopard-brake-1-1024x681.png 1024w, https:\/\/antamebike.com\/wp-content\/uploads\/2024\/03\/leopard-brake-1-768x511.png 768w, https:\/\/antamebike.com\/wp-content\/uploads\/2024\/03\/leopard-brake-1-1536x1021.png 1536w, https:\/\/antamebike.com\/wp-content\/uploads\/2024\/03\/leopard-brake-1-600x399.png 600w, https:\/\/antamebike.com\/wp-content\/uploads\/2024\/03\/leopard-brake-1.png 1600w\" alt=\"\" width=\"300\" height=\"200\" \/> <img loading=\"lazy\" decoding=\"async\" class=\"alignnone size-medium wp-image-2434\" src=\"https:\/\/antamebike.com\/wp-content\/uploads\/2024\/03\/leopard-brake-2-300x197.png\" sizes=\"auto, (max-width: 300px) 100vw, 300px\" srcset=\"https:\/\/antamebike.com\/wp-content\/uploads\/2024\/03\/leopard-brake-2-300x197.png 300w, https:\/\/antamebike.com\/wp-content\/uploads\/2024\/03\/leopard-brake-2-1024x674.png 1024w, https:\/\/antamebike.com\/wp-content\/uploads\/2024\/03\/leopard-brake-2-768x506.png 768w, https:\/\/antamebike.com\/wp-content\/uploads\/2024\/03\/leopard-brake-2-1536x1011.png 1536w, https:\/\/antamebike.com\/wp-content\/uploads\/2024\/03\/leopard-brake-2-600x395.png 600w, https:\/\/antamebike.com\/wp-content\/uploads\/2024\/03\/leopard-brake-2.png 1592w\" alt=\"\" width=\"300\" height=\"197\" \/> <img loading=\"lazy\" decoding=\"async\" class=\"alignnone size-medium wp-image-2435\" src=\"https:\/\/antamebike.com\/wp-content\/uploads\/2024\/03\/leopard-brake-7-300x200.png\" sizes=\"auto, (max-width: 300px) 100vw, 300px\" srcset=\"https:\/\/antamebike.com\/wp-content\/uploads\/2024\/03\/leopard-brake-7-300x200.png 300w, https:\/\/antamebike.com\/wp-content\/uploads\/2024\/03\/leopard-brake-7-1024x681.png 1024w, https:\/\/antamebike.com\/wp-content\/uploads\/2024\/03\/leopard-brake-7-768x511.png 768w, https:\/\/antamebike.com\/wp-content\/uploads\/2024\/03\/leopard-brake-7-1536x1021.png 1536w, https:\/\/antamebike.com\/wp-content\/uploads\/2024\/03\/leopard-brake-7-600x399.png 600w, https:\/\/antamebike.com\/wp-content\/uploads\/2024\/03\/leopard-brake-7.png 1600w\" alt=\"\" width=\"300\" height=\"200\" \/><img loading=\"lazy\" decoding=\"async\" class=\"alignnone size-medium wp-image-2436\" src=\"https:\/\/antamebike.com\/wp-content\/uploads\/2024\/03\/leopard-brake-6-300x200.png\" sizes=\"auto, (max-width: 300px) 100vw, 300px\" srcset=\"https:\/\/antamebike.com\/wp-content\/uploads\/2024\/03\/leopard-brake-6-300x200.png 300w, https:\/\/antamebike.com\/wp-content\/uploads\/2024\/03\/leopard-brake-6-1024x681.png 1024w, https:\/\/antamebike.com\/wp-content\/uploads\/2024\/03\/leopard-brake-6-768x511.png 768w, https:\/\/antamebike.com\/wp-content\/uploads\/2024\/03\/leopard-brake-6-1536x1021.png 1536w, https:\/\/antamebike.com\/wp-content\/uploads\/2024\/03\/leopard-brake-6-600x399.png 600w, https:\/\/antamebike.com\/wp-content\/uploads\/2024\/03\/leopard-brake-6.png 1600w\" alt=\"\" width=\"300\" height=\"200\" \/><\/div>\n<div dir=\"auto\"><\/div>\n<\/div>\n<h3 dir=\"auto\"><span id=\"Dum_Retrospec\">\u0110\u00f9m Retrospec<\/span><\/h3>\n<div dir=\"auto\"><\/div>\n<div dir=\"auto\"><img loading=\"lazy\" decoding=\"async\" class=\"alignnone size-medium wp-image-2437\" src=\"https:\/\/antamebike.com\/wp-content\/uploads\/2024\/03\/leopard-dum-1-1-300x200.png\" sizes=\"auto, (max-width: 300px) 100vw, 300px\" srcset=\"https:\/\/antamebike.com\/wp-content\/uploads\/2024\/03\/leopard-dum-1-1-300x200.png 300w, https:\/\/antamebike.com\/wp-content\/uploads\/2024\/03\/leopard-dum-1-1-1024x681.png 1024w, https:\/\/antamebike.com\/wp-content\/uploads\/2024\/03\/leopard-dum-1-1-768x511.png 768w, https:\/\/antamebike.com\/wp-content\/uploads\/2024\/03\/leopard-dum-1-1-1536x1021.png 1536w, https:\/\/antamebike.com\/wp-content\/uploads\/2024\/03\/leopard-dum-1-1-600x399.png 600w, https:\/\/antamebike.com\/wp-content\/uploads\/2024\/03\/leopard-dum-1-1.png 1600w\" alt=\"\" width=\"300\" height=\"200\" \/> <img loading=\"lazy\" decoding=\"async\" class=\"alignnone size-medium wp-image-2438\" src=\"https:\/\/antamebike.com\/wp-content\/uploads\/2024\/03\/leopard-dum-2-300x195.png\" sizes=\"auto, (max-width: 300px) 100vw, 300px\" srcset=\"https:\/\/antamebike.com\/wp-content\/uploads\/2024\/03\/leopard-dum-2-300x195.png 300w, https:\/\/antamebike.com\/wp-content\/uploads\/2024\/03\/leopard-dum-2-1024x666.png 1024w, https:\/\/antamebike.com\/wp-content\/uploads\/2024\/03\/leopard-dum-2-768x499.png 768w, https:\/\/antamebike.com\/wp-content\/uploads\/2024\/03\/leopard-dum-2-1536x998.png 1536w, https:\/\/antamebike.com\/wp-content\/uploads\/2024\/03\/leopard-dum-2-600x390.png 600w, https:\/\/antamebike.com\/wp-content\/uploads\/2024\/03\/leopard-dum-2.png 1600w\" alt=\"\" width=\"300\" height=\"195\" \/><\/div>\n<div dir=\"auto\"><\/div>\n<p>T\u00f3m l\u1ea1i, n\u1ebfu b\u1ea1n \u0111ang t\u00ecm 1 chi\u1ebfc xe \u0111\u1ea1p MTB nh\u1eb9 v\u1edbi <strong>Khung carbon<\/strong> v\u00e0 nhi\u1ec1u trang b\u1ecb cao c\u1ea5p \u0111\u1ec3 chinh ph\u1ee5c c\u00e1c cung \u0111\u01b0\u1eddng kh\u00f3 1 c\u00e1ch \u00eam \u00e1i th\u00ec <strong>Twitter Leopard Pro<\/strong> l\u00e0 m\u1ed9t s\u1ef1 l\u1ef1a ch\u1ecdn \u0111\u00e1ng gi\u00e1<\/p>\n<figure id=\"attachment_233\" aria-describedby=\"caption-attachment-233\" style=\"width: 300px\" class=\"wp-caption alignnone\"><img loading=\"lazy\" decoding=\"async\" class=\"size-medium wp-image-233\" src=\"https:\/\/xedaptwitter.com.vn\/wp-content\/uploads\/2024\/04\/DSC03627-Large-300x300.jpeg\" alt=\"\" width=\"300\" height=\"300\" srcset=\"https:\/\/xedaptwitter.com.vn\/wp-content\/uploads\/2024\/04\/DSC03627-Large-300x300.jpeg 300w, https:\/\/xedaptwitter.com.vn\/wp-content\/uploads\/2024\/04\/DSC03627-Large-1024x1024.jpeg 1024w, https:\/\/xedaptwitter.com.vn\/wp-content\/uploads\/2024\/04\/DSC03627-Large-150x150.jpeg 150w, https:\/\/xedaptwitter.com.vn\/wp-content\/uploads\/2024\/04\/DSC03627-Large-768x768.jpeg 768w, https:\/\/xedaptwitter.com.vn\/wp-content\/uploads\/2024\/04\/DSC03627-Large-600x600.jpeg 600w, https:\/\/xedaptwitter.com.vn\/wp-content\/uploads\/2024\/04\/DSC03627-Large-100x100.jpeg 100w, https:\/\/xedaptwitter.com.vn\/wp-content\/uploads\/2024\/04\/DSC03627-Large.jpeg 1280w\" sizes=\"auto, (max-width: 300px) 100vw, 300px\" \/><figcaption id=\"caption-attachment-233\" class=\"wp-caption-text\">Twitter Leopard Pro<\/figcaption><\/figure>\n<p>Ch\u1ea5t l\u01b0\u1ee3ng ho\u00e0n thi\u1ec7n s\u1eafc n\u00e9t c\u1ee7a Twitter c\u00f9ng v\u1edbi <strong>Gi\u00e1 b\u00e1n qu\u00e1 h\u1ee3p l\u00fd<\/strong> th\u00ec c\u00e0ng cho <strong>Twitter Leopard Pro<\/strong> c\u00e0ng th\u00eam c\u00f3 nhi\u1ec1u Fans xe \u0111\u1ea1p y\u00ean m\u1ebfn.<\/p>\n<p>Li\u00ean h\u1ec7 Twitter lu\u00f4n c\u00f3 m\u1ee9c gi\u00e1 v\u00e0 khuy\u1ebfn m\u00e3i t\u1ed1t nh\u1ea5t cho <em><strong>Twitter Leopard Pro 2024<\/strong><\/em>.<\/p>\n<p>Hotline t\u01b0 v\u1ea5n: <b>0916.504.228<\/b><\/p>\n","protected":false},"excerpt":{"rendered":"<p><strong>Twitter Leopard Pro RS-30 2024<\/strong><\/p>\n<ul>\n<li><strong>Khung Carbon Fiber<\/strong>: si\u00eau nh\u1eb9<\/li>\n<li><strong>Phanh \u0111\u0129a Thu\u1ef7 l\u1ef1c:<\/strong> Shimano MT200<\/li>\n<li>B\u1ed9 Groupset Retrospec V5010-3*10S: <strong>30 c\u1ea5p<\/strong><\/li>\n<li>Tr\u1ecdng l\u01b0\u1ee3ng: 12.3 kg<\/li>\n<li><strong>Gi\u1ea3m s\u1ed1c Phu\u1ed9c H\u01a1i<\/strong> v\u1edbi \u0110i\u1ec1u khi\u1ec3n H\u00e0nh tr\u00ecnh tr\u00ean Ghi-\u0111\u00f4ng<\/li>\n<li><strong>L\u1ed1p:<\/strong> Inova Pro 27.5 x 2.25<\/li>\n<\/ul>\n","protected":false},"featured_media":230,"comment_status":"open","ping_status":"closed","template":"","meta":{"site-sidebar-layout":"default","site-content-layout":"","ast-site-content-layout":"default","site-content-style":"default","site-sidebar-style":"default","ast-global-header-display":"","ast-banner-title-visibility":"","ast-main-header-display":"","ast-hfb-above-header-display":"","ast-hfb-below-header-display":"","ast-hfb-mobile-header-display":"disabled","site-post-title":"","ast-breadcrumbs-content":"","ast-featured-img":"","footer-sml-layout":"","theme-transparent-header-meta":"default","adv-header-id-meta":"","stick-header-meta":"","header-above-stick-meta":"","header-main-stick-meta":"","header-below-stick-meta":"","astra-migrate-meta-layouts":"set","ast-page-background-enabled":"default","ast-page-background-meta":{"desktop":{"background-color":"var(--ast-global-color-4)","background-image":"","background-repeat":"repeat","background-position":"center center","background-size":"auto","background-attachment":"scroll","background-type":"","background-media":"","overlay-type":"","overlay-color":"","overlay-gradient":""},"tablet":{"background-color":"","background-image":"","background-repeat":"repeat","background-position":"center center","background-size":"auto","background-attachment":"scroll","background-type":"","background-media":"","overlay-type":"","overlay-color":"","overlay-gradient":""},"mobile":{"background-color":"","background-image":"","background-repeat":"repeat","background-position":"center center","background-size":"auto","background-attachment":"scroll","background-type":"","background-media":"","overlay-type":"","overlay-color":"","overlay-gradient":""}},"ast-content-background-meta":{"desktop":{"background-color":"var(--ast-global-color-5)","background-image":"","background-repeat":"repeat","background-position":"center center","background-size":"auto","background-attachment":"scroll","background-type":"","background-media":"","overlay-type":"","overlay-color":"","overlay-gradient":""},"tablet":{"background-color":"var(--ast-global-color-5)","background-image":"","background-repeat":"repeat","background-position":"center center","background-size":"auto","background-attachment":"scroll","background-type":"","background-media":"","overlay-type":"","overlay-color":"","overlay-gradient":""},"mobile":{"background-color":"var(--ast-global-color-5)","background-image":"","background-repeat":"repeat","background-position":"center center","background-size":"auto","background-attachment":"scroll","background-type":"","background-media":"","overlay-type":"","overlay-color":"","overlay-gradient":""}}},"product_cat":[16,17],"product_tag":[19],"class_list":{"0":"post-229","1":"product","2":"type-product","3":"status-publish","4":"has-post-thumbnail","6":"product_cat-twitter-mtb","7":"product_cat-twitter-tay-ngang","8":"product_tag-twitter-leopard","9":"desktop-align-left","10":"tablet-align-left","11":"mobile-align-left","13":"first","14":"instock","15":"sale","16":"shipping-taxable","17":"purchasable","18":"product-type-simple"},"jetpack_sharing_enabled":true,"_links":{"self":[{"href":"https:\/\/xedaptwitter.com.vn\/index.php?rest_route=\/wp\/v2\/product\/229","targetHints":{"allow":["GET"]}}],"collection":[{"href":"https:\/\/xedaptwitter.com.vn\/index.php?rest_route=\/wp\/v2\/product"}],"about":[{"href":"https:\/\/xedaptwitter.com.vn\/index.php?rest_route=\/wp\/v2\/types\/product"}],"replies":[{"embeddable":true,"href":"https:\/\/xedaptwitter.com.vn\/index.php?rest_route=%2Fwp%2Fv2%2Fcomments&post=229"}],"wp:featuredmedia":[{"embeddable":true,"href":"https:\/\/xedaptwitter.com.vn\/index.php?rest_route=\/wp\/v2\/media\/230"}],"wp:attachment":[{"href":"https:\/\/xedaptwitter.com.vn\/index.php?rest_route=%2Fwp%2Fv2%2Fmedia&parent=229"}],"wp:term":[{"taxonomy":"product_cat","embeddable":true,"href":"https:\/\/xedaptwitter.com.vn\/index.php?rest_route=%2Fwp%2Fv2%2Fproduct_cat&post=229"},{"taxonomy":"product_tag","embeddable":true,"href":"https:\/\/xedaptwitter.com.vn\/index.php?rest_route=%2Fwp%2Fv2%2Fproduct_tag&post=229"}],"curies":[{"name":"wp","href":"https:\/\/api.w.org\/{rel}","templated":true}]}}