{"id":1243,"date":"2026-02-02T09:22:55","date_gmt":"2026-02-02T02:22:55","guid":{"rendered":"https:\/\/xedaptwitter.com.vn\/?post_type=product&#038;p=1243"},"modified":"2026-04-06T08:41:25","modified_gmt":"2026-04-06T01:41:25","slug":"twitter-t10-pro-max-mau-cam-full-carbon-shimano-105","status":"publish","type":"product","link":"https:\/\/xedaptwitter.com.vn\/?product=twitter-t10-pro-max-mau-cam-full-carbon-shimano-105","title":{"rendered":"Xe \u0111\u1ea1p Road Twitter T10 Pro Max Shimano 105 Full Carbon m\u00e0u cam"},"content":{"rendered":"<h1>Twitter T10 Pro Max: chi\u1ebfc xe \u0111\u1ea1p \u0111ua Full Carbon<\/h1>\n<p>Twitter T10 Pro Max th\u00ec \u0111\u00e3 qu\u00e1 ph\u1ed5 bi\u1ebfn cho ng\u01b0\u1eddi y\u00eau xe \u0111\u1ea1p \u0111ua r\u1ed3i. \u0110\u1eb7c bi\u1ec7t chi\u1ebfc xe n\u00e0y ch\u00ednh l\u00e0 ph\u00e2n kh\u00fac ho\u00e0n m\u1ef9 nh\u1ea5t cho anh, thi\u1ebft k\u1ebf th\u1ec3 thao, ch\u1ea5t li\u1ec7u Full carbon, b\u1ed9 chuy\u1ec3n \u0111\u1ed9ng cao c\u1ea5p 2 m\u00f3n Shimano 105 R7100\/R7000.<\/p>\n<p style=\"font-size: 16px; font-style: normal; font-weight: 400;\"><img loading=\"lazy\" decoding=\"async\" class=\"wp-image-915 size-large aligncenter\" src=\"https:\/\/xedaptwitter.com.vn\/wp-content\/uploads\/2026\/01\/z7455730854313_25d922349eb33138e3e253992566927f-768x1024.jpg\" alt=\"\" width=\"768\" height=\"1024\" \/><\/p>\n<h2><span id=\"Kham_Pha_Twitter_R12_%E2%80%93_Chiec_Xe_Dap_Dang_Mo_Uoc\" class=\"ez-toc-section\"><\/span>Kh\u00e1m Ph\u00e1 Twitter T10 Pro Max \u2013 Chi\u1ebfc Xe \u0110\u1ea1p xu\u1ea5t s\u1eafc nh\u1ea5t ph\u00e2n kh\u00fac<\/h2>\n<p>Twitter T10 Pro Max \u0111\u00e3 kh\u1eb3ng \u0111\u1ecbnh v\u1ecb th\u1ebf c\u1ee7a m\u00ecnh trong l\u00f2ng nh\u1eefng t\u00edn \u0111\u1ed3 xe \u0111\u1ea1p \u0111ua nh\u1edd thi\u1ebft k\u1ebf hi\u1ec7n \u0111\u1ea1i, tr\u1ea3i nghi\u1ec7m v\u01b0\u1ee3t tr\u1ed9i v\u00e0 \u0111\u1ed9 b\u1ec1n b\u1ec9 c\u00f9ng b\u1ed9 chuy\u1ec3n \u0111\u1ed9ng cao c\u1ea5p Shimano 105<\/p>\n<h3 style=\"font-style: normal;\"><img loading=\"lazy\" decoding=\"async\" class=\"aligncenter wp-image-919 size-large\" style=\"font-size: 16px; font-weight: inherit;\" src=\"https:\/\/xedaptwitter.com.vn\/wp-content\/uploads\/2026\/01\/z7455730824149_ed28656d6d2d23f9303d1cdf1e4bceed-768x1024.jpg\" alt=\"\" width=\"768\" height=\"1024\" srcset=\"https:\/\/xedaptwitter.com.vn\/wp-content\/uploads\/2026\/01\/z7455730824149_ed28656d6d2d23f9303d1cdf1e4bceed-768x1024.jpg 768w, https:\/\/xedaptwitter.com.vn\/wp-content\/uploads\/2026\/01\/z7455730824149_ed28656d6d2d23f9303d1cdf1e4bceed-225x300.jpg 225w, https:\/\/xedaptwitter.com.vn\/wp-content\/uploads\/2026\/01\/z7455730824149_ed28656d6d2d23f9303d1cdf1e4bceed-600x800.jpg 600w, https:\/\/xedaptwitter.com.vn\/wp-content\/uploads\/2026\/01\/z7455730824149_ed28656d6d2d23f9303d1cdf1e4bceed.jpg 960w\" sizes=\"auto, (max-width: 768px) 100vw, 768px\" \/><\/h3>\n<p>V\u1edbi khung s\u01b0\u1eddn Carbon si\u00eau nh\u1eb9, Phanh \u0111\u0129a d\u1ea7u thu\u1ef7 l\u1ef1c ch\u1ea5t l\u01b0\u1ee3ng v\u00e0 b\u1ed9 Groupset cao c\u1ea5p, Twitter T10 Pro Max mang \u0111\u1ebfn tr\u1ea3i nghi\u1ec7m \u0111\u1ea1p xe tuy\u1ec7t v\u1eddi cho ng\u01b0\u1eddi d\u00f9ng.<\/p>\n<p>H\u00e3y c\u00f9ng kh\u00e1m ph\u00e1 nh\u1eefng \u0111i\u1ec3m \u0111\u1eb7c bi\u1ec7t c\u1ee7a Twitter T10 Pro Max v\u00e0 l\u00fd do t\u1ea1i sao n\u00f3 l\u00e0 tr\u1edf th\u00e0nh m\u1eabu xe \u0111\u01b0\u1ee3c s\u0103n \u0111\u00f3n h\u00e0ng \u0111\u1ea7u c\u1ee7a d\u00f2ng xe \u0111\u1ea1p \u0111ua Twitter Carbon.<\/p>\n<p>&nbsp;<\/p>\n<h2>Thi\u1ebft K\u1ebf T\u1ed1i \u01afu Cho Hi\u1ec7u Su\u1ea5t T\u1ed1i \u0110a<\/h2>\n<h3>Khung S\u01b0\u1eddn Carbon Fiber<\/h3>\n<p>Khung s\u01b0\u1eddn carbon fiber c\u1ee7a Twitter T10 Pro Max\u00a0l\u00e0 m\u1ed9t trong nh\u1eefng \u0111i\u1ec3m n\u1ed5i b\u1eadt nh\u1ea5t c\u1ee7a m\u1eabu xe n\u00e0y. Nh\u1edd v\u00e0o ch\u1ea5t li\u1ec7u carbon si\u00eau nh\u1eb9, khung s\u01b0\u1eddn gi\u00fap gi\u1ea3m tr\u1ecdng l\u01b0\u1ee3ng t\u1ed5ng th\u1ec3 c\u1ee7a xe xu\u1ed1ng ch\u1ec9 c\u00f2n 8.5 kg.<\/p>\n<p><img loading=\"lazy\" decoding=\"async\" class=\"alignnone wp-image-915 size-large\" src=\"https:\/\/xedaptwitter.com.vn\/wp-content\/uploads\/2026\/01\/z7455730854313_25d922349eb33138e3e253992566927f-768x1024.jpg\" alt=\"\" width=\"768\" height=\"1024\" \/><\/p>\n<p>Kh\u00f4ng ch\u1ec9 nh\u1eb9 nh\u00e0ng, khung carbon c\u00f2n mang l\u1ea1i \u0111\u1ed9 c\u1ee9n<span style=\"font-size: 16px;\">g c\u00e1p v\u00e0 kh\u1ea3 n\u0103ng ch\u1ecbu l\u1ef1c t\u1ed1t, gi\u00fap xe \u1ed5n \u0111\u1ecbnh h\u01a1n khi di chuy\u1ec3n \u1edf t\u1ed1c \u0111\u1ed9 cao.<\/span><\/p>\n<p>&nbsp;<\/p>\n<h3>TWITTER T10 PRO MAX TRANG B\u1eca C\u1eb6P V\u00c0NH CARBON<\/h3>\n<p>C\u1eb7p v\u00e0nh carbon cao c\u1ea5p c\u1ee7a Retrospec cao 6cm \u0111\u1ea3m b\u1ea3o cho anh em 1 chi\u1ebfc xe v\u1eeba nh\u1eb9, v\u1eeba \u0111\u1eb9p m\u00e0 v\u1eeba \u0111\u1eb3ng c\u1ea5p. V\u1edbi tr\u1ecdng l\u01b0\u1ee3ng nh\u1eb9 h\u01a1n v\u00e0nh nh\u00f4m, chi\u1ebfc xe \u0111em l\u1ea1i tr\u1ea3i nghi\u1ec7m x\u00e9 gi\u00f3 cho c\u00e1c anh em t\u1eeb t\u1eadp th\u1ec3 d\u1ee5c cho \u0111\u1ebfn \u0111\u1ea1p \u0111ua.<\/p>\n<p>&nbsp;<\/p>\n<h3><img loading=\"lazy\" decoding=\"async\" class=\"aligncenter wp-image-915 size-full\" style=\"font-size: 16px; font-weight: inherit;\" src=\"https:\/\/xedaptwitter.com.vn\/wp-content\/uploads\/2026\/01\/z7455730854313_25d922349eb33138e3e253992566927f-e1769998903721.jpg\" alt=\"\" width=\"462\" height=\"694\" \/><\/h3>\n<h3><strong>C\u1ea4U H\u00ccNH CHI TI\u1ebeT<\/strong><\/h3>\n<p>\u2022 Ch\u1ea5t li\u1ec7u khung: Carbon T800\u00a0si\u00eau nh\u1eb9 module<br \/>\n\u2022 Ghi \u0111\u00f4ng\/potag: Li\u1ec1n kh\u1ed1i Carbon 3K<br \/>\n\u2022 C\u1eb7p v\u00e0nh: V\u00e0nh Carbon l\u01b0\u1edbt s\u00f3ng Carbon 3K, 6cm<br \/>\n\u2022 Lo\u1ea1i phanh: Phanh \u0111\u0129a d\u1ea7u thu\u1ef7 l\u1ef1c<br \/>\n\u2022 Phu\u1ed9c gi\u1ea3m x\u00f3c: Carbon T800\u00a0si\u00eau nh\u1eb9 module cao<br \/>\n\u2022 L\u00edp: Shimano 105 R7000 11-34T 12 t\u1ea7ng<br \/>\n\u2022 Gi\u00f2 \u0111\u0129a: PR1 34\/50T, tr\u1ee5c r\u1ed7ng<br \/>\n\u2022 Tay \u0111\u1ec1: Retrosepc<br \/>\n\u2022 \u0110\u1ec1 tr\u01b0\u1edbc: Shimano 105 R7000 2S<br \/>\n\u2022 \u0110\u1ec1 sau: Shimano 105 R7100 12S<br \/>\n\u2022 T\u1ed1c \u0111\u1ed9: 24<br \/>\n\u2022 K\u00edch c\u1ee1 b\u00e1nh xe: 700<br \/>\n\u2022 L\u1ed1p xe: Vi\u1ec1n ph\u1ea3n quang 700x28C<br \/>\n\u2022 D\u00e2y \u00e2m s\u01b0\u1eddn: C\u00f3<\/p>\n<p><img loading=\"lazy\" decoding=\"async\" class=\"alignnone size-medium wp-image-917\" src=\"https:\/\/xedaptwitter.com.vn\/wp-content\/uploads\/2026\/01\/z7455730805686_0e299dc836b4a7f969b03e1341ccbec0-225x300.jpg\" alt=\"\" width=\"225\" height=\"300\" srcset=\"https:\/\/xedaptwitter.com.vn\/wp-content\/uploads\/2026\/01\/z7455730805686_0e299dc836b4a7f969b03e1341ccbec0-225x300.jpg 225w, https:\/\/xedaptwitter.com.vn\/wp-content\/uploads\/2026\/01\/z7455730805686_0e299dc836b4a7f969b03e1341ccbec0-768x1024.jpg 768w, https:\/\/xedaptwitter.com.vn\/wp-content\/uploads\/2026\/01\/z7455730805686_0e299dc836b4a7f969b03e1341ccbec0-600x800.jpg 600w, https:\/\/xedaptwitter.com.vn\/wp-content\/uploads\/2026\/01\/z7455730805686_0e299dc836b4a7f969b03e1341ccbec0.jpg 960w\" sizes=\"auto, (max-width: 225px) 100vw, 225px\" \/> <img loading=\"lazy\" decoding=\"async\" class=\"alignnone size-medium wp-image-918\" src=\"https:\/\/xedaptwitter.com.vn\/wp-content\/uploads\/2026\/01\/z7455730816417_a8ca5f3fe9e10cb210afa5407609138f-225x300.jpg\" alt=\"\" width=\"225\" height=\"300\" srcset=\"https:\/\/xedaptwitter.com.vn\/wp-content\/uploads\/2026\/01\/z7455730816417_a8ca5f3fe9e10cb210afa5407609138f-225x300.jpg 225w, https:\/\/xedaptwitter.com.vn\/wp-content\/uploads\/2026\/01\/z7455730816417_a8ca5f3fe9e10cb210afa5407609138f-768x1024.jpg 768w, https:\/\/xedaptwitter.com.vn\/wp-content\/uploads\/2026\/01\/z7455730816417_a8ca5f3fe9e10cb210afa5407609138f-600x800.jpg 600w, https:\/\/xedaptwitter.com.vn\/wp-content\/uploads\/2026\/01\/z7455730816417_a8ca5f3fe9e10cb210afa5407609138f.jpg 960w\" sizes=\"auto, (max-width: 225px) 100vw, 225px\" \/><\/p>\n<p>H\u00e3y \u0111\u1ebfn c\u1eeda h\u00e0ng g\u1ea7n nh\u1ea5t c\u1ee7a Xe \u0111\u1ea1p Twitter ho\u1eb7c truy c\u1eadp website c\u1ee7a ch\u00fang t\u00f4i \u0111\u1ec3 s\u1edf h\u1eefu ngay Twitter T10 Pro Max v\u00e0 b\u1eaft \u0111\u1ea7u nh\u1eefng cu\u1ed9c phi\u00eau l\u01b0u \u0111\u1ea7y th\u00fa v\u1ecb!<\/p>\n<p>Mua h\u00e0ng t\u1ea1i Xe \u0111\u1ea1p Twitter s\u1ebd lu\u00f4n c\u00f3 Gi\u00e1 \u01b0u \u0111\u00e3i t\u1ed1t nh\u1ea5t.<\/p>\n<p>Zalo: <strong>0916.504.228<\/strong><\/p>\n","protected":false},"excerpt":{"rendered":"<p>Twitter T10 Pro Max: chi\u1ebfc xe \u0111\u1ea1p \u0111ua Full Carbon Twitter T10 Pro Max th\u00ec \u0111\u00e3 qu\u00e1 ph\u1ed5 bi\u1ebfn cho [&hellip;]<\/p>\n","protected":false},"featured_media":1304,"comment_status":"closed","ping_status":"closed","template":"","meta":{"site-sidebar-layout":"default","site-content-layout":"","ast-site-content-layout":"default","site-content-style":"default","site-sidebar-style":"default","ast-global-header-display":"","ast-banner-title-visibility":"","ast-main-header-display":"","ast-hfb-above-header-display":"","ast-hfb-below-header-display":"","ast-hfb-mobile-header-display":"","site-post-title":"","ast-breadcrumbs-content":"","ast-featured-img":"","footer-sml-layout":"","theme-transparent-header-meta":"default","adv-header-id-meta":"","stick-header-meta":"","header-above-stick-meta":"","header-main-stick-meta":"","header-below-stick-meta":"","astra-migrate-meta-layouts":"set","ast-page-background-enabled":"default","ast-page-background-meta":{"desktop":{"background-color":"var(--ast-global-color-4)","background-image":"","background-repeat":"repeat","background-position":"center center","background-size":"auto","background-attachment":"scroll","background-type":"","background-media":"","overlay-type":"","overlay-color":"","overlay-gradient":""},"tablet":{"background-color":"","background-image":"","background-repeat":"repeat","background-position":"center center","background-size":"auto","background-attachment":"scroll","background-type":"","background-media":"","overlay-type":"","overlay-color":"","overlay-gradient":""},"mobile":{"background-color":"","background-image":"","background-repeat":"repeat","background-position":"center center","background-size":"auto","background-attachment":"scroll","background-type":"","background-media":"","overlay-type":"","overlay-color":"","overlay-gradient":""}},"ast-content-background-meta":{"desktop":{"background-color":"var(--ast-global-color-5)","background-image":"","background-repeat":"repeat","background-position":"center center","background-size":"auto","background-attachment":"scroll","background-type":"","background-media":"","overlay-type":"","overlay-color":"","overlay-gradient":""},"tablet":{"background-color":"var(--ast-global-color-5)","background-image":"","background-repeat":"repeat","background-position":"center center","background-size":"auto","background-attachment":"scroll","background-type":"","background-media":"","overlay-type":"","overlay-color":"","overlay-gradient":""},"mobile":{"background-color":"var(--ast-global-color-5)","background-image":"","background-repeat":"repeat","background-position":"center center","background-size":"auto","background-attachment":"scroll","background-type":"","background-media":"","overlay-type":"","overlay-color":"","overlay-gradient":""}}},"product_cat":[27],"product_tag":[86,64],"class_list":{"0":"post-1243","1":"product","2":"type-product","3":"status-publish","4":"has-post-thumbnail","6":"product_cat-twitter-tay-cong","7":"product_tag-twitter-t10-pro-cam","8":"product_tag-twitter-t10-pro-max","9":"desktop-align-left","10":"tablet-align-left","11":"mobile-align-left","13":"first","14":"instock","15":"sale","16":"shipping-taxable","17":"purchasable","18":"product-type-simple"},"jetpack_sharing_enabled":true,"_links":{"self":[{"href":"https:\/\/xedaptwitter.com.vn\/index.php?rest_route=\/wp\/v2\/product\/1243","targetHints":{"allow":["GET"]}}],"collection":[{"href":"https:\/\/xedaptwitter.com.vn\/index.php?rest_route=\/wp\/v2\/product"}],"about":[{"href":"https:\/\/xedaptwitter.com.vn\/index.php?rest_route=\/wp\/v2\/types\/product"}],"replies":[{"embeddable":true,"href":"https:\/\/xedaptwitter.com.vn\/index.php?rest_route=%2Fwp%2Fv2%2Fcomments&post=1243"}],"wp:featuredmedia":[{"embeddable":true,"href":"https:\/\/xedaptwitter.com.vn\/index.php?rest_route=\/wp\/v2\/media\/1304"}],"wp:attachment":[{"href":"https:\/\/xedaptwitter.com.vn\/index.php?rest_route=%2Fwp%2Fv2%2Fmedia&parent=1243"}],"wp:term":[{"taxonomy":"product_cat","embeddable":true,"href":"https:\/\/xedaptwitter.com.vn\/index.php?rest_route=%2Fwp%2Fv2%2Fproduct_cat&post=1243"},{"taxonomy":"product_tag","embeddable":true,"href":"https:\/\/xedaptwitter.com.vn\/index.php?rest_route=%2Fwp%2Fv2%2Fproduct_tag&post=1243"}],"curies":[{"name":"wp","href":"https:\/\/api.w.org\/{rel}","templated":true}]}}