{"id":1197,"date":"2026-01-30T10:35:15","date_gmt":"2026-01-30T03:35:15","guid":{"rendered":"https:\/\/xedaptwitter.com.vn\/?post_type=product&#038;p=1197"},"modified":"2026-02-03T14:48:52","modified_gmt":"2026-02-03T07:48:52","slug":"xe-tro-luc-twitter-em19","status":"publish","type":"product","link":"https:\/\/xedaptwitter.com.vn\/?product=xe-tro-luc-twitter-em19","title":{"rendered":"Xe \u0111\u1ea1p tr\u1ee3 l\u1ef1c tr\u1ee5c gi\u1eefa Twitter EM19 &#8211; Bafang HD820"},"content":{"rendered":"<div class=\"xdj266r x14z9mp xat24cr x1lziwak x1vvkbs x126k92a\">\n<div dir=\"auto\">TWITTER\/CYCTRAC EM19 \u2013 E-MTB Cao C\u1ea5p (S\u1ed1 l\u01b0\u1ee3ng c\u00f3 h\u1ea1n)<\/div>\n<div dir=\"auto\">\u00a0<img loading=\"lazy\" decoding=\"async\" class=\"alignnone wp-image-1203 size-large\" src=\"https:\/\/xedaptwitter.com.vn\/wp-content\/uploads\/2026\/01\/575171416_1299068735569129_678328668094209986_n-768x1024.jpg\" alt=\"\" width=\"768\" height=\"1024\" srcset=\"https:\/\/xedaptwitter.com.vn\/wp-content\/uploads\/2026\/01\/575171416_1299068735569129_678328668094209986_n-768x1024.jpg 768w, https:\/\/xedaptwitter.com.vn\/wp-content\/uploads\/2026\/01\/575171416_1299068735569129_678328668094209986_n-225x300.jpg 225w, https:\/\/xedaptwitter.com.vn\/wp-content\/uploads\/2026\/01\/575171416_1299068735569129_678328668094209986_n-1152x1536.jpg 1152w, https:\/\/xedaptwitter.com.vn\/wp-content\/uploads\/2026\/01\/575171416_1299068735569129_678328668094209986_n-600x800.jpg 600w, https:\/\/xedaptwitter.com.vn\/wp-content\/uploads\/2026\/01\/575171416_1299068735569129_678328668094209986_n.jpg 1536w\" sizes=\"auto, (max-width: 768px) 100vw, 768px\" \/><\/div>\n<\/div>\n<div class=\"x14z9mp xat24cr x1lziwak x1vvkbs xtlvy1s x126k92a\">\n<div dir=\"auto\">\u2022 Khung carbon High Modulus EM19<\/div>\n<div dir=\"auto\">\u2022 C\u00e0ng phu\u1ed9c h\u01a1i Magie, kho\u00e1 c\u01a1, h\u00e0nh tr\u00ecnh 150mm, tr\u1ee5c boost 15\u00d7110<\/div>\n<div dir=\"auto\">\u2022 Ghi \u0111\u00f4ng &amp; c\u1ecdc y\u00ean h\u1ee3p kim RS<\/div>\n<div dir=\"auto\">\u2022 B\u1ed9 truy\u1ec1n \u0111\u1ed9ng Shimano Deore M6100 \u2013 12 t\u1ed1c \u0111\u1ed9<\/div>\n<div dir=\"auto\">\u2022 \u0110\u00f9i \u0111\u0129a 34T chuy\u00ean mid-motor<\/div>\n<div dir=\"auto\">\u2022 L\u00edp Sunshine 11-50T, x\u00edch SUMC 12s<\/div>\n<div dir=\"auto\">\u2022 Phanh d\u1ea7u TEKTRO M535 \u2013 4 piston, \u0111\u0129a 203\/180mm<\/div>\n<div dir=\"auto\">\u2022 V\u00e0nh nh\u00f4m RS, \u0111\u00f9m b\u1ea1c \u0111\u1ea1n k\u00edn<\/div>\n<div dir=\"auto\">\u2022 L\u1ed1p Maxxis 29\/27.5 \u00d7 2.4<\/div>\n<div dir=\"auto\">\u2022 Pedal CNC bi b\u1ea1c \u0111\u1ea1n<\/div>\n<\/div>\n<div class=\"x14z9mp xat24cr x1lziwak x1vvkbs xtlvy1s x126k92a\">\n<div dir=\"auto\">H\u1ec7 th\u1ed1ng tr\u1ee3 l\u1ef1c:<\/div>\n<div dir=\"auto\">\u2022 \u0110\u1ed9ng c\u01a1 Bafang M820 mid-drive \u2013 250W, torque t\u1ed1i \u0111a 95Nm<\/div>\n<div dir=\"auto\">\u2022 C\u1ea3m momen xo\u1eafn + t\u1ed1c \u0111\u1ed9 (Torque + Speed)<\/div>\n<div dir=\"auto\">\u2022 M\u00e0n h\u00ecnh Bafang C245 LCD<\/div>\n<\/div>\n<div class=\"x14z9mp xat24cr x1lziwak x1vvkbs xtlvy1s x126k92a\">\n<div dir=\"auto\">Pin &amp; s\u1ea1c:<\/div>\n<div dir=\"auto\">\u2022 Pin Samsung 21700, 720Wh \u2013 36V 20Ah \/ 48V 15Ah<\/div>\n<div dir=\"auto\">\u2022 T\u1ea7m ho\u1ea1t \u0111\u1ed9ng 130-150km<\/div>\n<div dir=\"auto\">\u2022 S\u1ea1c 3A, 6-7 gi\u1edd<\/div>\n<\/div>\n<div class=\"x14z9mp xat24cr x1lziwak x1vvkbs xtlvy1s x126k92a\">\n<div dir=\"auto\">Th\u00f4ng s\u1ed1 kh\u00e1c:<\/div>\n<div dir=\"auto\">\u2022 Tr\u1ecdng l\u01b0\u1ee3ng: ~20.5kg<\/div>\n<div dir=\"auto\">\u2022 Ch\u1ed1ng n\u01b0\u1edbc: IPX6<\/div>\n<div dir=\"auto\">\u2022 T\u1ea3i tr\u1ecdng: 130kg<\/div>\n<div dir=\"auto\"><img loading=\"lazy\" decoding=\"async\" class=\"alignnone wp-image-1202 size-large\" src=\"https:\/\/xedaptwitter.com.vn\/wp-content\/uploads\/2026\/01\/577463547_1299068782235791_3823902750921455736_n-768x1024.jpg\" alt=\"\" width=\"768\" height=\"1024\" srcset=\"https:\/\/xedaptwitter.com.vn\/wp-content\/uploads\/2026\/01\/577463547_1299068782235791_3823902750921455736_n-768x1024.jpg 768w, https:\/\/xedaptwitter.com.vn\/wp-content\/uploads\/2026\/01\/577463547_1299068782235791_3823902750921455736_n-225x300.jpg 225w, https:\/\/xedaptwitter.com.vn\/wp-content\/uploads\/2026\/01\/577463547_1299068782235791_3823902750921455736_n-1152x1536.jpg 1152w, https:\/\/xedaptwitter.com.vn\/wp-content\/uploads\/2026\/01\/577463547_1299068782235791_3823902750921455736_n-600x800.jpg 600w, https:\/\/xedaptwitter.com.vn\/wp-content\/uploads\/2026\/01\/577463547_1299068782235791_3823902750921455736_n.jpg 1536w\" sizes=\"auto, (max-width: 768px) 100vw, 768px\" \/> <img loading=\"lazy\" decoding=\"async\" class=\"alignnone wp-image-1201 size-large\" src=\"https:\/\/xedaptwitter.com.vn\/wp-content\/uploads\/2026\/01\/575172165_1299068788902457_4549815766572173130_n-768x1024.jpg\" alt=\"\" width=\"768\" height=\"1024\" srcset=\"https:\/\/xedaptwitter.com.vn\/wp-content\/uploads\/2026\/01\/575172165_1299068788902457_4549815766572173130_n-768x1024.jpg 768w, https:\/\/xedaptwitter.com.vn\/wp-content\/uploads\/2026\/01\/575172165_1299068788902457_4549815766572173130_n-225x300.jpg 225w, https:\/\/xedaptwitter.com.vn\/wp-content\/uploads\/2026\/01\/575172165_1299068788902457_4549815766572173130_n-1152x1536.jpg 1152w, https:\/\/xedaptwitter.com.vn\/wp-content\/uploads\/2026\/01\/575172165_1299068788902457_4549815766572173130_n-600x800.jpg 600w, https:\/\/xedaptwitter.com.vn\/wp-content\/uploads\/2026\/01\/575172165_1299068788902457_4549815766572173130_n.jpg 1536w\" sizes=\"auto, (max-width: 768px) 100vw, 768px\" \/> <img loading=\"lazy\" decoding=\"async\" class=\"alignnone wp-image-1200 size-large\" src=\"https:\/\/xedaptwitter.com.vn\/wp-content\/uploads\/2026\/01\/577056300_1299068808902455_6739487450614264219_n-768x1024.jpg\" alt=\"\" width=\"768\" height=\"1024\" srcset=\"https:\/\/xedaptwitter.com.vn\/wp-content\/uploads\/2026\/01\/577056300_1299068808902455_6739487450614264219_n-768x1024.jpg 768w, https:\/\/xedaptwitter.com.vn\/wp-content\/uploads\/2026\/01\/577056300_1299068808902455_6739487450614264219_n-225x300.jpg 225w, https:\/\/xedaptwitter.com.vn\/wp-content\/uploads\/2026\/01\/577056300_1299068808902455_6739487450614264219_n-1152x1536.jpg 1152w, https:\/\/xedaptwitter.com.vn\/wp-content\/uploads\/2026\/01\/577056300_1299068808902455_6739487450614264219_n-600x800.jpg 600w, https:\/\/xedaptwitter.com.vn\/wp-content\/uploads\/2026\/01\/577056300_1299068808902455_6739487450614264219_n.jpg 1536w\" sizes=\"auto, (max-width: 768px) 100vw, 768px\" \/> <img loading=\"lazy\" decoding=\"async\" class=\"alignnone wp-image-1199 size-large\" src=\"https:\/\/xedaptwitter.com.vn\/wp-content\/uploads\/2026\/01\/574900853_1299068742235795_504386600535314481_n-768x1024.jpg\" alt=\"\" width=\"768\" height=\"1024\" srcset=\"https:\/\/xedaptwitter.com.vn\/wp-content\/uploads\/2026\/01\/574900853_1299068742235795_504386600535314481_n-768x1024.jpg 768w, https:\/\/xedaptwitter.com.vn\/wp-content\/uploads\/2026\/01\/574900853_1299068742235795_504386600535314481_n-225x300.jpg 225w, https:\/\/xedaptwitter.com.vn\/wp-content\/uploads\/2026\/01\/574900853_1299068742235795_504386600535314481_n-1152x1536.jpg 1152w, https:\/\/xedaptwitter.com.vn\/wp-content\/uploads\/2026\/01\/574900853_1299068742235795_504386600535314481_n-600x800.jpg 600w, https:\/\/xedaptwitter.com.vn\/wp-content\/uploads\/2026\/01\/574900853_1299068742235795_504386600535314481_n.jpg 1536w\" sizes=\"auto, (max-width: 768px) 100vw, 768px\" \/><\/div>\n<div dir=\"auto\"><strong>Li\u00ean h\u1ec7: 0916.504.228<\/strong><\/div>\n<\/div>\n","protected":false},"excerpt":{"rendered":"<div class=\"x14z9mp xat24cr x1lziwak x1vvkbs xtlvy1s x126k92a\">\n<div dir=\"auto\">Khung carbon High Modulus EM19<\/div>\n<div dir=\"auto\">\u2022 C\u00e0ng phu\u1ed9c h\u01a1i Magie, kho\u00e1 c\u01a1, h\u00e0nh tr\u00ecnh 150mm, tr\u1ee5c boost 15\u00d7110<\/div>\n<div dir=\"auto\">\u2022 Ghi \u0111\u00f4ng &amp; c\u1ecdc y\u00ean h\u1ee3p kim RS<\/div>\n<div dir=\"auto\">\u2022 B\u1ed9 truy\u1ec1n \u0111\u1ed9ng Shimano Deore M6100 \u2013 12 t\u1ed1c \u0111\u1ed9<\/div>\n<div dir=\"auto\">\u2022 \u0110\u00f9i \u0111\u0129a 34T chuy\u00ean mid-motor<\/div>\n<div dir=\"auto\">\u2022 L\u00edp Sunshine 11-50T, x\u00edch SUMC 12s<\/div>\n<div dir=\"auto\">\u2022 Phanh d\u1ea7u TEKTRO M535 \u2013 4 piston, \u0111\u0129a 203\/180mm<\/div>\n<div dir=\"auto\">\u2022 V\u00e0nh nh\u00f4m RS, \u0111\u00f9m b\u1ea1c \u0111\u1ea1n k\u00edn<\/div>\n<div dir=\"auto\">\u2022 L\u1ed1p Maxxis 29\/27.5 \u00d7 2.4<\/div>\n<div dir=\"auto\">\u2022 Pedal CNC bi b\u1ea1c \u0111\u1ea1n<\/div>\n<\/div>\n<div class=\"x14z9mp xat24cr x1lziwak x1vvkbs xtlvy1s x126k92a\">\n<div dir=\"auto\">H\u1ec7 th\u1ed1ng tr\u1ee3 l\u1ef1c:<\/div>\n<div dir=\"auto\">\u2022 \u0110\u1ed9ng c\u01a1 Bafang M820 mid-drive \u2013 250W, torque t\u1ed1i \u0111a 95Nm<\/div>\n<div dir=\"auto\">\u2022 C\u1ea3m momen xo\u1eafn + t\u1ed1c \u0111\u1ed9 (Torque + Speed)<\/div>\n<div dir=\"auto\">\u2022 M\u00e0n h\u00ecnh Bafang C245 LCD<\/div>\n<\/div>\n<div class=\"x14z9mp xat24cr x1lziwak x1vvkbs xtlvy1s x126k92a\">\n<div dir=\"auto\">Pin &amp; s\u1ea1c:<\/div>\n<div dir=\"auto\">\u2022 Pin Samsung 21700, 720Wh \u2013 36V 20Ah \/ 48V 15Ah<\/div>\n<div dir=\"auto\">\u2022 T\u1ea7m ho\u1ea1t \u0111\u1ed9ng 130-150km<\/div>\n<div dir=\"auto\">\u2022 S\u1ea1c 3A, 6-7 gi\u1edd<\/div>\n<\/div>\n","protected":false},"featured_media":1274,"comment_status":"closed","ping_status":"closed","template":"","meta":{"site-sidebar-layout":"default","site-content-layout":"","ast-site-content-layout":"default","site-content-style":"default","site-sidebar-style":"default","ast-global-header-display":"","ast-banner-title-visibility":"","ast-main-header-display":"","ast-hfb-above-header-display":"","ast-hfb-below-header-display":"","ast-hfb-mobile-header-display":"","site-post-title":"","ast-breadcrumbs-content":"","ast-featured-img":"","footer-sml-layout":"","theme-transparent-header-meta":"default","adv-header-id-meta":"","stick-header-meta":"","header-above-stick-meta":"","header-main-stick-meta":"","header-below-stick-meta":"","astra-migrate-meta-layouts":"set","ast-page-background-enabled":"default","ast-page-background-meta":{"desktop":{"background-color":"var(--ast-global-color-4)","background-image":"","background-repeat":"repeat","background-position":"center center","background-size":"auto","background-attachment":"scroll","background-type":"","background-media":"","overlay-type":"","overlay-color":"","overlay-gradient":""},"tablet":{"background-color":"","background-image":"","background-repeat":"repeat","background-position":"center center","background-size":"auto","background-attachment":"scroll","background-type":"","background-media":"","overlay-type":"","overlay-color":"","overlay-gradient":""},"mobile":{"background-color":"","background-image":"","background-repeat":"repeat","background-position":"center center","background-size":"auto","background-attachment":"scroll","background-type":"","background-media":"","overlay-type":"","overlay-color":"","overlay-gradient":""}},"ast-content-background-meta":{"desktop":{"background-color":"var(--ast-global-color-5)","background-image":"","background-repeat":"repeat","background-position":"center center","background-size":"auto","background-attachment":"scroll","background-type":"","background-media":"","overlay-type":"","overlay-color":"","overlay-gradient":""},"tablet":{"background-color":"var(--ast-global-color-5)","background-image":"","background-repeat":"repeat","background-position":"center center","background-size":"auto","background-attachment":"scroll","background-type":"","background-media":"","overlay-type":"","overlay-color":"","overlay-gradient":""},"mobile":{"background-color":"var(--ast-global-color-5)","background-image":"","background-repeat":"repeat","background-position":"center center","background-size":"auto","background-attachment":"scroll","background-type":"","background-media":"","overlay-type":"","overlay-color":"","overlay-gradient":""}}},"product_cat":[25],"product_tag":[83],"class_list":{"0":"post-1197","1":"product","2":"type-product","3":"status-publish","4":"has-post-thumbnail","6":"product_cat-twitter-dien-tro-luc","7":"product_tag-twitter-em19","8":"desktop-align-left","9":"tablet-align-left","10":"mobile-align-left","12":"first","13":"instock","14":"sale","15":"shipping-taxable","16":"purchasable","17":"product-type-simple"},"jetpack_sharing_enabled":true,"_links":{"self":[{"href":"https:\/\/xedaptwitter.com.vn\/index.php?rest_route=\/wp\/v2\/product\/1197","targetHints":{"allow":["GET"]}}],"collection":[{"href":"https:\/\/xedaptwitter.com.vn\/index.php?rest_route=\/wp\/v2\/product"}],"about":[{"href":"https:\/\/xedaptwitter.com.vn\/index.php?rest_route=\/wp\/v2\/types\/product"}],"replies":[{"embeddable":true,"href":"https:\/\/xedaptwitter.com.vn\/index.php?rest_route=%2Fwp%2Fv2%2Fcomments&post=1197"}],"wp:featuredmedia":[{"embeddable":true,"href":"https:\/\/xedaptwitter.com.vn\/index.php?rest_route=\/wp\/v2\/media\/1274"}],"wp:attachment":[{"href":"https:\/\/xedaptwitter.com.vn\/index.php?rest_route=%2Fwp%2Fv2%2Fmedia&parent=1197"}],"wp:term":[{"taxonomy":"product_cat","embeddable":true,"href":"https:\/\/xedaptwitter.com.vn\/index.php?rest_route=%2Fwp%2Fv2%2Fproduct_cat&post=1197"},{"taxonomy":"product_tag","embeddable":true,"href":"https:\/\/xedaptwitter.com.vn\/index.php?rest_route=%2Fwp%2Fv2%2Fproduct_tag&post=1197"}],"curies":[{"name":"wp","href":"https:\/\/api.w.org\/{rel}","templated":true}]}}