{"id":1195,"date":"2026-01-30T10:28:47","date_gmt":"2026-01-30T03:28:47","guid":{"rendered":"https:\/\/xedaptwitter.com.vn\/?post_type=product&#038;p=1195"},"modified":"2026-02-03T14:51:54","modified_gmt":"2026-02-03T07:51:54","slug":"twitter-c6","status":"publish","type":"product","link":"https:\/\/xedaptwitter.com.vn\/?product=twitter-c6","title":{"rendered":"Xe \u0111\u1ea1p Road Twitter C6 &#8211; Shimano Claris R2000"},"content":{"rendered":"<h1><strong>XE \u0110\u1ea0P \u0110UA TWITTER C6<\/strong><\/h1>\n<div>&#8211; Th\u00f4ng s\u1ed1 chi ti\u1ebft:<br \/>\n\u2022 Khung: Khung nh\u00f4m thi\u1ebft k\u1ebf kh\u00ed \u0111\u1ed9ng h\u1ecdc<br \/>\n\u2022 C\u00e0ng: Carbon 700c<br \/>\n\u2022 B\u1ed9 phanh: C\u1ee5m phanh d\u1ea7u Retrospec<br \/>\n\u2022 Tay \u0111\u1ec1: Shimano Claris R2000 2*8 speed<br \/>\n\u2022 G\u1ea1t \u0111\u0129a: Shimano Claris R2000<br \/>\n\u2022 C\u1ee7 \u0111\u1ec1: Shimano Claris R2000 8 speed<br \/>\n\u2022 \u0110\u00f9i \u0111\u0129a: Tr\u1ee5c r\u1ed7ng 34\/50T<br \/>\n\u2022 L\u00edp: 8 t\u1ea7ng Sugek<br \/>\n\u2022 Tr\u1ee5c gi\u1eefa: C\u1ed1t r\u1ed7ng<br \/>\n\u2022 V\u00e0nh: Retrospec 700C c\u1ed1i n\u1ed5 si\u00eau tr\u1edbn<br \/>\n\u2022 Moay \u01a1\/Hub: Nh\u00f4m<br \/>\n\u2022 L\u1ed1p: 700C b\u00e1m \u0111\u01b0\u1eddng<br \/>\n\u2022 Ghi \u0111\u00f4ng: Carbon Twitter c\u00e1 M\u1eadp<br \/>\n\u2022 Potang: Li\u1ec1n ghi \u0111\u00f4ng<br \/>\n\u2022 C\u1ecdc y\u00ean: Carbon Twitter<br \/>\n\u2022 Size: 46-48-50<br \/>\n\u2022 Ph\u00f9 h\u1ee3p v\u1edbi ng\u01b0\u1eddi cao t\u1eeb 1,55-1,85m<\/div>\n<div>\n<p><img decoding=\"async\" src=\"https:\/\/file.hstatic.net\/200000832795\/file\/z6061228879567_5eedafc5b83a82f26a65fe8602ba39bd_grande.jpg\" alt=\"X\u00c1M \u0110EN\" \/><\/p>\n<p><strong>Xe \u0111\u1ea1p \u0111ua Road TWITTER C6 m\u00e0u x\u00e1m \u0111en | SBIKE<\/strong><\/p>\n<\/div>\n<div>\n<p><strong>\u00a0<\/strong><img decoding=\"async\" src=\"https:\/\/file.hstatic.net\/200000832795\/file\/z6061228884357_8075b79047e29b525b3174bde755d553_grande.jpg\" alt=\"M\u00c0U TR\u1eaeNG\" \/><\/p>\n<p>&nbsp;<\/p>\n<\/div>\n<div><strong>Xe \u0111\u1ea1p \u0111ua Road TWITTER C6 m\u00e0u tr\u1eafng | SBIKE<\/strong><\/div>\n<div>\n<p><img decoding=\"async\" src=\"https:\/\/file.hstatic.net\/200000832795\/file\/z6061228876929_d04df3dfe43b3e38549fd6c418ae49b5_grande.jpg\" alt=\"M\u00c0U H\u1ed2NG\" \/><\/p>\n<p><strong>Xe \u0111\u1ea1p \u0111ua Road TWITTER C6 m\u00e0u h\u1ed3ng | SBIKE<\/strong><\/p>\n<\/div>\n<div><\/div>\n<div><\/div>\n<div><strong>Li\u00ean h\u1ec7: 0916.504.228<\/strong><\/div>\n","protected":false},"excerpt":{"rendered":"<p>XE \u0110\u1ea0P \u0110UA TWITTER C6 &#8211; Th\u00f4ng s\u1ed1 chi ti\u1ebft: \u2022 Khung: Khung nh\u00f4m thi\u1ebft k\u1ebf kh\u00ed \u0111\u1ed9ng h\u1ecdc \u2022 [&hellip;]<\/p>\n","protected":false},"featured_media":1311,"comment_status":"closed","ping_status":"closed","template":"","meta":{"site-sidebar-layout":"default","site-content-layout":"","ast-site-content-layout":"default","site-content-style":"default","site-sidebar-style":"default","ast-global-header-display":"","ast-banner-title-visibility":"","ast-main-header-display":"","ast-hfb-above-header-display":"","ast-hfb-below-header-display":"","ast-hfb-mobile-header-display":"","site-post-title":"","ast-breadcrumbs-content":"","ast-featured-img":"","footer-sml-layout":"","theme-transparent-header-meta":"default","adv-header-id-meta":"","stick-header-meta":"","header-above-stick-meta":"","header-main-stick-meta":"","header-below-stick-meta":"","astra-migrate-meta-layouts":"set","ast-page-background-enabled":"default","ast-page-background-meta":{"desktop":{"background-color":"var(--ast-global-color-4)","background-image":"","background-repeat":"repeat","background-position":"center center","background-size":"auto","background-attachment":"scroll","background-type":"","background-media":"","overlay-type":"","overlay-color":"","overlay-gradient":""},"tablet":{"background-color":"","background-image":"","background-repeat":"repeat","background-position":"center center","background-size":"auto","background-attachment":"scroll","background-type":"","background-media":"","overlay-type":"","overlay-color":"","overlay-gradient":""},"mobile":{"background-color":"","background-image":"","background-repeat":"repeat","background-position":"center center","background-size":"auto","background-attachment":"scroll","background-type":"","background-media":"","overlay-type":"","overlay-color":"","overlay-gradient":""}},"ast-content-background-meta":{"desktop":{"background-color":"var(--ast-global-color-5)","background-image":"","background-repeat":"repeat","background-position":"center center","background-size":"auto","background-attachment":"scroll","background-type":"","background-media":"","overlay-type":"","overlay-color":"","overlay-gradient":""},"tablet":{"background-color":"var(--ast-global-color-5)","background-image":"","background-repeat":"repeat","background-position":"center center","background-size":"auto","background-attachment":"scroll","background-type":"","background-media":"","overlay-type":"","overlay-color":"","overlay-gradient":""},"mobile":{"background-color":"var(--ast-global-color-5)","background-image":"","background-repeat":"repeat","background-position":"center center","background-size":"auto","background-attachment":"scroll","background-type":"","background-media":"","overlay-type":"","overlay-color":"","overlay-gradient":""}}},"product_cat":[27],"product_tag":[82],"class_list":{"0":"post-1195","1":"product","2":"type-product","3":"status-publish","4":"has-post-thumbnail","6":"product_cat-twitter-tay-cong","7":"product_tag-twitter-c6","8":"desktop-align-left","9":"tablet-align-left","10":"mobile-align-left","12":"first","13":"instock","14":"sale","15":"shipping-taxable","16":"purchasable","17":"product-type-simple"},"jetpack_sharing_enabled":true,"_links":{"self":[{"href":"https:\/\/xedaptwitter.com.vn\/index.php?rest_route=\/wp\/v2\/product\/1195","targetHints":{"allow":["GET"]}}],"collection":[{"href":"https:\/\/xedaptwitter.com.vn\/index.php?rest_route=\/wp\/v2\/product"}],"about":[{"href":"https:\/\/xedaptwitter.com.vn\/index.php?rest_route=\/wp\/v2\/types\/product"}],"replies":[{"embeddable":true,"href":"https:\/\/xedaptwitter.com.vn\/index.php?rest_route=%2Fwp%2Fv2%2Fcomments&post=1195"}],"wp:featuredmedia":[{"embeddable":true,"href":"https:\/\/xedaptwitter.com.vn\/index.php?rest_route=\/wp\/v2\/media\/1311"}],"wp:attachment":[{"href":"https:\/\/xedaptwitter.com.vn\/index.php?rest_route=%2Fwp%2Fv2%2Fmedia&parent=1195"}],"wp:term":[{"taxonomy":"product_cat","embeddable":true,"href":"https:\/\/xedaptwitter.com.vn\/index.php?rest_route=%2Fwp%2Fv2%2Fproduct_cat&post=1195"},{"taxonomy":"product_tag","embeddable":true,"href":"https:\/\/xedaptwitter.com.vn\/index.php?rest_route=%2Fwp%2Fv2%2Fproduct_tag&post=1195"}],"curies":[{"name":"wp","href":"https:\/\/api.w.org\/{rel}","templated":true}]}}