{"id":1169,"date":"2026-01-28T11:14:09","date_gmt":"2026-01-28T04:14:09","guid":{"rendered":"https:\/\/xedaptwitter.com.vn\/?post_type=product&#038;p=1169"},"modified":"2026-02-05T09:36:34","modified_gmt":"2026-02-05T02:36:34","slug":"xe-dien-tro-luc-srebike-x20-pro","status":"publish","type":"product","link":"https:\/\/xedaptwitter.com.vn\/?product=xe-dien-tro-luc-srebike-x20-pro","title":{"rendered":"Xe \u0111\u1ea1p tr\u1ee3 l\u1ef1c \u0111i\u1ec7n SR Ebike X20 Pro &#8211; New 2026"},"content":{"rendered":"<p>V\u1edbi\u00a0<strong>SR X20 Pro<\/strong> \u0111\u00e3 qu\u00e1 Hot v\u00e0 \u0111\u01b0\u1ee3c nh\u1eefng ng\u01b0\u1eddi y\u00eau xe \u0111\u1ea1p tr\u1ee3 l\u1ef1c \u0111i\u1ec7n G\u1ea5p g\u1ecdn ch\u1ecdn l\u1ef1a kh\u00e1 nhi\u1ec1u cho 1 chi\u1ebfc tr\u1ee3 l\u1ef1c G\u1ea5p g\u1ecdn 3.0 v\u1edbi trang b\u1ecb ngon nh\u01b0<em>: Pin tr\u00e2u \u0111i c\u1ea3 tu\u1ea7n m\u1edbi s\u1ea1c, V\u1eadn t\u1ed1c \u0111i\u1ec7n 36km\/h, Phu\u1ed9c gi\u1eefa \u00eam \u00e1i khi v\u1eadn h\u00e0nh hay Baga ch\u00ednh h\u00e3ng c\u1ee9ng c\u00e1p tha h\u1ed3 ch\u1edf ng\u01b0\u1eddi y\u00eau<\/em>.<\/p>\n<p>Nh\u01b0ng v\u1edbi\u00a0<strong>SR X20 Pro New 2026 <\/strong>v\u1edbi nh\u1eefng n\u00e2ng c\u1ea5p m\u1edbi th\u00ec ch\u1eafc ch\u1eafn s\u1ebd c\u00f2n l\u00e0m b\u1ea1n \u1ee9ng \u00fd h\u01a1n r\u1ea5t nhi\u1ec1u.<\/p>\n<p>V\u1eady SR X20 Pro \u2013 New n\u00e2ng c\u1ea5p c\u00f3 g\u00ec m\u1edbi v\u00e0 h\u01a1n so v\u1edbi b\u1ea3n \u0111ang hi\u1ec7n h\u00e0nh?<\/p>\n<h1><span id=\"Xe_dap_tro_luc_dien_SR_X20_PRO_New_2024\">Xe \u0111\u1ea1p tr\u1ee3 l\u1ef1c \u0111i\u1ec7n SR\u00a0<strong>X20 PRO \u2013 New 2026<\/strong><\/span><\/h1>\n<h3><img loading=\"lazy\" decoding=\"async\" class=\"alignnone wp-image-1251 size-large\" src=\"https:\/\/xedaptwitter.com.vn\/wp-content\/uploads\/2026\/02\/z7492020771261_ad5674a78dc9fa0e83adb2defb618d27-1024x937.jpg\" alt=\"\" width=\"1024\" height=\"937\" srcset=\"https:\/\/xedaptwitter.com.vn\/wp-content\/uploads\/2026\/02\/z7492020771261_ad5674a78dc9fa0e83adb2defb618d27-1024x937.jpg 1024w, https:\/\/xedaptwitter.com.vn\/wp-content\/uploads\/2026\/02\/z7492020771261_ad5674a78dc9fa0e83adb2defb618d27-300x274.jpg 300w, https:\/\/xedaptwitter.com.vn\/wp-content\/uploads\/2026\/02\/z7492020771261_ad5674a78dc9fa0e83adb2defb618d27-768x703.jpg 768w, https:\/\/xedaptwitter.com.vn\/wp-content\/uploads\/2026\/02\/z7492020771261_ad5674a78dc9fa0e83adb2defb618d27-600x549.jpg 600w, https:\/\/xedaptwitter.com.vn\/wp-content\/uploads\/2026\/02\/z7492020771261_ad5674a78dc9fa0e83adb2defb618d27.jpg 1080w\" sizes=\"auto, (max-width: 1024px) 100vw, 1024px\" \/><\/h3>\n<p>&nbsp;<\/p>\n<h2><span id=\"Vi_sao_SR_X20_Pro_duoc_ua_chuong\">V\u00ec sao SR X20 Pro \u0111\u01b0\u1ee3c \u01b0a chu\u1ed9ng??<\/span><\/h2>\n<p>H\u00e3y nh\u00ecn l\u1ea1i nh\u0169ng \u01b0u \u0111i\u1ec3m n\u1ed5i b\u1eadt m\u00e0\u00a0<strong>X20 Pro<\/strong>\u00a0h\u01a1n h\u1eb5n c\u00e1c \u0111\u1ed1i th\u1ee7 c\u00f9ng ph\u00e2n kh\u00fac, gi\u00fap em \u1ea5y chi\u1ebfm \u0111\u01b0\u1ee3c c\u1ea3m t\u00ecnh c\u1ee7a ng\u01b0\u1eddi d\u00f9ng nh\u00e9<\/p>\n<p><img loading=\"lazy\" decoding=\"async\" class=\"alignnone wp-image-1247 size-large\" src=\"https:\/\/xedaptwitter.com.vn\/wp-content\/uploads\/2026\/02\/z7492019875252_4075536619a6ab9ee1d1c6a8f10a4320-1024x683.jpg\" alt=\"\" width=\"1024\" height=\"683\" srcset=\"https:\/\/xedaptwitter.com.vn\/wp-content\/uploads\/2026\/02\/z7492019875252_4075536619a6ab9ee1d1c6a8f10a4320-1024x683.jpg 1024w, https:\/\/xedaptwitter.com.vn\/wp-content\/uploads\/2026\/02\/z7492019875252_4075536619a6ab9ee1d1c6a8f10a4320-300x200.jpg 300w, https:\/\/xedaptwitter.com.vn\/wp-content\/uploads\/2026\/02\/z7492019875252_4075536619a6ab9ee1d1c6a8f10a4320-768x512.jpg 768w, https:\/\/xedaptwitter.com.vn\/wp-content\/uploads\/2026\/02\/z7492019875252_4075536619a6ab9ee1d1c6a8f10a4320-1536x1024.jpg 1536w, https:\/\/xedaptwitter.com.vn\/wp-content\/uploads\/2026\/02\/z7492019875252_4075536619a6ab9ee1d1c6a8f10a4320-2048x1366.jpg 2048w, https:\/\/xedaptwitter.com.vn\/wp-content\/uploads\/2026\/02\/z7492019875252_4075536619a6ab9ee1d1c6a8f10a4320-600x400.jpg 600w\" sizes=\"auto, (max-width: 1024px) 100vw, 1024px\" \/><\/p>\n<h3><span id=\"Thiet_ke_phong_cach_hien_dai_manh_me_nhieu_trang_bi\"><strong>Thi\u1ebft k\u1ebf phong c\u00e1ch hi\u1ec7n \u0111\u1ea1i, m\u1ea1nh m\u1ebd \u2013 nhi\u1ec1u trang b\u1ecb<\/strong><\/span><\/h3>\n<p><strong>X20 Pro<\/strong>\u00a0c\u00f3 thi\u1ebft k\u1ebf t\u01b0\u01a1ng t\u1ef1 nh\u01b0 c\u00e1c chi\u1ebfc xe g\u1ea5p g\u1ecdn 3.0 n\u1ed5i ti\u1ebfng kh\u00e1c tr\u00ean th\u1ecb tr\u01b0\u1eddng. Nh\u01b0ng v\u1edbi trang b\u1ecb th\u00eam m\u00e0 kh\u00f4ng ph\u1ea3i \u0111\u1ed1i th\u1ee7 n\u00e0o c\u00f3 \u0111\u01b0\u1ee3c nh\u01b0:<\/p>\n<ul>\n<li><strong><em>Phu\u1ed9c gi\u1eefa cao c\u1ea5p,<\/em><\/strong><\/li>\n<li><strong><em>Baga x\u1ecbn ch\u00ednh h\u00e3ng<\/em><\/strong><\/li>\n<li><strong><em>V\u00e8 ch\u1eafn b\u00f9n s\u1eaft<\/em><\/strong><\/li>\n<li>\u0110\u1eb7c bi\u1ec7t v\u1edbi vi\u00ean\u00a0<em><strong>Pin Litium c\u00f3 dung l\u01b0\u1ee3ng 16Ah<\/strong><\/em>\u00a0gi\u00fap qu\u00e3ng \u0111u\u1eddng tr\u1ee3 l\u1ef1c l\u00ean \u0111\u1ebfn 120Km \u0111\u00e3 gi\u00fap ng\u01b0\u1eddi d\u00f9ng tr\u1ea3i nghi\u1ec7m s\u01b0\u1edbng h\u01a1n r\u1ea5t nhi\u1ec1u.<\/li>\n<li>V\u1edbi trang b\u1ecb\u00a0<strong>L\u1ed1p 20\u00d73.0<\/strong>\u00a0kh\u00f4ng ch\u1ec9 l\u00e0m ngo\u1ea1i h\u00ecnh\u00a0<strong>X20 Pro<\/strong>\u00a0m\u1ea1nh m\u1ebd h\u01a1n m\u00e0 c\u00f2n gi\u00fap X20 Pro s\u1eed d\u1ee5ng kh\u00e1 an to\u00e0n d\u00f9 qua nh\u1eefng \u0111\u1ecba h\u00ecnh x\u1ea5u v\u00ec \u0111\u1ed9 b\u00e1m \u0111\u01b0\u1eddng c\u1ee7a L\u1ed1p 3.0 kh\u00e1 t\u1ed1t.<\/li>\n<\/ul>\n<h2><span id=\"SR_X20_Pro_New_2024_co_gi_moi\"><strong>SR X20 Pro \u2013 New 2026 c\u00f3 g\u00ec m\u1edbi?<\/strong><\/span><\/h2>\n<p>Th\u1eeba h\u01b0\u1edfng nh\u1eefng \u01b0u \u0111i\u1ec3m c\u00f3 s\u1eb5n, X20 Pro \u2013 New 2026 \u0111\u00e3 c\u1ea5p \u0111\u00e1ng k\u1ec3 v\u1ec1 ngo\u1ea1i h\u00ecnh gi\u00fap ng\u01b0\u1eddi d\u00f9ng tr\u1ea3i nghi\u1ec7m c\u00f3 h\u00e0i l\u00f2ng h\u01a1n.<\/p>\n<h3><span id=\"Ngoai_hinh_Moi_voi_khung_suon_moi\">Ngo\u1ea1i h\u00ecnh M\u1edbi v\u1edbi khung s\u01b0\u1eddn m\u1edbi<\/span><\/h3>\n<p><img loading=\"lazy\" decoding=\"async\" class=\"alignnone wp-image-1248 size-large\" src=\"https:\/\/xedaptwitter.com.vn\/wp-content\/uploads\/2026\/02\/z7492019875467_27f0b2d3e0bd5bce9a79405f4ddae73d-1024x683.jpg\" alt=\"\" width=\"1024\" height=\"683\" srcset=\"https:\/\/xedaptwitter.com.vn\/wp-content\/uploads\/2026\/02\/z7492019875467_27f0b2d3e0bd5bce9a79405f4ddae73d-1024x683.jpg 1024w, https:\/\/xedaptwitter.com.vn\/wp-content\/uploads\/2026\/02\/z7492019875467_27f0b2d3e0bd5bce9a79405f4ddae73d-300x200.jpg 300w, https:\/\/xedaptwitter.com.vn\/wp-content\/uploads\/2026\/02\/z7492019875467_27f0b2d3e0bd5bce9a79405f4ddae73d-768x512.jpg 768w, https:\/\/xedaptwitter.com.vn\/wp-content\/uploads\/2026\/02\/z7492019875467_27f0b2d3e0bd5bce9a79405f4ddae73d-600x400.jpg 600w, https:\/\/xedaptwitter.com.vn\/wp-content\/uploads\/2026\/02\/z7492019875467_27f0b2d3e0bd5bce9a79405f4ddae73d.jpg 1280w\" sizes=\"auto, (max-width: 1024px) 100vw, 1024px\" \/><\/p>\n<p>&nbsp;<\/p>\n<p><strong><em>X20 Pro New 2026<\/em><\/strong> Khung s\u01b0\u1eddn \u0111\u01b0\u1ee3c \u0111i\u1ec1u ch\u1ec9nh ng\u1eafn h\u01a1n, ph\u00f9 h\u1ee3p v\u1edbi chi\u1ec1u cao ng\u01b0\u1eddi Vi\u1ec7t h\u01a1n. T\u1eeb \u0111\u00f3 gi\u00fap t\u01b0 th\u1ebf l\u00e1i tho\u1ea3i m\u00e1i v\u00e0 d\u1ec5 v\u1eadn h\u00e0nh h\u01a1n so v\u1edbi X20 Pro 2024.<\/p>\n<h3><span id=\"Khung_suon_cao_cap_khong_moi_Han\">Khung s\u01b0\u1eddn cao c\u1ea5p, kh\u00f4ng m\u1ed1i H\u00e0n<\/span><\/h3>\n<p>Ngo\u00e0i khung s\u01b0\u1eddn \u0111i\u1ec1u ch\u1ec9nh ng\u1eafn h\u01a1n th\u00ec n\u0103m nay nh\u00e0 s\u1ea3n xu\u1ea5t c\u0169ng ho\u00e0n thi\u1ec7n cao c\u1ea5p h\u01a1n v\u1edbi Khung s\u01b0\u1eddn \u0111\u01b0\u1ee3c ho\u00e0n thi\u1ec7n kh\u00f4ng m\u1ed1i H\u00e0n, nh\u00ecn Khung xe li\u1ec1n l\u1ea1c v\u00e0 cao c\u1ea5p h\u01a1n r\u1ea5t nhi\u1ec1u.<\/p>\n<h3><span id=\"Tay_lai_moi_cho_trai_nghiem_tot_hon\">Tay l\u00e1i m\u1edbi cho tr\u1ea3i nghi\u1ec7m t\u1ed1t h\u01a1n<\/span><\/h3>\n<p><img loading=\"lazy\" decoding=\"async\" class=\"alignnone wp-image-1250 size-large\" src=\"https:\/\/xedaptwitter.com.vn\/wp-content\/uploads\/2026\/02\/z7492019896745_c180c71fe62ff344aedac05111c1a55d-768x1024.jpg\" alt=\"\" width=\"768\" height=\"1024\" srcset=\"https:\/\/xedaptwitter.com.vn\/wp-content\/uploads\/2026\/02\/z7492019896745_c180c71fe62ff344aedac05111c1a55d-768x1024.jpg 768w, https:\/\/xedaptwitter.com.vn\/wp-content\/uploads\/2026\/02\/z7492019896745_c180c71fe62ff344aedac05111c1a55d-225x300.jpg 225w, https:\/\/xedaptwitter.com.vn\/wp-content\/uploads\/2026\/02\/z7492019896745_c180c71fe62ff344aedac05111c1a55d-1152x1536.jpg 1152w, https:\/\/xedaptwitter.com.vn\/wp-content\/uploads\/2026\/02\/z7492019896745_c180c71fe62ff344aedac05111c1a55d-1536x2048.jpg 1536w, https:\/\/xedaptwitter.com.vn\/wp-content\/uploads\/2026\/02\/z7492019896745_c180c71fe62ff344aedac05111c1a55d-600x800.jpg 600w, https:\/\/xedaptwitter.com.vn\/wp-content\/uploads\/2026\/02\/z7492019896745_c180c71fe62ff344aedac05111c1a55d-scaled.jpg 1920w\" sizes=\"auto, (max-width: 768px) 100vw, 768px\" \/><\/p>\n<p>1 Thay \u0111\u1ed5i nh\u1ecf nh\u01b0ng c\u0169ng gia t\u0103ng \u0111\u00e1ng k\u1ec3 tr\u1ea3i nghi\u1ec7m l\u00e1i xe l\u00e0 Ghi-\u0111\u00f4ng c\u0169ng \u0111\u01b0\u1ee3c thi\u1ebft k\u1ebf m\u1edbi, gi\u00fap ng\u01b0\u1eddi d\u00f9ng l\u00e1i xe d\u1ec5 d\u00e0ng h\u01a1n. \u0110\u1ed3ng th\u1eddi nh\u00ecn t\u1ed5ng quan xe c\u0169ng g\u1ecdn v\u00e0 c\u00e2n \u0111\u1ed1i h\u01a1n h\u1eb5n<\/p>\n<p>Th\u00eam 1 trang b\u1ecb m\u00e0 ng\u01b0\u1eddi d\u00f9ng X20 Pro c\u0169ng hay r\u1ea5t trang b\u1ecb th\u00eam m\u00e0 b\u1ea3n c\u0169 kh\u00f4ng c\u00f3. X20 Pro New 2026 k\u1ef3 n\u00e0y ngo\u00e0i \u0110\u00e8n Phanh v\u00e0 C\u00f2i \u0111i\u1ec7n th\u00ec H\u00e3ng c\u0169ng <strong>t\u00edch h\u1ee3p lu\u00f4n \u0110\u00e8n Xi nhan<\/strong>\u00a0theo xe. 1 t\u00ednh n\u0103ng nh\u1ecf nh\u01b0ng kh\u00f4ng ph\u1ea3i chi\u1ebfc xe tr\u1ee3 l\u1ef1c n\u00e0o c\u0169ng c\u00f3.<\/p>\n<h3><span id=\"Gap_gon_hon\">G\u1ea5p g\u1ecdn h\u01a1n<\/span><\/h3>\n<p><img loading=\"lazy\" decoding=\"async\" class=\"alignnone wp-image-1246 size-large\" src=\"https:\/\/xedaptwitter.com.vn\/wp-content\/uploads\/2026\/02\/z7492019859114_986ad9afd1426dbf3ff7a9dcbf7b44ed-748x1024.jpg\" alt=\"\" width=\"748\" height=\"1024\" srcset=\"https:\/\/xedaptwitter.com.vn\/wp-content\/uploads\/2026\/02\/z7492019859114_986ad9afd1426dbf3ff7a9dcbf7b44ed-748x1024.jpg 748w, https:\/\/xedaptwitter.com.vn\/wp-content\/uploads\/2026\/02\/z7492019859114_986ad9afd1426dbf3ff7a9dcbf7b44ed-219x300.jpg 219w, https:\/\/xedaptwitter.com.vn\/wp-content\/uploads\/2026\/02\/z7492019859114_986ad9afd1426dbf3ff7a9dcbf7b44ed-768x1051.jpg 768w, https:\/\/xedaptwitter.com.vn\/wp-content\/uploads\/2026\/02\/z7492019859114_986ad9afd1426dbf3ff7a9dcbf7b44ed-1122x1536.jpg 1122w, https:\/\/xedaptwitter.com.vn\/wp-content\/uploads\/2026\/02\/z7492019859114_986ad9afd1426dbf3ff7a9dcbf7b44ed-600x821.jpg 600w, https:\/\/xedaptwitter.com.vn\/wp-content\/uploads\/2026\/02\/z7492019859114_986ad9afd1426dbf3ff7a9dcbf7b44ed.jpg 1496w\" sizes=\"auto, (max-width: 748px) 100vw, 748px\" \/><\/p>\n<p>&nbsp;<\/p>\n<p>Nh\u1edd thi\u1ebft k\u1ebf m\u1edbi tinh ch\u1ec9nh v\u00e0 hi\u1ec7n \u0111\u1ea1i n\u00ean c\u0169ng gi\u00fap cho X20 Pro New khi G\u1ea5p l\u1ea1i c\u0169ng g\u1ecdn h\u01a1n r\u1ea5t nhi\u1ec1u. T\u1eeb nay tha h\u1ed3 b\u1ecf em n\u00f3 l\u00ean \u00f4 t\u00f4 mang em n\u00f3 \u0111i kh\u1eafp n\u01a1i c\u00e0ng tho\u1ea3i m\u00e1i h\u01a1n v\u00e0 g\u1ecdn g\u00e0ng h\u01a1n.<\/p>\n<div class=\"x11i5rnm xat24cr x1mh8g0r x1vvkbs xdj266r x126k92a\">\n<div dir=\"auto\"><img loading=\"lazy\" decoding=\"async\" class=\"alignnone size-large wp-image-2574\" style=\"font-style: inherit; font-weight: inherit;\" src=\"https:\/\/antamebike.com\/wp-content\/uploads\/2024\/05\/X20-Pro-new-2-Large-1024x1024.jpeg\" sizes=\"auto, (max-width: 1024px) 100vw, 1024px\" srcset=\"https:\/\/antamebike.com\/wp-content\/uploads\/2024\/05\/X20-Pro-new-2-Large-1024x1024.jpeg 1024w, https:\/\/antamebike.com\/wp-content\/uploads\/2024\/05\/X20-Pro-new-2-Large-300x300.jpeg 300w, https:\/\/antamebike.com\/wp-content\/uploads\/2024\/05\/X20-Pro-new-2-Large-150x150.jpeg 150w, https:\/\/antamebike.com\/wp-content\/uploads\/2024\/05\/X20-Pro-new-2-Large-768x768.jpeg 768w, https:\/\/antamebike.com\/wp-content\/uploads\/2024\/05\/X20-Pro-new-2-Large-600x600.jpeg 600w, https:\/\/antamebike.com\/wp-content\/uploads\/2024\/05\/X20-Pro-new-2-Large-100x100.jpeg 100w, https:\/\/antamebike.com\/wp-content\/uploads\/2024\/05\/X20-Pro-new-2-Large.jpeg 1280w\" alt=\"\" width=\"1024\" height=\"1024\" \/>C\u00f9ng v\u1edbi M\u00e0u X\u00e1m m\u1edbi \u0111ang trend th\u00ec b\u1ed9 Tem c\u0169ng \u0111\u01b0\u1ee3c thi\u1ebft k\u1ebf m\u1edbi gi\u00fap X20 Pro nh\u00ecn hi\u1ec7n \u0111\u1ea1i v\u00e0 \u0111\u1eb9p m\u1eaft h\u01a1n.<\/div>\n<div dir=\"auto\"><\/div>\n<\/div>\n<div class=\"x11i5rnm xat24cr x1mh8g0r x1vvkbs xtlvy1s x126k92a\">\n<div dir=\"auto\">\n<p>R\u00f5 r\u00e0ng\u00a0<strong>X20 Pro New 2026<\/strong>\u00a0l\u00e0 chi\u1ebfc xe \u0111\u1ea1p tr\u1ee3 l\u1ef1c \u0111i\u1ec7n G\u1ea5p g\u1ecdn 3.0 cao c\u1ea5p h\u00e0ng \u0111\u1ea7u hi\u1ec7n nay. Chi\u1ebfc xe t\u00edch h\u01a1p nhi\u1ec1u c\u00f4ng ngh\u1ec7 t\u00e2n ti\u1ebfn s\u1ebd mang l\u1ea1i cho b\u1ea1n tr\u1ea3i nghi\u1ec7m h\u00e0i l\u00f2ng d\u00f9 l\u00e0 \u0111\u1ecba h\u00ecnh ph\u1ed1 th\u1ecb hay \u0111\u1ed3i n\u00fai v\u00e0 b\u1ea1n c\u00f3 th\u1ec3 mang \u0111i kh\u1eafp n\u01a1i kh\u00e1 tho\u1ea3i m\u00e1i v\u00ec kh\u1ea3 n\u0103ng G\u1ea5p g\u1ecdn c\u1ee7a n\u00f3.<\/p>\n<p>X20 Pro New 2026 v\u1edbi nhi\u1ec1u trang b\u1ecb cao c\u1ea5p nh\u01b0 v\u1eady nh\u01b0ng l\u1ea1i c\u00f3 m\u1ee9c Gi\u00e1 v\u00f4 c\u00f9ng c\u1ea1nh tranh so v\u1edbi \u0111\u1ed1i th\u1ee7 c\u00f9ng ph\u00e2n kh\u00fac.<\/p>\n<p>Ch\u1ea5t l\u01b0\u1ee3ng v\u01b0\u1ee3t tr\u1ed9i n\u00ean Nh\u00e0 s\u1ea3n xu\u1ea5t c\u0169ng t\u1ef1 tin B\u1ea3o h\u00e0nh X20 Pro l\u00ean \u0111\u1ebfn 15 th\u00e1ng<\/p>\n<p><img loading=\"lazy\" decoding=\"async\" class=\"alignnone size-medium wp-image-1252\" src=\"https:\/\/xedaptwitter.com.vn\/wp-content\/uploads\/2026\/02\/z7492035933526_81e75466535088489aecfb10912c69f3-225x300.jpg\" alt=\"\" width=\"225\" height=\"300\" srcset=\"https:\/\/xedaptwitter.com.vn\/wp-content\/uploads\/2026\/02\/z7492035933526_81e75466535088489aecfb10912c69f3-225x300.jpg 225w, https:\/\/xedaptwitter.com.vn\/wp-content\/uploads\/2026\/02\/z7492035933526_81e75466535088489aecfb10912c69f3-768x1024.jpg 768w, https:\/\/xedaptwitter.com.vn\/wp-content\/uploads\/2026\/02\/z7492035933526_81e75466535088489aecfb10912c69f3-1152x1536.jpg 1152w, https:\/\/xedaptwitter.com.vn\/wp-content\/uploads\/2026\/02\/z7492035933526_81e75466535088489aecfb10912c69f3-1536x2048.jpg 1536w, https:\/\/xedaptwitter.com.vn\/wp-content\/uploads\/2026\/02\/z7492035933526_81e75466535088489aecfb10912c69f3-600x800.jpg 600w, https:\/\/xedaptwitter.com.vn\/wp-content\/uploads\/2026\/02\/z7492035933526_81e75466535088489aecfb10912c69f3.jpg 1920w\" sizes=\"auto, (max-width: 225px) 100vw, 225px\" \/> <img loading=\"lazy\" decoding=\"async\" class=\"alignnone size-medium wp-image-1253\" src=\"https:\/\/xedaptwitter.com.vn\/wp-content\/uploads\/2026\/02\/z7492035936841_d9707ae8288104f70087b6e99a598b4d-225x300.jpg\" alt=\"\" width=\"225\" height=\"300\" srcset=\"https:\/\/xedaptwitter.com.vn\/wp-content\/uploads\/2026\/02\/z7492035936841_d9707ae8288104f70087b6e99a598b4d-225x300.jpg 225w, https:\/\/xedaptwitter.com.vn\/wp-content\/uploads\/2026\/02\/z7492035936841_d9707ae8288104f70087b6e99a598b4d-768x1024.jpg 768w, https:\/\/xedaptwitter.com.vn\/wp-content\/uploads\/2026\/02\/z7492035936841_d9707ae8288104f70087b6e99a598b4d-1152x1536.jpg 1152w, https:\/\/xedaptwitter.com.vn\/wp-content\/uploads\/2026\/02\/z7492035936841_d9707ae8288104f70087b6e99a598b4d-1536x2048.jpg 1536w, https:\/\/xedaptwitter.com.vn\/wp-content\/uploads\/2026\/02\/z7492035936841_d9707ae8288104f70087b6e99a598b4d-600x800.jpg 600w, https:\/\/xedaptwitter.com.vn\/wp-content\/uploads\/2026\/02\/z7492035936841_d9707ae8288104f70087b6e99a598b4d.jpg 1920w\" sizes=\"auto, (max-width: 225px) 100vw, 225px\" \/><\/p>\n<p>Mua\u00a0<em><strong>SR X20 Pro New 2026<\/strong><\/em> t\u1ea1i SR EBIKE s\u1ebd lu\u00f4n c\u00f3 \u01b0u \u0111\u00e3i v\u00e0 gi\u00e1 t\u1ed1t nh\u1ea5t.<br \/>\n<strong>Li\u00ean h\u1ec7: 0916.504.228<\/strong><\/p>\n<\/div>\n<\/div>\n","protected":false},"excerpt":{"rendered":"<p>V\u1edbi\u00a0SR X20 Pro \u0111\u00e3 qu\u00e1 Hot v\u00e0 \u0111\u01b0\u1ee3c nh\u1eefng ng\u01b0\u1eddi y\u00eau xe \u0111\u1ea1p tr\u1ee3 l\u1ef1c \u0111i\u1ec7n G\u1ea5p g\u1ecdn ch\u1ecdn l\u1ef1a [&hellip;]<\/p>\n","protected":false},"featured_media":1295,"comment_status":"closed","ping_status":"closed","template":"","meta":{"site-sidebar-layout":"default","site-content-layout":"","ast-site-content-layout":"default","site-content-style":"default","site-sidebar-style":"default","ast-global-header-display":"","ast-banner-title-visibility":"","ast-main-header-display":"","ast-hfb-above-header-display":"","ast-hfb-below-header-display":"","ast-hfb-mobile-header-display":"","site-post-title":"","ast-breadcrumbs-content":"","ast-featured-img":"","footer-sml-layout":"","theme-transparent-header-meta":"default","adv-header-id-meta":"","stick-header-meta":"","header-above-stick-meta":"","header-main-stick-meta":"","header-below-stick-meta":"","astra-migrate-meta-layouts":"set","ast-page-background-enabled":"default","ast-page-background-meta":{"desktop":{"background-color":"var(--ast-global-color-4)","background-image":"","background-repeat":"repeat","background-position":"center center","background-size":"auto","background-attachment":"scroll","background-type":"","background-media":"","overlay-type":"","overlay-color":"","overlay-gradient":""},"tablet":{"background-color":"","background-image":"","background-repeat":"repeat","background-position":"center center","background-size":"auto","background-attachment":"scroll","background-type":"","background-media":"","overlay-type":"","overlay-color":"","overlay-gradient":""},"mobile":{"background-color":"","background-image":"","background-repeat":"repeat","background-position":"center center","background-size":"auto","background-attachment":"scroll","background-type":"","background-media":"","overlay-type":"","overlay-color":"","overlay-gradient":""}},"ast-content-background-meta":{"desktop":{"background-color":"var(--ast-global-color-5)","background-image":"","background-repeat":"repeat","background-position":"center center","background-size":"auto","background-attachment":"scroll","background-type":"","background-media":"","overlay-type":"","overlay-color":"","overlay-gradient":""},"tablet":{"background-color":"var(--ast-global-color-5)","background-image":"","background-repeat":"repeat","background-position":"center center","background-size":"auto","background-attachment":"scroll","background-type":"","background-media":"","overlay-type":"","overlay-color":"","overlay-gradient":""},"mobile":{"background-color":"var(--ast-global-color-5)","background-image":"","background-repeat":"repeat","background-position":"center center","background-size":"auto","background-attachment":"scroll","background-type":"","background-media":"","overlay-type":"","overlay-color":"","overlay-gradient":""}}},"product_cat":[88],"product_tag":[80],"class_list":{"0":"post-1169","1":"product","2":"type-product","3":"status-publish","4":"has-post-thumbnail","6":"product_cat-xe-tro-luc-srebike","7":"product_tag-srebike-x20-pro","8":"desktop-align-left","9":"tablet-align-left","10":"mobile-align-left","12":"first","13":"instock","14":"shipping-taxable","15":"purchasable","16":"product-type-simple"},"jetpack_sharing_enabled":true,"_links":{"self":[{"href":"https:\/\/xedaptwitter.com.vn\/index.php?rest_route=\/wp\/v2\/product\/1169","targetHints":{"allow":["GET"]}}],"collection":[{"href":"https:\/\/xedaptwitter.com.vn\/index.php?rest_route=\/wp\/v2\/product"}],"about":[{"href":"https:\/\/xedaptwitter.com.vn\/index.php?rest_route=\/wp\/v2\/types\/product"}],"replies":[{"embeddable":true,"href":"https:\/\/xedaptwitter.com.vn\/index.php?rest_route=%2Fwp%2Fv2%2Fcomments&post=1169"}],"wp:featuredmedia":[{"embeddable":true,"href":"https:\/\/xedaptwitter.com.vn\/index.php?rest_route=\/wp\/v2\/media\/1295"}],"wp:attachment":[{"href":"https:\/\/xedaptwitter.com.vn\/index.php?rest_route=%2Fwp%2Fv2%2Fmedia&parent=1169"}],"wp:term":[{"taxonomy":"product_cat","embeddable":true,"href":"https:\/\/xedaptwitter.com.vn\/index.php?rest_route=%2Fwp%2Fv2%2Fproduct_cat&post=1169"},{"taxonomy":"product_tag","embeddable":true,"href":"https:\/\/xedaptwitter.com.vn\/index.php?rest_route=%2Fwp%2Fv2%2Fproduct_tag&post=1169"}],"curies":[{"name":"wp","href":"https:\/\/api.w.org\/{rel}","templated":true}]}}