{"id":1127,"date":"2026-01-28T10:52:15","date_gmt":"2026-01-28T03:52:15","guid":{"rendered":"https:\/\/xedaptwitter.com.vn\/?post_type=product&#038;p=1127"},"modified":"2026-02-05T09:37:27","modified_gmt":"2026-02-05T02:37:27","slug":"xe-dap-tro-luc-dien-sr-ebike-raptor-x","status":"publish","type":"product","link":"https:\/\/xedaptwitter.com.vn\/?product=xe-dap-tro-luc-dien-sr-ebike-raptor-x","title":{"rendered":"Xe \u0111\u1ea1p tr\u1ee3 l\u1ef1c \u0111i\u1ec7n SR Ebike Raptor X &#8211; New 2026"},"content":{"rendered":"<h2><span id=\"TWITTER_E300_PRO_Thiet_ke_moi_nhat_2024\"><strong>RAPTOR X 2026 \u2013 B\u1ea3n n\u00e2ng c\u1ea5p m\u1edbi qu\u00e1 x\u1ecbn<\/strong><\/span><\/h2>\n<p><strong>RAPTOR X 2024\u00a0<\/strong>\u00a0\u0111\u00e3 mang l\u1ea1i tr\u1ea3i nghi\u1ec7m kh\u00e1 h\u00e0i l\u00f2ng v\u1edbi ng\u01b0\u1eddi d\u00f9ng VN trong th\u1eddi gian qua. M\u1ed9t chi\u1ebfc B\u00e1nh B\u00e9o g\u1ea5p g\u1ecdn tr\u1ee3 l\u1ef1c \u0111i\u1ec7n c\u1ea5u h\u00ecnh qu\u00e1 ngon m\u00e0 Gi\u00e1 l\u1ea1i t\u1ed1t nh\u1ea5t ph\u00e2n kh\u00fac. N\u1ebfu so v\u1edbi Engwe Pro c\u00f9ng trang b\u1ecb nh\u01b0ng RAPTOR l\u1ea1i r\u1ebb h\u01a1n c\u1ea3 10 tri\u1ec7u \u0111\u1ed3ng.<\/p>\n<p><img loading=\"lazy\" decoding=\"async\" class=\"alignnone wp-image-2988 size-full\" src=\"https:\/\/antamebike.com\/wp-content\/uploads\/2025\/04\/RAPTOR-X-T42.png\" sizes=\"auto, (max-width: 900px) 100vw, 900px\" srcset=\"https:\/\/antamebike.com\/wp-content\/uploads\/2025\/04\/RAPTOR-X-T42.png 900w, https:\/\/antamebike.com\/wp-content\/uploads\/2025\/04\/RAPTOR-X-T42-300x201.png 300w, https:\/\/antamebike.com\/wp-content\/uploads\/2025\/04\/RAPTOR-X-T42-768x515.png 768w, https:\/\/antamebike.com\/wp-content\/uploads\/2025\/04\/RAPTOR-X-T42-600x402.png 600w\" alt=\"\" width=\"900\" height=\"603\" \/><\/p>\n<div class=\"xdj266r x11i5rnm xat24cr x1mh8g0r x1vvkbs x126k92a\">\n<h2 dir=\"auto\"><span id=\"Twitter_E300_Pro_New_2024\"><strong>RAPTOR X \u2013 New 2026<\/strong><\/span><\/h2>\n<h6><span id=\"Vay_Twitter_E300_Pro_%E2%80%93_New_2026_nay_co_gi_hap_dan_hon\" class=\"ez-toc-section\"><\/span><span id=\"Vay_RAPTOR_X_%E2%80%93_New_2026_nay_co_gi_hap_dan_hon\" class=\"ez-toc-section\"><\/span>V\u1eady\u00a0<strong><em>RAPTOR X \u2013 New 2026 n\u00e0y c\u00f3 g\u00ec h\u1ea5p d\u1eabn h\u01a1n?<\/em><\/strong><\/h6>\n<\/div>\n<div dir=\"auto\">\n<p>V\u1ec1 Ngo\u1ea1i h\u00ecnh v\u00e0 trang b\u1ecb RAPTOR X v\u1eabn gi\u1ed1ng nh\u01b0 b\u1ea3n 2024 nh\u01b0ng \u0111\u1ed9 ho\u00e0n thi\u1ec7n cao c\u1ea5p h\u01a1n h\u1eb5n.<\/p>\n<p>SR E.bike v\u1eabn gi\u1eef l\u1ea1i nh\u1eefng trang b\u1ecb \u01b0u th\u1ebf \u0111\u00e3 gi\u00fap Raptor X \u0111\u01b0\u1ee3c \u01b0a chu\u1ed9ng v\u00e0 c\u00f3 nh\u0169ng tr\u1ea3i nghi\u1ec7m v\u01b0\u1ee3t tr\u1ed9i l\u00e0:<\/p>\n<h3><span id=\"Khung_suon_Hop_kim_Nhom_6061_Khong_Moi_han_day_am_suon\" class=\"ez-toc-section\"><\/span><span id=\"Dong_co_750w_max_1000w\" class=\"ez-toc-section\"><\/span>\u0110\u1ed9ng c\u01a1 750w (max 1000w)<\/h3>\n<p>V\u1edbi 1 chi\u1ebfc B\u00e1nh B\u00e9o g\u1ea5p g\u1ecdn m\u00e0 trang b\u1ecb \u0111\u1ed9ng c\u01a1 l\u00ean \u0111\u1ebfn 1000w l\u00e0 m\u1ed9t tr\u1ea3i nghi\u1ec7m r\u1ea5t m\u1ea1nh m\u1ebd v\u1edbi ng\u01b0\u1eddi d\u00f9ng.<\/p>\n<p><img loading=\"lazy\" decoding=\"async\" class=\"alignnone wp-image-1002 size-full\" src=\"https:\/\/antamebike.com\/wp-content\/uploads\/2022\/11\/Engw-ep2-pro-motor.jpeg\" sizes=\"auto, (max-width: 1000px) 100vw, 1000px\" srcset=\"https:\/\/antamebike.com\/wp-content\/uploads\/2022\/11\/Engw-ep2-pro-motor.jpeg 1000w, https:\/\/antamebike.com\/wp-content\/uploads\/2022\/11\/Engw-ep2-pro-motor-300x300.jpeg 300w, https:\/\/antamebike.com\/wp-content\/uploads\/2022\/11\/Engw-ep2-pro-motor-150x150.jpeg 150w, https:\/\/antamebike.com\/wp-content\/uploads\/2022\/11\/Engw-ep2-pro-motor-768x768.jpeg 768w, https:\/\/antamebike.com\/wp-content\/uploads\/2022\/11\/Engw-ep2-pro-motor-600x600.jpeg 600w, https:\/\/antamebike.com\/wp-content\/uploads\/2022\/11\/Engw-ep2-pro-motor-100x100.jpeg 100w\" alt=\"Engw-ep2-pro-motor\" width=\"1000\" height=\"1000\" \/><\/p>\n<p>Raptor X c\u00f3 th\u1ec3 Leo \u0111\u00e8o hay \u00a0b\u1ee9c t\u1ed1c trong c\u00e1c cung \u0111\u01b0\u1eddng x\u1ea5u l\u00e0 v\u00f4 c\u00f9ng d\u1ec5 d\u00e0ng.<\/p>\n<\/div>\n<div dir=\"auto\">\n<h3 id=\"mcetoc_1gd28fvit5\"><span id=\"Pin_Lithium_16AH_co_the_thao_roi_de_dang\"><strong>Pin Lithium 16AH c\u00f3 th\u1ec3 th\u00e1o r\u1eddi d\u1ec5 d\u00e0ng<\/strong><\/span><\/h3>\n<\/div>\n<div dir=\"auto\">V\u1edbi vi\u00ean Pin Litium 48V 16Ah \u0111\u00e3 gi\u00fap cho\u00a0<strong>Raptor X<\/strong>\u00a0tr\u1ee3 l\u1ef1c \u0111i\u1ec7n qu\u00e3ng \u0111\u01b0\u1eddng h\u01a1n 10Km. V\u1edbi dung l\u01b0\u1ee3ng n\u00e0y, c\u00e1c anh \u0111i xa m\u00e0 kh\u00f4ng lo h\u1ebft pin gi\u1eefa ch\u1eebng.<\/div>\n<div dir=\"auto\"><\/div>\n<div dir=\"auto\"><img loading=\"lazy\" decoding=\"async\" class=\"alignnone wp-image-1265 size-full\" src=\"https:\/\/xedaptwitter.com.vn\/wp-content\/uploads\/2026\/02\/Raptor-X-Pin-e1770002766725.webp\" alt=\"\" width=\"900\" height=\"553\" srcset=\"https:\/\/xedaptwitter.com.vn\/wp-content\/uploads\/2026\/02\/Raptor-X-Pin-e1770002766725.webp 900w, https:\/\/xedaptwitter.com.vn\/wp-content\/uploads\/2026\/02\/Raptor-X-Pin-e1770002766725-300x184.webp 300w, https:\/\/xedaptwitter.com.vn\/wp-content\/uploads\/2026\/02\/Raptor-X-Pin-e1770002766725-768x472.webp 768w, https:\/\/xedaptwitter.com.vn\/wp-content\/uploads\/2026\/02\/Raptor-X-Pin-e1770002766725-600x369.webp 600w\" sizes=\"auto, (max-width: 900px) 100vw, 900px\" \/><\/div>\n<div dir=\"auto\"><\/div>\n<div dir=\"auto\">Pin lithium-ion c\u1ee7a Raptor c\u00f3 c\u00e1c ch\u1ee9c n\u0103ng b\u1ea3o v\u1ec7 qu\u00e1 t\u1ea3i, qu\u00e1 d\u00f2ng v\u00e0 ch\u1ed1ng \u0111o\u1ea3n m\u1ea1ch.<\/div>\n<div dir=\"auto\">\n<div dir=\"auto\"><\/div>\n<\/div>\n<div dir=\"auto\">\n<div dir=\"auto\">\n<h3 id=\"mcetoc_1gd28fvit5\"><span id=\"Phanh_dia_thuy_luc_Retrospec_truoc_va_sau\">Phanh D\u1ea7u Logan cao c\u1ea5p tr\u01b0\u1edbc v\u00e0 sau<\/span><\/h3>\n<\/div>\n<div dir=\"auto\">M\u1ed9t chi\u1ebfc B\u00e1nh b\u00e9o c\u00f4ng su\u1ea5t m\u1ea1nh th\u00ec vi\u1ec7c trang b\u1ecb Phanh D\u1ea7u l\u00e0 m\u1ed9t tr\u1ea3i nghi\u1ec7m kh\u00f4ng th\u1ec3 thi\u1ebfu.<\/div>\n<div dir=\"auto\"><\/div>\n<div dir=\"auto\"><img loading=\"lazy\" decoding=\"async\" class=\"alignnone wp-image-1261 size-full\" src=\"https:\/\/xedaptwitter.com.vn\/wp-content\/uploads\/2026\/02\/z7492039421249_eec0a6c9e774280668bf9a7471d5e18f-scaled.jpg\" alt=\"\" width=\"1920\" height=\"2560\" srcset=\"https:\/\/xedaptwitter.com.vn\/wp-content\/uploads\/2026\/02\/z7492039421249_eec0a6c9e774280668bf9a7471d5e18f-scaled.jpg 1920w, https:\/\/xedaptwitter.com.vn\/wp-content\/uploads\/2026\/02\/z7492039421249_eec0a6c9e774280668bf9a7471d5e18f-225x300.jpg 225w, https:\/\/xedaptwitter.com.vn\/wp-content\/uploads\/2026\/02\/z7492039421249_eec0a6c9e774280668bf9a7471d5e18f-768x1024.jpg 768w, https:\/\/xedaptwitter.com.vn\/wp-content\/uploads\/2026\/02\/z7492039421249_eec0a6c9e774280668bf9a7471d5e18f-1152x1536.jpg 1152w, https:\/\/xedaptwitter.com.vn\/wp-content\/uploads\/2026\/02\/z7492039421249_eec0a6c9e774280668bf9a7471d5e18f-1536x2048.jpg 1536w, https:\/\/xedaptwitter.com.vn\/wp-content\/uploads\/2026\/02\/z7492039421249_eec0a6c9e774280668bf9a7471d5e18f-600x800.jpg 600w\" sizes=\"auto, (max-width: 1920px) 100vw, 1920px\" \/><\/div>\n<div dir=\"auto\"><\/div>\n<div dir=\"auto\"><b>Raptor X 2026<\/b>\u00a0v\u1edbi Phanh d\u1ea7u Logan cao c\u1ea5p tr\u01b0\u1edbc v\u00e0 sau cho tr\u1ea3i nghi\u00eam kh\u00e1 an to\u00e0n khi l\u00e1i em n\u00f3 d\u00f9 b\u1ea5t k\u1ef3 cung \u0111\u01b0\u1eddng, \u0111\u1ecba h\u00ecnh hay th\u1eddi ti\u1ebft n\u00e0o.<\/div>\n<div dir=\"auto\">\n<h3><\/h3>\n<h3 id=\"mcetoc_1gd28fkc74\"><span id=\"Giam_shock_voi_Phuoc_truoc\">Gi\u1ea3m shock \u00eam \u00e1i v\u1edbi 3 Phu\u1ed9c D\u1ea7u<\/span><\/h3>\n<p>M\u1ed9t chi\u1ebfc B\u00e1nh b\u00e9o c\u0169ng \u0111\u00e3 qu\u00e1 \u00eam, nh\u01b0ng v\u1edbi Raptor X c\u00f2n \u0111\u01b0\u1ee3c trang b\u1ecb 3 Phu\u1ed9c cao c\u1ea5p th\u00ec tha h\u1ed3 tr\u1ea3i nghi\u00eam m\u1ecdi \u0111\u1ecba h\u00ecnh m\u00e0 v\u1eabn \u00eam \u00e1i.<\/p>\n<p><img loading=\"lazy\" decoding=\"async\" class=\"alignnone wp-image-1260 size-large\" src=\"https:\/\/xedaptwitter.com.vn\/wp-content\/uploads\/2026\/02\/z7492038052495_da58fcec729cdd02e44e75086dd56765-1024x768.jpg\" alt=\"\" width=\"1024\" height=\"768\" \/><\/p>\n<p>V\u1edbi<b>\u00a0Raptor X 2024\u00a0<\/b>ng\u01b0\u1eddi d\u00f9ng \u0111\u00e3 qu\u00e1 h\u00e0i l\u00f2ng trong qu\u00e1 tr\u00ecnh s\u1eed d\u1ee5ng 2 n\u0103m qua. M\u1ed9t chi\u1ebfc xe m\u1ea1nh m\u1ebd, b\u1ec1n b\u1ec9 v\u00e0 kh\u00e1 thu\u1eadn ti\u1ec7n trong vi\u1ec7c \u0111i l\u1ea1i h\u00e0ng ng\u00e0y.<\/p>\n<\/div>\n<div dir=\"auto\">\n<div dir=\"auto\">\n<h3 id=\"mcetoc_1gd28fvit5\"><\/h3>\n<\/div>\n<\/div>\n<\/div>\n<div class=\"xdj266r x11i5rnm xat24cr x1mh8g0r x1vvkbs x126k92a\">\n<h2><span id=\"Voi_E300_Pro_2026_Twitter_tiep_tuc_nang_cap_giup_E300_len_mot_tam_cao_hon_so_voi_ban_thuong\" class=\"ez-toc-section\"><\/span><span id=\"Voi_RAPTOR_X_2026_SR_Ebike_tiep_tuc_nang_cap_giup_Raptor_X_len_mot_tam_cao_hon_so_voi_ban_2024\" class=\"ez-toc-section\"><\/span>V\u1edbi RAPTOR X 2026, SR Ebike ti\u1ebfp t\u1ee5c n\u00e2ng c\u1ea5p gi\u00fap Raptor X l\u00ean m\u1ed9t t\u1ea7m cao h\u01a1n so v\u1edbi b\u1ea3n 2024.<\/h2>\n<p>C\u1ee5 th\u1ec3:<\/p>\n<\/div>\n<div class=\"wpb_text_column wpb_content_element \">\n<div class=\"wpb_wrapper\">\n<div class=\"nectar-highlighted-text\" data-style=\"full_text\" data-exp=\"default\" data-using-custom-color=\"false\" data-animation-delay=\"false\" data-color=\"\" data-color-gradient=\"\">\n<h3 id=\"mcetoc_1gd28fkc74\"><span id=\"Cam_bien_luc_dap_Momen_Xoan\" class=\"ez-toc-section\"><\/span><span id=\"Cam_bien_luc_dap_Momen_Xoan\" class=\"ez-toc-section\"><\/span>C\u1ea3m bi\u1ebfn l\u1ef1c \u0111\u1ea1p Momen Xo\u1eafn<\/h3>\n<p>\u0110\u00e2y l\u00e0 trang b\u1ecb th\u01b0\u1eddng ch\u1ec9 d\u00e0nh cho c\u00e1c chi\u1ebfc tr\u1ee3 l\u1ef1c cao c\u1ea5p. Nay\u00a0<strong>Raptor X<\/strong>\u00a0\u0111\u00e3 \u0111\u01b0\u1ee3c trang b\u1ecb s\u1eb5n lu\u00f4n cho tr\u1ea3i nghi\u1ec7m \u0111\u1ea1p c\u00e0ng tuy\u1ec7t v\u1eddi.<\/p>\n<p><img loading=\"lazy\" decoding=\"async\" class=\"alignnone wp-image-1263 size-large\" src=\"https:\/\/xedaptwitter.com.vn\/wp-content\/uploads\/2026\/02\/z7492039431464_951191e2323aa53cd5f336ef5b3d7931-768x1024.jpg\" alt=\"\" width=\"768\" height=\"1024\" srcset=\"https:\/\/xedaptwitter.com.vn\/wp-content\/uploads\/2026\/02\/z7492039431464_951191e2323aa53cd5f336ef5b3d7931-768x1024.jpg 768w, https:\/\/xedaptwitter.com.vn\/wp-content\/uploads\/2026\/02\/z7492039431464_951191e2323aa53cd5f336ef5b3d7931-225x300.jpg 225w, https:\/\/xedaptwitter.com.vn\/wp-content\/uploads\/2026\/02\/z7492039431464_951191e2323aa53cd5f336ef5b3d7931-1152x1536.jpg 1152w, https:\/\/xedaptwitter.com.vn\/wp-content\/uploads\/2026\/02\/z7492039431464_951191e2323aa53cd5f336ef5b3d7931-1536x2048.jpg 1536w, https:\/\/xedaptwitter.com.vn\/wp-content\/uploads\/2026\/02\/z7492039431464_951191e2323aa53cd5f336ef5b3d7931-600x800.jpg 600w, https:\/\/xedaptwitter.com.vn\/wp-content\/uploads\/2026\/02\/z7492039431464_951191e2323aa53cd5f336ef5b3d7931.jpg 1920w\" sizes=\"auto, (max-width: 768px) 100vw, 768px\" \/><\/p>\n<p>&nbsp;<\/p>\n<\/div>\n<div class=\"wpb_text_column wpb_content_element \">\n<div class=\"wpb_wrapper\">\n<p>C\u00e1c anh \u0111\u00e3 tr\u1ea3i nghi\u1ec7m \u0111\u1ea1p v\u1edbi Momen Xo\u1eafn (Torque) \u00a0th\u00ec lu\u00f4n c\u1ea3m gi\u00e1c kh\u00e1c h\u1eb5n so v\u1edbi nh\u1eefng chi\u1ebfc tr\u1ee3 l\u1ef1c th\u01b0\u1eddng r\u1ea5t nhi\u1ec1u. \u0110\u1eb7c bi\u1ec7t l\u00e0 nh\u1eefng chi\u1ebfc tr\u1ee3 l\u1ef1c c\u00f3 c\u00f4ng su\u1ea5t m\u1ea1nh nh\u01b0 Raptor X.<\/p>\n<h3><span id=\"Khung_suon_Hop_kim_Nhom_6061_Khong_Moi_han\" class=\"ez-toc-section\"><\/span>Khung s\u01b0\u1eddn H\u1ee3p kim Nh\u00f4m 6061: Kh\u00f4ng M\u1ed1i h\u00e0n<\/h3>\n<p>Raptor X 2026 khung s\u01b0\u1eddn \u0111\u01b0\u1ee3c ho\u00e0n thi\u1ec7n kh\u00e1 cao c\u1ea5p, t\u1ef7 m\u1ec9 li\u1ec1n l\u1ea1c: kh\u00f4ng m\u1ed1i h\u00e0n. So v\u1edbi c\u00e1c chi\u1ebfc tr\u1ee3 l\u1ef1c B\u00e1nh b\u00e9o kh\u00e1c tr\u00ean th\u1ecb tr\u01b0\u1eddng th\u00ec \u0111\u1ed9 ho\u00e0n thi\u1ec7n khung s\u01b0\u1eddn c\u1ee7a Raptor l\u00e0 v\u01b0\u1ee3t tr\u1ed9i h\u01a1n h\u1eb5n.<\/p>\n<div class=\"xdj266r x11i5rnm xat24cr x1mh8g0r x1vvkbs x126k92a\">\n<h3 dir=\"auto\"><span id=\"Man_hinh_LCD_kich_thuoc_lon_hien_thi_sac_net_voi_anh_sang_manh\">H\u1ec7 th\u1ed1ng chi\u1ebfu s\u00e1ng m\u1edbi<\/span><\/h3>\n<\/div>\n<p>&nbsp;<\/p>\n<p><img loading=\"lazy\" decoding=\"async\" class=\"alignnone wp-image-1262 size-large\" src=\"https:\/\/xedaptwitter.com.vn\/wp-content\/uploads\/2026\/02\/z7492039425230_e53c7717e8f631ac6cda8be81eb59298-768x1024.jpg\" alt=\"\" width=\"768\" height=\"1024\" srcset=\"https:\/\/xedaptwitter.com.vn\/wp-content\/uploads\/2026\/02\/z7492039425230_e53c7717e8f631ac6cda8be81eb59298-768x1024.jpg 768w, https:\/\/xedaptwitter.com.vn\/wp-content\/uploads\/2026\/02\/z7492039425230_e53c7717e8f631ac6cda8be81eb59298-225x300.jpg 225w, https:\/\/xedaptwitter.com.vn\/wp-content\/uploads\/2026\/02\/z7492039425230_e53c7717e8f631ac6cda8be81eb59298-1152x1536.jpg 1152w, https:\/\/xedaptwitter.com.vn\/wp-content\/uploads\/2026\/02\/z7492039425230_e53c7717e8f631ac6cda8be81eb59298-1536x2048.jpg 1536w, https:\/\/xedaptwitter.com.vn\/wp-content\/uploads\/2026\/02\/z7492039425230_e53c7717e8f631ac6cda8be81eb59298-600x800.jpg 600w, https:\/\/xedaptwitter.com.vn\/wp-content\/uploads\/2026\/02\/z7492039425230_e53c7717e8f631ac6cda8be81eb59298.jpg 1920w\" sizes=\"auto, (max-width: 768px) 100vw, 768px\" \/><\/p>\n<p>V\u1edbi\u00a0<strong>RAPTOR X 2026<\/strong>\u00a0h\u1ec7 th\u1ed1ng chi\u1ebfu s\u00e1ng \u0111\u01b0\u1ee3c n\u00e2ng c\u1ea5p \u0111\u00e1ng k\u1ec3.<\/p>\n<p>\u0110\u00e8n Led tr\u01b0\u1edbc to h\u01a1n, chi\u1ebfu s\u00e1ng m\u1ea1nh h\u01a1n. \u0110i ban \u0111\u00eam nh\u00ecn \u0111\u01b0\u1eddng r\u00f5 v\u00e0 s\u00e1ng h\u01a1n h\u1eb5n<\/p>\n<p>\u0110\u00e8n Led sau ngo\u00e0i t\u00edch h\u1ee3p \u0110\u00e8n Phanh, Raptor X 2026 c\u00f2n t\u00edch h\u1ee3p th\u00e8m \u0110\u00e8n Xi-nhanh tr\u00e1i ph\u1ea3i, gi\u00fap tr\u1ea3i nghi\u1ec7m an to\u00e0n h\u01a1n r\u1ea5t nhi\u1ec1u khi s\u1eed d\u1ee5ng.<\/p>\n<p><img loading=\"lazy\" decoding=\"async\" class=\"alignnone wp-image-1258 size-large\" src=\"https:\/\/xedaptwitter.com.vn\/wp-content\/uploads\/2026\/02\/z7492038039092_a6864317d10342ec48a79c3f5e3ed7ee-1024x768.jpg\" alt=\"\" width=\"1024\" height=\"768\" srcset=\"https:\/\/xedaptwitter.com.vn\/wp-content\/uploads\/2026\/02\/z7492038039092_a6864317d10342ec48a79c3f5e3ed7ee-1024x768.jpg 1024w, https:\/\/xedaptwitter.com.vn\/wp-content\/uploads\/2026\/02\/z7492038039092_a6864317d10342ec48a79c3f5e3ed7ee-300x225.jpg 300w, https:\/\/xedaptwitter.com.vn\/wp-content\/uploads\/2026\/02\/z7492038039092_a6864317d10342ec48a79c3f5e3ed7ee-768x576.jpg 768w, https:\/\/xedaptwitter.com.vn\/wp-content\/uploads\/2026\/02\/z7492038039092_a6864317d10342ec48a79c3f5e3ed7ee-1536x1152.jpg 1536w, https:\/\/xedaptwitter.com.vn\/wp-content\/uploads\/2026\/02\/z7492038039092_a6864317d10342ec48a79c3f5e3ed7ee-2048x1536.jpg 2048w, https:\/\/xedaptwitter.com.vn\/wp-content\/uploads\/2026\/02\/z7492038039092_a6864317d10342ec48a79c3f5e3ed7ee-600x450.jpg 600w\" sizes=\"auto, (max-width: 1024px) 100vw, 1024px\" \/><\/p>\n<p>&nbsp;<\/p>\n<\/div>\n<\/div>\n<\/div>\n<\/div>\n<p>T\u1ed5ng th\u1ec3 v\u1edbi t\u1ea7m gi\u00e1 h\u01a1n 20tr t\u00fd, v\u1edbi nh\u1eefng trang b\u1ecb nh\u01b0:<strong>\u00a0\u0110\u1ed9ng c\u01a1 M\u1ea1nh, Pin Litium dung l\u01b0\u1ee3ng cao v\u00e0 Momen xo\u1eafn, Phanh D\u1ea7u\u2026\u00a0<\/strong>c\u00f9ng v\u1edbi ch\u1ea5t l\u01b0\u1ee3ng ho\u00e0n thi\u1ec7n cao c\u1ea5p th\u00ec r\u00f5 r\u00e0ng Raptor X 2026 kh\u00f3 m\u00e0 c\u00f3 \u0111\u1ed1i th\u1ee7 trong c\u00f9ng ph\u00e2n kh\u00fac.<\/p>\n<h3 dir=\"auto\"><img loading=\"lazy\" decoding=\"async\" class=\"alignnone wp-image-1257 size-large\" src=\"https:\/\/xedaptwitter.com.vn\/wp-content\/uploads\/2026\/02\/z7492038036690_c0ab31b64a1f59b77332957541a8483a-768x1024.jpg\" alt=\"\" width=\"768\" height=\"1024\" srcset=\"https:\/\/xedaptwitter.com.vn\/wp-content\/uploads\/2026\/02\/z7492038036690_c0ab31b64a1f59b77332957541a8483a-768x1024.jpg 768w, https:\/\/xedaptwitter.com.vn\/wp-content\/uploads\/2026\/02\/z7492038036690_c0ab31b64a1f59b77332957541a8483a-225x300.jpg 225w, https:\/\/xedaptwitter.com.vn\/wp-content\/uploads\/2026\/02\/z7492038036690_c0ab31b64a1f59b77332957541a8483a-1152x1536.jpg 1152w, https:\/\/xedaptwitter.com.vn\/wp-content\/uploads\/2026\/02\/z7492038036690_c0ab31b64a1f59b77332957541a8483a-1536x2048.jpg 1536w, https:\/\/xedaptwitter.com.vn\/wp-content\/uploads\/2026\/02\/z7492038036690_c0ab31b64a1f59b77332957541a8483a-600x800.jpg 600w, https:\/\/xedaptwitter.com.vn\/wp-content\/uploads\/2026\/02\/z7492038036690_c0ab31b64a1f59b77332957541a8483a.jpg 1920w\" sizes=\"auto, (max-width: 768px) 100vw, 768px\" \/><\/h3>\n<h3 dir=\"auto\"><\/h3>\n<h3 dir=\"auto\"><span id=\"Man_hinh_LCD_kich_thuoc_lon_hien_thi_sac_net_voi_anh_sang_manh\">Mua Twitter Raptor X 2026 ch\u00ednh h\u00e3ng Gi\u00e1 t\u1ed1t \u1edf \u0111\u00e2u?<\/span><\/h3>\n<p><strong>SE EBIKE<\/strong> l\u00e0 nh\u00e0 ph\u00e2n ph\u1ed1i <strong>Raptor X 2026<\/strong>\u00a0ch\u00ednh h\u00e3ng. Hi\u1ec7n \u0111ang c\u00f3 ch\u01b0\u01a1ng tr\u00ecnh kh\u00e1 \u01b0u \u0111\u00e3i cho Raptor X 2026<\/p>\n<p><strong>Li\u00ean h\u1ec7: 0916.504.228<\/strong><\/p>\n","protected":false},"excerpt":{"rendered":"<div class=\"elementor-element elementor-element-350445d7 elementor-widget elementor-widget-woocommerce-product-title elementor-page-title elementor-widget-heading\" data-id=\"350445d7\" data-element_type=\"widget\" data-widget_type=\"woocommerce-product-title.default\">\n<div class=\"elementor-widget-container\">\n<h4 class=\"product_title entry-title elementor-heading-title elementor-size-default\">Raptor X 2026<\/h4>\n<\/div>\n<\/div>\n<div class=\"elementor-element elementor-element-451bca1d elementor-widget elementor-widget-woocommerce-product-short-description\" data-id=\"451bca1d\" data-element_type=\"widget\" data-widget_type=\"woocommerce-product-short-description.default\">\n<div class=\"elementor-widget-container\">\n<div class=\"woocommerce-product-details__short-description\">\n<p><strong><em>Chi\u1ebfc tr\u1ee3 l\u1ef1c B\u00e1nh B\u00e9o cao c\u1ea5p T\u1ed1p hi\u1ec7n nay<\/em><\/strong><\/p>\n<ul>\n<li>C\u1ea3m bi\u1ebfn l\u1ef1c \u0111\u1ea1p Momen Xo\u1eafn<\/li>\n<li>V\u1eadn t\u1ed1c \u0111i\u1ec7n 50Km\/h<\/li>\n<li>Phanh D\u1ea7u Logan cao c\u1ea5p<\/li>\n<li>Pin Litium 48V 16Ah<\/li>\n<li>Gi\u1ea3m Shock v\u1edbi 3 Phu\u1ed9t nh\u00fang<\/li>\n<li>T\u00edch h\u1ee3p: \u0110\u00e8n Led tr\u01b0\u1edbc sau, C\u00f2i \u0111i\u1ec7n v\u00e0 Xi-nhan<\/li>\n<\/ul>\n<\/div>\n<\/div>\n<\/div>\n","protected":false},"featured_media":1297,"comment_status":"closed","ping_status":"closed","template":"","meta":{"site-sidebar-layout":"default","site-content-layout":"","ast-site-content-layout":"default","site-content-style":"default","site-sidebar-style":"default","ast-global-header-display":"","ast-banner-title-visibility":"","ast-main-header-display":"","ast-hfb-above-header-display":"","ast-hfb-below-header-display":"","ast-hfb-mobile-header-display":"","site-post-title":"","ast-breadcrumbs-content":"","ast-featured-img":"","footer-sml-layout":"","theme-transparent-header-meta":"default","adv-header-id-meta":"","stick-header-meta":"","header-above-stick-meta":"","header-main-stick-meta":"","header-below-stick-meta":"","astra-migrate-meta-layouts":"set","ast-page-background-enabled":"default","ast-page-background-meta":{"desktop":{"background-color":"var(--ast-global-color-4)","background-image":"","background-repeat":"repeat","background-position":"center center","background-size":"auto","background-attachment":"scroll","background-type":"","background-media":"","overlay-type":"","overlay-color":"","overlay-gradient":""},"tablet":{"background-color":"","background-image":"","background-repeat":"repeat","background-position":"center center","background-size":"auto","background-attachment":"scroll","background-type":"","background-media":"","overlay-type":"","overlay-color":"","overlay-gradient":""},"mobile":{"background-color":"","background-image":"","background-repeat":"repeat","background-position":"center center","background-size":"auto","background-attachment":"scroll","background-type":"","background-media":"","overlay-type":"","overlay-color":"","overlay-gradient":""}},"ast-content-background-meta":{"desktop":{"background-color":"var(--ast-global-color-5)","background-image":"","background-repeat":"repeat","background-position":"center center","background-size":"auto","background-attachment":"scroll","background-type":"","background-media":"","overlay-type":"","overlay-color":"","overlay-gradient":""},"tablet":{"background-color":"var(--ast-global-color-5)","background-image":"","background-repeat":"repeat","background-position":"center center","background-size":"auto","background-attachment":"scroll","background-type":"","background-media":"","overlay-type":"","overlay-color":"","overlay-gradient":""},"mobile":{"background-color":"var(--ast-global-color-5)","background-image":"","background-repeat":"repeat","background-position":"center center","background-size":"auto","background-attachment":"scroll","background-type":"","background-media":"","overlay-type":"","overlay-color":"","overlay-gradient":""}}},"product_cat":[88],"product_tag":[76],"class_list":{"0":"post-1127","1":"product","2":"type-product","3":"status-publish","4":"has-post-thumbnail","6":"product_cat-xe-tro-luc-srebike","7":"product_tag-srebike-raptor-x","8":"desktop-align-left","9":"tablet-align-left","10":"mobile-align-left","12":"first","13":"instock","14":"shipping-taxable","15":"purchasable","16":"product-type-simple"},"jetpack_sharing_enabled":true,"_links":{"self":[{"href":"https:\/\/xedaptwitter.com.vn\/index.php?rest_route=\/wp\/v2\/product\/1127","targetHints":{"allow":["GET"]}}],"collection":[{"href":"https:\/\/xedaptwitter.com.vn\/index.php?rest_route=\/wp\/v2\/product"}],"about":[{"href":"https:\/\/xedaptwitter.com.vn\/index.php?rest_route=\/wp\/v2\/types\/product"}],"replies":[{"embeddable":true,"href":"https:\/\/xedaptwitter.com.vn\/index.php?rest_route=%2Fwp%2Fv2%2Fcomments&post=1127"}],"wp:featuredmedia":[{"embeddable":true,"href":"https:\/\/xedaptwitter.com.vn\/index.php?rest_route=\/wp\/v2\/media\/1297"}],"wp:attachment":[{"href":"https:\/\/xedaptwitter.com.vn\/index.php?rest_route=%2Fwp%2Fv2%2Fmedia&parent=1127"}],"wp:term":[{"taxonomy":"product_cat","embeddable":true,"href":"https:\/\/xedaptwitter.com.vn\/index.php?rest_route=%2Fwp%2Fv2%2Fproduct_cat&post=1127"},{"taxonomy":"product_tag","embeddable":true,"href":"https:\/\/xedaptwitter.com.vn\/index.php?rest_route=%2Fwp%2Fv2%2Fproduct_tag&post=1127"}],"curies":[{"name":"wp","href":"https:\/\/api.w.org\/{rel}","templated":true}]}}