{"id":1083,"date":"2026-01-28T10:43:33","date_gmt":"2026-01-28T03:43:33","guid":{"rendered":"https:\/\/xedaptwitter.com.vn\/?post_type=product&#038;p=1083"},"modified":"2026-02-05T09:37:37","modified_gmt":"2026-02-05T02:37:37","slug":"xe-dap-tro-luc-dien-ouxi-v8-pro","status":"publish","type":"product","link":"https:\/\/xedaptwitter.com.vn\/?product=xe-dap-tro-luc-dien-ouxi-v8-pro","title":{"rendered":"Xe \u0111\u1ea1p tr\u1ee3 l\u1ef1c \u0111i\u1ec7n OUXI V8 Pro"},"content":{"rendered":"<h1><span id=\"Xe_dap_tro_luc_dien_OUXI_V8_Pro\"><strong>Xe \u0111\u1ea1p tr\u1ee3 l\u1ef1c \u0111i\u1ec7n OUXI V8 Pro\u00a0<\/strong><\/span><\/h1>\n<p><strong>OUXI V8 Pro<\/strong>\u00a0l\u00e0 chi\u1ebfc xe \u0111\u1ea1p tr\u1ee3 l\u1ef1c \u0111i\u1ec7n kh\u00e1 \u0111\u01b0\u1ee3c \u01b0a chu\u1ed9ng trong th\u1eddi gian qua th\u00ec nay\u00a0<strong>OUXI V8 Pro<\/strong>\u00a0v\u1edbi nh\u1eefng n\u00e2ng c\u1ea5p x\u1ecbn x\u00f2 v\u00e0 ho\u00e0n thi\u1ec7n s\u1eafc n\u00e9t th\u00ec ch\u1eafc ch\u1eafn s\u1ebd c\u00f2n l\u00e0m cho ng\u01b0\u1eddi d\u00f9ng c\u00e0ng y\u00eau em \u1ea5y h\u01a1n.<\/p>\n<p><img loading=\"lazy\" decoding=\"async\" class=\"alignnone wp-image-2818 size-large\" src=\"https:\/\/antamebike.com\/wp-content\/uploads\/2024\/10\/Ouxi-V8-Pro-A3-1024x1024.jpeg\" sizes=\"auto, (max-width: 1024px) 100vw, 1024px\" srcset=\"https:\/\/antamebike.com\/wp-content\/uploads\/2024\/10\/Ouxi-V8-Pro-A3-1024x1024.jpeg 1024w, https:\/\/antamebike.com\/wp-content\/uploads\/2024\/10\/Ouxi-V8-Pro-A3-300x300.jpeg 300w, https:\/\/antamebike.com\/wp-content\/uploads\/2024\/10\/Ouxi-V8-Pro-A3-150x150.jpeg 150w, https:\/\/antamebike.com\/wp-content\/uploads\/2024\/10\/Ouxi-V8-Pro-A3-768x768.jpeg 768w, https:\/\/antamebike.com\/wp-content\/uploads\/2024\/10\/Ouxi-V8-Pro-A3-1536x1536.jpeg 1536w, https:\/\/antamebike.com\/wp-content\/uploads\/2024\/10\/Ouxi-V8-Pro-A3-2048x2048.jpeg 2048w, https:\/\/antamebike.com\/wp-content\/uploads\/2024\/10\/Ouxi-V8-Pro-A3-600x600.jpeg 600w, https:\/\/antamebike.com\/wp-content\/uploads\/2024\/10\/Ouxi-V8-Pro-A3-100x100.jpeg 100w\" alt=\"\" width=\"1024\" height=\"1024\" \/><\/p>\n<h2><span id=\"OUXI_PRO_V8_Pro_co_gi_moi\"><strong>OUXI PRO V8 Pro: c\u00f3 g\u00ec m\u1edbi?<\/strong><\/span><\/h2>\n<p><img loading=\"lazy\" decoding=\"async\" class=\"alignnone wp-image-2813 size-large\" src=\"https:\/\/antamebike.com\/wp-content\/uploads\/2024\/10\/Ouxi-V8-New-Large-1024x1024.jpeg\" sizes=\"auto, (max-width: 1024px) 100vw, 1024px\" srcset=\"https:\/\/antamebike.com\/wp-content\/uploads\/2024\/10\/Ouxi-V8-New-Large-1024x1024.jpeg 1024w, https:\/\/antamebike.com\/wp-content\/uploads\/2024\/10\/Ouxi-V8-New-Large-300x300.jpeg 300w, https:\/\/antamebike.com\/wp-content\/uploads\/2024\/10\/Ouxi-V8-New-Large-150x150.jpeg 150w, https:\/\/antamebike.com\/wp-content\/uploads\/2024\/10\/Ouxi-V8-New-Large-768x768.jpeg 768w, https:\/\/antamebike.com\/wp-content\/uploads\/2024\/10\/Ouxi-V8-New-Large-600x600.jpeg 600w, https:\/\/antamebike.com\/wp-content\/uploads\/2024\/10\/Ouxi-V8-New-Large-100x100.jpeg 100w, https:\/\/antamebike.com\/wp-content\/uploads\/2024\/10\/Ouxi-V8-New-Large.jpeg 1280w\" alt=\"\" width=\"1024\" height=\"1024\" \/><\/p>\n<h3><span id=\"Phanh_Dau_Zoom_cao_cap\">Phanh D\u1ea7u Zoom cao c\u1ea5p<\/span><\/h3>\n<p>N\u00e2ng c\u1ea5p kh\u00e1 quan tr\u1ecdng cho 1 chi\u1ebfc xe tr\u1ee3 l\u1ef1c \u0111i\u1ec7n c\u00f3 \u0110\u1ed9ng c\u01a1 m\u1ea1nh v\u00e0 B\u00e1nh B\u00e9o. V\u1edbi Phanh D\u1ea7u Zoom s\u1ebd gi\u00fap ng\u01b0\u1eddi d\u00f9ng \u0111i\u1ec1u khi\u1ec3n Ouxi V8 Pro tho\u1ea3i m\u00e1i v\u00e0 an to\u00e0n h\u01a1n r\u1ea5t nhi\u1ec1u.<\/p>\n<p><img loading=\"lazy\" decoding=\"async\" class=\"alignnone size-medium wp-image-2805\" src=\"https:\/\/antamebike.com\/wp-content\/uploads\/2024\/09\/Ouxi-H9-Phanh-dau-Large-300x300.jpeg\" sizes=\"auto, (max-width: 300px) 100vw, 300px\" srcset=\"https:\/\/antamebike.com\/wp-content\/uploads\/2024\/09\/Ouxi-H9-Phanh-dau-Large-300x300.jpeg 300w, https:\/\/antamebike.com\/wp-content\/uploads\/2024\/09\/Ouxi-H9-Phanh-dau-Large-1024x1024.jpeg 1024w, https:\/\/antamebike.com\/wp-content\/uploads\/2024\/09\/Ouxi-H9-Phanh-dau-Large-150x150.jpeg 150w, https:\/\/antamebike.com\/wp-content\/uploads\/2024\/09\/Ouxi-H9-Phanh-dau-Large-768x768.jpeg 768w, https:\/\/antamebike.com\/wp-content\/uploads\/2024\/09\/Ouxi-H9-Phanh-dau-Large-600x600.jpeg 600w, https:\/\/antamebike.com\/wp-content\/uploads\/2024\/09\/Ouxi-H9-Phanh-dau-Large-100x100.jpeg 100w, https:\/\/antamebike.com\/wp-content\/uploads\/2024\/09\/Ouxi-H9-Phanh-dau-Large.jpeg 1280w\" alt=\"\" width=\"300\" height=\"300\" \/><img loading=\"lazy\" decoding=\"async\" class=\"alignnone size-medium wp-image-2806\" src=\"https:\/\/antamebike.com\/wp-content\/uploads\/2024\/09\/Ouxi-H9-Phanh-dau-300x300.jpeg\" sizes=\"auto, (max-width: 300px) 100vw, 300px\" srcset=\"https:\/\/antamebike.com\/wp-content\/uploads\/2024\/09\/Ouxi-H9-Phanh-dau-300x300.jpeg 300w, https:\/\/antamebike.com\/wp-content\/uploads\/2024\/09\/Ouxi-H9-Phanh-dau-1024x1024.jpeg 1024w, https:\/\/antamebike.com\/wp-content\/uploads\/2024\/09\/Ouxi-H9-Phanh-dau-150x150.jpeg 150w, https:\/\/antamebike.com\/wp-content\/uploads\/2024\/09\/Ouxi-H9-Phanh-dau-768x768.jpeg 768w, https:\/\/antamebike.com\/wp-content\/uploads\/2024\/09\/Ouxi-H9-Phanh-dau-1536x1536.jpeg 1536w, https:\/\/antamebike.com\/wp-content\/uploads\/2024\/09\/Ouxi-H9-Phanh-dau-2048x2048.jpeg 2048w, https:\/\/antamebike.com\/wp-content\/uploads\/2024\/09\/Ouxi-H9-Phanh-dau-600x600.jpeg 600w, https:\/\/antamebike.com\/wp-content\/uploads\/2024\/09\/Ouxi-H9-Phanh-dau-100x100.jpeg 100w\" alt=\"\" width=\"300\" height=\"300\" \/><\/p>\n<h3><span id=\"Giam_shock_xin_hon_voi_3_Phuoc\">Gi\u1ea3m shock x\u1ecbn h\u01a1n v\u1edbi 3 Phu\u1ed9c<\/span><\/h3>\n<p>So v\u1edbi b\u1ea3n 2024 th\u00ec Ouxi V8 ch\u1ec9 \u0111\u01b0\u1ee3c trang b\u1ecb 1 Phu\u1ed9c Tr\u01b0\u1edbc. \u1ede Phi\u00ean b\u1ea3n m\u1edbi Ouxi \u0111\u00e3 \u01b0u \u00e1i trang b\u1ecb cho V8 Pro th\u00eam 2 Phu\u1ed9c sau 2 b\u00ean, gi\u00fap xe v\u1eadn h\u00e0nh \u00eam h\u01a1n r\u1ea5t nhi\u1ec1u, \u0111\u1eb7c bi\u1ec7t l\u00e0 khi ch\u1edf th\u00eam ng\u01b0\u1eddi v\u1eabn r\u1ea5t y\u00eam \u00e1i.<\/p>\n<p><img loading=\"lazy\" decoding=\"async\" class=\"alignnone size-large wp-image-2821\" src=\"https:\/\/antamebike.com\/wp-content\/uploads\/2024\/10\/Ouxi-V8-Pro-2024-Phuoc-Large-1024x682.jpeg\" sizes=\"auto, (max-width: 1024px) 100vw, 1024px\" srcset=\"https:\/\/antamebike.com\/wp-content\/uploads\/2024\/10\/Ouxi-V8-Pro-2024-Phuoc-Large-1024x682.jpeg 1024w, https:\/\/antamebike.com\/wp-content\/uploads\/2024\/10\/Ouxi-V8-Pro-2024-Phuoc-Large-300x200.jpeg 300w, https:\/\/antamebike.com\/wp-content\/uploads\/2024\/10\/Ouxi-V8-Pro-2024-Phuoc-Large-768x512.jpeg 768w, https:\/\/antamebike.com\/wp-content\/uploads\/2024\/10\/Ouxi-V8-Pro-2024-Phuoc-Large-600x400.jpeg 600w, https:\/\/antamebike.com\/wp-content\/uploads\/2024\/10\/Ouxi-V8-Pro-2024-Phuoc-Large.jpeg 1280w\" alt=\"\" width=\"1024\" height=\"682\" \/><\/p>\n<h3><span id=\"Baga_truoc\">Baga tr\u01b0\u1edbc<\/span><\/h3>\n<p>V\u1edbi vi\u1ec7c trang b\u1ecb th\u00eam Baga tr\u01b0\u1edbc\u00a0<strong>OUXI V8 PRO<\/strong>\u00a0nh\u00ecn r\u1ea5t th\u1eddi trang c\u1ed5 \u0111i\u1ec3n l\u1ecbch l\u00e3m v\u00e0 ti\u1ec7n d\u1ee5ng h\u01a1n trong qu\u00e1 tr\u00ecnh s\u1eed d\u1ee5ng.<\/p>\n<p><img loading=\"lazy\" decoding=\"async\" class=\"alignnone wp-image-2819 size-large\" src=\"https:\/\/antamebike.com\/wp-content\/uploads\/2024\/10\/Ouxi-V8-Pro-Baga-Large-1024x1024.jpeg\" sizes=\"auto, (max-width: 1024px) 100vw, 1024px\" srcset=\"https:\/\/antamebike.com\/wp-content\/uploads\/2024\/10\/Ouxi-V8-Pro-Baga-Large-1024x1024.jpeg 1024w, https:\/\/antamebike.com\/wp-content\/uploads\/2024\/10\/Ouxi-V8-Pro-Baga-Large-300x300.jpeg 300w, https:\/\/antamebike.com\/wp-content\/uploads\/2024\/10\/Ouxi-V8-Pro-Baga-Large-150x150.jpeg 150w, https:\/\/antamebike.com\/wp-content\/uploads\/2024\/10\/Ouxi-V8-Pro-Baga-Large-768x768.jpeg 768w, https:\/\/antamebike.com\/wp-content\/uploads\/2024\/10\/Ouxi-V8-Pro-Baga-Large-600x600.jpeg 600w, https:\/\/antamebike.com\/wp-content\/uploads\/2024\/10\/Ouxi-V8-Pro-Baga-Large-100x100.jpeg 100w, https:\/\/antamebike.com\/wp-content\/uploads\/2024\/10\/Ouxi-V8-Pro-Baga-Large.jpeg 1280w\" alt=\"\" width=\"1024\" height=\"1024\" \/><\/p>\n<h3><span id=\"Man_hinh_To_va_Xin_hon\">M\u00e0n h\u00ecnh To v\u00e0 X\u1ecbn h\u01a1n<\/span><\/h3>\n<p><img loading=\"lazy\" decoding=\"async\" class=\"alignnone size-large wp-image-2820\" src=\"https:\/\/antamebike.com\/wp-content\/uploads\/2024\/10\/Ouxi-V8-MH-Large-1024x682.jpeg\" sizes=\"auto, (max-width: 1024px) 100vw, 1024px\" srcset=\"https:\/\/antamebike.com\/wp-content\/uploads\/2024\/10\/Ouxi-V8-MH-Large-1024x682.jpeg 1024w, https:\/\/antamebike.com\/wp-content\/uploads\/2024\/10\/Ouxi-V8-MH-Large-300x200.jpeg 300w, https:\/\/antamebike.com\/wp-content\/uploads\/2024\/10\/Ouxi-V8-MH-Large-768x512.jpeg 768w, https:\/\/antamebike.com\/wp-content\/uploads\/2024\/10\/Ouxi-V8-MH-Large-600x400.jpeg 600w, https:\/\/antamebike.com\/wp-content\/uploads\/2024\/10\/Ouxi-V8-MH-Large.jpeg 1280w\" alt=\"\" width=\"1024\" height=\"682\" \/><\/p>\n<p>Phi\u00ean b\u1ea3n m\u1edbi OUXI \u0111\u00e3 trang b\u1ecb cho V8 Pro chi\u1ebfc M\u00e0n h\u00ecnh M\u00e0u to v\u00e0 cao c\u1ea5p h\u01a1n r\u1ea5t nhi\u1ec1u so v\u1edbi M\u00e0n M5 c\u1ee7a B\u1ea3n 2024.<\/p>\n<p>V\u1edbi m\u00e0n h\u00ecnh x\u1ecbn h\u01a1n s\u1ebd gi\u00fap ng\u01b0\u1eddi d\u00f9ng quan s\u00e1t r\u00f5 v\u00e0 d\u1ec5 d\u00e0ng h\u01a1n trong qu\u00e1 tr\u00ecnh \u0111i\u1ec1u khi\u1ec3n xe d\u00f9 ban ng\u00e0y n\u1eafng g\u1eaft hay ban \u0111\u00eam \u00e1nh s\u00e1ng y\u1ebfu<\/p>\n<h3><span id=\"Chong_trom_va_tim_xe_trong_Bai\">Ch\u1ed1ng tr\u1ed9m v\u00e0 t\u00ecm xe trong B\u00e3i<\/span><\/h3>\n<p>B\u1ea3n\u00a0<strong>Ouxi V8 Pro<\/strong>\u00a0l\u1ea7n n\u00e0y c\u0169ng trang b\u1ecb th\u00eam 1 t\u00ednh n\u0103ng r\u1ea5t c\u1ea7n thi\u1ebft v\u00e0 th\u1eddi th\u01b0\u1ee3ng l\u00e0 Ch\u00eca kho\u00e1 t\u1eeb ch\u1ed1ng tr\u1ed9m t\u1eeb xa v\u00e0 t\u00edch h\u1ee3p lu\u00f4n t\u00ednh n\u0103ng t\u00ecm xe trong b\u00e3i r\u1ea5t h\u1eefu d\u1ee5ng khi g\u1eedi xe \u1edf nh\u1eefng b\u00e3i l\u1edbn th\u00ec vi\u1ec7c t\u00ecm xe r\u1ea5t nhanh ch\u00f3ng v\u00e0 d\u1ec5 d\u00e0ng<\/p>\n<p><img loading=\"lazy\" decoding=\"async\" class=\"alignnone size-large wp-image-2807\" src=\"https:\/\/antamebike.com\/wp-content\/uploads\/2024\/09\/Ouxi-H9-chong-trom-1024x1024.jpeg\" sizes=\"auto, (max-width: 1024px) 100vw, 1024px\" srcset=\"https:\/\/antamebike.com\/wp-content\/uploads\/2024\/09\/Ouxi-H9-chong-trom-1024x1024.jpeg 1024w, https:\/\/antamebike.com\/wp-content\/uploads\/2024\/09\/Ouxi-H9-chong-trom-300x300.jpeg 300w, https:\/\/antamebike.com\/wp-content\/uploads\/2024\/09\/Ouxi-H9-chong-trom-150x150.jpeg 150w, https:\/\/antamebike.com\/wp-content\/uploads\/2024\/09\/Ouxi-H9-chong-trom-768x768.jpeg 768w, https:\/\/antamebike.com\/wp-content\/uploads\/2024\/09\/Ouxi-H9-chong-trom-1536x1536.jpeg 1536w, https:\/\/antamebike.com\/wp-content\/uploads\/2024\/09\/Ouxi-H9-chong-trom-2048x2048.jpeg 2048w, https:\/\/antamebike.com\/wp-content\/uploads\/2024\/09\/Ouxi-H9-chong-trom-600x600.jpeg 600w, https:\/\/antamebike.com\/wp-content\/uploads\/2024\/09\/Ouxi-H9-chong-trom-100x100.jpeg 100w\" alt=\"\" width=\"1024\" height=\"1024\" \/><\/p>\n<h3><span id=\"Yen_van_kim_cuong_thoang_khi_va_Dai_hon\">Y\u00ean: v\u00e2n kim c\u01b0\u01a1ng tho\u00e1ng kh\u00ed v\u00e0 D\u00e0i h\u01a1n<\/span><\/h3>\n<p>B\u1ed9 y\u00ean c\u0169 \u0111\u00e3 ngon, l\u1ea7n n\u00e0y Ouxi n\u00e2ng c\u1ea5p c\u00f2n x\u1ecbn h\u01a1n v\u1edbi v\u00e2n Kim c\u01b0\u01a1ng tho\u00e1ng kh\u00ed gi\u00fap ng\u1ed3i l\u00e2u c\u0169ng tho\u1ea3i m\u00e1i v\u00e0 kh\u00f4ng b\u1ecb b\u00ed. \u0110\u1eb7c bi\u1ec7t, OUXI c\u0169ng n\u00e2ng c\u1ea5p chi\u1ec1u d\u00e0i y\u00ean cho V8 Pro gi\u00fap tr\u1ea3i nghi\u1ec7m c\u00f2n s\u01b0\u1edbng h\u01a1n, d\u00f9 ch\u1edf th\u00eam ng\u01b0\u1eddi v\u1eabn ng\u1ed3i r\u1ea5t r\u1ed9ng r\u00e3i v\u00e0 tho\u1ea3i m\u00e1i.<\/p>\n<p><img loading=\"lazy\" decoding=\"async\" class=\"alignnone size-large wp-image-2822\" src=\"https:\/\/antamebike.com\/wp-content\/uploads\/2024\/10\/Ouxi-V8-Pro-2024-Yen-Large-1024x682.jpeg\" sizes=\"auto, (max-width: 1024px) 100vw, 1024px\" srcset=\"https:\/\/antamebike.com\/wp-content\/uploads\/2024\/10\/Ouxi-V8-Pro-2024-Yen-Large-1024x682.jpeg 1024w, https:\/\/antamebike.com\/wp-content\/uploads\/2024\/10\/Ouxi-V8-Pro-2024-Yen-Large-300x200.jpeg 300w, https:\/\/antamebike.com\/wp-content\/uploads\/2024\/10\/Ouxi-V8-Pro-2024-Yen-Large-768x512.jpeg 768w, https:\/\/antamebike.com\/wp-content\/uploads\/2024\/10\/Ouxi-V8-Pro-2024-Yen-Large-600x400.jpeg 600w, https:\/\/antamebike.com\/wp-content\/uploads\/2024\/10\/Ouxi-V8-Pro-2024-Yen-Large.jpeg 1280w\" alt=\"\" width=\"1024\" height=\"682\" \/><\/p>\n<p>&nbsp;<\/p>\n<p>Ngo\u00e0i nh\u1eefng n\u00e2ng c\u1ea5p \u0111\u00e1ng gi\u00e1 OUXI V8 Pro v\u1eabn ti\u1ebfp t\u1ee5c gi\u1eef l\u1ea1i nh\u1eefng \u01b0u \u0111i\u1ec3m \u0111\u00e1ng gi\u00e1 \u0111\u00e3 \u0111\u01b0\u1ee3c \u01b0a chu\u1ed9ng tr\u00ean b\u1ea3n tr\u01b0\u1edbc.<\/p>\n<h3><span id=\"DONG_CO_750W_Peak_1000w_cho_van_toc_50-55kmh\"><strong>\u0110\u1ed8NG C\u01a0 750W (M\u1edf t\u1ed1c 1000w) cho v\u1eadn t\u1ed1c 50-55km\/h<\/strong><\/span><\/h3>\n<p><img loading=\"lazy\" decoding=\"async\" class=\"alignnone size-medium wp-image-1152\" src=\"https:\/\/antamebike.com\/wp-content\/uploads\/2022\/12\/OUXI-V8-750w-electric-bike-300x225.jpeg\" sizes=\"auto, (max-width: 300px) 100vw, 300px\" srcset=\"https:\/\/antamebike.com\/wp-content\/uploads\/2022\/12\/OUXI-V8-750w-electric-bike-300x225.jpeg 300w, https:\/\/antamebike.com\/wp-content\/uploads\/2022\/12\/OUXI-V8-750w-electric-bike-768x576.jpeg 768w, https:\/\/antamebike.com\/wp-content\/uploads\/2022\/12\/OUXI-V8-750w-electric-bike-600x450.jpeg 600w, https:\/\/antamebike.com\/wp-content\/uploads\/2022\/12\/OUXI-V8-750w-electric-bike.jpeg 800w\" alt=\"\" width=\"300\" height=\"225\" \/><img loading=\"lazy\" decoding=\"async\" class=\"alignnone size-medium wp-image-1153\" src=\"https:\/\/antamebike.com\/wp-content\/uploads\/2022\/12\/OUXI-V8-fat-bike-tires-300x225.jpeg\" sizes=\"auto, (max-width: 300px) 100vw, 300px\" srcset=\"https:\/\/antamebike.com\/wp-content\/uploads\/2022\/12\/OUXI-V8-fat-bike-tires-300x225.jpeg 300w, https:\/\/antamebike.com\/wp-content\/uploads\/2022\/12\/OUXI-V8-fat-bike-tires-768x576.jpeg 768w, https:\/\/antamebike.com\/wp-content\/uploads\/2022\/12\/OUXI-V8-fat-bike-tires-600x450.jpeg 600w, https:\/\/antamebike.com\/wp-content\/uploads\/2022\/12\/OUXI-V8-fat-bike-tires.jpeg 800w\" alt=\"\" width=\"300\" height=\"225\" \/><\/p>\n<h3><span id=\"Pin_Litium_48V_15AH_cho_quang_duong_tro_luc_dien_den_80km\"><strong>Pin Litium 48V 15AH cho qu\u00e3ng \u0111\u01b0\u1eddng tr\u1ee3 l\u1ef1c \u0111i\u1ec7n \u0111\u1ebfn 80km<\/strong><\/span><\/h3>\n<p>K\u1ebft h\u1ee3p c\u00f9ng \u0110\u1ed9ng c\u01a1 750w v\u00e0 B\u00e1nh B\u00e9o 20 x 4inch gi\u00fap OUXI V8 Pro \u0111i v\u00e0o c\u00e1c cung \u0111\u01b0\u1eddng \u0111\u00e8o d\u1ed1c hay \u0111\u1ecba h\u00ecnh x\u1ea5u v\u1eabn t\u0103ng t\u1ed1c r\u1ea5t nh\u1eb9 nh\u00e0ng.<\/p>\n<p><img loading=\"lazy\" decoding=\"async\" class=\"alignnone size-large wp-image-2823\" src=\"https:\/\/antamebike.com\/wp-content\/uploads\/2024\/10\/Ouxi-V8-Pro-pin-Large-1024x682.jpeg\" sizes=\"auto, (max-width: 1024px) 100vw, 1024px\" srcset=\"https:\/\/antamebike.com\/wp-content\/uploads\/2024\/10\/Ouxi-V8-Pro-pin-Large-1024x682.jpeg 1024w, https:\/\/antamebike.com\/wp-content\/uploads\/2024\/10\/Ouxi-V8-Pro-pin-Large-300x200.jpeg 300w, https:\/\/antamebike.com\/wp-content\/uploads\/2024\/10\/Ouxi-V8-Pro-pin-Large-768x512.jpeg 768w, https:\/\/antamebike.com\/wp-content\/uploads\/2024\/10\/Ouxi-V8-Pro-pin-Large-600x400.jpeg 600w, https:\/\/antamebike.com\/wp-content\/uploads\/2024\/10\/Ouxi-V8-Pro-pin-Large.jpeg 1280w\" alt=\"\" width=\"1024\" height=\"682\" \/><\/p>\n<p>&nbsp;<\/p>\n<p>Pin c\u00f3 th\u1ec3 th\u00e1o s\u1ea1c r\u1eddi m\u1ecdi l\u00fac v\u00e0 ch\u1ee9c n\u0103ng s\u1ea1c USB ti\u1ec7n l\u1ee3i nh\u01b0 ngu\u1ed3n Pin d\u1ef1 ph\u00f2ng \u0111\u1ec3 s\u1ea1c c\u00e1c thi\u1ebft b\u1ecb \u0111i\u1ec7n t\u1eed nh\u01b0 \u0111i\u1ec7n tho\u1ea1i, m\u00e1y quay phim..<\/p>\n<h3><span id=\"HE_THONG_CHIEU_SANG\">H\u1ec6 TH\u1ed0NG CHI\u1ebeU S\u00c1NG<\/span><\/h3>\n<p><img loading=\"lazy\" decoding=\"async\" class=\"alignnone wp-image-1156 size-full\" src=\"https:\/\/antamebike.com\/wp-content\/uploads\/2022\/12\/Ouxi-V8-head-light.jpeg\" sizes=\"auto, (max-width: 800px) 100vw, 800px\" srcset=\"https:\/\/antamebike.com\/wp-content\/uploads\/2022\/12\/Ouxi-V8-head-light.jpeg 800w, https:\/\/antamebike.com\/wp-content\/uploads\/2022\/12\/Ouxi-V8-head-light-286x300.jpeg 286w, https:\/\/antamebike.com\/wp-content\/uploads\/2022\/12\/Ouxi-V8-head-light-768x806.jpeg 768w, https:\/\/antamebike.com\/wp-content\/uploads\/2022\/12\/Ouxi-V8-head-light-600x630.jpeg 600w\" alt=\"\" width=\"800\" height=\"840\" \/><\/p>\n<p>V\u1edbi \u0111\u00e8n Led l\u1edbn kh\u00f4ng nh\u1eefng s\u00e1ng m\u1ea1nh v\u00e0o bu\u1ed5i t\u1ed1i m\u00e0 c\u00f2n r\u1ea5t phong c\u00e1ch v\u00e0 th\u1eddi trang<\/p>\n<h3><span id=\"BO_LIP_CHUYEN_DONG\">B\u1ed8 L\u00cdP CHUY\u1ec2N \u0110\u1ed8NG<\/span><\/h3>\n<p><img loading=\"lazy\" decoding=\"async\" class=\"alignnone size-medium wp-image-1159\" src=\"https:\/\/antamebike.com\/wp-content\/uploads\/2022\/12\/Shimano-speed-gear-300x225.jpeg\" sizes=\"auto, (max-width: 300px) 100vw, 300px\" srcset=\"https:\/\/antamebike.com\/wp-content\/uploads\/2022\/12\/Shimano-speed-gear-300x225.jpeg 300w, https:\/\/antamebike.com\/wp-content\/uploads\/2022\/12\/Shimano-speed-gear-768x576.jpeg 768w, https:\/\/antamebike.com\/wp-content\/uploads\/2022\/12\/Shimano-speed-gear-600x450.jpeg 600w, https:\/\/antamebike.com\/wp-content\/uploads\/2022\/12\/Shimano-speed-gear.jpeg 800w\" alt=\"\" width=\"300\" height=\"225\" \/>\u00a0<img loading=\"lazy\" decoding=\"async\" class=\"alignnone size-medium wp-image-1160\" src=\"https:\/\/antamebike.com\/wp-content\/uploads\/2022\/12\/V8-Electric-Bike-1-300x225.jpeg\" sizes=\"auto, (max-width: 300px) 100vw, 300px\" srcset=\"https:\/\/antamebike.com\/wp-content\/uploads\/2022\/12\/V8-Electric-Bike-1-300x225.jpeg 300w, https:\/\/antamebike.com\/wp-content\/uploads\/2022\/12\/V8-Electric-Bike-1-768x576.jpeg 768w, https:\/\/antamebike.com\/wp-content\/uploads\/2022\/12\/V8-Electric-Bike-1-600x450.jpeg 600w, https:\/\/antamebike.com\/wp-content\/uploads\/2022\/12\/V8-Electric-Bike-1.jpeg 800w\" alt=\"\" width=\"300\" height=\"225\" \/><\/p>\n<p>OUXI V8 \u0111\u01b0\u1ee3c trang b\u1ecb b\u1ed9 L\u00edp chuy\u1ec3n \u0111\u1ed9ng Shimano 7 c\u1ea5p gi\u00fap chuy\u1ec3n \u0111\u1ed5i l\u1ef1c \u0111\u1ea1p v\u00e0 t\u1ed1c \u0111\u1ed9 tho\u00e1i m\u00e1i ph\u00f9 h\u1ee3p cho t\u1eebng cung \u0111\u01b0\u1eddng v\u00e0 l\u1ef1c \u0111\u1ea1p.<\/p>\n<p>\u0110\u1ed3ng th\u1eddi xe \u0111\u1ea1p tr\u1ee3 l\u1ef1c \u0111i\u1ec7n OUXI \u0111\u01b0\u1ee3c thi\u1ebft k\u1ebf d\u1ea1ng module n\u00ean l\u1eafp \u0111\u1eb7t, b\u1ea3o d\u01b0\u1ee1ng hay th\u00e1o l\u1eafp di chuy\u1ec3n kh\u00e1 d\u1ec5 d\u00e0ng.<\/p>\n<p>V\u1edbi gi\u00e1 Khuy\u1ebfn m\u00e3i hi\u1ec7n nay t\u1ea1i <strong>Sbike<\/strong> ch\u1ec9 19.x tri\u1ec7u c\u00f9ng v\u1edbi c\u00e1c b\u1ecb nh\u01b0 tr\u00ean th\u00ec c\u00f3 th\u1ec3 n\u00f3i <strong>OUXI V8 Pro\u00a0<\/strong>l\u00e0 chi\u1ebfc xe \u0111\u1ea1p \u0111i\u1ec7n Phong c\u00e1ch m\u00f4 t\u00f4 c\u1ed5 \u0111i\u1ec3n r\u1ea5t \u0111\u00e1ng gi\u00e1 nh\u1ea5t hi\u1ec7n nay.<\/p>\n<p><strong>Li\u00ean h\u1ec7: 0916.504.822<\/strong><\/p>\n<p><img loading=\"lazy\" decoding=\"async\" class=\"alignnone wp-image-2824 size-large\" src=\"https:\/\/antamebike.com\/wp-content\/uploads\/2024\/10\/Ouxi-V8-B-Large-1024x634.jpeg\" sizes=\"auto, (max-width: 1024px) 100vw, 1024px\" srcset=\"https:\/\/antamebike.com\/wp-content\/uploads\/2024\/10\/Ouxi-V8-B-Large-1024x634.jpeg 1024w, https:\/\/antamebike.com\/wp-content\/uploads\/2024\/10\/Ouxi-V8-B-Large-300x186.jpeg 300w, https:\/\/antamebike.com\/wp-content\/uploads\/2024\/10\/Ouxi-V8-B-Large-768x475.jpeg 768w, https:\/\/antamebike.com\/wp-content\/uploads\/2024\/10\/Ouxi-V8-B-Large-600x371.jpeg 600w, https:\/\/antamebike.com\/wp-content\/uploads\/2024\/10\/Ouxi-V8-B-Large.jpeg 1280w\" alt=\"\" width=\"1024\" height=\"634\" \/><\/p>\n<p><strong>Li\u00ean h\u1ec7: 0916.504.822<\/strong><\/p>\n","protected":false},"excerpt":{"rendered":"<p>Xe \u0111\u1ea1p tr\u1ee3 l\u1ef1c \u0111i\u1ec7n OUXI V8 Pro\u00a0 OUXI V8 Pro\u00a0l\u00e0 chi\u1ebfc xe \u0111\u1ea1p tr\u1ee3 l\u1ef1c \u0111i\u1ec7n kh\u00e1 \u0111\u01b0\u1ee3c \u01b0a [&hellip;]<\/p>\n","protected":false},"featured_media":1299,"comment_status":"closed","ping_status":"closed","template":"","meta":{"site-sidebar-layout":"default","site-content-layout":"","ast-site-content-layout":"default","site-content-style":"default","site-sidebar-style":"default","ast-global-header-display":"","ast-banner-title-visibility":"","ast-main-header-display":"","ast-hfb-above-header-display":"","ast-hfb-below-header-display":"","ast-hfb-mobile-header-display":"","site-post-title":"","ast-breadcrumbs-content":"","ast-featured-img":"","footer-sml-layout":"","theme-transparent-header-meta":"default","adv-header-id-meta":"","stick-header-meta":"","header-above-stick-meta":"","header-main-stick-meta":"","header-below-stick-meta":"","astra-migrate-meta-layouts":"set","ast-page-background-enabled":"default","ast-page-background-meta":{"desktop":{"background-color":"var(--ast-global-color-4)","background-image":"","background-repeat":"repeat","background-position":"center center","background-size":"auto","background-attachment":"scroll","background-type":"","background-media":"","overlay-type":"","overlay-color":"","overlay-gradient":""},"tablet":{"background-color":"","background-image":"","background-repeat":"repeat","background-position":"center center","background-size":"auto","background-attachment":"scroll","background-type":"","background-media":"","overlay-type":"","overlay-color":"","overlay-gradient":""},"mobile":{"background-color":"","background-image":"","background-repeat":"repeat","background-position":"center center","background-size":"auto","background-attachment":"scroll","background-type":"","background-media":"","overlay-type":"","overlay-color":"","overlay-gradient":""}},"ast-content-background-meta":{"desktop":{"background-color":"var(--ast-global-color-5)","background-image":"","background-repeat":"repeat","background-position":"center center","background-size":"auto","background-attachment":"scroll","background-type":"","background-media":"","overlay-type":"","overlay-color":"","overlay-gradient":""},"tablet":{"background-color":"var(--ast-global-color-5)","background-image":"","background-repeat":"repeat","background-position":"center center","background-size":"auto","background-attachment":"scroll","background-type":"","background-media":"","overlay-type":"","overlay-color":"","overlay-gradient":""},"mobile":{"background-color":"var(--ast-global-color-5)","background-image":"","background-repeat":"repeat","background-position":"center center","background-size":"auto","background-attachment":"scroll","background-type":"","background-media":"","overlay-type":"","overlay-color":"","overlay-gradient":""}}},"product_cat":[88],"product_tag":[75],"class_list":{"0":"post-1083","1":"product","2":"type-product","3":"status-publish","4":"has-post-thumbnail","6":"product_cat-xe-tro-luc-srebike","7":"product_tag-ouxi-v8-pro","8":"desktop-align-left","9":"tablet-align-left","10":"mobile-align-left","12":"first","13":"instock","14":"sale","15":"shipping-taxable","16":"purchasable","17":"product-type-simple"},"jetpack_sharing_enabled":true,"_links":{"self":[{"href":"https:\/\/xedaptwitter.com.vn\/index.php?rest_route=\/wp\/v2\/product\/1083","targetHints":{"allow":["GET"]}}],"collection":[{"href":"https:\/\/xedaptwitter.com.vn\/index.php?rest_route=\/wp\/v2\/product"}],"about":[{"href":"https:\/\/xedaptwitter.com.vn\/index.php?rest_route=\/wp\/v2\/types\/product"}],"replies":[{"embeddable":true,"href":"https:\/\/xedaptwitter.com.vn\/index.php?rest_route=%2Fwp%2Fv2%2Fcomments&post=1083"}],"wp:featuredmedia":[{"embeddable":true,"href":"https:\/\/xedaptwitter.com.vn\/index.php?rest_route=\/wp\/v2\/media\/1299"}],"wp:attachment":[{"href":"https:\/\/xedaptwitter.com.vn\/index.php?rest_route=%2Fwp%2Fv2%2Fmedia&parent=1083"}],"wp:term":[{"taxonomy":"product_cat","embeddable":true,"href":"https:\/\/xedaptwitter.com.vn\/index.php?rest_route=%2Fwp%2Fv2%2Fproduct_cat&post=1083"},{"taxonomy":"product_tag","embeddable":true,"href":"https:\/\/xedaptwitter.com.vn\/index.php?rest_route=%2Fwp%2Fv2%2Fproduct_tag&post=1083"}],"curies":[{"name":"wp","href":"https:\/\/api.w.org\/{rel}","templated":true}]}}