{"id":1081,"date":"2026-01-28T10:21:54","date_gmt":"2026-01-28T03:21:54","guid":{"rendered":"https:\/\/xedaptwitter.com.vn\/?post_type=product&#038;p=1081"},"modified":"2026-02-05T09:37:49","modified_gmt":"2026-02-05T02:37:49","slug":"xe-dap-tro-luc-dien-ouxi-q8","status":"publish","type":"product","link":"https:\/\/xedaptwitter.com.vn\/?product=xe-dap-tro-luc-dien-ouxi-q8","title":{"rendered":"Xe \u0111\u1ea1p tr\u1ee3 l\u1ef1c \u0111i\u1ec7n OUXI Q8"},"content":{"rendered":"<p class=\"p1\"><b>Xe \u0111\u1ea1p tr\u1ee3 l\u1ef1c \u0111i\u1ec7n OUXI<\/b>\u00a0h\u01b0\u1edbng \u0111\u1ebfn vi\u1ec7c t\u1ea1o ra nh\u1eefng m\u1eabu xe ch\u1ea5t l\u01b0\u1ee3ng cao d\u00e0nh cho ng\u01b0\u1eddi l\u1edbn. Xe \u0111\u1ea1p tr\u1ee3 l\u1ef1c \u0111i\u1ec7n\u00a0<b>Ouxi Q8<\/b>\u00a0ch\u00fa tr\u1ecdng v\u00e0o\u00a0<b>tr\u1ea3i nghi\u1ec7m th\u1ef1c t\u1ebf c\u1ee7a ng\u01b0\u1eddi d\u00f9ng<\/b>, t\u1eeb y\u00ean ng\u1ed3i tho\u1ea3i m\u00e1i, ch\u1ed7 ng\u1ed3i ph\u1ee5 cho ng\u01b0\u1eddi th\u1ee9 hai, \u0111\u1ebfn gi\u00e1 ch\u1edf h\u00e0ng ch\u1eafc ch\u1eafn \u2013 t\u1ea5t c\u1ea3 \u0111\u1ec1u h\u01b0\u1edbng \u0111\u1ebfn vi\u1ec7c gi\u00fap ng\u01b0\u1eddi d\u00f9ng di chuy\u1ec3n d\u1ec5 d\u00e0ng, an to\u00e0n v\u00e0 linh ho\u1ea1t h\u01a1n m\u1ed7i ng\u00e0y.<\/p>\n<p dir=\"ltr\"><img decoding=\"async\" class=\" lazied\" title=\"Xe \u0111\u1ea1p tr\u1ee3 l\u1ef1c \u0111i\u1ec7n Ouxi Q8\" src=\"https:\/\/bizweb.dktcdn.net\/thumb\/1024x1024\/100\/513\/392\/files\/xe-dap-tro-luc-dien-ouxi-q8-0.webp?v=1762418213737\" alt=\"Xe \u0111\u1ea1p tr\u1ee3 l\u1ef1c \u0111i\u1ec7n Ouxi Q8\" data-cke-saved-src=\"https:\/\/bizweb.dktcdn.net\/thumb\/1024x1024\/100\/513\/392\/files\/xe-dap-tro-luc-dien-ouxi-q8-0.webp?v=1762418213737\" \/><br \/>\n<span class=\"img-alt\">Xe \u0111\u1ea1p tr\u1ee3 l\u1ef1c \u0111i\u1ec7n Ouxi Q8<\/span><\/p>\n<h2 dir=\"ltr\">Khung s\u01b0\u1eddn th\u1ea5p d\u1ec5 l\u00ean xu\u1ed1ng<\/h2>\n<p class=\"p1\">Thi\u1ebft k\u1ebf\u00a0<b>khung s\u01b0\u1eddn th\u1ea5p (step-through)<\/b>\u00a0l\u00e0 \u0111i\u1ec3m \u0111\u00e1ng khen tr\u00ean\u00a0<b>OUXI Q8<\/b>. Ng\u01b0\u1eddi l\u1edbn tu\u1ed5i, nh\u00e2n vi\u00ean v\u0103n ph\u00f2ng m\u1eb7c v\u00e1y hay h\u1ecdc sinh \u0111\u1ec1u c\u00f3 th\u1ec3\u00a0<b>l\u00ean xu\u1ed1ng xe d\u1ec5 d\u00e0ng m\u00e0 kh\u00f4ng ph\u1ea3i nh\u1ea5c ch\u00e2n cao<\/b>. Khung c\u0169ng ch\u1eafc ch\u1eafn, c\u1ee9ng c\u00e1p, ph\u00f9 h\u1ee3p v\u1edbi ng\u01b0\u1eddi Vi\u1ec7t.<\/p>\n<p dir=\"ltr\"><img decoding=\"async\" class=\" lazied\" title=\"Khung s\u01b0\u1eddn th\u1ea5p d\u1ec5 l\u00ean xu\u1ed1ng\" src=\"https:\/\/bizweb.dktcdn.net\/thumb\/1024x1024\/100\/513\/392\/files\/xe-dap-tro-luc-dien-ouxi-q8-1.webp?v=1762418213760\" alt=\"Khung s\u01b0\u1eddn th\u1ea5p d\u1ec5 l\u00ean xu\u1ed1ng\" data-cke-saved-src=\"https:\/\/bizweb.dktcdn.net\/thumb\/1024x1024\/100\/513\/392\/files\/xe-dap-tro-luc-dien-ouxi-q8-1.webp?v=1762418213760\" \/><br \/>\n<span class=\"img-alt\">Khung s\u01b0\u1eddn th\u1ea5p d\u1ec5 l\u00ean xu\u1ed1ng<\/span><\/p>\n<h2 dir=\"ltr\">\u0110\u1ed9ng c\u01a1 750W (\u0111\u1ea1t c\u1ef1c \u0111\u1ea1i 1000W)<\/h2>\n<p class=\"p1\">\u0110\u1ed9ng c\u01a1\u00a0<b>kh\u00f4ng ch\u1ed5i than 750W<\/b>\u00a0gi\u00fap xe t\u0103ng t\u1ed1c nhanh v\u00e0 m\u01b0\u1ee3t, c\u00f3 th\u1ec3 \u0111\u1ea1t t\u1ed1c \u0111\u1ed9 t\u1edbi\u00a0<b>50 km\/h<\/b>\u00a0khi c\u1ea7n. \u0110i\u1ec3m hay l\u00e0 m\u00e1y ch\u1ea1y \u00eam, \u00edt rung v\u00e0\u00a0<b>leo d\u1ed1c ho\u1eb7c \u0111i \u0111\u01b0\u1eddng g\u1ed3 gh\u1ec1 v\u1eabn \u1ed5n \u0111\u1ecbnh<\/b>, kh\u00f4ng b\u1ecb h\u1ee5t ga hay kh\u1ef1ng l\u1ea1i nh\u01b0 nhi\u1ec1u xe \u0111i\u1ec7n nh\u1ecf kh\u00e1c.<\/p>\n<p dir=\"ltr\"><img decoding=\"async\" class=\" lazied\" title=\"\u0110\u1ed9ng c\u01a1 kh\u00f4ng ch\u1ed5i than 750W\" src=\"https:\/\/bizweb.dktcdn.net\/thumb\/1024x1024\/100\/513\/392\/files\/xe-dap-tro-luc-dien-ouxi-q8-2.webp?v=1762418213783\" alt=\"\u0110\u1ed9ng c\u01a1 kh\u00f4ng ch\u1ed5i than 750W\" data-cke-saved-src=\"https:\/\/bizweb.dktcdn.net\/thumb\/1024x1024\/100\/513\/392\/files\/xe-dap-tro-luc-dien-ouxi-q8-2.webp?v=1762418213783\" \/><br \/>\n<span class=\"img-alt\">\u0110\u1ed9ng c\u01a1 kh\u00f4ng ch\u1ed5i than 750W<\/span><\/p>\n<h2 dir=\"ltr\">Pin Lithium c\u00f3 th\u1ec3 th\u00e1o r\u1eddi<\/h2>\n<p class=\"p1\"><b>Xe \u0111\u1ea1p tr\u1ee3 l\u1ef1c \u0111i\u1ec7n OUXI Q8<\/b>\u00a0d\u00f9ng\u00a0<b>pin Lithium 48V 15Ah<\/b>, cho qu\u00e3ng \u0111\u01b0\u1eddng tr\u1ee3 l\u1ef1c kho\u1ea3ng\u00a0<b>110km<\/b>\u00a0tr\u1ee3 l\u1ef1c . Pin c\u00f3 th\u1ec3\u00a0<b>th\u00e1o r\u1eddi \u0111\u1ec3 s\u1ea1c \u1edf nh\u00e0<\/b>\u00a0ho\u1eb7c\u00a0<b>s\u1ea1c tr\u1ef1c ti\u1ebfp tr\u00ean xe<\/b>, v\u00e0 c\u00f3\u00a0<b>c\u1ed5ng USB<\/b>\u00a0\u0111\u1ec3 s\u1ea1c \u0111i\u1ec7n tho\u1ea1i hay camera khi c\u1ea7n \u2013 r\u1ea5t ti\u1ec7n trong nh\u1eefng chuy\u1ebfn \u0111i xa.<\/p>\n<p dir=\"ltr\"><img decoding=\"async\" class=\" lazied\" title=\"Pin Lithium c\u00f3 th\u1ec3 th\u00e1o r\u1eddi\" src=\"https:\/\/bizweb.dktcdn.net\/thumb\/1024x1024\/100\/513\/392\/files\/xe-dap-tro-luc-dien-ouxi-q8-3.webp?v=1762418213803\" alt=\"Pin Lithium c\u00f3 th\u1ec3 th\u00e1o r\u1eddi\" data-cke-saved-src=\"https:\/\/bizweb.dktcdn.net\/thumb\/1024x1024\/100\/513\/392\/files\/xe-dap-tro-luc-dien-ouxi-q8-3.webp?v=1762418213803\" \/><br \/>\n<span class=\"img-alt\">Pin Lithium c\u00f3 th\u1ec3 th\u00e1o r\u1eddi<\/span><\/p>\n<h2 dir=\"ltr\">Phanh \u0111\u0129a d\u1ea7u Logan an to\u00e0n<\/h2>\n<p class=\"p1\">Xe \u0111\u1ea1p tr\u1ee3 l\u1ef1c \u0111i\u1ec7n OUXI Q8 d\u00f9ng\u00a0<b>phanh \u0111\u0129a d\u1ea7u Logan<\/b>\u00a0\u2013 lo\u1ea1i phanh th\u01b0\u1eddng th\u1ea5y tr\u00ean xe \u0111\u1ecba h\u00ecnh \u2013 gi\u00fap b\u00f3p nh\u1eb9 nh\u01b0ng \u0103n ch\u1eafc, \u0111\u1eb7c bi\u1ec7t khi \u0111i\u00a0<b>tr\u1eddi m\u01b0a ho\u1eb7c xu\u1ed1ng d\u1ed1c<\/b>, c\u1ea3m gi\u00e1c an to\u00e0n r\u00f5 r\u1ec7t.<\/p>\n<p dir=\"ltr\"><img decoding=\"async\" class=\" lazied\" title=\"Xe \u0111\u1ea1p tr\u1ee3 l\u1ef1c \u0111i\u1ec7n OUXI Q8 d\u00f9ng phanh \u0111\u0129a d\u1ea7u Logan\" src=\"https:\/\/bizweb.dktcdn.net\/thumb\/1024x1024\/100\/513\/392\/files\/xe-dap-tro-luc-dien-ouxi-q8-4.webp?v=1762418213823\" alt=\"Xe \u0111\u1ea1p tr\u1ee3 l\u1ef1c \u0111i\u1ec7n OUXI Q8 d\u00f9ng phanh \u0111\u0129a d\u1ea7u Logan\" data-cke-saved-src=\"https:\/\/bizweb.dktcdn.net\/thumb\/1024x1024\/100\/513\/392\/files\/xe-dap-tro-luc-dien-ouxi-q8-4.webp?v=1762418213823\" \/><br \/>\n<span class=\"img-alt\">Xe \u0111\u1ea1p tr\u1ee3 l\u1ef1c \u0111i\u1ec7n OUXI Q8 d\u00f9ng phanh \u0111\u0129a d\u1ea7u Logan<\/span><\/p>\n<h2 dir=\"ltr\">Gi\u1ea3m x\u00f3c ba phu\u1ed9c<\/h2>\n<p class=\"p1\">\u0110i\u1ec3m kh\u00e1c bi\u1ec7t c\u1ee7a Ouxi Q8 l\u00e0 c\u00f3\u00a0<b>t\u1edbi ba phu\u1ed9c gi\u1ea3m x\u00f3c<\/b>\u00a0(hai tr\u01b0\u1edbc, m\u1ed9t sau).<br \/>\nNh\u1edd \u0111\u00f3, xe\u00a0<b>\u0111\u1ee1 x\u00f3c, kh\u00f4ng d\u1eb1n tay hay m\u1ecfi ng\u01b0\u1eddi<\/b>\u00a0khi \u0111i qua \u1ed5 g\u00e0 hay m\u1eb7t \u0111\u01b0\u1eddng g\u1ed3 gh\u1ec1. N\u1ebfu ai hay ch\u1ea1y \u0111\u01b0\u1eddng qu\u00ea, \u0111\u00e8o d\u1ed1c, th\u00ec s\u1ebd th\u1ea5y l\u1ee3i th\u1ebf n\u00e0y r\u1ea5t r\u00f5.<\/p>\n<p dir=\"ltr\"><img decoding=\"async\" class=\" lazied\" title=\"Ouxi Q8 c\u00f3 t\u1edbi ba phu\u1ed9c gi\u1ea3m x\u00f3c\" src=\"https:\/\/bizweb.dktcdn.net\/thumb\/1024x1024\/100\/513\/392\/files\/xe-dap-tro-luc-dien-ouxi-q8-5.webp?v=1762418213847\" alt=\"Ouxi Q8 c\u00f3 t\u1edbi ba phu\u1ed9c gi\u1ea3m x\u00f3c\" data-cke-saved-src=\"https:\/\/bizweb.dktcdn.net\/thumb\/1024x1024\/100\/513\/392\/files\/xe-dap-tro-luc-dien-ouxi-q8-5.webp?v=1762418213847\" \/><br \/>\n<span class=\"img-alt\">Ouxi Q8 c\u00f3 t\u1edbi ba phu\u1ed9c gi\u1ea3m x\u00f3c<\/span><\/p>\n<h2 dir=\"ltr\">M\u00e0n h\u00ecnh LCD m\u00e0u l\u1edbn<\/h2>\n<p class=\"p1\">Xe \u0111\u1ea1p tr\u1ee3 l\u1ef1c \u0111i\u1ec7n OUXI Q8 \u0111\u01b0\u1ee3c trang b\u1ecb\u00a0<b>m\u00e0n h\u00ecnh m\u00e0u to<\/b>, hi\u1ec3n th\u1ecb r\u00f5 t\u1ed1c \u0111\u1ed9, pin, qu\u00e3ng \u0111\u01b0\u1eddng v\u00e0 ch\u1ebf \u0111\u1ed9 tr\u1ee3 l\u1ef1c. K\u1ec3 c\u1ea3 khi\u00a0<b>n\u1eafng g\u1eaft hay ch\u1ea1y bu\u1ed5i t\u1ed1i<\/b>, m\u00e0n h\u00ecnh v\u1eabn d\u1ec5 \u0111\u1ecdc, r\u1ea5t ti\u1ec7n cho vi\u1ec7c theo d\u00f5i h\u00e0nh tr\u00ecnh.<\/p>\n<p dir=\"ltr\"><img decoding=\"async\" class=\" lazied\" title=\"Xe \u0111\u1ea1p tr\u1ee3 l\u1ef1c \u0111i\u1ec7n OUXI Q8 \u0111\u01b0\u1ee3c trang b\u1ecb m\u00e0n h\u00ecnh m\u00e0u to\" src=\"https:\/\/bizweb.dktcdn.net\/thumb\/1024x1024\/100\/513\/392\/files\/xe-dap-tro-luc-dien-ouxi-q8-6.webp?v=1762418213863\" alt=\"Xe \u0111\u1ea1p tr\u1ee3 l\u1ef1c \u0111i\u1ec7n OUXI Q8 \u0111\u01b0\u1ee3c trang b\u1ecb m\u00e0n h\u00ecnh m\u00e0u to\" data-cke-saved-src=\"https:\/\/bizweb.dktcdn.net\/thumb\/1024x1024\/100\/513\/392\/files\/xe-dap-tro-luc-dien-ouxi-q8-6.webp?v=1762418213863\" \/><br \/>\n<span class=\"img-alt\">Xe \u0111\u1ea1p tr\u1ee3 l\u1ef1c \u0111i\u1ec7n OUXI Q8 \u0111\u01b0\u1ee3c trang b\u1ecb m\u00e0n h\u00ecnh m\u00e0u to<\/span><\/p>\n<h2 dir=\"ltr\">H\u1ec7 th\u1ed1ng \u0111\u00e8n v\u00e0 xi-nhan \u0111\u1ea7y \u0111\u1ee7<\/h2>\n<p class=\"p1\">Xe c\u00f3\u00a0<b>\u0111\u00e8n LED l\u1edbn chi\u1ebfu s\u00e1ng m\u1ea1nh<\/b>, k\u1ebft h\u1ee3p\u00a0<b>xi-nhan v\u00e0 \u0111\u00e8n phanh<\/b>\u00a0gi\u00fap ng\u01b0\u1eddi \u0111i sau d\u1ec5 nh\u1eadn bi\u1ebft. T\u1ea5t c\u1ea3 \u0111\u1ec1u \u0111\u01b0\u1ee3c\u00a0<b>t\u00edch h\u1ee3p s\u1eb5n<\/b>, kh\u00f4ng c\u1ea7n \u0111\u1ed9 th\u00eam, t\u0103ng \u0111\u1ed9 an to\u00e0n khi di chuy\u1ec3n ban \u0111\u00eam.<\/p>\n<p dir=\"ltr\"><img decoding=\"async\" class=\" lazied\" title=\"H\u1ec7 th\u1ed1ng \u0111\u00e8n v\u00e0 xi-nhan \u0111\u1ea7y \u0111\u1ee7\" src=\"https:\/\/bizweb.dktcdn.net\/thumb\/1024x1024\/100\/513\/392\/files\/xe-dap-tro-luc-dien-ouxi-q8-8.webp?v=1762418213877\" alt=\"H\u1ec7 th\u1ed1ng \u0111\u00e8n v\u00e0 xi-nhan \u0111\u1ea7y \u0111\u1ee7\" data-cke-saved-src=\"https:\/\/bizweb.dktcdn.net\/thumb\/1024x1024\/100\/513\/392\/files\/xe-dap-tro-luc-dien-ouxi-q8-8.webp?v=1762418213877\" \/><br \/>\n<span class=\"img-alt\">H\u1ec7 th\u1ed1ng \u0111\u00e8n v\u00e0 xi-nhan \u0111\u1ea7y \u0111\u1ee7<\/span><\/p>\n<h2 dir=\"ltr\">Mua Xe \u0110\u1ea1p Tr\u1ee3 L\u1ef1c \u0110i\u1ec7n Ouxi Q8 \u1ede \u0110\u00e2u?<\/h2>\n<p class=\"p1\"><b>SBIKE<\/b>\u00a0l\u00e0 h\u1ec7 th\u1ed1ng b\u00e1n l\u1ebb chuy\u00ean nghi\u1ec7p, gi\u1eef v\u1eefng v\u1ecb th\u1ebf uy t\u00edn h\u00e0ng \u0111\u1ea7u trong l\u0129nh v\u1ef1c xe \u0111\u1ea1p tr\u1ee3 l\u1ef1c \u0111i\u1ec7n t\u1ea1i Vi\u1ec7t Nam, n\u1ebfu b\u1ea1n \u0111ang t\u00ecm ki\u1ebfm m\u1ed9t n\u01a1i uy t\u00edn \u0111\u1ec3 l\u1ef1a ch\u1ecdn v\u00e0 s\u1edf h\u1eefu\u00a0<b>xe \u0111\u1ea1p tr\u1ee3 l\u1ef1c \u0111i\u1ec7n Ouxi Q8 ch\u00ednh h\u00e3ng<\/b>, th\u00ec h\u00e3y ch\u1ecdn ngay<span class=\"s1\"><b> Sbike, <strong>Li\u00ean h\u1ec7: 0916.504.228<\/strong><\/b><\/span>. Ch\u00fang t\u00f4i cam k\u1ebft l\u00e0 \u0111\u01a1n v\u1ecb chuy\u00ean ph\u00e2n ph\u1ed1i \u0111\u1ed9c quy\u1ec1n nhi\u1ec1u d\u00f2ng xe \u0111\u1ea1p tr\u1ee3 l\u1ef1c \u0111i\u1ec7n ch\u00ednh h\u00e3ng, b\u1ea3o \u0111\u1ea3m ch\u1ea5t l\u01b0\u1ee3ng tuy\u1ec7t \u0111\u1ed1i, ch\u00ednh s\u00e1ch gi\u00e1 c\u1ea3 c\u1ea1nh tranh, ch\u1ebf \u0111\u1ed9 b\u1ea3o h\u00e0nh r\u00f5 r\u00e0ng v\u00e0 d\u1ecbch v\u1ee5 h\u1eadu m\u00e3i \u0111\u00e1ng tin c\u1eady.<\/p>\n<p class=\"p1\"><b>S\u1ea3n ph\u1ea9m cam k\u1ebft v\u1ec1 ch\u1ea5t l\u01b0\u1ee3ng<\/b><\/p>\n<p class=\"p1\">\u2666 Gi\u00e1 r\u1ebb nh\u1ea5t Vi\u1ec7t Nam<\/p>\n<p class=\"p1\">\u2666 Tr\u1ea3 g\u00f3p 0% qua th\u1ebb t\u00edn d\u1ee5ng<\/p>\n<p class=\"p1\">\u2666 B\u1ea3o h\u00e0nh 12 th\u00e1ng<\/p>\n<p class=\"p1\">\u2666 H\u1ed7 tr\u1ee3 b\u1ea3o d\u01b0\u1ee1ng tr\u1ecdn \u0111\u1eddi &#8211; Mua ph\u1ee5 t\u00f9ng xe v\u1edbi gi\u00e1 g\u1ed1c trong 5 n\u0103m<\/p>\n<p class=\"p1\">\u2666 C\u00f4ng ty ch\u1ecbu m\u1ecdi r\u1ee7i ro trong qu\u00e1 tr\u00ecnh v\u1eadn chuy\u1ec3n<\/p>\n<p class=\"p1\">\u2666 Ship h\u00e0ng COD to\u00e0n qu\u1ed1c. Qu\u00fd kh\u00e1ch nh\u1eadn h\u00e0ng, ki\u1ec3m tra v\u00e0 thu ti\u1ec1n t\u1ea1i nh\u00e0, an t\u00e2m tuy\u1ec7t \u0111\u1ed1i.<\/p>\n<p><strong>Li\u00ean h\u1ec7: 0916.504.228<\/strong><\/p>\n","protected":false},"excerpt":{"rendered":"<p>Xe \u0111\u1ea1p tr\u1ee3 l\u1ef1c \u0111i\u1ec7n OUXI\u00a0h\u01b0\u1edbng \u0111\u1ebfn vi\u1ec7c t\u1ea1o ra nh\u1eefng m\u1eabu xe ch\u1ea5t l\u01b0\u1ee3ng cao d\u00e0nh cho ng\u01b0\u1eddi l\u1edbn. [&hellip;]<\/p>\n","protected":false},"featured_media":1300,"comment_status":"closed","ping_status":"closed","template":"","meta":{"site-sidebar-layout":"default","site-content-layout":"","ast-site-content-layout":"default","site-content-style":"default","site-sidebar-style":"default","ast-global-header-display":"","ast-banner-title-visibility":"","ast-main-header-display":"","ast-hfb-above-header-display":"","ast-hfb-below-header-display":"","ast-hfb-mobile-header-display":"","site-post-title":"","ast-breadcrumbs-content":"","ast-featured-img":"","footer-sml-layout":"","theme-transparent-header-meta":"default","adv-header-id-meta":"","stick-header-meta":"","header-above-stick-meta":"","header-main-stick-meta":"","header-below-stick-meta":"","astra-migrate-meta-layouts":"set","ast-page-background-enabled":"default","ast-page-background-meta":{"desktop":{"background-color":"var(--ast-global-color-4)","background-image":"","background-repeat":"repeat","background-position":"center center","background-size":"auto","background-attachment":"scroll","background-type":"","background-media":"","overlay-type":"","overlay-color":"","overlay-gradient":""},"tablet":{"background-color":"","background-image":"","background-repeat":"repeat","background-position":"center center","background-size":"auto","background-attachment":"scroll","background-type":"","background-media":"","overlay-type":"","overlay-color":"","overlay-gradient":""},"mobile":{"background-color":"","background-image":"","background-repeat":"repeat","background-position":"center center","background-size":"auto","background-attachment":"scroll","background-type":"","background-media":"","overlay-type":"","overlay-color":"","overlay-gradient":""}},"ast-content-background-meta":{"desktop":{"background-color":"var(--ast-global-color-5)","background-image":"","background-repeat":"repeat","background-position":"center center","background-size":"auto","background-attachment":"scroll","background-type":"","background-media":"","overlay-type":"","overlay-color":"","overlay-gradient":""},"tablet":{"background-color":"var(--ast-global-color-5)","background-image":"","background-repeat":"repeat","background-position":"center center","background-size":"auto","background-attachment":"scroll","background-type":"","background-media":"","overlay-type":"","overlay-color":"","overlay-gradient":""},"mobile":{"background-color":"var(--ast-global-color-5)","background-image":"","background-repeat":"repeat","background-position":"center center","background-size":"auto","background-attachment":"scroll","background-type":"","background-media":"","overlay-type":"","overlay-color":"","overlay-gradient":""}}},"product_cat":[88],"product_tag":[74],"class_list":{"0":"post-1081","1":"product","2":"type-product","3":"status-publish","4":"has-post-thumbnail","6":"product_cat-xe-tro-luc-srebike","7":"product_tag-ouxi-q8","8":"desktop-align-left","9":"tablet-align-left","10":"mobile-align-left","12":"first","13":"instock","14":"sale","15":"shipping-taxable","16":"purchasable","17":"product-type-simple"},"jetpack_sharing_enabled":true,"_links":{"self":[{"href":"https:\/\/xedaptwitter.com.vn\/index.php?rest_route=\/wp\/v2\/product\/1081","targetHints":{"allow":["GET"]}}],"collection":[{"href":"https:\/\/xedaptwitter.com.vn\/index.php?rest_route=\/wp\/v2\/product"}],"about":[{"href":"https:\/\/xedaptwitter.com.vn\/index.php?rest_route=\/wp\/v2\/types\/product"}],"replies":[{"embeddable":true,"href":"https:\/\/xedaptwitter.com.vn\/index.php?rest_route=%2Fwp%2Fv2%2Fcomments&post=1081"}],"wp:featuredmedia":[{"embeddable":true,"href":"https:\/\/xedaptwitter.com.vn\/index.php?rest_route=\/wp\/v2\/media\/1300"}],"wp:attachment":[{"href":"https:\/\/xedaptwitter.com.vn\/index.php?rest_route=%2Fwp%2Fv2%2Fmedia&parent=1081"}],"wp:term":[{"taxonomy":"product_cat","embeddable":true,"href":"https:\/\/xedaptwitter.com.vn\/index.php?rest_route=%2Fwp%2Fv2%2Fproduct_cat&post=1081"},{"taxonomy":"product_tag","embeddable":true,"href":"https:\/\/xedaptwitter.com.vn\/index.php?rest_route=%2Fwp%2Fv2%2Fproduct_tag&post=1081"}],"curies":[{"name":"wp","href":"https:\/\/api.w.org\/{rel}","templated":true}]}}