{"id":1057,"date":"2026-01-27T09:44:44","date_gmt":"2026-01-27T02:44:44","guid":{"rendered":"https:\/\/xedaptwitter.com.vn\/?post_type=product&#038;p=1057"},"modified":"2026-02-03T15:12:23","modified_gmt":"2026-02-03T08:12:23","slug":"twitter-ec1","status":"publish","type":"product","link":"https:\/\/xedaptwitter.com.vn\/?product=twitter-ec1","title":{"rendered":"Xe \u0111\u1ea1p tr\u1ee3 l\u1ef1c tr\u1ee5c gi\u1eefa Twitter EC1 &#8211; BAFANG HD510"},"content":{"rendered":"<p data-path-to-node=\"1\"><strong>Twitter<\/strong>\u00a0l\u00e0 th\u01b0\u01a1ng hi\u1ec7u n\u1ed5i ti\u1ebfng v\u1edbi c\u00e1c d\u00f2ng khung h\u1ee3p kim v\u00e0 carbon ch\u1ea5t l\u01b0\u1ee3ng cao, \u0111\u00e3 kh\u1eb3ng \u0111\u1ecbnh v\u1ecb th\u1ebf v\u1edbi si\u00eau ph\u1ea9m xe \u0111\u1ea1p tr\u1ee3 l\u1ef1c \u0111i\u1ec7n\u00a0<b data-index-in-node=\"240\" data-path-to-node=\"1\">Twitter EC1<\/b>. S\u1edf h\u1eefu h\u1ec7 th\u1ed1ng \u0111\u1ed9ng c\u01a1\u00a0<strong>BAFANG tr\u1ee5c gi\u1eefa<\/strong>\u00a0t\u1ed1i t\u00e2n th\u01b0\u1eddng ch\u1ec9 th\u1ea5y tr\u00ean c\u00e1c d\u00f2ng xe cao c\u1ea5p Ch\u00e2u \u00c2u.<\/p>\n<p data-path-to-node=\"1\"><img decoding=\"async\" class=\" lazied\" title=\"Xe \u0111\u1ea1p tr\u1ee3 l\u1ef1c \u0111i\u1ec7n Twitter EC1\" src=\"https:\/\/bizweb.dktcdn.net\/thumb\/1024x1024\/100\/513\/392\/files\/xe-dap-tro-luc-dien-twitter-ec1-4.webp?v=1768549523800\" alt=\"Xe \u0111\u1ea1p tr\u1ee3 l\u1ef1c \u0111i\u1ec7n Twitter EC1\" \/><br \/>\n<span class=\"img-alt\">Xe \u0111\u1ea1p tr\u1ee3 l\u1ef1c \u0111i\u1ec7n Twitter EC1<\/span><\/p>\n<h2 data-path-to-node=\"3\">\u0110\u1ed9ng c\u01a1 Bafang M510: Tr\u00e1i tim m\u1ea1nh m\u1ebd c\u1ee7a d\u00f2ng Mid-drive<\/h2>\n<p data-path-to-node=\"4\">\u0110i\u1ec3m kh\u00e1c bi\u1ec7t l\u1edbn nh\u1ea5t gi\u00fap\u00a0<strong>xe \u0111\u1ea1p tr\u1ee3 l\u1ef1c \u0111i\u1ec7n\u00a0Twitter EC1<\/strong>\u00a0t\u00e1ch bi\u1ec7t kh\u1ecfi c\u00e1c m\u1eabu xe gi\u00e1 r\u1ebb ch\u00ednh l\u00e0 kh\u1ed1i\u00a0<b data-index-in-node=\"96\" data-path-to-node=\"4\">\u0111\u1ed9ng c\u01a1 \u0111\u1eb7t gi\u1eefa (Mid-drive) Bafang M510<\/b>. Thay v\u00ec \u0111\u1eb7t \u1edf tr\u1ee5c sau g\u00e2y n\u1eb7ng \u0111u\u00f4i, \u0111\u1ed9ng c\u01a1 \u0111\u1eb7t gi\u1eefa gi\u00fap tr\u1ecdng t\u00e2m xe \u1ed5n \u0111\u1ecbnh, \u0111\u1eb7c bi\u1ec7t khi b\u1ea1n ch\u1edf th\u00eam h\u00e0nh l\u00fd n\u1eb7ng (t\u1edbi 15kg).<\/p>\n<p data-path-to-node=\"4\"><img decoding=\"async\" class=\" lazied\" title=\"\u0110\u1ed9ng c\u01a1 \u0111\u1eb7t gi\u1eefa (Mid-drive) Bafang M510\" src=\"https:\/\/bizweb.dktcdn.net\/thumb\/1024x1024\/100\/513\/392\/files\/dong-co-bafang.webp?v=1768549523750\" alt=\"\u0110\u1ed9ng c\u01a1 \u0111\u1eb7t gi\u1eefa (Mid-drive) Bafang M510\" \/><br \/>\n<span class=\"img-alt\">\u0110\u1ed9ng c\u01a1 \u0111\u1eb7t gi\u1eefa (Mid-drive) Bafang M510<\/span><\/p>\n<p data-path-to-node=\"5\"><strong>M510<\/strong>\u00a0kh\u00f4ng ch\u1ec9 m\u1ea1nh m\u1ebd m\u00e0 c\u00f2n c\u1ef1c k\u1ef3 nh\u1ea1y b\u00e9n. N\u00f3 cung c\u1ea5p m\u00f4-men xo\u1eafn t\u1ee9c th\u00ec, bi\u1ebfn nh\u1eefng \u0111o\u1ea1n d\u1ed1c\u00a0<strong>12-14%<\/strong>\u00a0tr\u1edf n\u00ean nh\u1eb9 nh\u00e0ng nh\u01b0 \u0111\u01b0\u1eddng b\u1eb1ng. H\u1ec7 th\u1ed1ng n\u00e0y cho ph\u00e9p xe t\u1ea3n nhi\u1ec7t ch\u1ee7 \u0111\u1ed9ng, \u0111\u1ea3m b\u1ea3o ho\u1ea1t \u0111\u1ed9ng li\u00ean t\u1ee5c trong nhi\u1ec1u gi\u1edd d\u01b0\u1edbi t\u1ea3i tr\u1ecdng cao m\u00e0 kh\u00f4ng g\u00e2y qu\u00e1 nhi\u1ec7t hay h\u1ecfng h\u00f3c linh ki\u1ec7n.<\/p>\n<p data-path-to-node=\"5\"><img decoding=\"async\" class=\" lazied\" title=\"M\u00e0n h\u00ecnh th\u1ec3 thao MTB\" src=\"https:\/\/bizweb.dktcdn.net\/thumb\/1024x1024\/100\/513\/392\/files\/mang-hinh-twitter-ec1.webp?v=1768549523767\" alt=\"M\u00e0n h\u00ecnh th\u1ec3 thao MTB\" \/><br \/>\n<span class=\"img-alt\">M\u00e0n h\u00ecnh th\u1ec3 thao MTB<\/span><\/p>\n<h2 data-path-to-node=\"6\">C\u1ea3m bi\u1ebfn Momen xo\u1eafn: Tr\u1ea3i nghi\u1ec7m \u0111\u1ea1p xe &#8220;th\u1eadt&#8221; nh\u1ea5t<\/h2>\n<p data-path-to-node=\"7\"><strong>Xe \u0111\u1ea1p tr\u1ee3 l\u1ef1c \u0111i\u1ec7n Twitter EC1<\/strong>\u00a0\u0111\u01b0\u1ee3c trang b\u1ecb\u00a0<b data-index-in-node=\"74\" data-path-to-node=\"7\">c\u1ea3m bi\u1ebfn momen xo\u1eafn (Torque Sensor)<\/b>\u00a0th\u00f4ng minh. C\u00f4ng ngh\u1ec7 n\u00e0y \u0111o tr\u1ef1c ti\u1ebfp l\u1ef1c b\u00e0n \u0111\u1ea1p c\u1ee7a ng\u01b0\u1eddi l\u00e1i h\u00e0ng ngh\u00ecn l\u1ea7n m\u1ed7i gi\u00e2y \u0111\u1ec3 \u0111i\u1ec1u ch\u1ec9nh m\u1ee9c tr\u1ee3 l\u1ef1c t\u01b0\u01a1ng \u1ee9ng. B\u1ea1n c\u00e0ng \u0111\u1ea1p m\u1ea1nh, xe c\u00e0ng v\u1ecdt; khi b\u1ea1n th\u1ea3 l\u1ecfng, tr\u1ee3 l\u1ef1c s\u1ebd gi\u1ea3m l\u1ea1i. \u0110i\u1ec1u n\u00e0y t\u1ea1o ra c\u1ea3m gi\u00e1c l\u00e1i t\u1ef1 nhi\u00ean, m\u01b0\u1ee3t m\u00e0 v\u00e0 ti\u1ebft ki\u1ec7m pin t\u1ed1i \u0111a.<\/p>\n<h2 data-path-to-node=\"8\">Pin Samsung 48V 15Ah: N\u0103ng l\u01b0\u1ee3ng b\u1ec1n b\u1ec9 cho h\u00e0nh tr\u00ecnh xuy\u00ean Vi\u1ec7t<\/h2>\n<p data-path-to-node=\"9\"><strong>Twitter<\/strong>\u00a0\u0111\u00e3 th\u1ecfa hi\u1ec7p v\u1ec1 ch\u1ea5t l\u01b0\u1ee3ng khi l\u1ef1a ch\u1ecdn\u00a0<b data-index-in-node=\"54\" data-path-to-node=\"9\">Cell pin Samsung<\/b>\u00a0cao c\u1ea5p cho EC1.\u00a0Trong \u0111i\u1ec1u ki\u1ec7n th\u1ef1c t\u1ebf v\u1edbi m\u1ee9c tr\u1ee3 l\u1ef1c trung b\u00ecnh, xe c\u00f3 th\u1ec3 \u0111\u1ea1t qu\u00e3ng \u0111\u01b0\u1eddng 100km tr\u1ee3 l\u1ef1c, t\u1ed1i \u0111a 150Km tr\u1ee3 l\u1ef1c.<\/p>\n<p data-path-to-node=\"10,2,0\"><b data-index-in-node=\"0\" data-path-to-node=\"10,2,0\">Thi\u1ebft k\u1ebf th\u00e1o r\u1eddi:<\/b>\u00a0Pin \u0111\u01b0\u1ee3c t\u00edch h\u1ee3p g\u1ecdn g\u00e0ng v\u00e0o khung xe nh\u01b0ng c\u00f3 th\u1ec3 th\u00e1o r\u1eddi d\u1ec5 d\u00e0ng \u0111\u1ec3 s\u1ea1c trong nh\u00e0, \u0111\u1ed3ng th\u1eddi h\u1ea1 th\u1ea5p tr\u1ecdng t\u00e2m gi\u00fap xe \u0111\u1ea7m ch\u1eafc khi \u0111i t\u1ed1c \u0111\u1ed9 cao.<\/p>\n<p data-path-to-node=\"10,2,0\"><img decoding=\"async\" class=\" lazied\" title=\"Pin Samsung 48V 15Ah c\u00f3 th\u1ec3 th\u00e1o r\u1eddi\" src=\"https:\/\/bizweb.dktcdn.net\/thumb\/1024x1024\/100\/513\/392\/files\/pin-lithium-sa-mung-co-the-thao-roi.webp?v=1768549523783\" alt=\"Pin Samsung 48V 15Ah c\u00f3 th\u1ec3 th\u00e1o r\u1eddi\" \/><br \/>\n<span class=\"img-alt\">Pin Samsung 48V 15Ah c\u00f3 th\u1ec3 th\u00e1o r\u1eddi<\/span><\/p>\n<h2 data-path-to-node=\"11\">H\u1ec7 th\u1ed1ng truy\u1ec1n \u0111\u1ed9ng Shimano Deore 10 t\u1ed1c \u0111\u1ed9<\/h2>\n<p data-path-to-node=\"12\">\u0110\u1ec3 h\u1ed7 tr\u1ee3 cho kh\u1ea3 n\u0103ng Touring \u0111\u1ecba h\u00ecnh,\u00a0<strong>Xe \u0111\u1ea1p tr\u1ee3 l\u1ef1c \u0111i\u1ec7n Twitter EC1<\/strong>\u00a0s\u1edf h\u1eefu b\u1ed9 truy\u1ec1n \u0111\u1ed9ng\u00a0<b data-index-in-node=\"75\" data-path-to-node=\"12\">Shimano Deore 10 t\u1ed1c \u0111\u1ed9<\/b>\u00a0v\u1edbi d\u1ea3i l\u00edp r\u1ed9ng.<\/p>\n<p data-path-to-node=\"12\"><img decoding=\"async\" class=\" lazied\" title=\"Shimano Deore 10 t\u1ed1c \u0111\u1ed9\" src=\"https:\/\/bizweb.dktcdn.net\/thumb\/1024x1024\/100\/513\/392\/files\/bo-groupset-shimano-deore-12-cap.webp?v=1768530662420\" alt=\"Shimano Deore 10 t\u1ed1c \u0111\u1ed9\" \/><br \/>\n<span class=\"img-alt\">Shimano Deore 10 t\u1ed1c \u0111\u1ed9<\/span><\/p>\n<h2 dir=\"ltr\">Mua Xe \u0110\u1ea1p Tr\u1ee3 L\u1ef1c \u0110i\u1ec7n\u00a0Twitter EC1 \u1ede \u0110\u00e2u?<\/h2>\n<p dir=\"ltr\"><strong>SBIKE<\/strong>\u00a0l\u00e0 h\u1ec7 th\u1ed1ng b\u00e1n l\u1ebb chuy\u00ean nghi\u1ec7p, gi\u1eef v\u1eefng v\u1ecb th\u1ebf uy t\u00edn h\u00e0ng \u0111\u1ea7u trong l\u0129nh v\u1ef1c xe \u0111\u1ea1p tr\u1ee3 l\u1ef1c \u0111i\u1ec7n t\u1ea1i Vi\u1ec7t Nam, n\u1ebfu b\u1ea1n \u0111ang t\u00ecm ki\u1ebfm m\u1ed9t n\u01a1i uy t\u00edn \u0111\u1ec3 l\u1ef1a ch\u1ecdn v\u00e0 s\u1edf h\u1eefu\u00a0<strong>xe \u0111\u1ea1p tr\u1ee3 l\u1ef1c \u0111i\u1ec7n\u00a0Twitter EC1<\/strong><strong>\u00a0ch\u00ednh h\u00e3ng<\/strong>, th\u00ec h\u00e3y ch\u1ecdn ngay<strong> SBIKE<\/strong>. Ch\u00fang t\u00f4i cam k\u1ebft l\u00e0 \u0111\u01a1n v\u1ecb chuy\u00ean ph\u00e2n ph\u1ed1i \u0111\u1ed9c quy\u1ec1n nhi\u1ec1u d\u00f2ng xe \u0111\u1ea1p tr\u1ee3 l\u1ef1c \u0111i\u1ec7n ch\u00ednh h\u00e3ng, b\u1ea3o \u0111\u1ea3m ch\u1ea5t l\u01b0\u1ee3ng tuy\u1ec7t \u0111\u1ed1i, ch\u00ednh s\u00e1ch gi\u00e1 c\u1ea3 c\u1ea1nh tranh, ch\u1ebf \u0111\u1ed9 b\u1ea3o h\u00e0nh r\u00f5 r\u00e0ng v\u00e0 d\u1ecbch v\u1ee5 h\u1eadu m\u00e3i \u0111\u00e1ng tin c\u1eady.<\/p>\n<p dir=\"ltr\"><strong>Li\u00ean h\u1ec7: 0916.504.228<\/strong><\/p>\n<p dir=\"ltr\"><strong>S\u1ea3n ph\u1ea9m cam k\u1ebft v\u1ec1 ch\u1ea5t l\u01b0\u1ee3ng<\/strong><\/p>\n<p dir=\"ltr\">\u2666 Gi\u00e1 r\u1ebb nh\u1ea5t Vi\u1ec7t Nam<\/p>\n<p dir=\"ltr\">\u2666 Tr\u1ea3 g\u00f3p 0% qua th\u1ebb t\u00edn d\u1ee5ng<\/p>\n<p dir=\"ltr\">\u2666 B\u1ea3o h\u00e0nh 12 th\u00e1ng<\/p>\n<p dir=\"ltr\">\u2666 H\u1ed7 tr\u1ee3 b\u1ea3o d\u01b0\u1ee1ng tr\u1ecdn \u0111\u1eddi &#8211; Mua ph\u1ee5 t\u00f9ng xe v\u1edbi gi\u00e1 g\u1ed1c trong 5 n\u0103m<\/p>\n<p dir=\"ltr\">\u2666 C\u00f4ng ty ch\u1ecbu m\u1ecdi r\u1ee7i ro trong qu\u00e1 tr\u00ecnh v\u1eadn chuy\u1ec3n<\/p>\n<p dir=\"ltr\">\u2666 Ship h\u00e0ng COD to\u00e0n qu\u1ed1c. Qu\u00fd kh\u00e1ch nh\u1eadn h\u00e0ng, ki\u1ec3m tra v\u00e0 thu ti\u1ec1n t\u1ea1i nh\u00e0, an t\u00e2m tuy\u1ec7t \u0111\u1ed1i.<\/p>\n<p dir=\"ltr\"><strong>Li\u00ean h\u1ec7: 0916.504.228<\/strong><\/p>\n","protected":false},"excerpt":{"rendered":"<p>Twitter\u00a0l\u00e0 th\u01b0\u01a1ng hi\u1ec7u n\u1ed5i ti\u1ebfng v\u1edbi c\u00e1c d\u00f2ng khung h\u1ee3p kim v\u00e0 carbon ch\u1ea5t l\u01b0\u1ee3ng cao, \u0111\u00e3 kh\u1eb3ng \u0111\u1ecbnh v\u1ecb [&hellip;]<\/p>\n","protected":false},"featured_media":1291,"comment_status":"closed","ping_status":"closed","template":"","meta":{"site-sidebar-layout":"default","site-content-layout":"","ast-site-content-layout":"default","site-content-style":"default","site-sidebar-style":"default","ast-global-header-display":"","ast-banner-title-visibility":"","ast-main-header-display":"","ast-hfb-above-header-display":"","ast-hfb-below-header-display":"","ast-hfb-mobile-header-display":"","site-post-title":"","ast-breadcrumbs-content":"","ast-featured-img":"","footer-sml-layout":"","theme-transparent-header-meta":"default","adv-header-id-meta":"","stick-header-meta":"","header-above-stick-meta":"","header-main-stick-meta":"","header-below-stick-meta":"","astra-migrate-meta-layouts":"set","ast-page-background-enabled":"default","ast-page-background-meta":{"desktop":{"background-color":"var(--ast-global-color-4)","background-image":"","background-repeat":"repeat","background-position":"center center","background-size":"auto","background-attachment":"scroll","background-type":"","background-media":"","overlay-type":"","overlay-color":"","overlay-gradient":""},"tablet":{"background-color":"","background-image":"","background-repeat":"repeat","background-position":"center center","background-size":"auto","background-attachment":"scroll","background-type":"","background-media":"","overlay-type":"","overlay-color":"","overlay-gradient":""},"mobile":{"background-color":"","background-image":"","background-repeat":"repeat","background-position":"center center","background-size":"auto","background-attachment":"scroll","background-type":"","background-media":"","overlay-type":"","overlay-color":"","overlay-gradient":""}},"ast-content-background-meta":{"desktop":{"background-color":"var(--ast-global-color-5)","background-image":"","background-repeat":"repeat","background-position":"center center","background-size":"auto","background-attachment":"scroll","background-type":"","background-media":"","overlay-type":"","overlay-color":"","overlay-gradient":""},"tablet":{"background-color":"var(--ast-global-color-5)","background-image":"","background-repeat":"repeat","background-position":"center center","background-size":"auto","background-attachment":"scroll","background-type":"","background-media":"","overlay-type":"","overlay-color":"","overlay-gradient":""},"mobile":{"background-color":"var(--ast-global-color-5)","background-image":"","background-repeat":"repeat","background-position":"center center","background-size":"auto","background-attachment":"scroll","background-type":"","background-media":"","overlay-type":"","overlay-color":"","overlay-gradient":""}}},"product_cat":[25],"product_tag":[81],"class_list":{"0":"post-1057","1":"product","2":"type-product","3":"status-publish","4":"has-post-thumbnail","6":"product_cat-twitter-dien-tro-luc","7":"product_tag-twitter-ec1","8":"desktop-align-left","9":"tablet-align-left","10":"mobile-align-left","12":"first","13":"instock","14":"shipping-taxable","15":"purchasable","16":"product-type-simple"},"jetpack_sharing_enabled":true,"_links":{"self":[{"href":"https:\/\/xedaptwitter.com.vn\/index.php?rest_route=\/wp\/v2\/product\/1057","targetHints":{"allow":["GET"]}}],"collection":[{"href":"https:\/\/xedaptwitter.com.vn\/index.php?rest_route=\/wp\/v2\/product"}],"about":[{"href":"https:\/\/xedaptwitter.com.vn\/index.php?rest_route=\/wp\/v2\/types\/product"}],"replies":[{"embeddable":true,"href":"https:\/\/xedaptwitter.com.vn\/index.php?rest_route=%2Fwp%2Fv2%2Fcomments&post=1057"}],"wp:featuredmedia":[{"embeddable":true,"href":"https:\/\/xedaptwitter.com.vn\/index.php?rest_route=\/wp\/v2\/media\/1291"}],"wp:attachment":[{"href":"https:\/\/xedaptwitter.com.vn\/index.php?rest_route=%2Fwp%2Fv2%2Fmedia&parent=1057"}],"wp:term":[{"taxonomy":"product_cat","embeddable":true,"href":"https:\/\/xedaptwitter.com.vn\/index.php?rest_route=%2Fwp%2Fv2%2Fproduct_cat&post=1057"},{"taxonomy":"product_tag","embeddable":true,"href":"https:\/\/xedaptwitter.com.vn\/index.php?rest_route=%2Fwp%2Fv2%2Fproduct_tag&post=1057"}],"curies":[{"name":"wp","href":"https:\/\/api.w.org\/{rel}","templated":true}]}}