{"id":895,"date":"2026-01-22T09:31:15","date_gmt":"2026-01-22T02:31:15","guid":{"rendered":"https:\/\/xedaptwitter.com.vn\/?page_id=895"},"modified":"2026-04-13T15:26:45","modified_gmt":"2026-04-13T08:26:45","slug":"dich-vu-cho-thue-xe-dap-tro-luc-twitter-sbike","status":"publish","type":"page","link":"https:\/\/xedaptwitter.com.vn\/?page_id=895","title":{"rendered":"D\u1ecaCH V\u1ee4 CHO THU\u00ca XE \u0110\u1ea0P TR\u1ee2 L\u1ef0C TWITTER &#8211; SBIKE"},"content":{"rendered":"\n<figure class=\"wp-block-image size-large\"><img loading=\"lazy\" decoding=\"async\" width=\"1024\" height=\"1024\" src=\"https:\/\/xedaptwitter.com.vn\/wp-content\/uploads\/2026\/01\/Bai-dang-Instagram-Khuyen-mai-Qua-tang-9.9-Hien-dai-Xanh-duong-2-1024x1024.png\" alt=\"\" class=\"wp-image-899\" srcset=\"https:\/\/xedaptwitter.com.vn\/wp-content\/uploads\/2026\/01\/Bai-dang-Instagram-Khuyen-mai-Qua-tang-9.9-Hien-dai-Xanh-duong-2-1024x1024.png 1024w, https:\/\/xedaptwitter.com.vn\/wp-content\/uploads\/2026\/01\/Bai-dang-Instagram-Khuyen-mai-Qua-tang-9.9-Hien-dai-Xanh-duong-2-300x300.png 300w, https:\/\/xedaptwitter.com.vn\/wp-content\/uploads\/2026\/01\/Bai-dang-Instagram-Khuyen-mai-Qua-tang-9.9-Hien-dai-Xanh-duong-2-150x150.png 150w, https:\/\/xedaptwitter.com.vn\/wp-content\/uploads\/2026\/01\/Bai-dang-Instagram-Khuyen-mai-Qua-tang-9.9-Hien-dai-Xanh-duong-2-768x768.png 768w, https:\/\/xedaptwitter.com.vn\/wp-content\/uploads\/2026\/01\/Bai-dang-Instagram-Khuyen-mai-Qua-tang-9.9-Hien-dai-Xanh-duong-2-600x600.png 600w, https:\/\/xedaptwitter.com.vn\/wp-content\/uploads\/2026\/01\/Bai-dang-Instagram-Khuyen-mai-Qua-tang-9.9-Hien-dai-Xanh-duong-2-100x100.png 100w, https:\/\/xedaptwitter.com.vn\/wp-content\/uploads\/2026\/01\/Bai-dang-Instagram-Khuyen-mai-Qua-tang-9.9-Hien-dai-Xanh-duong-2.png 1080w\" sizes=\"auto, (max-width: 1024px) 100vw, 1024px\" \/><\/figure>\n\n\n\n<p>Twitter gi\u1edbi thi\u1ec7u d\u1ecbch v\u1ee5 thu\u00ea xe \u0111\u1ea1p theo ng\u00e0y ho\u1eb7c theo th\u00e1ng v\u1edbi m\u1ee5c \u0111\u00edch s\u1eed d\u1ee5ng di chuy\u1ec3n trong th\u00e0nh ph\u1ed1.<br><em>* C\u00e1c doanh nghi\u1ec7p\/\u0111\u01a1n v\u1ecb du l\u1ecbch mu\u1ed1n thu\u00ea xe cho d\u1ecbch v\u1ee5 c\u1ee7a m\u00ecnh xin vui l\u00f2ng li\u00ean h\u1ec7 s\u1ed1 \u0111i\u1ec7n tho\u1ea1i <strong>0916.504.228<\/strong> \u0111\u1ec3 c\u00f3 ch\u00ednh s\u00e1ch ri\u00eang.<\/em><\/p>\n\n\n\n<div id=\"ez-toc-container\" class=\"ez-toc-v2_0_66_1 counter-hierarchy ez-toc-counter ez-toc-grey ez-toc-container-direction\">\n<div class=\"ez-toc-title-container\">\n<p class=\"ez-toc-title \" >Table of Contents<\/p>\n<span class=\"ez-toc-title-toggle\"><a href=\"#\" class=\"ez-toc-pull-right ez-toc-btn ez-toc-btn-xs ez-toc-btn-default ez-toc-toggle\" aria-label=\"Toggle Table of Content\"><span class=\"ez-toc-js-icon-con\"><span class=\"\"><span class=\"eztoc-hide\" style=\"display:none;\">Toggle<\/span><span class=\"ez-toc-icon-toggle-span\"><svg style=\"fill: #999;color:#999\" xmlns=\"http:\/\/www.w3.org\/2000\/svg\" class=\"list-377408\" width=\"20px\" height=\"20px\" viewBox=\"0 0 24 24\" fill=\"none\"><path d=\"M6 6H4v2h2V6zm14 0H8v2h12V6zM4 11h2v2H4v-2zm16 0H8v2h12v-2zM4 16h2v2H4v-2zm16 0H8v2h12v-2z\" fill=\"currentColor\"><\/path><\/svg><svg style=\"fill: #999;color:#999\" class=\"arrow-unsorted-368013\" xmlns=\"http:\/\/www.w3.org\/2000\/svg\" width=\"10px\" height=\"10px\" viewBox=\"0 0 24 24\" version=\"1.2\" baseProfile=\"tiny\"><path d=\"M18.2 9.3l-6.2-6.3-6.2 6.3c-.2.2-.3.4-.3.7s.1.5.3.7c.2.2.4.3.7.3h11c.3 0 .5-.1.7-.3.2-.2.3-.5.3-.7s-.1-.5-.3-.7zM5.8 14.7l6.2 6.3 6.2-6.3c.2-.2.3-.5.3-.7s-.1-.5-.3-.7c-.2-.2-.4-.3-.7-.3h-11c-.3 0-.5.1-.7.3-.2.2-.3.5-.3.7s.1.5.3.7z\"\/><\/svg><\/span><\/span><\/span><\/a><\/span><\/div>\n<nav><ul class='ez-toc-list ez-toc-list-level-1 ' ><li class='ez-toc-page-1 ez-toc-heading-level-2'><a class=\"ez-toc-link ez-toc-heading-1\" href=\"https:\/\/xedaptwitter.com.vn\/?page_id=895\/#BANG_GIAPRICE\" title=\"B\u1ea2NG GI\u00c1\/PRICE\">B\u1ea2NG GI\u00c1\/PRICE<\/a><\/li><li class='ez-toc-page-1 ez-toc-heading-level-2'><a class=\"ez-toc-link ez-toc-heading-2\" href=\"https:\/\/xedaptwitter.com.vn\/?page_id=895\/#UU_DAIDISCOUNT\" title=\"\u01afU \u0110\u00c3I\/DISCOUNT\">\u01afU \u0110\u00c3I\/DISCOUNT<\/a><\/li><li class='ez-toc-page-1 ez-toc-heading-level-2'><a class=\"ez-toc-link ez-toc-heading-3\" href=\"https:\/\/xedaptwitter.com.vn\/?page_id=895\/#CAC_BUOC_THUE_XEHOW_TO_RENT\" title=\"C\u00c1C B\u01af\u1edaC THU\u00ca XE\/HOW TO RENT\">C\u00c1C B\u01af\u1edaC THU\u00ca XE\/HOW TO RENT<\/a><\/li><li class='ez-toc-page-1 ez-toc-heading-level-2'><a class=\"ez-toc-link ez-toc-heading-4\" href=\"https:\/\/xedaptwitter.com.vn\/?page_id=895\/#DIEU_KHOAN_VA_DIEU_KIENCONDITIONS_AND_TERMS\" title=\"\u0110I\u1ec0U KHO\u1ea2N V\u00c0 \u0110I\u1ec0U KI\u1ec6N\/CONDITIONS AND TERMS\">\u0110I\u1ec0U KHO\u1ea2N V\u00c0 \u0110I\u1ec0U KI\u1ec6N\/CONDITIONS AND TERMS<\/a><ul class='ez-toc-list-level-3' ><li class='ez-toc-heading-level-3'><a class=\"ez-toc-link ez-toc-heading-5\" href=\"https:\/\/xedaptwitter.com.vn\/?page_id=895\/#1_Quy_dinh_ve_bao_hanh_sua_chua_trong_thoi_gian_thue_xe\" title=\"1. Quy \u0111\u1ecbnh v\u1ec1 b\u1ea3o h\u00e0nh, s\u1eeda ch\u1eefa trong th\u1eddi gian thu\u00ea xe\">1. Quy \u0111\u1ecbnh v\u1ec1 b\u1ea3o h\u00e0nh, s\u1eeda ch\u1eefa trong th\u1eddi gian thu\u00ea xe<\/a><\/li><li class='ez-toc-page-1 ez-toc-heading-level-3'><a class=\"ez-toc-link ez-toc-heading-6\" href=\"https:\/\/xedaptwitter.com.vn\/?page_id=895\/#2_Quy_dinh_boi_thuong_thiet_hai\" title=\"2. Quy \u0111\u1ecbnh b\u1ed3i th\u01b0\u1eddng thi\u1ec7t h\u1ea1i\">2. Quy \u0111\u1ecbnh b\u1ed3i th\u01b0\u1eddng thi\u1ec7t h\u1ea1i<\/a><\/li><li class='ez-toc-page-1 ez-toc-heading-level-3'><a class=\"ez-toc-link ez-toc-heading-7\" href=\"https:\/\/xedaptwitter.com.vn\/?page_id=895\/#3_Cham_dut_gia_han\" title=\"3. Ch\u1ea5m d\u1ee9t, gia h\u1ea1n&nbsp;\">3. Ch\u1ea5m d\u1ee9t, gia h\u1ea1n&nbsp;<\/a><ul class='ez-toc-list-level-4' ><li class='ez-toc-heading-level-4'><a class=\"ez-toc-link ez-toc-heading-8\" href=\"https:\/\/xedaptwitter.com.vn\/?page_id=895\/#31_Cham_dut_hop_dong\" title=\"3.1 Ch\u1ea5m d\u1ee9t h\u1ee3p \u0111\u1ed3ng:\">3.1 Ch\u1ea5m d\u1ee9t h\u1ee3p \u0111\u1ed3ng:<\/a><\/li><li class='ez-toc-page-1 ez-toc-heading-level-4'><a class=\"ez-toc-link ez-toc-heading-9\" href=\"https:\/\/xedaptwitter.com.vn\/?page_id=895\/#32_Gia_han_hop_dong\" title=\"3.2 Gia h\u1ea1n h\u1ee3p \u0111\u1ed3ng:\">3.2 Gia h\u1ea1n h\u1ee3p \u0111\u1ed3ng:<\/a><\/li><\/ul><\/li><\/ul><\/li><\/ul><\/nav><\/div>\n<h2 class=\"wp-block-heading has-text-align-center\"><span class=\"ez-toc-section\" id=\"BANG_GIAPRICE\"><\/span>B\u1ea2NG GI\u00c1\/PRICE<span class=\"ez-toc-section-end\"><\/span><\/h2>\n\n\n\n<p>\u0110\u1ecba \u0111i\u1ec3m thu\u00ea xe: C\u01a1 s\u1edf 1: 183 Nguy\u1ec5n \u0110\u00ecnh Thi, T\u00e2y H\u1ed3, H\u00e0 N\u1ed9i.<\/p>\n\n\n\n<p>\u0110\u1ecba ch\u1ec9: A5 TT1, B\u1eafc Linh \u0110\u00e0m, H\u00e0 N\u1ed9i.<\/p>\n\n\n\n<p>\u0110\u1ea1i l\u00fd : 50A \u0111\u01b0\u1eddng 160, T\u0103ng Nh\u01a1n Ph\u00fa A,\u00a0Th\u1ee7 \u0110\u1ee9c, Tp. HCM<\/p>\n\n\n\n<p>Th\u1eddi gian thu\u00ea xe: 8H00 \u2013 20H00 T\u1eeb Th\u1ee9 2 \u2013 Ch\u1ee7 Nh\u1eadt h\u00e0ng tu\u1ea7n.<\/p>\n\n\n\n<figure class=\"wp-block-image size-large\"><img loading=\"lazy\" decoding=\"async\" width=\"724\" height=\"1024\" src=\"https:\/\/xedaptwitter.com.vn\/wp-content\/uploads\/2026\/01\/Gia-thue-xe-5-724x1024.png\" alt=\"\" class=\"wp-image-905\" srcset=\"https:\/\/xedaptwitter.com.vn\/wp-content\/uploads\/2026\/01\/Gia-thue-xe-5-724x1024.png 724w, https:\/\/xedaptwitter.com.vn\/wp-content\/uploads\/2026\/01\/Gia-thue-xe-5-212x300.png 212w, https:\/\/xedaptwitter.com.vn\/wp-content\/uploads\/2026\/01\/Gia-thue-xe-5-768x1086.png 768w, https:\/\/xedaptwitter.com.vn\/wp-content\/uploads\/2026\/01\/Gia-thue-xe-5-1086x1536.png 1086w, https:\/\/xedaptwitter.com.vn\/wp-content\/uploads\/2026\/01\/Gia-thue-xe-5-1448x2048.png 1448w, https:\/\/xedaptwitter.com.vn\/wp-content\/uploads\/2026\/01\/Gia-thue-xe-5-600x849.png 600w, https:\/\/xedaptwitter.com.vn\/wp-content\/uploads\/2026\/01\/Gia-thue-xe-5.png 1587w\" sizes=\"auto, (max-width: 724px) 100vw, 724px\" \/><\/figure>\n\n\n\n<p>C\u00e1c ph\u1ee5 ki\u1ec7n \u0111i k\u00e8m khi thu\u00ea s\u1ebd ph\u00e1t sinh th\u00eam chi ph\u00ed<\/p>\n\n\n\n<ul class=\"wp-block-list\">\n<li>Kh\u00f3a xe:&nbsp;ph\u00ed thu\u00ea 30.000 VND\/l\u01b0\u1ee3t (\u00e1p d\u1ee5ng thu\u00ea theo gi\u1edd\/ ng\u00e0y)<\/li>\n<\/ul>\n\n\n\n<h2 class=\"wp-block-heading has-text-align-center\"><span class=\"ez-toc-section\" id=\"UU_DAIDISCOUNT\"><\/span><strong>\u01afU \u0110\u00c3I\/DISCOUNT<\/strong><span class=\"ez-toc-section-end\"><\/span><\/h2>\n\n\n\n<ul class=\"wp-block-list\">\n<li>Th\u1ebb th\u00e0nh vi\u00ean Membership, mi\u1ec5n c\u1ecdc cho kh\u00e1ch h\u00e0ng th\u00e2n thi\u1ebft.<\/li>\n<\/ul>\n\n\n\n<ul class=\"wp-block-list\">\n<li>C\u00e1c doanh nghi\u1ec7p\/\u0111\u01a1n v\u1ecb du l\u1ecbch mu\u1ed1n thu\u00ea xe cho d\u1ecbch v\u1ee5 c\u1ee7a m\u00ecnh xin vui l\u00f2ng li\u00ean h\u1ec7 s\u1ed1 \u0111i\u1ec7n tho\u1ea1i <strong>0916.504.228<\/strong> \u0111\u1ec3 c\u00f3 ch\u00ednh s\u00e1ch ri\u00eang.<\/li>\n<\/ul>\n\n\n\n<h2 class=\"wp-block-heading has-text-align-center\"><span class=\"ez-toc-section\" id=\"CAC_BUOC_THUE_XEHOW_TO_RENT\"><\/span><strong>C\u00c1C B\u01af\u1edaC THU\u00ca XE\/HOW TO RENT<\/strong><span class=\"ez-toc-section-end\"><\/span><\/h2>\n\n\n\n<p><strong>B\u01b0\u1edbc 1: Li\u00ean h\u1ec7 tr\u01b0\u1edbc v\u1edbi \u0111\u1ecba \u0111i\u1ec3m thu\u00ea xe Twitter.<\/strong><\/p>\n\n\n\n<p>S\u1ed1 \u0111i\u1ec7n tho\u1ea1i\/Zalo: <strong>0916.504.228<\/strong> ho\u1eb7c <strong>0986.835.146<\/strong><\/p>\n\n\n\n<p>Li\u00ean h\u1ec7 qua Facebook:<br><a href=\"https:\/\/www.facebook.com\/xedaptwittervn\">https:\/\/www.facebook.com\/xedaptwittervn<\/a><br><a href=\"https:\/\/www.facebook.com\/xesbike\">https:\/\/www.facebook.com\/xesbike<\/a><br><a href=\"https:\/\/www.facebook.com\/twitterbike2024\/\">https:\/\/www.facebook.com\/twitterbike2024\/<\/a><\/p>\n\n\n\n<p><strong>B\u01b0\u1edbc 2: Chu\u1ea9n b\u1ecb c\u00e1c gi\u1ea5y t\u1edd c\u1ea7n thi\u1ebft \u0111\u1ec3 l\u00e0m th\u1ee7 t\u1ee5c thu\u00ea xe<\/strong>.<\/p>\n\n\n\n<p>Kh\u00e1ch h\u00e0ng thu\u00ea xe vui l\u00f2ng \u0111\u1eb7t l\u1ea1i c\u1eeda h\u00e0ng gi\u1ea5y t\u1edd ph\u00e1p l\u00fd nh\u01b0 sau:<\/p>\n\n\n\n<ul class=\"wp-block-list\">\n<li>C\u0103n c\u01b0\u1edbc c\u00f4ng d\u00e2n g\u1eafn chip<\/li>\n\n\n\n<li>Ti\u1ec1n c\u1ecdc: Tho\u1ea3 thu\u1eadn<\/li>\n<\/ul>\n\n\n\n<p>S\u1ed1 ti\u1ec1n c\u1ecdc \u0111\u01b0\u1ee3c ho\u00e0n l\u1ea1i 100% sau khi kh\u00e1ch h\u00e0ng ch\u1ea5m d\u1ee9t d\u1ecbch v\u1ee5 thu\u00ea xe v\u00e0 kh\u00f4ng c\u00f3 ph\u00e1t sinh g\u00ec th\u00eam v\u1ec1 b\u1ed3i th\u01b0\u1eddng thi\u1ec7t h\u1ea1i.<\/p>\n\n\n\n<p><strong>B\u01b0\u1edbc 3: T\u1edbi \u0111\u1ecba \u0111i\u1ec3m thu\u00ea xe \u0111\u1ec3 nh\u1eadn xe<\/strong><\/p>\n\n\n\n<p>C\u01a1 s\u1edf 1: A5 TT1, B\u1eafc Linh \u0110\u00e0m, H\u00e0 N\u1ed9i.<\/p>\n\n\n\n<p>C\u01a1 s\u1edf 2: 50A \u0111\u01b0\u1eddng 160, T\u0103ng Nh\u01a1n Ph\u00fa A,&nbsp;Th\u1ee7 \u0110\u1ee9c, Tp. HCM<\/p>\n\n\n\n<ul class=\"wp-block-list\">\n<li><em>T\u1ea1i \u0111\u00e2y, kh\u00e1ch h\u00e0ng s\u1ebd \u0111\u01b0\u1ee3c h\u1ed7 tr\u1ee3 l\u00e0m th\u1ee7 t\u1ee5c thu\u00ea xe<\/em><\/li>\n\n\n\n<li><em>&nbsp;K\u00fd h\u1ee3p \u0111\u1ed3ng<\/em><\/li>\n\n\n\n<li><em>Kh\u00e1ch h\u00e0ng ch\u1ee5p \u1ea3nh b\u00e0n giao nh\u1eadn xe<\/em><\/li>\n<\/ul>\n\n\n\n<p><strong>B\u01b0\u1edbc 4: Quay l\u1ea1i tr\u1ea3 xe t\u1ea1i \u0111\u1ecba \u0111i\u1ec3m thu\u00ea, thanh l\u00fd h\u1ee3p \u0111\u1ed3ng v\u00e0 ho\u00e0n c\u1ecdc<\/strong>.<\/p>\n\n\n\n<h2 class=\"wp-block-heading has-text-align-center\"><span class=\"ez-toc-section\" id=\"DIEU_KHOAN_VA_DIEU_KIENCONDITIONS_AND_TERMS\"><\/span><strong>\u0110I\u1ec0U KHO\u1ea2N V\u00c0 \u0110I\u1ec0U KI\u1ec6N\/CONDITIONS AND TERMS<\/strong><span class=\"ez-toc-section-end\"><\/span><\/h2>\n\n\n\n<h3 class=\"wp-block-heading\"><span class=\"ez-toc-section\" id=\"1_Quy_dinh_ve_bao_hanh_sua_chua_trong_thoi_gian_thue_xe\"><\/span><strong>1. Quy \u0111\u1ecbnh v\u1ec1 b\u1ea3o h\u00e0nh, s\u1eeda ch\u1eefa trong th\u1eddi gian thu\u00ea xe<\/strong><span class=\"ez-toc-section-end\"><\/span><\/h3>\n\n\n\n<p>Trong qu\u00e1 tr\u00ecnh s\u1eed d\u1ee5ng, c\u00e1c l\u1ed7i ph\u00e1t sinh s\u1ebd \u0111\u01b0\u1ee3c quy \u0111\u1ecbnh nh\u01b0 sau:<\/p>\n\n\n\n<ul class=\"wp-block-list\">\n<li>C\u00e1c l\u1ed7i ph\u00e1t sinh do nh\u00e0 s\u1ea3n xu\u1ea5t \u1edf c\u00e1c ph\u1ea7n: pin, \u0111\u1ed9ng c\u01a1, tay ga, \u0111i\u1ec1u t\u1ed1c s\u1ebd \u0111\u01b0\u1ee3c TwitterBike b\u1ea3o h\u00e0nh &amp; s\u1eeda ch\u1eefa mi\u1ec5n ph\u00ed.<\/li>\n\n\n\n<li>C\u00e1c l\u1ed7i ph\u00e1t sinh trong qu\u00e1 tr\u00ecnh s\u1eed d\u1ee5ng kh\u00f4ng do l\u1ed7i nh\u00e0 s\u1ea3n xu\u1ea5t, Ng\u01b0\u1eddi thu\u00ea xe s\u1ebd t\u1ef1 chi tr\u1ea3 c\u00e1c chi ph\u00ed s\u1eeda ch\u1eefa ph\u00e1t sinh.<\/li>\n\n\n\n<li>C\u00e1c l\u1ed7i v\u1ec1 ph\u1ea7n \u0111i\u1ec7n (pin, \u0111\u1ed9ng c\u01a1, tay ga, \u0111i\u1ec1u t\u1ed1c) thu\u1ed9c v\u1ec1 l\u1ed7i do Ng\u01b0\u1eddi thu\u00ea xe (s\u1eed d\u1ee5ng sai h\u01b0\u1edbng d\u1eabn ho\u1eb7c c\u00f3 va \u0111\u1eadp trong qu\u00e1 tr\u00ecnh s\u1eed d\u1ee5ng) s\u1ebd \u0111\u01b0\u1ee3c s\u1eeda ch\u1eefa t\u1ea1i c\u1eeda h\u00e0ng c\u1ee7a TwitterBike, chi ph\u00ed s\u1eeda ch\u1eefa s\u1ebd do Twitterbike quy \u0111\u1ecbnh &amp; Ng\u01b0\u1eddi thu\u00ea xe c\u00f3 tr\u00e1ch nhi\u1ec7m chi tr\u1ea3 ph\u1ea7n chi ph\u00ed \u0111\u00f3.<\/li>\n\n\n\n<li>C\u00e1c l\u1ed7i c\u01a1 b\u1ea3n kh\u00e1c (x\u0103m, l\u1ed1p), Ng\u01b0\u1eddi thu\u00ea xe c\u00f3 th\u1ec3 ch\u1ee7 \u0111\u1ed9ng t\u1ef1 s\u1eeda ch\u1eefa ph\u00f9 h\u1ee3p.<\/li>\n\n\n\n<li>Twitterbike s\u1ebd c\u00f3 quy\u1ec1n \u0111\u00e1nh gi\u00e1 &amp; \u0111\u01b0a ra quy\u1ebft \u0111\u1ecbnh cu\u1ed1i c\u00f9ng v\u1ec1 vi\u1ec7c ch\u1ecbu tr\u00e1ch nhi\u1ec7m c\u00e1c l\u1ed7i ph\u00e1t sinh.<\/li>\n<\/ul>\n\n\n\n<h3 class=\"wp-block-heading\"><span class=\"ez-toc-section\" id=\"2_Quy_dinh_boi_thuong_thiet_hai\"><\/span><strong>2. Quy \u0111\u1ecbnh b\u1ed3i th\u01b0\u1eddng thi\u1ec7t h\u1ea1i<\/strong><span class=\"ez-toc-section-end\"><\/span><\/h3>\n\n\n\n<figure class=\"wp-block-image size-full\"><img loading=\"lazy\" decoding=\"async\" width=\"768\" height=\"295\" src=\"https:\/\/xedaptwitter.com.vn\/wp-content\/uploads\/2026\/01\/image-5-768x295-1.png\" alt=\"\" class=\"wp-image-903\" srcset=\"https:\/\/xedaptwitter.com.vn\/wp-content\/uploads\/2026\/01\/image-5-768x295-1.png 768w, https:\/\/xedaptwitter.com.vn\/wp-content\/uploads\/2026\/01\/image-5-768x295-1-300x115.png 300w, https:\/\/xedaptwitter.com.vn\/wp-content\/uploads\/2026\/01\/image-5-768x295-1-600x230.png 600w\" sizes=\"auto, (max-width: 768px) 100vw, 768px\" \/><\/figure>\n\n\n\n<p><em>M\u1ee9c gi\u00e1 tr\u00ean c\u00f3 th\u1ec3 thay \u0111\u1ed5i t\u00f9y thu\u1ed9c theo th\u1ecfa thu\u1eadn l\u1ed7i c\u1ee7a hai b\u00ean.<\/em><\/p>\n\n\n\n<h3 class=\"wp-block-heading\"><span class=\"ez-toc-section\" id=\"3_Cham_dut_gia_han\"><\/span><strong>3. Ch\u1ea5m d\u1ee9t, gia h\u1ea1n&nbsp;<\/strong><span class=\"ez-toc-section-end\"><\/span><\/h3>\n\n\n\n<h4 class=\"wp-block-heading\"><span class=\"ez-toc-section\" id=\"31_Cham_dut_hop_dong\"><\/span><strong>3.1 Ch\u1ea5m d\u1ee9t h\u1ee3p \u0111\u1ed3ng:<\/strong><span class=\"ez-toc-section-end\"><\/span><\/h4>\n\n\n\n<ul class=\"wp-block-list\">\n<li>Trong v\u00f2ng 02 ng\u00e0y k\u1ec3 t\u1eeb ng\u00e0y k\u1ebft th\u00fac h\u1ee3p \u0111\u1ed3ng, Ng\u01b0\u1eddi thu\u00ea xe c\u00f3 ngh\u0129a v\u1ee5 tr\u1ea3 l\u1ea1i xe cho Twitterbike &amp; ho\u00e0n t\u1ea5t vi\u1ec7c thanh to\u00e1n c\u00e1c kho\u1ea3n chi ph\u00ed ph\u00e1t sinh (n\u1ebfu c\u00f3)<\/li>\n\n\n\n<li>N\u1ebfu trong 02 ng\u00e0y k\u1ec3 t\u1eeb ng\u00e0y k\u1ebft th\u00fac h\u1ee3p \u0111\u1ed3ng, Ng\u01b0\u1eddi thu\u00ea xe kh\u00f4ng mang xe tr\u1ea3 l\u1ea1i (t\u1ea1i c\u1eeda h\u00e0ng) th\u00ec s\u1ebd ph\u1ea3i ch\u1ecbu chi ph\u00ed ph\u1ea1t tr\u1ea3 qu\u00e1 h\u1ea1n v\u1edbi m\u1ee9c ph\u00ed thu\u00ea xe ng\u00e0y do Twitterbike quy \u0111\u1ecbnh theo th\u1eddi \u0111i\u1ec3m hi\u1ec7n h\u00e0nh<\/li>\n<\/ul>\n\n\n\n<h4 class=\"wp-block-heading\"><span class=\"ez-toc-section\" id=\"32_Gia_han_hop_dong\"><\/span><strong>3.2 Gia h\u1ea1n h\u1ee3p \u0111\u1ed3ng:<\/strong><span class=\"ez-toc-section-end\"><\/span><\/h4>\n\n\n\n<ul class=\"wp-block-list\">\n<li>Trong tr\u01b0\u1eddng h\u1ee3p Ng\u01b0\u1eddi thu\u00ea xe c\u00f3 nhu c\u1ea7u ti\u1ebfp t\u1ee5c thu\u00ea xe, hai b\u00ean s\u1ebd k\u00ed ti\u1ebfp ph\u1ee5 l\u1ee5c gia h\u1ea1n h\u1ee3p \u0111\u1ed3ng (th\u00f4ng qua S\u0110T\/Zalo).<\/li>\n\n\n\n<li>Vi\u1ec7c gia h\u1ea1n h\u1ee3p \u0111\u1ed3ng c\u1ea7n \u0111\u01b0\u1ee3c Ng\u01b0\u1eddi thu\u00ea xe th\u00f4ng b\u00e1o cho Twitterbike tr\u01b0\u1edbc ng\u00e0y k\u1ebft th\u00fac \u0111\u01b0\u1ee3c quy \u0111\u1ecbnh tr\u00ean h\u1ee3p \u0111\u1ed3ng.<\/li>\n<\/ul>\n\n\n\n<p><\/p>\n","protected":false},"excerpt":{"rendered":"<p>Twitter gi\u1edbi thi\u1ec7u d\u1ecbch v\u1ee5 thu\u00ea xe \u0111\u1ea1p theo ng\u00e0y ho\u1eb7c theo th\u00e1ng v\u1edbi m\u1ee5c \u0111\u00edch s\u1eed d\u1ee5ng di chuy\u1ec3n [&hellip;]<\/p>\n","protected":false},"author":2,"featured_media":0,"parent":0,"menu_order":0,"comment_status":"closed","ping_status":"closed","template":"","meta":{"site-sidebar-layout":"default","site-content-layout":"","ast-site-content-layout":"","site-content-style":"default","site-sidebar-style":"default","ast-global-header-display":"","ast-banner-title-visibility":"","ast-main-header-display":"","ast-hfb-above-header-display":"","ast-hfb-below-header-display":"","ast-hfb-mobile-header-display":"","site-post-title":"","ast-breadcrumbs-content":"","ast-featured-img":"","footer-sml-layout":"","theme-transparent-header-meta":"","adv-header-id-meta":"","stick-header-meta":"","header-above-stick-meta":"","header-main-stick-meta":"","header-below-stick-meta":"","astra-migrate-meta-layouts":"default","ast-page-background-enabled":"default","ast-page-background-meta":{"desktop":{"background-color":"var(--ast-global-color-4)","background-image":"","background-repeat":"repeat","background-position":"center center","background-size":"auto","background-attachment":"scroll","background-type":"","background-media":"","overlay-type":"","overlay-color":"","overlay-gradient":""},"tablet":{"background-color":"","background-image":"","background-repeat":"repeat","background-position":"center center","background-size":"auto","background-attachment":"scroll","background-type":"","background-media":"","overlay-type":"","overlay-color":"","overlay-gradient":""},"mobile":{"background-color":"","background-image":"","background-repeat":"repeat","background-position":"center center","background-size":"auto","background-attachment":"scroll","background-type":"","background-media":"","overlay-type":"","overlay-color":"","overlay-gradient":""}},"ast-content-background-meta":{"desktop":{"background-color":"var(--ast-global-color-5)","background-image":"","background-repeat":"repeat","background-position":"center center","background-size":"auto","background-attachment":"scroll","background-type":"","background-media":"","overlay-type":"","overlay-color":"","overlay-gradient":""},"tablet":{"background-color":"var(--ast-global-color-5)","background-image":"","background-repeat":"repeat","background-position":"center center","background-size":"auto","background-attachment":"scroll","background-type":"","background-media":"","overlay-type":"","overlay-color":"","overlay-gradient":""},"mobile":{"background-color":"var(--ast-global-color-5)","background-image":"","background-repeat":"repeat","background-position":"center center","background-size":"auto","background-attachment":"scroll","background-type":"","background-media":"","overlay-type":"","overlay-color":"","overlay-gradient":""}},"footnotes":""},"class_list":["post-895","page","type-page","status-publish","hentry"],"jetpack_sharing_enabled":true,"_links":{"self":[{"href":"https:\/\/xedaptwitter.com.vn\/index.php?rest_route=\/wp\/v2\/pages\/895","targetHints":{"allow":["GET"]}}],"collection":[{"href":"https:\/\/xedaptwitter.com.vn\/index.php?rest_route=\/wp\/v2\/pages"}],"about":[{"href":"https:\/\/xedaptwitter.com.vn\/index.php?rest_route=\/wp\/v2\/types\/page"}],"author":[{"embeddable":true,"href":"https:\/\/xedaptwitter.com.vn\/index.php?rest_route=\/wp\/v2\/users\/2"}],"replies":[{"embeddable":true,"href":"https:\/\/xedaptwitter.com.vn\/index.php?rest_route=%2Fwp%2Fv2%2Fcomments&post=895"}],"version-history":[{"count":4,"href":"https:\/\/xedaptwitter.com.vn\/index.php?rest_route=\/wp\/v2\/pages\/895\/revisions"}],"predecessor-version":[{"id":1365,"href":"https:\/\/xedaptwitter.com.vn\/index.php?rest_route=\/wp\/v2\/pages\/895\/revisions\/1365"}],"wp:attachment":[{"href":"https:\/\/xedaptwitter.com.vn\/index.php?rest_route=%2Fwp%2Fv2%2Fmedia&parent=895"}],"curies":[{"name":"wp","href":"https:\/\/api.w.org\/{rel}","templated":true}]}}