{"id":1367,"date":"2026-04-14T11:25:25","date_gmt":"2026-04-14T04:25:25","guid":{"rendered":"https:\/\/xedaptwitter.com.vn\/?page_id=1367"},"modified":"2026-04-14T11:53:44","modified_gmt":"2026-04-14T04:53:44","slug":"dich-vu-bao-duong-xe-dap","status":"publish","type":"page","link":"https:\/\/xedaptwitter.com.vn\/?page_id=1367","title":{"rendered":"D\u1ecbch v\u1ee5 b\u1ea3o d\u01b0\u1ee1ng xe \u0111\u1ea1p"},"content":{"rendered":"\t\t<div data-elementor-type=\"wp-page\" data-elementor-id=\"1367\" class=\"elementor elementor-1367\">\n\t\t\t\t\t\t\t\t\t<section class=\"elementor-section elementor-top-section elementor-element elementor-element-835f498 elementor-section-boxed elementor-section-height-default elementor-section-height-default\" data-id=\"835f498\" data-element_type=\"section\">\n\t\t\t\t\t\t<div class=\"elementor-container elementor-column-gap-default\">\n\t\t\t\t\t<div class=\"elementor-column elementor-col-100 elementor-top-column elementor-element elementor-element-430eb84\" data-id=\"430eb84\" data-element_type=\"column\">\n\t\t\t<div class=\"elementor-widget-wrap elementor-element-populated\">\n\t\t\t\t\t\t\t\t<div class=\"elementor-element elementor-element-8e2a629 elementor-widget elementor-widget-heading\" data-id=\"8e2a629\" data-element_type=\"widget\" data-widget_type=\"heading.default\">\n\t\t\t\t<div class=\"elementor-widget-container\">\n\t\t\t<style>\/*! elementor - v3.7.4 - 31-08-2022 *\/\n.elementor-heading-title{padding:0;margin:0;line-height:1}.elementor-widget-heading .elementor-heading-title[class*=elementor-size-]>a{color:inherit;font-size:inherit;line-height:inherit}.elementor-widget-heading .elementor-heading-title.elementor-size-small{font-size:15px}.elementor-widget-heading .elementor-heading-title.elementor-size-medium{font-size:19px}.elementor-widget-heading .elementor-heading-title.elementor-size-large{font-size:29px}.elementor-widget-heading .elementor-heading-title.elementor-size-xl{font-size:39px}.elementor-widget-heading .elementor-heading-title.elementor-size-xxl{font-size:59px}<\/style><h2 class=\"elementor-heading-title elementor-size-default\"><h2 class=\"text-center mb-2\" style=\"border-style: solid; border-color: rgb(229, 231, 235); --tw-border-spacing-x: 0; --tw-border-spacing-y: 0; --tw-translate-x: 0; --tw-translate-y: 0; --tw-rotate: 0; --tw-skew-x: 0; --tw-skew-y: 0; --tw-scale-x: 1; --tw-scale-y: 1; --tw-pan-x: ; --tw-pan-y: ; --tw-pinch-zoom: ; --tw-scroll-snap-strictness: proximity; --tw-gradient-from-position: ; --tw-gradient-via-position: ; --tw-gradient-to-position: ; --tw-ordinal: ; --tw-slashed-zero: ; --tw-numeric-figure: ; --tw-numeric-spacing: ; --tw-numeric-fraction: ; --tw-ring-inset: ; --tw-ring-offset-width: 0px; --tw-ring-offset-color: #fff; --tw-ring-color: rgba(59,130,246,.5); --tw-ring-offset-shadow: 0 0 #0000; --tw-ring-shadow: 0 0 #0000; --tw-shadow: 0 0 #0000; --tw-shadow-colored: 0 0 #0000; --tw-blur: ; --tw-brightness: ; --tw-contrast: ; --tw-grayscale: ; --tw-hue-rotate: ; --tw-invert: ; --tw-saturate: ; --tw-sepia: ; --tw-drop-shadow: ; --tw-backdrop-blur: ; --tw-backdrop-brightness: ; --tw-backdrop-contrast: ; --tw-backdrop-grayscale: ; --tw-backdrop-hue-rotate: ; --tw-backdrop-invert: ; --tw-backdrop-opacity: ; --tw-backdrop-saturate: ; --tw-backdrop-sepia: ; font-size: 32px; margin: 0px 0px 0.5rem; line-height: 1.375; text-align: center; color: rgb(0, 0, 0); font-family: __Inter_b2bf80, ui-serif, Georgia, Cambria, &quot;Times New Roman&quot;, Times, serif; font-style: normal; white-space: normal;\">B\u1ea2NG GI\u00c1 FULL G\u00d3I D\u1ecaCH V\u1ee4<\/h2><span style=\"color: rgb(0, 0, 0); font-family: __Inter_b2bf80, ui-serif, Georgia, Cambria, &quot;Times New Roman&quot;, Times, serif; font-size: medium; font-weight: 400; white-space: normal;\">T\u00f9y v\u00e0o hi\u1ec7n tr\u1ea1ng chi\u1ebfc xe \u0111\u1ea1p c\u1ee7a Qu\u00fd kh\u00e1ch nh\u01b0 th\u1ebf n\u00e0o \u0111\u1ec3 ch\u1ecdn G\u00f3i b\u1ea3o d\u01b0\u1ee1ng xe \u0111\u1ea1p th\u00edch h\u1ee3p, Khi mang t\u1edbi shop ho\u1eb7c li\u00ean h\u1ec7 d\u1ecbch v\u1ee5 s\u1eeda xe t\u1eadn nh\u00e0 s\u1ebd c\u00f3 nh\u00e2n vi\u00ean k\u1ef9 thu\u1eadt t\u01b0 v\u1ea5n c\u1ee5 th\u1ec3, d\u01b0\u1edbi \u0111\u00e2y l\u00e0 b\u1ea3ng chi ti\u1ebft c\u00e1c g\u00f3i b\u1ea3o d\u01b0\u1ee1ng, ch\u0103m s\u00f3c xe \u0111\u1ea1p, Qu\u00fd kh\u00e1ch tham kh\u1ea3o \u0111\u1ec3 ch\u1ecdn g\u00f3i ph\u00f9 h\u1ee3p.<\/span><\/h2>\t\t<\/div>\n\t\t\t\t<\/div>\n\t\t\t\t\t<\/div>\n\t\t<\/div>\n\t\t\t\t\t\t\t<\/div>\n\t\t<\/section>\n\t\t\t\t<section class=\"elementor-section elementor-top-section elementor-element elementor-element-3f9d805 elementor-section-boxed elementor-section-height-default elementor-section-height-default\" data-id=\"3f9d805\" data-element_type=\"section\">\n\t\t\t\t\t\t<div class=\"elementor-container elementor-column-gap-default\">\n\t\t\t\t\t<div class=\"elementor-column elementor-col-100 elementor-top-column elementor-element elementor-element-ff93065\" data-id=\"ff93065\" data-element_type=\"column\">\n\t\t\t<div class=\"elementor-widget-wrap elementor-element-populated\">\n\t\t\t\t\t\t\t\t<div class=\"elementor-element elementor-element-a6210c9 elementor-widget elementor-widget-image\" data-id=\"a6210c9\" data-element_type=\"widget\" data-widget_type=\"image.default\">\n\t\t\t\t<div class=\"elementor-widget-container\">\n\t\t\t<style>\/*! elementor - v3.7.4 - 31-08-2022 *\/\n.elementor-widget-image{text-align:center}.elementor-widget-image a{display:inline-block}.elementor-widget-image a img[src$=\".svg\"]{width:48px}.elementor-widget-image img{vertical-align:middle;display:inline-block}<\/style>\t\t\t\t\t\t\t\t\t\t\t\t<img loading=\"lazy\" decoding=\"async\" width=\"724\" height=\"1024\" src=\"https:\/\/xedaptwitter.com.vn\/wp-content\/uploads\/2026\/04\/BANG-GIA-DICH-VU-SERVICE-01-01-724x1024.png\" class=\"attachment-large size-large\" alt=\"\" srcset=\"https:\/\/xedaptwitter.com.vn\/wp-content\/uploads\/2026\/04\/BANG-GIA-DICH-VU-SERVICE-01-01-724x1024.png 724w, https:\/\/xedaptwitter.com.vn\/wp-content\/uploads\/2026\/04\/BANG-GIA-DICH-VU-SERVICE-01-01-212x300.png 212w, https:\/\/xedaptwitter.com.vn\/wp-content\/uploads\/2026\/04\/BANG-GIA-DICH-VU-SERVICE-01-01-768x1086.png 768w, https:\/\/xedaptwitter.com.vn\/wp-content\/uploads\/2026\/04\/BANG-GIA-DICH-VU-SERVICE-01-01-1087x1536.png 1087w, https:\/\/xedaptwitter.com.vn\/wp-content\/uploads\/2026\/04\/BANG-GIA-DICH-VU-SERVICE-01-01-1449x2048.png 1449w, https:\/\/xedaptwitter.com.vn\/wp-content\/uploads\/2026\/04\/BANG-GIA-DICH-VU-SERVICE-01-01-600x848.png 600w, https:\/\/xedaptwitter.com.vn\/wp-content\/uploads\/2026\/04\/BANG-GIA-DICH-VU-SERVICE-01-01-scaled.png 1811w\" sizes=\"auto, (max-width: 724px) 100vw, 724px\" \/>\t\t\t\t\t\t\t\t\t\t\t\t\t\t\t<\/div>\n\t\t\t\t<\/div>\n\t\t\t\t\t<\/div>\n\t\t<\/div>\n\t\t\t\t\t\t\t<\/div>\n\t\t<\/section>\n\t\t\t\t\t\t\t<\/div>\n\t\t","protected":false},"excerpt":{"rendered":"<p>B\u1ea2NG GI\u00c1 FULL G\u00d3I D\u1ecaCH V\u1ee4 T\u00f9y v\u00e0o hi\u1ec7n tr\u1ea1ng chi\u1ebfc xe \u0111\u1ea1p c\u1ee7a Qu\u00fd kh\u00e1ch nh\u01b0 th\u1ebf n\u00e0o \u0111\u1ec3 [&hellip;]<\/p>\n","protected":false},"author":2,"featured_media":0,"parent":0,"menu_order":0,"comment_status":"closed","ping_status":"closed","template":"","meta":{"site-sidebar-layout":"no-sidebar","site-content-layout":"","ast-site-content-layout":"full-width-container","site-content-style":"default","site-sidebar-style":"default","ast-global-header-display":"","ast-banner-title-visibility":"","ast-main-header-display":"","ast-hfb-above-header-display":"","ast-hfb-below-header-display":"","ast-hfb-mobile-header-display":"","site-post-title":"disabled","ast-breadcrumbs-content":"","ast-featured-img":"disabled","footer-sml-layout":"","theme-transparent-header-meta":"","adv-header-id-meta":"","stick-header-meta":"","header-above-stick-meta":"","header-main-stick-meta":"","header-below-stick-meta":"","astra-migrate-meta-layouts":"default","ast-page-background-enabled":"default","ast-page-background-meta":{"desktop":{"background-color":"var(--ast-global-color-4)","background-image":"","background-repeat":"repeat","background-position":"center center","background-size":"auto","background-attachment":"scroll","background-type":"","background-media":"","overlay-type":"","overlay-color":"","overlay-gradient":""},"tablet":{"background-color":"","background-image":"","background-repeat":"repeat","background-position":"center center","background-size":"auto","background-attachment":"scroll","background-type":"","background-media":"","overlay-type":"","overlay-color":"","overlay-gradient":""},"mobile":{"background-color":"","background-image":"","background-repeat":"repeat","background-position":"center center","background-size":"auto","background-attachment":"scroll","background-type":"","background-media":"","overlay-type":"","overlay-color":"","overlay-gradient":""}},"ast-content-background-meta":{"desktop":{"background-color":"var(--ast-global-color-5)","background-image":"","background-repeat":"repeat","background-position":"center center","background-size":"auto","background-attachment":"scroll","background-type":"","background-media":"","overlay-type":"","overlay-color":"","overlay-gradient":""},"tablet":{"background-color":"var(--ast-global-color-5)","background-image":"","background-repeat":"repeat","background-position":"center center","background-size":"auto","background-attachment":"scroll","background-type":"","background-media":"","overlay-type":"","overlay-color":"","overlay-gradient":""},"mobile":{"background-color":"var(--ast-global-color-5)","background-image":"","background-repeat":"repeat","background-position":"center center","background-size":"auto","background-attachment":"scroll","background-type":"","background-media":"","overlay-type":"","overlay-color":"","overlay-gradient":""}},"footnotes":""},"class_list":["post-1367","page","type-page","status-publish","hentry"],"jetpack_sharing_enabled":true,"_links":{"self":[{"href":"https:\/\/xedaptwitter.com.vn\/index.php?rest_route=\/wp\/v2\/pages\/1367","targetHints":{"allow":["GET"]}}],"collection":[{"href":"https:\/\/xedaptwitter.com.vn\/index.php?rest_route=\/wp\/v2\/pages"}],"about":[{"href":"https:\/\/xedaptwitter.com.vn\/index.php?rest_route=\/wp\/v2\/types\/page"}],"author":[{"embeddable":true,"href":"https:\/\/xedaptwitter.com.vn\/index.php?rest_route=\/wp\/v2\/users\/2"}],"replies":[{"embeddable":true,"href":"https:\/\/xedaptwitter.com.vn\/index.php?rest_route=%2Fwp%2Fv2%2Fcomments&post=1367"}],"version-history":[{"count":9,"href":"https:\/\/xedaptwitter.com.vn\/index.php?rest_route=\/wp\/v2\/pages\/1367\/revisions"}],"predecessor-version":[{"id":1382,"href":"https:\/\/xedaptwitter.com.vn\/index.php?rest_route=\/wp\/v2\/pages\/1367\/revisions\/1382"}],"wp:attachment":[{"href":"https:\/\/xedaptwitter.com.vn\/index.php?rest_route=%2Fwp%2Fv2%2Fmedia&parent=1367"}],"curies":[{"name":"wp","href":"https:\/\/api.w.org\/{rel}","templated":true}]}}